{"id":10350,"date":"2025-04-02T11:58:40","date_gmt":"2025-04-02T04:58:40","guid":{"rendered":"https:\/\/achisonsafety.com.vn\/?post_type=product&#038;p=10350"},"modified":"2025-09-17T16:44:15","modified_gmt":"2025-09-17T09:44:15","slug":"safety-shoes-jogger-flow","status":"publish","type":"product","link":"https:\/\/achisonsafety.com.vn\/en\/san-pham\/safety-shoes-jogger-flow\/","title":{"rendered":"Safety Shoes Jogger Flow"},"content":{"rendered":"<p><a href=\"https:\/\/achisonsafety.com.vn\/en\/danh-muc-san-pham\/personal-protective-equipment\/foot-protection\/\">The Safety Shoes<\/a> Jogger Flow is a sporty, low-cut ESD safety shoes with SR slip-resistant soles, a metal-free composite toecap, Airblaze technology, and a removable footbed for ultimate comfort and safety.<\/p>\n<h3><strong>Airblaze technology<\/strong><\/h3>\n<p class=\"p1\">Moisture and temperature management system to provide optimum wearer comfort by keeping your feet dry and comfortable<\/p>\n<h3><strong>SRC clip resistance<\/strong><\/h3>\n<p>Slip resistance soles are one of the most important features of safety and occupational footwear. SRC slip resistant soles pass both SRA and SRB slip resistant tests, they are tested on both steel and ceramic surfaces.<\/p>\n<h3 class=\"p1\"><strong>Electrostatic Discharge (ESD)<\/strong><\/h3>\n<p class=\"p1\">ESD provides the controlled discharge of electrostatic energy that can damage electronic components and avoids risks of ignition resulting from electrostatic charges. Volume resistance between 100 KiloOhm and 100 MegaOhm.<\/p>\n<h3><strong>Metal free<\/strong><\/h3>\n<p class=\"p1\">Metal free safety shoes are in general lighter than regular safety shoes. They are also very beneficial for professionals who have to pass through metal detectors several times a day.<\/p>\n<h3><strong>Composite toecap<\/strong><\/h3>\n<p>Metalfree and lightweight, no thermal of electrical conductivity<\/p>\n<h3><strong>Industrial Application<\/strong><\/h3>\n<p>Assembly, automotive, food &amp; beverage, industry, logistics<\/p>\n<figure id=\"attachment_10342\" aria-describedby=\"caption-attachment-10342\" style=\"width: 630px\" class=\"wp-caption alignnone\"><img loading=\"lazy\" decoding=\"async\" class=\"size-full wp-image-10342\" src=\"https:\/\/achisonsafety.com.vn\/wp-content\/uploads\/2025\/04\/FLOWS1PL-BLU.jpg\" alt=\"Gi\u00e0y b\u1ea3o h\u1ed9 Jogger Flow\" width=\"630\" height=\"473\" title=\"\" srcset=\"https:\/\/achisonsafety.com.vn\/wp-content\/uploads\/2025\/04\/FLOWS1PL-BLU.jpg 630w, https:\/\/achisonsafety.com.vn\/wp-content\/uploads\/2025\/04\/FLOWS1PL-BLU-533x400.jpg 533w, https:\/\/achisonsafety.com.vn\/wp-content\/uploads\/2025\/04\/FLOWS1PL-BLU-40x30.jpg 40w, https:\/\/achisonsafety.com.vn\/wp-content\/uploads\/2025\/04\/FLOWS1PL-BLU-80x60.jpg 80w, https:\/\/achisonsafety.com.vn\/wp-content\/uploads\/2025\/04\/FLOWS1PL-BLU-510x383.jpg 510w\" sizes=\"(max-width: 630px) 100vw, 630px\" \/><figcaption id=\"caption-attachment-10342\" class=\"wp-caption-text\">Gi\u00e0y b\u1ea3o h\u1ed9 Jogger Flow S1P<\/figcaption><\/figure>\n<h3><strong>Maintenance Instruction:<\/strong><\/h3>\n<p class=\"p1\">To extend the life of your shoes, we recommend to clean them regularly and to protect them with adequate products. Do not dry your shoes on a<\/p>\n<p class=\"p1\">radiator, nor nearby a heat source.<\/p>\n<p>Li\u00ean h\u1ec7 v\u1edbi Achison \u0111\u1ec3 ch\u1ecdn d\u00f2ng gi\u00e0y ph\u00f9 h\u1ee3p v\u1edbi m\u00f4i tr\u01b0\u1eddng l\u00e0m vi\u1ec7c:<\/p>\n<p><strong>Hotline:<\/strong>\u00a00913 820 539<\/p>\n<p><strong>Email:<\/strong>\u00a0achisonjsc@achison.com<\/p>\n<p><strong>Website:<\/strong>\u00a0<a href=\"http:\/\/www.achison.com\/\" rel=\"nofollow noopener\" target=\"_blank\">www.achison.com<\/a>\u00a0|\u00a0<a href=\"https:\/\/www.achisonsafety.com.vn\/\">www.achisonsafety.com.vn<\/a><\/p>\n<p>&nbsp;<\/p>\n","protected":false},"excerpt":{"rendered":"<ul>\n<li>ESD Low-cut safety shoes<\/li>\n<li>Metal Free, Light weight<\/li>\n<li>Airblaze technology<\/li>\n<\/ul>\n","protected":false},"featured_media":10342,"comment_status":"open","ping_status":"closed","template":"","meta":[],"product_cat":[210,211],"product_tag":[],"class_list":{"0":"post-10350","1":"product","2":"type-product","3":"status-publish","4":"has-post-thumbnail","6":"product_cat-foot-protection","7":"product_cat-safety-shoes","8":"yith_product_brand-safety-jogger","10":"first","11":"instock","12":"shipping-taxable","13":"product-type-simple"},"acf":[],"_links":{"self":[{"href":"https:\/\/achisonsafety.com.vn\/en\/wp-json\/wp\/v2\/product\/10350"}],"collection":[{"href":"https:\/\/achisonsafety.com.vn\/en\/wp-json\/wp\/v2\/product"}],"about":[{"href":"https:\/\/achisonsafety.com.vn\/en\/wp-json\/wp\/v2\/types\/product"}],"replies":[{"embeddable":true,"href":"https:\/\/achisonsafety.com.vn\/en\/wp-json\/wp\/v2\/comments?post=10350"}],"wp:featuredmedia":[{"embeddable":true,"href":"https:\/\/achisonsafety.com.vn\/en\/wp-json\/wp\/v2\/media\/10342"}],"wp:attachment":[{"href":"https:\/\/achisonsafety.com.vn\/en\/wp-json\/wp\/v2\/media?parent=10350"}],"wp:term":[{"taxonomy":"product_cat","embeddable":true,"href":"https:\/\/achisonsafety.com.vn\/en\/wp-json\/wp\/v2\/product_cat?post=10350"},{"taxonomy":"product_tag","embeddable":true,"href":"https:\/\/achisonsafety.com.vn\/en\/wp-json\/wp\/v2\/product_tag?post=10350"}],"curies":[{"name":"wp","href":"https:\/\/api.w.org\/{rel}","templated":true}]}}