{"id":10451,"date":"2025-07-22T14:34:09","date_gmt":"2025-07-22T07:34:09","guid":{"rendered":"https:\/\/achisonsafety.com.vn\/?post_type=product&#038;p=10451"},"modified":"2025-10-02T09:14:43","modified_gmt":"2025-10-02T02:14:43","slug":"bo-cuu-ho-va-thoat-hiem-kstrong-evac-r-40m-rescue-kit","status":"publish","type":"product","link":"https:\/\/achisonsafety.com.vn\/en\/san-pham\/bo-cuu-ho-va-thoat-hiem-kstrong-evac-r-40m-rescue-kit\/","title":{"rendered":"B\u1ed9 C\u1ee9u H\u1ed9 V\u00e0 Tho\u00e1t Hi\u1ec3m Kstrong EVAC-R 40M RESCUE KIT"},"content":{"rendered":"<h2 style=\"text-align: justify;\"><strong>B\u1ed9 c\u1ee9u h\u1ed9 v\u00e0 tho\u00e1t hi\u1ec3m EVAC-R 40M \u2013 Gi\u1ea3i Ph\u00e1p C\u1ee9u N\u1ea1n T\u1ed1i \u01afu<\/strong><\/h2>\n<p style=\"text-align: justify;\" data-start=\"251\" data-end=\"631\"><a href=\"https:\/\/achisonsafety.com.vn\/san-pham\/bo-cuu-ho-va-thoat-hiem-kstrong-evac-r-40m-rescue-kit\" target=\"_blank\" rel=\"noopener\"><strong data-start=\"251\" data-end=\"276\">B\u1ed9 C\u1ee9u H\u1ed9 V\u00e0 Tho\u00e1t Hi\u1ec3m EVAC-R 40M Rescue Kit <\/strong><\/a>\u0111\u01b0\u1ee3c thi\u1ebft k\u1ebf \u0111\u1ec3 h\u1ed7 tr\u1ee3 n\u00e2ng ho\u1eb7c h\u1ea1 ng\u01b0\u1eddi trong c\u00e1c t\u00ecnh hu\u1ed1ng kh\u1ea9n c\u1ea5p tr\u00ean cao. V\u1edbi h\u1ec7 th\u1ed1ng phanh t\u1ef1 \u0111\u1ed9ng v\u00e0 kh\u1ea3 n\u0103ng \u0111i\u1ec1u ch\u1ec9nh t\u1ed1c \u0111\u1ed9, s\u1ea3n ph\u1ea9m \u0111\u1ea3m b\u1ea3o an to\u00e0n tuy\u1ec7t \u0111\u1ed1i cho ng\u01b0\u1eddi s\u1eed d\u1ee5ng trong qu\u00e1 tr\u00ecnh gi\u1ea3i c\u1ee9u.<\/p>\n<p style=\"text-align: justify;\"><img loading=\"lazy\" decoding=\"async\" class=\"size-full wp-image-10454 aligncenter\" src=\"https:\/\/achisonsafety.com.vn\/wp-content\/uploads\/2025\/07\/Bo-cuu-ho-va-thoat-hiem.jpg\" alt=\"B\u1ed9 c\u1ee9u h\u1ed9 v\u00e0 tho\u00e1t hi\u1ec3m\" width=\"500\" height=\"500\" title=\"\" srcset=\"https:\/\/achisonsafety.com.vn\/wp-content\/uploads\/2025\/07\/Bo-cuu-ho-va-thoat-hiem.jpg 500w, https:\/\/achisonsafety.com.vn\/wp-content\/uploads\/2025\/07\/Bo-cuu-ho-va-thoat-hiem-400x400.jpg 400w, https:\/\/achisonsafety.com.vn\/wp-content\/uploads\/2025\/07\/Bo-cuu-ho-va-thoat-hiem-280x280.jpg 280w, https:\/\/achisonsafety.com.vn\/wp-content\/uploads\/2025\/07\/Bo-cuu-ho-va-thoat-hiem-30x30.jpg 30w, https:\/\/achisonsafety.com.vn\/wp-content\/uploads\/2025\/07\/Bo-cuu-ho-va-thoat-hiem-60x60.jpg 60w, https:\/\/achisonsafety.com.vn\/wp-content\/uploads\/2025\/07\/Bo-cuu-ho-va-thoat-hiem-247x247.jpg 247w, https:\/\/achisonsafety.com.vn\/wp-content\/uploads\/2025\/07\/Bo-cuu-ho-va-thoat-hiem-100x100.jpg 100w\" sizes=\"(max-width: 500px) 100vw, 500px\" \/><\/p>\n<p style=\"text-align: justify;\">S\u1ea3n ph\u1ea9m \u0111\u1eb7c bi\u1ec7t ph\u00f9 h\u1ee3p cho c\u00e1c c\u00f4ng tr\u00ecnh x\u00e2y d\u1ef1ng, nh\u00e0 m\u00e1y, gi\u00e0n gi\u00e1o, ho\u1eb7c m\u00f4i tr\u01b0\u1eddng l\u00e0m vi\u1ec7c \u1edf \u0111\u1ed9 cao.<\/p>\n<h2 style=\"text-align: justify;\"><strong data-start=\"642\" data-end=\"663\">T\u00ednh n\u0103ng n\u1ed5i b\u1eadt<\/strong><\/h2>\n<h3 style=\"text-align: justify;\" data-start=\"666\" data-end=\"873\">H\u1ea1 ho\u1eb7c k\u00e9o n\u1ea1n nh\u00e2n b\u1ecb th\u01b0\u01a1ng m\u1ed9t c\u00e1ch an to\u00e0n v\u00e0 d\u1ec5 d\u00e0ng<\/h3>\n<p style=\"text-align: justify;\" data-start=\"666\" data-end=\"873\">Thi\u1ebft b\u1ecb ho\u1ea1t \u0111\u1ed9ng theo c\u01a1 ch\u1ebf t\u1ef1 \u0111\u1ed9ng \u0111i\u1ec1u ti\u1ebft, cho ph\u00e9p ng\u01b0\u1eddi s\u1eed d\u1ee5ng d\u1ec5 d\u00e0ng k\u00e9o l\u00ean ho\u1eb7c h\u1ea1 ng\u01b0\u1eddi b\u1ecb n\u1ea1n m\u00e0 kh\u00f4ng c\u1ea7n d\u00f9ng nhi\u1ec1u l\u1ef1c.<\/p>\n<h3 style=\"text-align: justify;\" data-start=\"877\" data-end=\"1044\">T\u00edch h\u1ee3p k\u1ebft n\u1ed1i v\u1edbi khoan \u0111i\u1ec7n c\u1ea7m tay<\/h3>\n<p style=\"text-align: justify;\" data-start=\"877\" data-end=\"1044\">EVAC\u2011R c\u00f3 th\u1ec3 k\u1ebft n\u1ed1i v\u1edbi khoan \u0111i\u1ec7n th\u00f4ng qua \u0111\u1ea7u l\u1ee5c gi\u00e1c 10\u202fmm, h\u1ed7 tr\u1ee3 k\u00e9o ng\u01b0\u1eddi l\u00ean v\u1edbi kho\u1ea3ng c\u00e1ch xa \u0111\u1ebfn 500\u202fm.<\/p>\n<h3 style=\"text-align: justify;\" data-start=\"1048\" data-end=\"1091\">T\u1ed1c \u0111\u1ed9 \u0111i\u1ec1u khi\u1ec3n h\u1ee3p l\u00fd v\u00e0 an to\u00e0n<\/h3>\n<ul style=\"text-align: justify;\">\n<li style=\"list-style-type: none;\">\n<ul data-start=\"1094\" data-end=\"1158\">\n<li data-start=\"1094\" data-end=\"1123\">\n<p data-start=\"1096\" data-end=\"1123\">1\u202fm\/s v\u1edbi t\u1ea3i tr\u1ecdng 85\u202fkg<\/p>\n<\/li>\n<li data-start=\"1126\" data-end=\"1158\">\n<p data-start=\"1128\" data-end=\"1158\">1.5\u202fm\/s v\u1edbi t\u1ea3i tr\u1ecdng 170\u202fkg<\/p>\n<\/li>\n<\/ul>\n<\/li>\n<\/ul>\n<h3 style=\"text-align: justify;\">H\u1ec7 th\u1ed1ng phanh \u0111\u0129a \u0111\u00f4i t\u1ef1 \u0111\u1ed9ng<\/h3>\n<p style=\"text-align: justify;\">\u0110\u01b0\u1ee3c t\u00edch h\u1ee3p 2 h\u1ec7 th\u1ed1ng phanh \u0111\u1ed9c l\u1eadp, \u0111\u1ea3m b\u1ea3o thi\u1ebft b\u1ecb lu\u00f4n ki\u1ec3m so\u00e1t t\u1ed1c \u0111\u1ed9 h\u1ea1 m\u1ed9t c\u00e1ch ch\u00ednh x\u00e1c v\u00e0 an to\u00e0n.<\/p>\n<h3 style=\"text-align: justify;\" data-start=\"1319\" data-end=\"1461\">T\u1ea3i tr\u1ecdng t\u1ed1i \u0111a l\u00ean \u0111\u1ebfn 285\u202fkg<\/h3>\n<p style=\"text-align: justify;\" data-start=\"1319\" data-end=\"1461\">H\u1ed7 tr\u1ee3 c\u1ee9u h\u1ed9 nhi\u1ec1u ng\u01b0\u1eddi c\u00f9ng l\u00fac v\u1edbi c\u01a1 ch\u1ebf shuttling \u2013 t\u1ed1i \u01b0u hi\u1ec7u qu\u1ea3 trong tr\u01b0\u1eddng h\u1ee3p kh\u1ea9n c\u1ea5p.<\/p>\n<h3 style=\"text-align: justify;\" data-start=\"1465\" data-end=\"1583\">T\u01b0\u01a1ng th\u00edch v\u1edbi nhi\u1ec1u lo\u1ea1i d\u00e2y chu\u1ea9n qu\u1ed1c t\u1ebf<\/h3>\n<p style=\"text-align: justify;\" data-start=\"1465\" data-end=\"1583\">S\u1eed d\u1ee5ng d\u00e2y Kernmantle \u00d8 9.6\u202f\u2013\u202f11\u202fmm theo ti\u00eau chu\u1ea9n EN 1891-A.<\/p>\n<p style=\"text-align: justify;\"><img loading=\"lazy\" decoding=\"async\" class=\"size-full wp-image-10456 aligncenter\" src=\"https:\/\/achisonsafety.com.vn\/wp-content\/uploads\/2025\/07\/Bo-cuu-ho-va-thoat-hiem-KStrong.jpg\" alt=\"B\u1ed9 c\u1ee9u h\u1ed9 v\u00e0 tho\u00e1t hi\u1ec3m\" width=\"500\" height=\"500\" title=\"\" srcset=\"https:\/\/achisonsafety.com.vn\/wp-content\/uploads\/2025\/07\/Bo-cuu-ho-va-thoat-hiem-KStrong.jpg 500w, https:\/\/achisonsafety.com.vn\/wp-content\/uploads\/2025\/07\/Bo-cuu-ho-va-thoat-hiem-KStrong-400x400.jpg 400w, https:\/\/achisonsafety.com.vn\/wp-content\/uploads\/2025\/07\/Bo-cuu-ho-va-thoat-hiem-KStrong-280x280.jpg 280w, https:\/\/achisonsafety.com.vn\/wp-content\/uploads\/2025\/07\/Bo-cuu-ho-va-thoat-hiem-KStrong-30x30.jpg 30w, https:\/\/achisonsafety.com.vn\/wp-content\/uploads\/2025\/07\/Bo-cuu-ho-va-thoat-hiem-KStrong-60x60.jpg 60w, https:\/\/achisonsafety.com.vn\/wp-content\/uploads\/2025\/07\/Bo-cuu-ho-va-thoat-hiem-KStrong-247x247.jpg 247w, https:\/\/achisonsafety.com.vn\/wp-content\/uploads\/2025\/07\/Bo-cuu-ho-va-thoat-hiem-KStrong-100x100.jpg 100w\" sizes=\"(max-width: 500px) 100vw, 500px\" \/><\/p>\n<h2 style=\"text-align: justify;\" data-start=\"1590\" data-end=\"1628\"><strong data-start=\"1594\" data-end=\"1628\">B\u1ed9 s\u1ea3n ph\u1ea9m EVAC-R 40M bao g\u1ed3m<\/strong><\/h2>\n<ul style=\"text-align: justify;\" data-start=\"1629\" data-end=\"1917\">\n<li data-start=\"1629\" data-end=\"1658\">\n<p data-start=\"1631\" data-end=\"1658\">EVAC\u2011R device (AFX209070)<\/p>\n<\/li>\n<li data-start=\"1659\" data-end=\"1707\">\n<p data-start=\"1661\" data-end=\"1707\">D\u00e2y b\u00e1n t\u0129nh Kernmantle 10.5\u202fmm (AFX2000105)<\/p>\n<\/li>\n<li data-start=\"1708\" data-end=\"1733\">\n<p data-start=\"1710\" data-end=\"1733\">Carabiner (AFC601410)<\/p>\n<\/li>\n<li data-start=\"1734\" data-end=\"1771\">\n<p data-start=\"1736\" data-end=\"1771\">D\u00e2y neo v\u1ea3i d\u00e0i 1.5\u202fm (AFA920015)<\/p>\n<\/li>\n<li data-start=\"1772\" data-end=\"1829\">\n<p data-start=\"1774\" data-end=\"1829\">Thi\u1ebft b\u1ecb b\u1ea3o v\u1ec7 m\u00e9p + d\u00e2y 2\u202fm &amp; carabiner (AFX203001)<\/p>\n<\/li>\n<li data-start=\"1830\" data-end=\"1865\">\n<p data-start=\"1832\" data-end=\"1865\">T\u00fai \u0111\u1ef1ng Rescue Bag (AFZ177150)<\/p>\n<\/li>\n<li data-start=\"1866\" data-end=\"1917\">\n<p data-start=\"1868\" data-end=\"1917\">Tam gi\u00e1c s\u01a1 t\u00e1n (Evacuation Triangle \u2013 AFX201035)<\/p>\n<\/li>\n<\/ul>\n<h2 style=\"text-align: justify;\" data-start=\"2550\" data-end=\"2576\"><strong data-start=\"2554\" data-end=\"2574\">\u1ee8ng d\u1ee5ng th\u1ef1c t\u1ebf<\/strong><\/h2>\n<p style=\"text-align: justify;\" data-start=\"2577\" data-end=\"2608\">S\u1ea3n ph\u1ea9m ph\u00f9 h\u1ee3p s\u1eed d\u1ee5ng trong:<\/p>\n<ul style=\"text-align: justify;\" data-start=\"2609\" data-end=\"2796\">\n<li data-start=\"2609\" data-end=\"2633\">\n<p data-start=\"2611\" data-end=\"2633\">C\u00f4ng tr\u01b0\u1eddng x\u00e2y d\u1ef1ng<\/p>\n<\/li>\n<li data-start=\"2634\" data-end=\"2661\">\n<p data-start=\"2636\" data-end=\"2661\">Nh\u00e0 m\u00e1y, x\u01b0\u1edfng s\u1ea3n xu\u1ea5t<\/p>\n<\/li>\n<li data-start=\"2662\" data-end=\"2696\">\n<p data-start=\"2664\" data-end=\"2696\">H\u1ec7 th\u1ed1ng gi\u00e0n gi\u00e1o, gi\u00e0n khoan<\/p>\n<\/li>\n<li data-start=\"2697\" data-end=\"2739\">\n<p data-start=\"2699\" data-end=\"2739\">Khu v\u1ef1c c\u00f3 nguy c\u01a1 r\u01a1i ng\u00e3 t\u1eeb tr\u00ean cao<\/p>\n<\/li>\n<li data-start=\"2740\" data-end=\"2796\">\n<p data-start=\"2742\" data-end=\"2796\">L\u1ef1c l\u01b0\u1ee3ng c\u1ee9u h\u1ed9 chuy\u00ean nghi\u1ec7p v\u00e0 \u0111\u1ed9i ph\u1ea3n \u1ee9ng nhanh<\/p>\n<\/li>\n<\/ul>\n<p style=\"text-align: justify;\"><img loading=\"lazy\" decoding=\"async\" class=\"aligncenter wp-image-10452 size-full\" src=\"https:\/\/achisonsafety.com.vn\/wp-content\/uploads\/2025\/07\/Bo-cuu-ho-va-thoat-hiem-KStrong-1.jpg\" alt=\"B\u1ed9 c\u1ee9u h\u1ed9 v\u00e0 tho\u00e1t hi\u1ec3m KStrong \" width=\"500\" height=\"500\" title=\"\" srcset=\"https:\/\/achisonsafety.com.vn\/wp-content\/uploads\/2025\/07\/Bo-cuu-ho-va-thoat-hiem-KStrong-1.jpg 500w, https:\/\/achisonsafety.com.vn\/wp-content\/uploads\/2025\/07\/Bo-cuu-ho-va-thoat-hiem-KStrong-1-400x400.jpg 400w, https:\/\/achisonsafety.com.vn\/wp-content\/uploads\/2025\/07\/Bo-cuu-ho-va-thoat-hiem-KStrong-1-280x280.jpg 280w, https:\/\/achisonsafety.com.vn\/wp-content\/uploads\/2025\/07\/Bo-cuu-ho-va-thoat-hiem-KStrong-1-30x30.jpg 30w, https:\/\/achisonsafety.com.vn\/wp-content\/uploads\/2025\/07\/Bo-cuu-ho-va-thoat-hiem-KStrong-1-60x60.jpg 60w, https:\/\/achisonsafety.com.vn\/wp-content\/uploads\/2025\/07\/Bo-cuu-ho-va-thoat-hiem-KStrong-1-247x247.jpg 247w, https:\/\/achisonsafety.com.vn\/wp-content\/uploads\/2025\/07\/Bo-cuu-ho-va-thoat-hiem-KStrong-1-100x100.jpg 100w\" sizes=\"(max-width: 500px) 100vw, 500px\" \/><\/p>\n<h2 style=\"text-align: justify;\" data-start=\"2803\" data-end=\"2838\"><strong data-start=\"2807\" data-end=\"2836\">Li\u00ean h\u1ec7 t\u01b0 v\u1ea5n v\u00e0 \u0111\u1eb7t h\u00e0ng<\/strong><\/h2>\n<p style=\"text-align: justify;\" data-start=\"2839\" data-end=\"3037\">Qu\u00fd kh\u00e1ch h\u00e0ng c\u00f3 nhu c\u1ea7u t\u01b0 v\u1ea5n th\u00eam v\u1ec1 thi\u1ebft b\u1ecb c\u1ee9u h\u1ed9 <strong data-start=\"2896\" data-end=\"2910\">EVAC\u2011R 40M<\/strong> ho\u1eb7c c\u00e1c gi\u1ea3i ph\u00e1p an to\u00e0n l\u00e0m vi\u1ec7c tr\u00ean cao, vui l\u00f2ng li\u00ean h\u1ec7 ngay v\u1edbi <a href=\"https:\/\/achisonsafety.com.vn\" target=\"_blank\" rel=\"noopener\">C\u00f4ng Ty B\u1ea3o H\u1ed9 Lao \u0110\u1ed9ng Achison<\/a> \u0111\u1ec3 \u0111\u01b0\u1ee3c h\u1ed7 tr\u1ee3 nh\u00e9.<\/p>\n<p>&#8211; \u0110\u1ecba ch\u1ec9: 89\/40\/06-08 Nguy\u1ec5n H\u1ed3ng \u0110\u00e0o, P. T\u00e2n B\u00ecnh, TP. H\u1ed3 Ch\u00ed Minh<\/p>\n<p>&#8211; Hotline: 0913 820 539<\/p>\n<p>&#8211; Email: achisonjsc@achison.com<\/p>\n","protected":false},"excerpt":{"rendered":"<p style=\"text-align: justify;\" data-start=\"666\" data-end=\"873\">&#8211; Thi\u1ebft b\u1ecb ho\u1ea1t \u0111\u1ed9ng theo c\u01a1 ch\u1ebf t\u1ef1 \u0111\u1ed9ng \u0111i\u1ec1u ti\u1ebft, cho ph\u00e9p ng\u01b0\u1eddi s\u1eed d\u1ee5ng d\u1ec5 d\u00e0ng k\u00e9o l\u00ean ho\u1eb7c h\u1ea1 ng\u01b0\u1eddi b\u1ecb n\u1ea1n m\u00e0 kh\u00f4ng c\u1ea7n d\u00f9ng nhi\u1ec1u l\u1ef1c.<\/p>\n<p style=\"text-align: justify;\" data-start=\"877\" data-end=\"1044\">&#8211; EVAC\u2011R c\u00f3 th\u1ec3 k\u1ebft n\u1ed1i v\u1edbi khoan \u0111i\u1ec7n th\u00f4ng qua \u0111\u1ea7u l\u1ee5c gi\u00e1c 10\u202fmm, h\u1ed7 tr\u1ee3 k\u00e9o ng\u01b0\u1eddi l\u00ean v\u1edbi kho\u1ea3ng c\u00e1ch xa \u0111\u1ebfn 500\u202fm\u00e9t.<\/p>\n<h3 style=\"text-align: justify;\" data-start=\"1048\" data-end=\"1091\"><\/h3>\n","protected":false},"featured_media":10454,"comment_status":"open","ping_status":"closed","template":"","meta":[],"product_cat":[909],"product_tag":[959,1027,958],"class_list":{"0":"post-10451","1":"product","2":"type-product","3":"status-publish","4":"has-post-thumbnail","6":"product_cat-thiet-bi-cuu-ho-cuu-nan-thoat-hiem","7":"product_tag-bo-cuu-ho","8":"product_tag-bo-cuu-ho-kstrong","9":"product_tag-bo-cuu-ho-va-thoat-hiem-kstrong-evac-r-40m-rescue-kit","10":"yith_product_brand-kstrong","12":"first","13":"instock","14":"shipping-taxable","15":"product-type-simple"},"acf":[],"_links":{"self":[{"href":"https:\/\/achisonsafety.com.vn\/en\/wp-json\/wp\/v2\/product\/10451"}],"collection":[{"href":"https:\/\/achisonsafety.com.vn\/en\/wp-json\/wp\/v2\/product"}],"about":[{"href":"https:\/\/achisonsafety.com.vn\/en\/wp-json\/wp\/v2\/types\/product"}],"replies":[{"embeddable":true,"href":"https:\/\/achisonsafety.com.vn\/en\/wp-json\/wp\/v2\/comments?post=10451"}],"wp:featuredmedia":[{"embeddable":true,"href":"https:\/\/achisonsafety.com.vn\/en\/wp-json\/wp\/v2\/media\/10454"}],"wp:attachment":[{"href":"https:\/\/achisonsafety.com.vn\/en\/wp-json\/wp\/v2\/media?parent=10451"}],"wp:term":[{"taxonomy":"product_cat","embeddable":true,"href":"https:\/\/achisonsafety.com.vn\/en\/wp-json\/wp\/v2\/product_cat?post=10451"},{"taxonomy":"product_tag","embeddable":true,"href":"https:\/\/achisonsafety.com.vn\/en\/wp-json\/wp\/v2\/product_tag?post=10451"}],"curies":[{"name":"wp","href":"https:\/\/api.w.org\/{rel}","templated":true}]}}