{"id":1107,"date":"2022-04-26T11:22:33","date_gmt":"2022-04-26T04:22:33","guid":{"rendered":"https:\/\/beta.achisonsafety.com.vn\/?post_type=product&#038;p=1107"},"modified":"2025-10-15T13:57:16","modified_gmt":"2025-10-15T06:57:16","slug":"non-bao-ho-3m-h701r-trang-khong-lo-thoang-khi","status":"publish","type":"product","link":"https:\/\/achisonsafety.com.vn\/en\/san-pham\/non-bao-ho-3m-h701r-trang-khong-lo-thoang-khi\/","title":{"rendered":"N\u00f3n B\u1ea3o H\u1ed9 3M H701R Tr\u1eafng &#8211; Kh\u00f4ng L\u1ed7 Tho\u00e1ng Kh\u00ed"},"content":{"rendered":"<p style=\"text-align: justify;\"><span style=\"color: #282828;\"><a href=\"https:\/\/achisonsafety.com.vn\/san-pham\/non-bao-ho-3m-h701r-trang-khong-lo-thoang-khi\/\">N\u00f3n b\u1ea3o h\u1ed9 3M H701R Tr\u1eafng &#8211; kh\u00f4ng l\u1ed7 tho\u00e1ng kh\u00ed<\/a> gi\u00fap b\u1ea3o v\u1ec7 \u0111\u1ea7u kh\u1ecfi c\u00e1c v\u1eadt s\u1eaft nh\u1ecdn v\u00e0 c\u00e1c v\u1eadt c\u1ee9ng khi r\u01a1i v\u00e0o \u0111\u1ea7u, \u0111\u1ea3m b\u1ea3o an to\u00e0n khi l\u00e0m vi\u1ec7c.<\/span><\/p>\n<h2 style=\"text-align: justify;\"><span style=\"color: #000000;\">Gi\u1edbi thi\u1ec7u n\u00f3n b\u1ea3o h\u1ed9 3M H701R tr\u1eafng<\/span><\/h2>\n<p style=\"text-align: justify;\"><span style=\"color: #282828;\">N\u00f3n b\u1ea3o h\u1ed9 3M H701R tr\u1eafng \u0111\u01b0\u1ee3c thi\u1ebft k\u1ebf v\u1edbi d\u1ea1ng h\u00ecnh c\u1ea7u, \u00f4m s\u00e1t \u0111\u1ea7u k\u00e8m l\u1ed3ng n\u00f3n 4 ch\u1ea5u ch\u1eafc ch\u1eafn.<\/span><\/p>\n<p style=\"text-align: justify;\"><span style=\"color: #282828;\">L\u1ed3ng n\u00f3n \u0111\u01b0\u1ee3c thi\u1ebft k\u1ebf v\u1edbi b\u1ed9 ph\u1eadn gi\u1ea3m ch\u1ea5n, gi\u00fap gi\u1ea3m thi\u1ec3u \u0111\u01b0\u1ee3c s\u1ef1 va \u0111\u1eadp khi c\u00f3 s\u1ef1 c\u1ed1 x\u1ea3y ra. N\u00fam v\u1eb7n ph\u00eda sau l\u1ed3ng n\u00f3n gi\u00fap \u0111i\u1ec1u ch\u1ec9nh \u0111\u1ed9 r\u1ed9ng, h\u1eb9p ph\u00f9 h\u1ee3p v\u1edbi m\u1ecdi k\u00edch c\u1ee1 \u0111\u1ea7u<\/span><\/p>\n<p style=\"text-align: justify;\"><span style=\"color: #282828;\">T\u1ea5m th\u1ea5m m\u1ed3 h\u00f4i ngay tr\u00e1n l\u00e0m t\u1eeb v\u1eadt li\u1ec7u ch\u00e1y ch\u1eadm.<\/span><\/p>\n<p style=\"text-align: justify;\"><span style=\"color: #282828;\">N\u00f3n b\u1ea3o h\u1ed9 3M H701R s\u1eed d\u1ee5ng k\u00e8m d\u00e2y quai n\u00f3n 3M 1990 ho\u1eb7c d\u00e2y quai n\u00f3n 3M X24 \u0111\u1ec3 t\u0103ng th\u00eam \u0111\u1ed9 ch\u1eafc ch\u1eafn khi l\u00e0m vi\u1ec7c.<\/span><\/p>\n<figure id=\"attachment_11219\" aria-describedby=\"caption-attachment-11219\" style=\"width: 789px\" class=\"wp-caption aligncenter\"><img loading=\"lazy\" decoding=\"async\" class=\" wp-image-11219\" src=\"https:\/\/achisonsafety.com.vn\/wp-content\/uploads\/2022\/04\/non-bao-ho-3m-h701r-trang-khong-lo-thoang-khi-1.jpg\" alt=\"\" width=\"789\" height=\"589\" title=\"\" srcset=\"https:\/\/achisonsafety.com.vn\/wp-content\/uploads\/2022\/04\/non-bao-ho-3m-h701r-trang-khong-lo-thoang-khi-1.jpg 900w, https:\/\/achisonsafety.com.vn\/wp-content\/uploads\/2022\/04\/non-bao-ho-3m-h701r-trang-khong-lo-thoang-khi-1-536x400.jpg 536w, https:\/\/achisonsafety.com.vn\/wp-content\/uploads\/2022\/04\/non-bao-ho-3m-h701r-trang-khong-lo-thoang-khi-1-768x573.jpg 768w, https:\/\/achisonsafety.com.vn\/wp-content\/uploads\/2022\/04\/non-bao-ho-3m-h701r-trang-khong-lo-thoang-khi-1-40x30.jpg 40w, https:\/\/achisonsafety.com.vn\/wp-content\/uploads\/2022\/04\/non-bao-ho-3m-h701r-trang-khong-lo-thoang-khi-1-80x60.jpg 80w, https:\/\/achisonsafety.com.vn\/wp-content\/uploads\/2022\/04\/non-bao-ho-3m-h701r-trang-khong-lo-thoang-khi-1-510x381.jpg 510w\" sizes=\"(max-width: 789px) 100vw, 789px\" \/><figcaption id=\"caption-attachment-11219\" class=\"wp-caption-text\">C\u1eadn c\u1ea3nh n\u00f3n b\u1ea3o h\u1ed9 3M H701R m\u00e0u tr\u1eafn<\/figcaption><\/figure>\n<h2 style=\"text-align: justify;\"><span style=\"color: #282828;\">C\u00f4ng d\u1ee5ng c\u1ee7a n\u00f3n b\u1ea3o h\u1ed9 3M H701R Tr\u1eafng &#8211; kh\u00f4ng l\u1ed7 tho\u00e1ng kh\u00ed<\/span><\/h2>\n<p style=\"text-align: justify;\"><span style=\"color: #282828;\">S\u1ea3n ph\u1ea9m <a href=\"https:\/\/achisonsafety.com.vn\/non-bao-ho\" target=\"_blank\" rel=\"noopener\">n\u00f3n b\u1ea3o h\u1ed9<\/a> gi\u00fap b\u1ea3o v\u1ec7 \u0111\u1ea7u trong m\u00f4i tr\u01b0\u1eddng l\u00e0m vi\u1ec7c c\u00f4ng nghi\u1ec7p, nh\u00e0 m\u00e1y, c\u00f4ng tr\u00ecnh,&#8230;<\/span><\/p>\n<p style=\"text-align: justify;\"><span style=\"color: #282828;\">B\u1ea3o v\u1ec7 ng\u01b0\u1eddi s\u1eed d\u1ee5ng trong m\u00f4i tr\u01b0\u1eddng \u0111i\u1ec7n t\u1ed1i \u0111a 20.000V trong 3 ph\u00fat \u0111\u1ed1i v\u1edbi n\u00f3n kh\u00f4ng l\u1ed7 tho\u00e1ng kh\u00ed.<\/span><\/p>\n<p style=\"text-align: justify;\"><span style=\"color: #282828;\">Truy\u1ec1n l\u1ef1c t\u1ed1i \u0111a 3780N.<\/span><\/p>\n<h2 style=\"text-align: justify;\"><span style=\"color: #282828;\">\u1ee8ng d\u1ee5ng c\u1ee7a n\u00f3n b\u1ea3o h\u1ed9 3M H701R<\/span><\/h2>\n<p style=\"text-align: justify;\"><span style=\"color: #282828;\">S\u1ea3n ph\u1ea9m n\u00f3n b\u1ea3o h\u1ed9 3M H701R th\u00edch h\u1ee3p \u1ee9ng d\u1ee5ng cho c\u00e1c ng\u00e0nh ngh\u1ec1, l\u0129nh v\u1ef1c nh\u01b0: D\u1ea7u kh\u00ed, x\u00e2y d\u1ef1ng, \u0111\u00f3ng t\u00e0u, c\u1ea3ng \u2013 \u00f4 t\u00f4, xe m\u00e1y, nh\u1ef1a, g\u1ed7, kim lo\u1ea1i, xi m\u0103ng, h\u00f3a ch\u1ea5t, ph\u00e2n b\u00f3n\u2026<\/span><\/p>\n<h2 style=\"text-align: justify;\"><span style=\"color: #282828;\">C\u00e1ch l\u1eafp l\u1ed3ng n\u00f3n 3M H700RS4 v\u00e0 d\u00e2y quai n\u00f3n 3M 1990 v\u00e0o n\u00f3n b\u1ea3o h\u1ed9 3M H701R<\/span><\/h2>\n<p style=\"text-align: justify;\"><span style=\"color: #282828;\"><strong>B\u01b0\u1edbc 1:<\/strong> \u0110\u1eb7t l\u1ed3ng n\u00f3n v\u00e0o b\u00ean trong n\u00f3n sao cho mi\u1ebfng l\u00f3t \u0111\u1eb7t ph\u00eda tr\u01b0\u1edbc v\u00e0 ph\u1ea7n n\u00fam v\u1eb7n \u0111\u1eb7t ph\u00eda sau.<\/span><\/p>\n<p style=\"text-align: justify;\"><span style=\"color: #282828;\"><strong>B\u01b0\u1edbc 2:<\/strong> B\u1ebb g\u1eadp ph\u1ea7n ch\u1ea5u c\u00e0i tr\u00ean l\u1ed3ng n\u00f3n v\u00e0 g\u1eafn v\u00e0o c\u00e1c kh\u1edbp tr\u00ean n\u00f3n, g\u1eafn t\u01b0\u01a1ng t\u1ef1 cho 3 ch\u1ea5u c\u00f2n l\u1ea1i.<\/span><\/p>\n<p style=\"text-align: justify;\"><span style=\"color: #282828;\"><strong>B\u01b0\u1edbc 3:<\/strong> M\u00f3c 2 \u0111\u1ea7u c\u1ee7a d\u00e2y quai n\u00f3n v\u00e0o 2 l\u1ed7 tr\u00f2n \u1edf 2 b\u00ean h\u00f4ng c\u1ee7a n\u00f3n. L\u01b0u \u00fd, m\u00f3c t\u1eeb ngo\u00e0i v\u00e0o trong \u0111\u1ec3 kh\u00f4ng b\u1ecb ng\u01b0\u1ee3c chi\u1ec1u c\u1ee7a d\u00e2y quai n\u00f3n.<\/span><\/p>\n<p style=\"text-align: justify;\"><span style=\"color: #282828;\"><strong>B\u01b0\u1edbc 4:<\/strong> \u0110\u1ed9i th\u1eed n\u00f3n, \u0111i\u1ec1u ch\u1ec9nh n\u00fam v\u1eb7n ph\u00eda sau \u0111\u1ea7u v\u00e0 d\u00e2y quai n\u00f3n cho v\u1eeba v\u1edbi \u0111\u1ea7u sao cho n\u00f3n kh\u00f4ng b\u1ecb r\u01a1i ra khi cu\u1ed1i xu\u1ed1ng, n\u00f3n kh\u00f4ng qu\u00e1 l\u1ecfng ho\u1eb7c qu\u00e1 ch\u1eadt, \u0111\u1ea3m b\u1ea3o s\u1ef1 tho\u1ea3i m\u00e1i khi l\u00e0m vi\u1ec7c.<\/span><\/p>\n<h2 style=\"text-align: justify;\"><span style=\"color: #282828;\">C\u00e1ch v\u1ec7 sinh n\u00f3n b\u1ea3o h\u1ed9 3M<\/span><\/h2>\n<p style=\"text-align: justify;\"><span style=\"color: #282828;\">D\u00f9ng v\u1ea3i m\u1ec1m \u0111\u1ec3 lau n\u00f3n v\u00e0 kh\u00f4ng d\u00f9ng v\u1ea3i c\u1ee9ng ho\u1eb7c c\u00e1c v\u1eadt d\u1ee5ng c\u1ee9ng nh\u01b0 \u0111\u1ed3 r\u1eeda ch\u00e9n, b\u00e0n ch\u1ea3y \u0111\u1ec3 v\u1ec7 sinh n\u00f3n. Nh\u01b0 v\u1eady s\u1ebd l\u00e0m tr\u1ea7y x\u01b0\u1edbc n\u00f3n, m\u1ea5t th\u1ea9m m\u1ef9 c\u1ee7a n\u00f3n v\u00e0 mau h\u01b0 n\u00f3n h\u01a1n.<\/span><\/p>\n<p style=\"text-align: justify;\"><span style=\"color: #282828;\">L\u1ed3ng n\u00f3n v\u00e0 d\u00e2y quai n\u00f3n c\u00f3 th\u1ec3 th\u00e1o r\u1eddi ra \u0111\u1ec3 gi\u1eb7t. Sau \u0111\u00f3 ph\u01a1i \u1edf n\u01a1i kh\u00f4 r\u00e1o, tr\u00e1nh ph\u01a1i n\u00f3n v\u00e0 l\u1ed3ng n\u00f3n \u1edf n\u01a1i c\u00f3 nhi\u1ec7t \u0111\u1ed9 cao v\u00ec s\u1ebd l\u00e0m gi\u1ea3m tu\u1ed5i th\u1ecd c\u1ee7a n\u00f3n.<\/span><\/p>\n<p style=\"text-align: justify;\"><span style=\"color: #282828;\">Kh\u00f4ng d\u00f9ng c\u00e1c ch\u1ea5t t\u1ea9y r\u1eeda c\u00f3 t\u00ednh axit m\u1ea1nh \u0111\u1ec3 v\u1ec7 sinh n\u00f3n v\u00ec s\u1ebd l\u00e0m gi\u1ea3m ch\u1ea5t l\u01b0\u1ee3ng n\u00f3n v\u00e0 n\u00f3n d\u1ec5 b\u1ecb h\u01b0 h\u1ecfng h\u01a1n.<\/span><\/p>\n<p style=\"text-align: justify;\"><span style=\"color: #282828;\"><span style=\"font-weight: 400;\">\u0110\u1ec3 s\u1edf h\u1eefu n\u00f3n b\u1ea3o h\u1ed9 3M H701R Tr\u1eafng &#8211; kh\u00f4ng l\u1ed7 tho\u00e1ng kh\u00ed, m\u1ed9t s\u1ea3n ph\u1ea9m v\u00f4 c\u00f9ng ch\u1ea5t l\u01b0\u1ee3ng \u0111\u1ebfn t\u1eeb th\u01b0\u01a1ng hi\u1ec7u 3M, h\u00e3y li\u00ean h\u1ec7 <a href=\"https:\/\/achisonsafety.com.vn\" target=\"_blank\" rel=\"noopener\">B\u1ea3o H\u1ed9 Lao \u0110\u1ed9ng ACHISON <\/a><\/span><span style=\"font-weight: 400;\">\u0111\u1ec3<\/span><span style=\"font-weight: 400;\"> \u0111\u01b0\u1ee3c t\u01b0 v\u1ea5n v\u00e0 nh\u1eadn b\u00e1o gi\u00e1 \u01b0u \u0111\u00e3i nh\u1ea5t nh\u00e9.\u00a0<\/span><\/span><\/p>\n","protected":false},"excerpt":{"rendered":"<p style=\"text-align: justify;\"><span style=\"color: #282828;\">&#8211; L\u1ed3ng n\u00f3n \u0111\u01b0\u1ee3c thi\u1ebft k\u1ebf v\u1edbi b\u1ed9 ph\u1eadn gi\u1ea3m ch\u1ea5n, gi\u00fap gi\u1ea3m thi\u1ec3u \u0111\u01b0\u1ee3c s\u1ef1 va \u0111\u1eadp khi c\u00f3 s\u1ef1 c\u1ed1 x\u1ea3y ra. <\/span><\/p>\n<p style=\"text-align: justify;\"><span style=\"color: #282828;\">&#8211; N\u00fam v\u1eb7n ph\u00eda sau l\u1ed3ng n\u00f3n gi\u00fap \u0111i\u1ec1u ch\u1ec9nh \u0111\u1ed9 r\u1ed9ng, h\u1eb9p ph\u00f9 h\u1ee3p v\u1edbi m\u1ecdi k\u00edch c\u1ee1 \u0111\u1ea7u<\/span><\/p>\n<p style=\"text-align: justify;\"><span style=\"color: #282828;\">&#8211; T\u1ea5m th\u1ea5m m\u1ed3 h\u00f4i ngay tr\u00e1n l\u00e0m t\u1eeb v\u1eadt li\u1ec7u ch\u00e1y ch\u1eadm.<\/span><\/p>\n","protected":false},"featured_media":1108,"comment_status":"open","ping_status":"closed","template":"","meta":[],"product_cat":[16,32,97],"product_tag":[1000,991,994,999,990],"class_list":{"0":"post-1107","1":"product","2":"type-product","3":"status-publish","4":"has-post-thumbnail","6":"product_cat-bao-ho-lao-dong","7":"product_cat-bao-ve-dau","8":"product_cat-non-bao-ho","9":"product_tag-mu-bao-ho","10":"product_tag-mu-bao-ho-3m","11":"product_tag-mu-bao-ho-lao-dong","12":"product_tag-non-bao-ho","13":"product_tag-non-bao-ho-3m","14":"yith_product_brand-3m","16":"first","17":"instock","18":"shipping-taxable","19":"product-type-simple"},"acf":[],"_links":{"self":[{"href":"https:\/\/achisonsafety.com.vn\/en\/wp-json\/wp\/v2\/product\/1107"}],"collection":[{"href":"https:\/\/achisonsafety.com.vn\/en\/wp-json\/wp\/v2\/product"}],"about":[{"href":"https:\/\/achisonsafety.com.vn\/en\/wp-json\/wp\/v2\/types\/product"}],"replies":[{"embeddable":true,"href":"https:\/\/achisonsafety.com.vn\/en\/wp-json\/wp\/v2\/comments?post=1107"}],"wp:featuredmedia":[{"embeddable":true,"href":"https:\/\/achisonsafety.com.vn\/en\/wp-json\/wp\/v2\/media\/1108"}],"wp:attachment":[{"href":"https:\/\/achisonsafety.com.vn\/en\/wp-json\/wp\/v2\/media?parent=1107"}],"wp:term":[{"taxonomy":"product_cat","embeddable":true,"href":"https:\/\/achisonsafety.com.vn\/en\/wp-json\/wp\/v2\/product_cat?post=1107"},{"taxonomy":"product_tag","embeddable":true,"href":"https:\/\/achisonsafety.com.vn\/en\/wp-json\/wp\/v2\/product_tag?post=1107"}],"curies":[{"name":"wp","href":"https:\/\/api.w.org\/{rel}","templated":true}]}}