{"id":11115,"date":"2025-09-26T10:21:53","date_gmt":"2025-09-26T03:21:53","guid":{"rendered":"https:\/\/achisonsafety.com.vn\/?post_type=product&#038;p=11115"},"modified":"2025-10-24T13:16:57","modified_gmt":"2025-10-24T06:16:57","slug":"phim-cach-nhiet-3m","status":"publish","type":"product","link":"https:\/\/achisonsafety.com.vn\/en\/san-pham\/phim-cach-nhiet-3m\/","title":{"rendered":"Phim C\u00e1ch Nhi\u1ec7t 3M"},"content":{"rendered":"<h1 style=\"text-align: center;\">Phim C\u00e1ch Nhi\u1ec7t 3M \u2013 Gi\u1ea3i Ph\u00e1p B\u1ea3o V\u1ec7 V\u00e0 N\u00e2ng T\u1ea7m \u0110\u1eb3ng C\u1ea5p Cho \u00d4 T\u00f4<\/h1>\n<p style=\"text-align: justify;\"><a href=\"https:\/\/achisonsafety.com.vn\/san-pham\/phim-cach-nhiet-3m\/\" target=\"_blank\" rel=\"noopener\">Phim C\u00e1ch Nhi\u1ec7t 3M<\/a> \u0111\u01b0\u1ee3c nghi\u00ean c\u1ee9u v\u00e0 ph\u00e1t tri\u1ec3n b\u1edfi t\u1eadp \u0111o\u00e0n 3M (M\u1ef9) &#8211; L\u00e0 th\u01b0\u01a1ng hi\u1ec7u h\u00e0ng \u0111\u1ea7u th\u1ebf gi\u1edbi trong l\u0129nh v\u1ef1c phim d\u00e1n k\u00ednh \u00f4 t\u00f4.<\/p>\n<p style=\"text-align: justify;\">Khi d\u00e1n phim c\u00e1ch nhi\u1ec7t 3M s\u1ebd mang \u0111\u1ebfn s\u1ef1 b\u1ea3o v\u1ec7 t\u1ed1i \u01b0u, th\u1ea9m m\u1ef9 sang tr\u1ecdng v\u00e0 tr\u1ea3i nghi\u1ec7m l\u00e1i xe tho\u1ea3i m\u00e1i cho ch\u1ee7 s\u1edf h\u1eefu.<\/p>\n<p><img loading=\"lazy\" decoding=\"async\" class=\"size-full wp-image-11307\" src=\"https:\/\/achisonsafety.com.vn\/wp-content\/uploads\/2025\/09\/phim-cach-nhiet-3m-6.jpg\" alt=\"\" width=\"900\" height=\"564\" title=\"\" srcset=\"https:\/\/achisonsafety.com.vn\/wp-content\/uploads\/2025\/09\/phim-cach-nhiet-3m-6.jpg 900w, https:\/\/achisonsafety.com.vn\/wp-content\/uploads\/2025\/09\/phim-cach-nhiet-3m-6-638x400.jpg 638w, https:\/\/achisonsafety.com.vn\/wp-content\/uploads\/2025\/09\/phim-cach-nhiet-3m-6-768x481.jpg 768w, https:\/\/achisonsafety.com.vn\/wp-content\/uploads\/2025\/09\/phim-cach-nhiet-3m-6-48x30.jpg 48w, https:\/\/achisonsafety.com.vn\/wp-content\/uploads\/2025\/09\/phim-cach-nhiet-3m-6-96x60.jpg 96w, https:\/\/achisonsafety.com.vn\/wp-content\/uploads\/2025\/09\/phim-cach-nhiet-3m-6-510x320.jpg 510w\" sizes=\"(max-width: 900px) 100vw, 900px\" \/><\/p>\n<figure id=\"attachment_11122\" aria-describedby=\"caption-attachment-11122\" style=\"width: 900px\" class=\"wp-caption aligncenter\"><img loading=\"lazy\" decoding=\"async\" class=\"size-full wp-image-11122\" src=\"https:\/\/achisonsafety.com.vn\/wp-content\/uploads\/2025\/09\/phim-cach-nhiet-3m-1.jpg\" alt=\"\" width=\"900\" height=\"596\" title=\"\" srcset=\"https:\/\/achisonsafety.com.vn\/wp-content\/uploads\/2025\/09\/phim-cach-nhiet-3m-1.jpg 900w, https:\/\/achisonsafety.com.vn\/wp-content\/uploads\/2025\/09\/phim-cach-nhiet-3m-1-604x400.jpg 604w, https:\/\/achisonsafety.com.vn\/wp-content\/uploads\/2025\/09\/phim-cach-nhiet-3m-1-768x509.jpg 768w, https:\/\/achisonsafety.com.vn\/wp-content\/uploads\/2025\/09\/phim-cach-nhiet-3m-1-45x30.jpg 45w, https:\/\/achisonsafety.com.vn\/wp-content\/uploads\/2025\/09\/phim-cach-nhiet-3m-1-91x60.jpg 91w, https:\/\/achisonsafety.com.vn\/wp-content\/uploads\/2025\/09\/phim-cach-nhiet-3m-1-510x338.jpg 510w\" sizes=\"(max-width: 900px) 100vw, 900px\" \/><figcaption id=\"caption-attachment-11122\" class=\"wp-caption-text\">Phim c\u00e1ch nhi\u1ec7t 3M &#8211; B\u1ea3o v\u1ec7 v\u00e0 t\u0103ng t\u00ednh th\u1ea9m m\u1ef9 cho &#8220;x\u1ebf y\u00eau&#8221; c\u1ee7a b\u1ea1n<\/figcaption><\/figure>\n<h2 style=\"text-align: justify;\"><strong>\u0110i\u1ec3m n\u1ed5i b\u1eadt c\u1ee7a phim c\u00e1ch nhi\u1ec7t 3M<\/strong><\/h2>\n<p style=\"text-align: justify;\">S\u1ea3n ph\u1ea9m <strong>phim c\u00e1ch nhi\u1ec7t<\/strong> c\u1ee7a th\u01b0\u01a1ng hi\u1ec7u 3M s\u1ebd l\u00e0 s\u1ef1 l\u1ef1a ch\u1ecdn m\u00e0 b\u1ea1n kh\u00f4ng th\u1ec3 n\u00e0o b\u1ecf l\u1ee1:<\/p>\n<p style=\"text-align: justify;\">&#8211; Kh\u1ea3 n\u0103ng ch\u1ed1ng n\u00f3ng v\u01b0\u1ee3t tr\u1ed9i: C\u1ea3n \u0111\u1ebfn h\u01a1n 99% tia UV v\u00e0 lo\u1ea1i b\u1ecf s\u1ee9c n\u00f3ng t\u1eeb tia h\u1ed3ng ngo\u1ea1i, gi\u1eef kh\u00f4ng gian trong xe lu\u00f4n m\u00e1t m\u1ebb, gi\u1ea3m t\u1ea3i cho \u0111i\u1ec1u h\u00f2a.<\/p>\n<p style=\"text-align: justify;\">&#8211; An to\u00e0n v\u00e0 b\u1ea3o v\u1ec7 s\u1ee9c kh\u1ecfe: Ng\u0103n ng\u1eeba t\u00e1c h\u1ea1i t\u1eeb tia c\u1ef1c t\u00edm, gi\u1ea3m nguy c\u01a1 l\u00e3o h\u00f3a da, b\u1ea3o v\u1ec7 m\u1eaft v\u00e0 n\u1ed9i th\u1ea5t xe.<\/p>\n<p style=\"text-align: justify;\">&#8211; \u0110\u1ed9 trong su\u1ed1t cao, t\u1ea7m nh\u00ecn r\u00f5 n\u00e9t: C\u00f4ng ngh\u1ec7 quang h\u1ecdc \u0111\u1ed9c quy\u1ec1n gi\u00fap l\u00e1i xe an to\u00e0n c\u1ea3 ng\u00e0y l\u1eabn \u0111\u00eam, kh\u00f4ng b\u1ecb ch\u00f3i l\u00f3a.<\/p>\n<p style=\"text-align: justify;\">&#8211; T\u0103ng t\u00ednh ri\u00eang t\u01b0 v\u00e0 th\u1ea9m m\u1ef9: Nhi\u1ec1u l\u1ef1a ch\u1ecdn m\u00e0u s\u1eafc v\u00e0 m\u1ee9c \u0111\u1ed9 t\u1ed1i s\u00e1ng, gi\u00fap xe tr\u1edf n\u00ean sang tr\u1ecdng, \u0111\u1eb3ng c\u1ea5p h\u01a1n.<\/p>\n<p style=\"text-align: justify;\">&#8211; \u0110\u1ed9 b\u1ec1n l\u00e2u d\u00e0i: Phim c\u00e1ch nhi\u1ec7t 3M \u0111\u01b0\u1ee3c s\u1ea3n xu\u1ea5t b\u1eb1ng c\u00f4ng ngh\u1ec7 Nano Ceramic v\u00e0 Nano Carbon, kh\u00f4ng phai m\u00e0u, kh\u00f4ng bong tr\u00f3c theo th\u1eddi gian.<\/p>\n<figure id=\"attachment_11118\" aria-describedby=\"caption-attachment-11118\" style=\"width: 900px\" class=\"wp-caption aligncenter\"><img loading=\"lazy\" decoding=\"async\" class=\"wp-image-11118 size-full\" src=\"https:\/\/achisonsafety.com.vn\/wp-content\/uploads\/2025\/09\/phim-cach-nhiet-3m-3.jpg\" alt=\"\" width=\"900\" height=\"600\" title=\"\" srcset=\"https:\/\/achisonsafety.com.vn\/wp-content\/uploads\/2025\/09\/phim-cach-nhiet-3m-3.jpg 900w, https:\/\/achisonsafety.com.vn\/wp-content\/uploads\/2025\/09\/phim-cach-nhiet-3m-3-600x400.jpg 600w, https:\/\/achisonsafety.com.vn\/wp-content\/uploads\/2025\/09\/phim-cach-nhiet-3m-3-768x512.jpg 768w, https:\/\/achisonsafety.com.vn\/wp-content\/uploads\/2025\/09\/phim-cach-nhiet-3m-3-45x30.jpg 45w, https:\/\/achisonsafety.com.vn\/wp-content\/uploads\/2025\/09\/phim-cach-nhiet-3m-3-90x60.jpg 90w, https:\/\/achisonsafety.com.vn\/wp-content\/uploads\/2025\/09\/phim-cach-nhiet-3m-3-510x340.jpg 510w\" sizes=\"(max-width: 900px) 100vw, 900px\" \/><figcaption id=\"caption-attachment-11118\" class=\"wp-caption-text\">D\u00e1n phim c\u00e1ch nhi\u1ec7t gi\u00fap mang \u0111\u1ebfn nhi\u1ec1u l\u1ee3i \u00edch<\/figcaption><\/figure>\n<h2 style=\"text-align: justify;\"><strong>\u1ee8ng d\u1ee5ng c\u1ee7a phim c\u00e1ch nhi\u1ec7t 3M<\/strong><\/h2>\n<p>Ng\u00e0y nay, phim c\u00e1ch nhi\u1ec7t 3M l\u00e0 m\u1ed9t trong nh\u1eefng <a href=\"https:\/\/achisonsafety.com.vn\/giai-phap-cham-soc-o-to\" target=\"_blank\" rel=\"noopener\">gi\u1ea3i ph\u00e1p ch\u0103m s\u00f3c \u00f4 t\u00f4<\/a> \u0111\u01b0\u1ee3c \u1ee9ng d\u1ee5ng r\u1ed9ng r\u00e3i v\u00e0 nhi\u1ec1u kh\u00e1ch h\u00e0ng \u01b0a th\u00edch s\u1eed d\u1ee5ng.<\/p>\n<p style=\"text-align: justify;\">&#8211; \u0110\u1ed1i v\u1edbi xe \u00f4 t\u00f4: D\u00e1n phim c\u00e1ch nhi\u1ec7t \u1edf k\u00ednh l\u00e1i, k\u00ednh s\u01b0\u1eddn, k\u00ednh h\u1eadu, gi\u00fap ng\u01b0\u1eddi ng\u1ed3i trong xe tho\u1ea3i m\u00e1i, ti\u1ebft ki\u1ec7m nhi\u00ean li\u1ec7u.<\/p>\n<figure id=\"attachment_11120\" aria-describedby=\"caption-attachment-11120\" style=\"width: 900px\" class=\"wp-caption aligncenter\"><img loading=\"lazy\" decoding=\"async\" class=\"wp-image-11120 size-full\" src=\"https:\/\/achisonsafety.com.vn\/wp-content\/uploads\/2025\/09\/phim-cach-nhiet-3m-2-1.jpg\" alt=\"\" width=\"900\" height=\"900\" title=\"\" srcset=\"https:\/\/achisonsafety.com.vn\/wp-content\/uploads\/2025\/09\/phim-cach-nhiet-3m-2-1.jpg 900w, https:\/\/achisonsafety.com.vn\/wp-content\/uploads\/2025\/09\/phim-cach-nhiet-3m-2-1-400x400.jpg 400w, https:\/\/achisonsafety.com.vn\/wp-content\/uploads\/2025\/09\/phim-cach-nhiet-3m-2-1-800x800.jpg 800w, https:\/\/achisonsafety.com.vn\/wp-content\/uploads\/2025\/09\/phim-cach-nhiet-3m-2-1-280x280.jpg 280w, https:\/\/achisonsafety.com.vn\/wp-content\/uploads\/2025\/09\/phim-cach-nhiet-3m-2-1-768x768.jpg 768w, https:\/\/achisonsafety.com.vn\/wp-content\/uploads\/2025\/09\/phim-cach-nhiet-3m-2-1-30x30.jpg 30w, https:\/\/achisonsafety.com.vn\/wp-content\/uploads\/2025\/09\/phim-cach-nhiet-3m-2-1-60x60.jpg 60w, https:\/\/achisonsafety.com.vn\/wp-content\/uploads\/2025\/09\/phim-cach-nhiet-3m-2-1-247x247.jpg 247w, https:\/\/achisonsafety.com.vn\/wp-content\/uploads\/2025\/09\/phim-cach-nhiet-3m-2-1-510x510.jpg 510w, https:\/\/achisonsafety.com.vn\/wp-content\/uploads\/2025\/09\/phim-cach-nhiet-3m-2-1-100x100.jpg 100w\" sizes=\"(max-width: 900px) 100vw, 900px\" \/><figcaption id=\"caption-attachment-11120\" class=\"wp-caption-text\">phim-cach-nhiet-3m-2<\/figcaption><\/figure>\n<p style=\"text-align: justify;\">&#8211; \u0110\u1ed1i v\u1edbi nh\u00e0 \u1edf v\u00e0 v\u0103n ph\u00f2ng: Gi\u00fap kh\u00f4ng gian m\u00e1t m\u1ebb, gi\u1ea3m chi ph\u00ed \u0111i\u1ec7n n\u0103ng cho \u0111i\u1ec1u h\u00f2a, \u0111\u1ed3ng th\u1eddi t\u1ea1o s\u1ef1 ri\u00eang t\u01b0.<\/p>\n<p style=\"text-align: justify;\"><a href=\"https:\/\/achisonsafety.com.vn\/phim-cach-nhiet-3m-giai-phap-chong-nong-hieu-qua-cho-o-to-va-nha-o\" target=\"_blank\" rel=\"noopener\">Phim c\u00e1ch nhi\u1ec7t 3M &#8211; Gi\u1ea3i ph\u00e1p ch\u1ed1ng n\u00f3ng hi\u1ec7u qu\u1ea3<\/a> cho \u00f4 t\u00f4 v\u00e0 nh\u00e0 \u1edf, l\u00e0 s\u1ef1 l\u1ef1a ch\u1ecdn kh\u00f4ng th\u1ec3 b\u1ecf qua cho nh\u1eefng ai y\u00eau xe v\u00e0 \u0111\u1ec1 cao s\u1ee9c kh\u1ecfe, ti\u1ec7n nghi.<\/p>\n<h2 style=\"text-align: justify;\"><strong>Top 3 d\u00f2ng phim c\u00e1ch nhi\u1ec7t 3M n\u1ed5i b\u1eadt<\/strong><\/h2>\n<p style=\"text-align: justify;\">D\u00f2ng Crystalline (CR20, CR40, CR60, CR70): L\u00e0 d\u00f2ng cao c\u1ea5p nh\u1ea5t c\u1ee7a 3M, \u1ee9ng d\u1ee5ng c\u00f4ng ngh\u1ec7 quang h\u1ecdc \u0111a l\u1edbp, kh\u1ea3 n\u0103ng c\u1ea3n nhi\u1ec7t c\u1ef1c t\u1ed1t nh\u01b0ng v\u1eabn gi\u1eef \u0111\u1ed9 trong su\u1ed1t cao, gi\u00fap k\u00ednh l\u00e1i s\u00e1ng r\u00f5 v\u00e0 sang tr\u1ecdng.<\/p>\n<p style=\"text-align: justify;\">D\u00f2ng IR (IR15, IR25, IR50): S\u1eed d\u1ee5ng c\u00f4ng ngh\u1ec7 Nano IR, t\u1ed1i \u01b0u kh\u1ea3 n\u0103ng ch\u1ed1ng tia h\u1ed3ng ngo\u1ea1i, gi\u1ea3m n\u00f3ng, gi\u00e1 th\u00e0nh h\u1ee3p l\u00fd \u2013 ph\u00f9 h\u1ee3p cho c\u1ea3 k\u00ednh l\u00e1i v\u00e0 k\u00ednh s\u01b0\u1eddn.<\/p>\n<p style=\"text-align: justify;\">D\u00f2ng Ceramic (Ceramic 15, Ceramic 35, Ceramic 70): C\u00f4ng ngh\u1ec7 Nano Ceramic gi\u00fap phim kh\u00f4ng b\u1ecb nhi\u1ec5u s\u00f3ng \u0111i\u1ec7n t\u1eed, \u0111\u1ed9 b\u1ec1n m\u00e0u cao, \u0111\u1ea3m b\u1ea3o s\u1ef1 c\u00e2n b\u1eb1ng gi\u1eefa kh\u1ea3 n\u0103ng c\u00e1ch nhi\u1ec7t v\u00e0 th\u1ea9m m\u1ef9.<\/p>\n<figure id=\"attachment_11124\" aria-describedby=\"caption-attachment-11124\" style=\"width: 900px\" class=\"wp-caption aligncenter\"><img loading=\"lazy\" decoding=\"async\" class=\"wp-image-11124 size-full\" src=\"https:\/\/achisonsafety.com.vn\/wp-content\/uploads\/2025\/09\/phim-cach-nhiet-3m-5.jpg\" alt=\"\" width=\"900\" height=\"972\" title=\"\" srcset=\"https:\/\/achisonsafety.com.vn\/wp-content\/uploads\/2025\/09\/phim-cach-nhiet-3m-5.jpg 900w, https:\/\/achisonsafety.com.vn\/wp-content\/uploads\/2025\/09\/phim-cach-nhiet-3m-5-370x400.jpg 370w, https:\/\/achisonsafety.com.vn\/wp-content\/uploads\/2025\/09\/phim-cach-nhiet-3m-5-741x800.jpg 741w, https:\/\/achisonsafety.com.vn\/wp-content\/uploads\/2025\/09\/phim-cach-nhiet-3m-5-768x829.jpg 768w, https:\/\/achisonsafety.com.vn\/wp-content\/uploads\/2025\/09\/phim-cach-nhiet-3m-5-28x30.jpg 28w, https:\/\/achisonsafety.com.vn\/wp-content\/uploads\/2025\/09\/phim-cach-nhiet-3m-5-56x60.jpg 56w, https:\/\/achisonsafety.com.vn\/wp-content\/uploads\/2025\/09\/phim-cach-nhiet-3m-5-510x551.jpg 510w\" sizes=\"(max-width: 900px) 100vw, 900px\" \/><figcaption id=\"caption-attachment-11124\" class=\"wp-caption-text\">B\u1ea3ng th\u00f4ng s\u1ed1 ph\u1ecbm c\u00e1ch nhi\u1ec7t<\/figcaption><\/figure>\n<h2 style=\"text-align: justify;\"><strong>T\u1ea1i sao n\u00ean ch\u1ecdn phim c\u00e1ch nhi\u1ec7t 3M?<\/strong><\/h2>\n<ul>\n<li style=\"text-align: justify;\">Th\u01b0\u01a1ng hi\u1ec7u to\u00e0n c\u1ea7u, \u0111\u01b0\u1ee3c ki\u1ec3m ch\u1ee9ng t\u1ea1i h\u01a1n 100 qu\u1ed1c gia.<\/li>\n<li style=\"text-align: justify;\">\u0110\u01b0\u1ee3c ph\u00e2n ph\u1ed1i ch\u00ednh h\u00e3ng.<\/li>\n<li style=\"text-align: justify;\">B\u1ea3o h\u00e0nh l\u00ean \u0111\u1ebfn 10 n\u0103m.<\/li>\n<li style=\"text-align: justify;\">L\u1eafp \u0111\u1eb7t b\u1edfi \u0111\u1ed9i ng\u0169 k\u1ef9 thu\u1eadt vi\u00ean \u0111\u01b0\u1ee3c 3M \u0111\u00e0o t\u1ea1o chuy\u00ean nghi\u1ec7p.<\/li>\n<li style=\"text-align: justify;\">Ch\u1ee9ng nh\u1eadn \u0111\u1ea7y \u0111\u1ee7 v\u1ec1 kh\u1ea3 n\u0103ng ch\u1ed1ng tia UV, an to\u00e0n s\u1ee9c kh\u1ecfe v\u00e0 ch\u1ea5t l\u01b0\u1ee3ng s\u1ea3n ph\u1ea9m.<\/li>\n<\/ul>\n<p style=\"text-align: justify;\">N\u1ebfu b\u1ea1n \u0111ang quan t\u00e2m \u0111\u1ebfn s\u1ea3n ph\u1ea9m phim c\u00e1ch nhi\u1ec7t 3M th\u00ec h\u00e3y li\u00ean h\u1ec7 v\u1edbi <a href=\"https:\/\/achisonsafety.com.vn\" target=\"_blank\" rel=\"noopener\">Achisonsafety.com.vn<\/a> qua Hotline 0913 820 539 \u0111\u1ec3 \u0111\u01b0\u1ee3c h\u1ed7 tr\u1ee3 nh\u00e9.<\/p>\n<p style=\"text-align: justify;\">&gt;&gt;&gt; S\u1ea3n ph\u1ea9m li\u00ean quan: <a href=\"https:\/\/achisonsafety.com.vn\/san-pham\/ppf-3m-mang-bao-ve-cho-son-xe-cao-cap\" target=\"_blank\" rel=\"noopener\">PPF 3M \u2013 M\u00e0ng B\u1ea3o V\u1ec7 Cho S\u01a1n Xe Cao C\u1ea5p<\/a><\/p>\n","protected":false},"excerpt":{"rendered":"<p style=\"text-align: justify;\">&#8211; Kh\u1ea3 n\u0103ng ch\u1ed1ng n\u00f3ng v\u01b0\u1ee3t tr\u1ed9i: C\u1ea3n \u0111\u1ebfn h\u01a1n 99% tia UV v\u00e0 lo\u1ea1i b\u1ecf s\u1ee9c n\u00f3ng t\u1eeb tia h\u1ed3ng ngo\u1ea1i.<\/p>\n<p style=\"text-align: justify;\">&#8211; Ng\u0103n ng\u1eeba t\u00e1c h\u1ea1i t\u1eeb tia c\u1ef1c t\u00edm, gi\u1ea3m nguy c\u01a1 l\u00e3o h\u00f3a da, b\u1ea3o v\u1ec7 m\u1eaft v\u00e0 n\u1ed9i th\u1ea5t xe.<\/p>\n<p style=\"text-align: justify;\">&#8211; C\u00f4ng ngh\u1ec7 quang h\u1ecdc \u0111\u1ed9c quy\u1ec1n gi\u00fap l\u00e1i xe an to\u00e0n c\u1ea3 ng\u00e0y l\u1eabn \u0111\u00eam, kh\u00f4ng b\u1ecb ch\u00f3i l\u00f3a.<\/p>\n","protected":false},"featured_media":11120,"comment_status":"open","ping_status":"closed","template":"","meta":[],"product_cat":[1008],"product_tag":[1004,1003],"class_list":{"0":"post-11115","1":"product","2":"type-product","3":"status-publish","4":"has-post-thumbnail","6":"product_cat-giai-phap-cham-soc-o-to","7":"product_tag-phim-cach-nhiet","8":"product_tag-phim-cach-nhiet-3m","9":"yith_product_brand-3m","11":"first","12":"instock","13":"featured","14":"shipping-taxable","15":"product-type-simple"},"acf":[],"_links":{"self":[{"href":"https:\/\/achisonsafety.com.vn\/en\/wp-json\/wp\/v2\/product\/11115"}],"collection":[{"href":"https:\/\/achisonsafety.com.vn\/en\/wp-json\/wp\/v2\/product"}],"about":[{"href":"https:\/\/achisonsafety.com.vn\/en\/wp-json\/wp\/v2\/types\/product"}],"replies":[{"embeddable":true,"href":"https:\/\/achisonsafety.com.vn\/en\/wp-json\/wp\/v2\/comments?post=11115"}],"wp:featuredmedia":[{"embeddable":true,"href":"https:\/\/achisonsafety.com.vn\/en\/wp-json\/wp\/v2\/media\/11120"}],"wp:attachment":[{"href":"https:\/\/achisonsafety.com.vn\/en\/wp-json\/wp\/v2\/media?parent=11115"}],"wp:term":[{"taxonomy":"product_cat","embeddable":true,"href":"https:\/\/achisonsafety.com.vn\/en\/wp-json\/wp\/v2\/product_cat?post=11115"},{"taxonomy":"product_tag","embeddable":true,"href":"https:\/\/achisonsafety.com.vn\/en\/wp-json\/wp\/v2\/product_tag?post=11115"}],"curies":[{"name":"wp","href":"https:\/\/api.w.org\/{rel}","templated":true}]}}