{"id":11126,"date":"2025-09-26T11:01:19","date_gmt":"2025-09-26T04:01:19","guid":{"rendered":"https:\/\/achisonsafety.com.vn\/?post_type=product&#038;p=11126"},"modified":"2025-10-12T20:24:38","modified_gmt":"2025-10-12T13:24:38","slug":"ppf-3m-mang-bao-ve-cho-son-xe-cao-cap","status":"publish","type":"product","link":"https:\/\/achisonsafety.com.vn\/en\/san-pham\/ppf-3m-mang-bao-ve-cho-son-xe-cao-cap\/","title":{"rendered":"PPF 3M &#8211; M\u00e0ng B\u1ea3o V\u1ec7 Cho S\u01a1n Xe Cao C\u1ea5p"},"content":{"rendered":"<p style=\"text-align: justify;\"><a href=\"https:\/\/achisonsafety.com.vn\/san-pham\/ppf-3m-mang-bao-ve-cho-son-xe-cao-cap\" target=\"_blank\" rel=\"noopener\">M\u00e0ng B\u1ea3o V\u1ec7 S\u01a1n Xe Cao C\u1ea5p PPF 3M<\/a> (Paint Protection Film) l\u00e0 s\u1ea3n ph\u1ea9m best seller c\u1ee7a th\u01b0\u01a1ng hi\u1ec7u 3M. \u0110\u00e2y l\u00e0 l\u1ef1a ch\u1ecdn h\u00e0ng \u0111\u1ea7u cho nh\u1eefng ai mu\u1ed1n gi\u1eef g\u00ecn l\u1edbp s\u01a1n zin v\u00e0 duy tr\u00ec v\u1ebb \u0111\u1eb9p sang tr\u1ecdng cho chi\u1ebfc xe.<\/p>\n<figure id=\"attachment_11127\" aria-describedby=\"caption-attachment-11127\" style=\"width: 900px\" class=\"wp-caption aligncenter\"><img loading=\"lazy\" decoding=\"async\" class=\"size-full wp-image-11127\" src=\"https:\/\/achisonsafety.com.vn\/wp-content\/uploads\/2025\/09\/ppf-3m-mang-bao-ve-son-xe-cao-cap-1.jpg\" alt=\"\" width=\"900\" height=\"900\" title=\"\" srcset=\"https:\/\/achisonsafety.com.vn\/wp-content\/uploads\/2025\/09\/ppf-3m-mang-bao-ve-son-xe-cao-cap-1.jpg 900w, https:\/\/achisonsafety.com.vn\/wp-content\/uploads\/2025\/09\/ppf-3m-mang-bao-ve-son-xe-cao-cap-1-400x400.jpg 400w, https:\/\/achisonsafety.com.vn\/wp-content\/uploads\/2025\/09\/ppf-3m-mang-bao-ve-son-xe-cao-cap-1-800x800.jpg 800w, https:\/\/achisonsafety.com.vn\/wp-content\/uploads\/2025\/09\/ppf-3m-mang-bao-ve-son-xe-cao-cap-1-280x280.jpg 280w, https:\/\/achisonsafety.com.vn\/wp-content\/uploads\/2025\/09\/ppf-3m-mang-bao-ve-son-xe-cao-cap-1-768x768.jpg 768w, https:\/\/achisonsafety.com.vn\/wp-content\/uploads\/2025\/09\/ppf-3m-mang-bao-ve-son-xe-cao-cap-1-30x30.jpg 30w, https:\/\/achisonsafety.com.vn\/wp-content\/uploads\/2025\/09\/ppf-3m-mang-bao-ve-son-xe-cao-cap-1-60x60.jpg 60w, https:\/\/achisonsafety.com.vn\/wp-content\/uploads\/2025\/09\/ppf-3m-mang-bao-ve-son-xe-cao-cap-1-247x247.jpg 247w, https:\/\/achisonsafety.com.vn\/wp-content\/uploads\/2025\/09\/ppf-3m-mang-bao-ve-son-xe-cao-cap-1-510x510.jpg 510w, https:\/\/achisonsafety.com.vn\/wp-content\/uploads\/2025\/09\/ppf-3m-mang-bao-ve-son-xe-cao-cap-1-100x100.jpg 100w\" sizes=\"(max-width: 900px) 100vw, 900px\" \/><figcaption id=\"caption-attachment-11127\" class=\"wp-caption-text\">C\u1eadn c\u1ea3nh vi\u1ec7c d\u00e1n PPF 3M<\/figcaption><\/figure>\n<h2 style=\"text-align: justify;\"><strong>V\u00ec sao b\u1ea1n n\u00ean s\u1eed d\u1ee5ng m\u00e0ng b\u1ea3o v\u1ec7 s\u01a1n xe PPF 3M?<\/strong><\/h2>\n<p style=\"text-align: justify;\">Top 5 \u01b0u \u0111i\u1ec3m n\u1ed5i b\u1eadt c\u1ee7a m\u00e0ng b\u1ea3o v\u1ec7 s\u01a1n xe <strong>PPF 3M<\/strong>:<\/p>\n<p style=\"text-align: justify;\">&#8211; B\u1ea3o v\u1ec7 s\u01a1n t\u1ed1i \u0111a: Ch\u1ed1ng tr\u1ea7y x\u01b0\u1edbc, \u0111\u00e1 v\u0103ng, c\u00f4n tr\u00f9ng, nh\u1ef1a c\u00e2y, ph\u00e2n chim v\u00e0 c\u00e1c t\u00e1c \u0111\u1ed9ng t\u1eeb m\u00f4i tr\u01b0\u1eddng.<\/p>\n<p style=\"text-align: justify;\">&#8211; Kh\u1ea3 n\u0103ng t\u1ef1 ph\u1ee5c h\u1ed3i (Self-healing): V\u1edbi l\u1edbp ph\u1ee7 th\u00f4ng minh, c\u00e1c v\u1ebft x\u01b0\u1edbc nh\u1eb9 c\u00f3 th\u1ec3 t\u1ef1 bi\u1ebfn m\u1ea5t d\u01b0\u1edbi t\u00e1c \u0111\u1ed9ng c\u1ee7a nhi\u1ec7t \u0111\u1ed9 m\u00f4i tr\u01b0\u1eddng ho\u1eb7c khi r\u1eeda xe b\u1eb1ng n\u01b0\u1edbc n\u00f3ng.<\/p>\n<p style=\"text-align: justify;\">&#8211; \u0110\u1ed9 b\u1ec1n cao: S\u1ea3n xu\u1ea5t t\u1eeb v\u1eadt li\u1ec7u urethane cao c\u1ea5p, c\u00f3 th\u1ec3 b\u1ea3o v\u1ec7 s\u01a1n xe trong nhi\u1ec1u n\u0103m m\u00e0 kh\u00f4ng bong tr\u00f3c hay \u1ed1 v\u00e0ng.<\/p>\n<p style=\"text-align: justify;\">&#8211; Gi\u1eef m\u00e0u s\u01a1n zin nh\u01b0 m\u1edbi: PPF 3M trong su\u1ed1t, kh\u00f4ng l\u00e0m thay \u0111\u1ed5i m\u00e0u s\u1eafc, \u0111\u1ed9 b\u00f3ng c\u1ee7a l\u1edbp s\u01a1n g\u1ed1c.<\/p>\n<p style=\"text-align: justify;\">&#8211; D\u1ec5 d\u00e0ng v\u1ec7 sinh &amp; b\u1ea3o d\u01b0\u1ee1ng: H\u1ea1n ch\u1ebf b\u00e1m b\u1ee5i b\u1ea9n v\u00e0 n\u01b0\u1edbc m\u01b0a, gi\u00fap xe lu\u00f4n s\u1ea1ch \u0111\u1eb9p.<\/p>\n<figure id=\"attachment_11129\" aria-describedby=\"caption-attachment-11129\" style=\"width: 900px\" class=\"wp-caption aligncenter\"><img loading=\"lazy\" decoding=\"async\" class=\"size-full wp-image-11129\" src=\"https:\/\/achisonsafety.com.vn\/wp-content\/uploads\/2025\/09\/ppf-3m-mang-bao-ve-son-xe-cao-cap-2.jpg\" alt=\"\" width=\"900\" height=\"636\" title=\"\" srcset=\"https:\/\/achisonsafety.com.vn\/wp-content\/uploads\/2025\/09\/ppf-3m-mang-bao-ve-son-xe-cao-cap-2.jpg 900w, https:\/\/achisonsafety.com.vn\/wp-content\/uploads\/2025\/09\/ppf-3m-mang-bao-ve-son-xe-cao-cap-2-566x400.jpg 566w, https:\/\/achisonsafety.com.vn\/wp-content\/uploads\/2025\/09\/ppf-3m-mang-bao-ve-son-xe-cao-cap-2-768x543.jpg 768w, https:\/\/achisonsafety.com.vn\/wp-content\/uploads\/2025\/09\/ppf-3m-mang-bao-ve-son-xe-cao-cap-2-42x30.jpg 42w, https:\/\/achisonsafety.com.vn\/wp-content\/uploads\/2025\/09\/ppf-3m-mang-bao-ve-son-xe-cao-cap-2-85x60.jpg 85w, https:\/\/achisonsafety.com.vn\/wp-content\/uploads\/2025\/09\/ppf-3m-mang-bao-ve-son-xe-cao-cap-2-510x360.jpg 510w\" sizes=\"(max-width: 900px) 100vw, 900px\" \/><figcaption id=\"caption-attachment-11129\" class=\"wp-caption-text\">Phim PPF 3M gi\u00fap b\u1ea3o v\u1ec7 s\u01a1n xe hi\u1ec7u qu\u1ea3<\/figcaption><\/figure>\n<h2 style=\"text-align: justify;\"><strong>C\u00e1c d\u00f2ng PPF 3M t\u1ed1t nh\u1ea5t hi\u1ec7n nay<\/strong><\/h2>\n<p style=\"text-align: justify;\">T\u00f9y theo nhu c\u1ea7u, 3M cung c\u1ea5p nhi\u1ec1u ph\u01b0\u01a1ng \u00e1n s\u1ea3n ph\u1ea9m cho b\u1ea1n l\u1ef1a ch\u1ecdn:<\/p>\n<p style=\"text-align: justify;\">PPF Gloss Series (50, 100, 150, 200 Gloss): \u0110\u1ed9 d\u00e0y t\u1eeb 7\u20138 mil, mang l\u1ea1i \u0111\u1ed9 b\u1ea3o v\u1ec7 cao, \u0111\u1eb7c bi\u1ec7t v\u1edbi c\u00e1c v\u1ecb tr\u00ed d\u1ec5 b\u1ecb va ch\u1ea1m nh\u01b0 c\u1ea3n tr\u01b0\u1edbc, capo, g\u01b0\u01a1ng chi\u1ebfu h\u1eadu.<\/p>\n<figure id=\"attachment_11134\" aria-describedby=\"caption-attachment-11134\" style=\"width: 900px\" class=\"wp-caption aligncenter\"><img loading=\"lazy\" decoding=\"async\" class=\"size-full wp-image-11134\" src=\"https:\/\/achisonsafety.com.vn\/wp-content\/uploads\/2025\/09\/ppf-3m-mang-bao-ve-son-xe-cao-cap-3.jpg\" alt=\"\" width=\"900\" height=\"900\" title=\"\" srcset=\"https:\/\/achisonsafety.com.vn\/wp-content\/uploads\/2025\/09\/ppf-3m-mang-bao-ve-son-xe-cao-cap-3.jpg 900w, https:\/\/achisonsafety.com.vn\/wp-content\/uploads\/2025\/09\/ppf-3m-mang-bao-ve-son-xe-cao-cap-3-400x400.jpg 400w, https:\/\/achisonsafety.com.vn\/wp-content\/uploads\/2025\/09\/ppf-3m-mang-bao-ve-son-xe-cao-cap-3-800x800.jpg 800w, https:\/\/achisonsafety.com.vn\/wp-content\/uploads\/2025\/09\/ppf-3m-mang-bao-ve-son-xe-cao-cap-3-280x280.jpg 280w, https:\/\/achisonsafety.com.vn\/wp-content\/uploads\/2025\/09\/ppf-3m-mang-bao-ve-son-xe-cao-cap-3-768x768.jpg 768w, https:\/\/achisonsafety.com.vn\/wp-content\/uploads\/2025\/09\/ppf-3m-mang-bao-ve-son-xe-cao-cap-3-30x30.jpg 30w, https:\/\/achisonsafety.com.vn\/wp-content\/uploads\/2025\/09\/ppf-3m-mang-bao-ve-son-xe-cao-cap-3-60x60.jpg 60w, https:\/\/achisonsafety.com.vn\/wp-content\/uploads\/2025\/09\/ppf-3m-mang-bao-ve-son-xe-cao-cap-3-247x247.jpg 247w, https:\/\/achisonsafety.com.vn\/wp-content\/uploads\/2025\/09\/ppf-3m-mang-bao-ve-son-xe-cao-cap-3-510x510.jpg 510w, https:\/\/achisonsafety.com.vn\/wp-content\/uploads\/2025\/09\/ppf-3m-mang-bao-ve-son-xe-cao-cap-3-100x100.jpg 100w\" sizes=\"(max-width: 900px) 100vw, 900px\" \/><figcaption id=\"caption-attachment-11134\" class=\"wp-caption-text\">Th\u00f4ng s\u1ed1 k\u1ef9 thu\u1eadt c\u00e1c d\u00f2ng PPF 3M<\/figcaption><\/figure>\n<p style=\"text-align: justify;\">Phim PPF 3M \u2013 gi\u1ea3i ph\u00e1p ho\u00e0n h\u1ea3o \u0111\u1ec3 b\u1ea3o v\u1ec7 s\u01a1n xe, gi\u1eef gi\u00e1 tr\u1ecb v\u00e0 phong c\u00e1ch theo th\u1eddi gian.<\/p>\n<p style=\"text-align: justify;\">N\u1ebfu b\u1ea1n mu\u1ed1n \u0111\u01b0\u1ee3c t\u01b0 v\u1ea5n hay \u0111\u1eb7t mua s\u1ea3n ph\u1ea9m n\u00e0y th\u00ec h\u00e3y li\u00ean h\u1ec7 v\u1edbi <a href=\"https:\/\/achisonsafety.com.vn\" target=\"_blank\" rel=\"noopener\">Achison<\/a> \u0111\u1ec3 \u0111\u01b0\u1ee3c h\u1ed7 tr\u1ee3 ngay nh\u00e9.<\/p>\n<p style=\"text-align: justify;\">&gt;&gt;&gt; S\u1ea3n ph\u1ea9m li\u00ean quan: <a href=\"https:\/\/achisonsafety.com.vn\/san-pham\/phim-cach-nhiet-3m\" target=\"_blank\" rel=\"noopener\">Phim C\u00e1ch Nhi\u1ec7t 3M<\/a><\/p>\n","protected":false},"excerpt":{"rendered":"<p style=\"text-align: justify;\">&#8211; Ch\u1ed1ng tr\u1ea7y x\u01b0\u1edbc, \u0111\u00e1 v\u0103ng, c\u00f4n tr\u00f9ng, nh\u1ef1a c\u00e2y, ph\u00e2n chim v\u00e0 c\u00e1c t\u00e1c \u0111\u1ed9ng t\u1eeb m\u00f4i tr\u01b0\u1eddng.<\/p>\n<p style=\"text-align: justify;\">&#8211; V\u1edbi l\u1edbp ph\u1ee7 th\u00f4ng minh, c\u00e1c v\u1ebft x\u01b0\u1edbc nh\u1eb9 c\u00f3 th\u1ec3 t\u1ef1 bi\u1ebfn m\u1ea5t d\u01b0\u1edbi t\u00e1c \u0111\u1ed9ng c\u1ee7a nhi\u1ec7t \u0111\u1ed9 m\u00f4i tr\u01b0\u1eddng ho\u1eb7c khi r\u1eeda xe b\u1eb1ng n\u01b0\u1edbc n\u00f3ng.<\/p>\n<p style=\"text-align: justify;\">&#8211; \u0110\u1ed9 b\u1ec1n cao, c\u00f3 th\u1ec3 b\u1ea3o v\u1ec7 s\u01a1n xe trong nhi\u1ec1u n\u0103m m\u00e0 kh\u00f4ng bong tr\u00f3c hay \u1ed1 v\u00e0ng.<\/p>\n","protected":false},"featured_media":11127,"comment_status":"open","ping_status":"closed","template":"","meta":[],"product_cat":[1008],"product_tag":[1007,1006,1005],"class_list":{"0":"post-11126","1":"product","2":"type-product","3":"status-publish","4":"has-post-thumbnail","6":"product_cat-giai-phap-cham-soc-o-to","7":"product_tag-mang-bao-ve-son-xe","8":"product_tag-phim-ppf-3m","9":"product_tag-ppf-3m","10":"yith_product_brand-3m","12":"first","13":"instock","14":"featured","15":"shipping-taxable","16":"product-type-simple"},"acf":[],"_links":{"self":[{"href":"https:\/\/achisonsafety.com.vn\/en\/wp-json\/wp\/v2\/product\/11126"}],"collection":[{"href":"https:\/\/achisonsafety.com.vn\/en\/wp-json\/wp\/v2\/product"}],"about":[{"href":"https:\/\/achisonsafety.com.vn\/en\/wp-json\/wp\/v2\/types\/product"}],"replies":[{"embeddable":true,"href":"https:\/\/achisonsafety.com.vn\/en\/wp-json\/wp\/v2\/comments?post=11126"}],"wp:featuredmedia":[{"embeddable":true,"href":"https:\/\/achisonsafety.com.vn\/en\/wp-json\/wp\/v2\/media\/11127"}],"wp:attachment":[{"href":"https:\/\/achisonsafety.com.vn\/en\/wp-json\/wp\/v2\/media?parent=11126"}],"wp:term":[{"taxonomy":"product_cat","embeddable":true,"href":"https:\/\/achisonsafety.com.vn\/en\/wp-json\/wp\/v2\/product_cat?post=11126"},{"taxonomy":"product_tag","embeddable":true,"href":"https:\/\/achisonsafety.com.vn\/en\/wp-json\/wp\/v2\/product_tag?post=11126"}],"curies":[{"name":"wp","href":"https:\/\/api.w.org\/{rel}","templated":true}]}}