{"id":1119,"date":"2022-04-26T12:35:15","date_gmt":"2022-04-26T05:35:15","guid":{"rendered":"https:\/\/beta.achisonsafety.com.vn\/?post_type=product&#038;p=1119"},"modified":"2025-09-19T11:20:31","modified_gmt":"2025-09-19T04:20:31","slug":"non-bao-ho-3m-h702r-vang-khong-lo-thoang-khi","status":"publish","type":"product","link":"https:\/\/achisonsafety.com.vn\/en\/san-pham\/non-bao-ho-3m-h702r-vang-khong-lo-thoang-khi\/","title":{"rendered":"N\u00f3n B\u1ea3o H\u1ed9 3M H702R V\u00e0ng \u2013 Kh\u00f4ng L\u1ed7 Tho\u00e1ng Kh\u00ed"},"content":{"rendered":"<p style=\"text-align: justify;\"><a href=\"https:\/\/achisonsafety.com.vn\/san-pham\/non-bao-ho-3m-h702r-vang-khong-lo-thoang-khi\/\" target=\"_blank\" rel=\"noopener\"><span style=\"font-size: 100%;\"><span style=\"color: #000080;\">N\u00f3n b\u1ea3o h\u1ed9 3M H702R <\/span><\/span><\/a>\u0111\u01b0\u1ee3c thi\u1ebft k\u1ebf v\u1edbi d\u1ea1ng h\u00ecnh c\u1ea7u, \u00f4m s\u00e1t \u0111\u1ea7u k\u00e8m l\u1ed3ng n\u00f3n 4 ch\u1ea5u ch\u1eafc ch\u1eafn, <span style=\"font-size: 100%;\"> b\u1ea3o v\u1ec7 \u0111\u1ea7u kh\u1ecfi c\u00e1c v\u1eadt s\u1eaft nh\u1ecdn v\u00e0 c\u00e1c v\u1eadt c\u1ee9ng khi r\u01a1i v\u00e0o \u0111\u1ea7u.<\/span><\/p>\n<h2 style=\"text-align: justify;\"><strong>M\u00f4 t\u1ea3 s\u1ea3n ph\u1ea9m n\u00f3n b\u1ea3o h\u1ed9 3M H702R<\/strong><\/h2>\n<p style=\"text-align: justify;\">L\u1ed3ng n\u00f3n \u0111\u01b0\u1ee3c thi\u1ebft k\u1ebf v\u1edbi b\u1ed9 ph\u1eadn gi\u1ea3m ch\u1ea5n, gi\u00fap gi\u1ea3m thi\u1ec3u \u0111\u01b0\u1ee3c s\u1ef1 va \u0111\u1eadp khi c\u00f3 s\u1ef1 c\u1ed1 x\u1ea3y ra. N\u00fam v\u1eb7n ph\u00eda sau l\u1ed3ng n\u00f3n gi\u00fap \u0111i\u1ec1u ch\u1ec9nh \u0111\u1ed9 r\u1ed9ng, h\u1eb9p ph\u00f9 h\u1ee3p v\u1edbi m\u1ecdi k\u00edch c\u1ee1 \u0111\u1ea7u.<\/p>\n<p style=\"text-align: justify;\">T\u1ea5m th\u1ea5m m\u1ed3 h\u00f4i ngay tr\u00e1n l\u00e0m t\u1eeb v\u1eadt li\u1ec7u ch\u00e1y ch\u1eadm.<\/p>\n<p style=\"text-align: justify;\">N\u00f3n b\u1ea3o h\u1ed9 3M H701R s\u1eed d\u1ee5ng k\u00e8m d\u00e2y quai n\u00f3n 3M 1990 ho\u1eb7c d\u00e2y quai n\u00f3n 3M X24.<\/p>\n<h2 style=\"text-align: justify;\"><strong>C\u00f4ng d\u1ee5ng c\u1ee7a n\u00f3n b\u1ea3o h\u1ed9 3M H702R<\/strong><\/h2>\n<p style=\"text-align: justify;\">S\u1ea3n ph\u1ea9m gi\u00fap b\u1ea3o v\u1ec7 v\u00f9ng \u0111\u1ea7u trong m\u00f4i tr\u01b0\u1eddng l\u00e0m vi\u1ec7c c\u00f4ng nghi\u1ec7p, nh\u00e0 m\u00e1y, c\u00f4ng tr\u00ecnh,&#8230;<\/p>\n<p style=\"text-align: justify;\">B\u1ea3o v\u1ec7 ng\u01b0\u1eddi s\u1eed d\u1ee5ng trong m\u00f4i tr\u01b0\u1eddng \u0111i\u1ec7n t\u1ed1i \u0111a 20.000V trong 3 ph\u00fat \u0111\u1ed1i v\u1edbi n\u00f3n kh\u00f4ng l\u1ed7 tho\u00e1ng kh\u00ed<\/p>\n<p style=\"text-align: justify;\">Truy\u1ec1n l\u1ef1c t\u1ed1i \u0111a 3780N<\/p>\n<h2 style=\"text-align: justify;\"><strong>\u1ee8ng d\u1ee5ng c\u1ee7a n\u00f3n b\u1ea3o h\u1ed9 3M<\/strong><\/h2>\n<p style=\"text-align: justify;\">S\u1ea3n ph\u1ea9m <a href=\"https:\/\/achisonsafety.com.vn\/non-bao-ho\" target=\"_blank\" rel=\"noopener\">n\u00f3n b\u1ea3o h\u1ed9<\/a> \u0111\u01b0\u1ee3c s\u1eed d\u1ee5ng r\u1ed9ng r\u00e3i v\u00e0 ph\u1ed5 bi\u1ebfn trong \u0111\u1eddi s\u1ed1ng cong nghi\u1ec7p: D\u1ea7u kh\u00ed, x\u00e2y d\u1ef1ng, \u0111\u00f3ng t\u00e0u, c\u1ea3ng \u2013 \u00f4 t\u00f4, xe m\u00e1y, nh\u1ef1a, g\u1ed7, kim lo\u1ea1i, xi m\u0103ng, h\u00f3a ch\u1ea5t, ph\u00e2n b\u00f3n\u2026<\/p>\n<p style=\"text-align: justify;\"><img loading=\"lazy\" decoding=\"async\" class=\"size-medium wp-image-1120 aligncenter\" src=\"https:\/\/achisonsafety.com.vn\/wp-content\/uploads\/2022\/04\/IMG_0232-400x400.jpg\" alt=\"N\u00f3n b\u1ea3o h\u1ed9 3M H702R\" width=\"400\" height=\"400\" title=\"\" srcset=\"https:\/\/achisonsafety.com.vn\/wp-content\/uploads\/2022\/04\/IMG_0232-400x400.jpg 400w, https:\/\/achisonsafety.com.vn\/wp-content\/uploads\/2022\/04\/IMG_0232-280x280.jpg 280w, https:\/\/achisonsafety.com.vn\/wp-content\/uploads\/2022\/04\/IMG_0232-30x30.jpg 30w, https:\/\/achisonsafety.com.vn\/wp-content\/uploads\/2022\/04\/IMG_0232-60x60.jpg 60w, https:\/\/achisonsafety.com.vn\/wp-content\/uploads\/2022\/04\/IMG_0232-247x247.jpg 247w, https:\/\/achisonsafety.com.vn\/wp-content\/uploads\/2022\/04\/IMG_0232-510x510.jpg 510w, https:\/\/achisonsafety.com.vn\/wp-content\/uploads\/2022\/04\/IMG_0232-100x100.jpg 100w, https:\/\/achisonsafety.com.vn\/wp-content\/uploads\/2022\/04\/IMG_0232.jpg 600w\" sizes=\"(max-width: 400px) 100vw, 400px\" \/><\/p>\n<p style=\"text-align: justify;\"><span style=\"color: #333333;\"><strong>H\u01b0\u1edbng d\u1eabn c\u00e1ch l\u1eafp l\u1ed3ng n\u00f3n 3M H700RS4 v\u00e0 d\u00e2y quai n\u00f3n 3M 1990 v\u00e0o n\u00f3n b\u1ea3o h\u1ed9 3M H702R<\/strong><\/span><\/p>\n<p style=\"text-align: justify;\"><strong>B\u01b0\u1edbc 1:<\/strong> \u0110\u1eb7t l\u1ed3ng n\u00f3n v\u00e0o b\u00ean trong n\u00f3n sao cho mi\u1ebfng l\u00f3t \u0111\u1eb7t ph\u00ed tr\u01b0\u1edbc v\u00e0 ph\u1ea7n n\u00fam v\u1eb7n \u0111\u1eb7t ph\u00eda sau.<\/p>\n<p style=\"text-align: justify;\"><strong>B\u01b0\u1edbc 2:<\/strong> B\u1ebb g\u1eadp ph\u1ea7n ch\u1ea5u c\u00e0i tr\u00ean l\u1ed3ng n\u00f3n v\u00e0 g\u1eafn v\u00e0o c\u00e1c kh\u1edbp tr\u00ean n\u00f3n, g\u1eafn t\u01b0\u01a1ng t\u1ef1 cho 3 ch\u1ea5u c\u00f2n l\u1ea1i.<\/p>\n<p style=\"text-align: justify;\"><strong>B\u01b0\u1edbc 3:<\/strong> M\u00f3c 2 \u0111\u1ea7u c\u1ee7a d\u00e2y quai n\u00f3n v\u00e0o 2 l\u1ed7 tr\u00f2n \u1edf 2 b\u00ean h\u00f4ng c\u1ee7a n\u00f3n. L\u01b0u \u00fd, m\u00f3c t\u1eeb ngo\u00e0i v\u00e0o trong \u0111\u1ec3 kh\u00f4ng b\u1ecb ng\u01b0\u1ee3c chi\u1ec1u c\u1ee7a d\u00e2y quai n\u00f3n.<\/p>\n<p style=\"text-align: justify;\"><strong>B\u01b0\u1edbc 4:<\/strong> \u0110\u1ed9i th\u1eed n\u00f3n, \u0111i\u1ec1u ch\u1ec9nh n\u00fam v\u1eb7n ph\u00eda sau \u0111\u1ea7u v\u00e0 d\u00e2y quai n\u00f3n cho v\u1eeba v\u1edbi \u0111\u1ea7u sao cho n\u00f3n kh\u00f4ng b\u1ecb r\u01a1i ra khi cu\u1ed1i xu\u1ed1ng, n\u00f3n kh\u00f4ng qu\u00e1 l\u1ecfng ho\u1eb7c qu\u00e1 ch\u1eadt, \u0111\u1ea3m b\u1ea3o s\u1ef1 tho\u1ea3i m\u00e1i khi l\u00e0m vi\u1ec7c.<\/p>\n<p style=\"text-align: justify;\"><span style=\"color: #282828;\"><strong>C\u00e1ch v\u1ec7 sinh n\u00f3n b\u1ea3o h\u1ed9 3M<\/strong><\/span><\/p>\n<p style=\"text-align: justify;\">D\u00f9ng v\u1ea3i m\u1ec1m \u0111\u1ec3 lau n\u00f3n v\u00e0 kh\u00f4ng d\u00f9ng v\u1ea3i c\u1ee9ng ho\u1eb7c c\u00e1c v\u1eadt d\u1ee5ng c\u1ee9ng nh\u01b0 \u0111\u1ed3 r\u1eeda ch\u00e9n, b\u00e0n ch\u1ea3y \u0111\u1ec3 v\u1ec7 sinh n\u00f3n. Nh\u01b0 v\u1eady s\u1ebd l\u00e0m tr\u1ea7y x\u01b0\u1edbc n\u00f3n, m\u1ea5t th\u1ea9m m\u1ef9 c\u1ee7a n\u00f3n v\u00e0 mau h\u01b0 n\u00f3n h\u01a1n<\/p>\n<p style=\"text-align: justify;\">L\u1ed3ng n\u00f3n v\u00e0 d\u00e2y quai n\u00f3n c\u00f3 th\u1ec3 th\u00e1o r\u1eddi ra \u0111\u1ec3 gi\u1eb7t. Sau \u0111\u00f3 ph\u01a1i \u1edf n\u01a1i kh\u00f4 r\u00e1o, tr\u00e1nh ph\u01a1i n\u00f3n v\u00e0 l\u1ed3ng n\u00f3n \u1edf n\u01a1i c\u00f3 nhi\u1ec7t \u0111\u1ed9 cao v\u00ec s\u1ebd l\u00e0m gi\u1ea3m tu\u1ed5i th\u1ecd c\u1ee7a n\u00f3n<\/p>\n<p style=\"text-align: justify;\">Kh\u00f4ng d\u00f9ng c\u00e1c ch\u1ea5t t\u1ea9y r\u1eeda c\u00f3 t\u00ednh axit m\u1ea1nh \u0111\u1ec3 v\u1ec7 sinh n\u00f3n v\u00ec s\u1ebd l\u00e0m gi\u1ea3m ch\u1ea5t l\u01b0\u1ee3ng n\u00f3n v\u00e0 n\u00f3n d\u1ec5 b\u1ecb h\u01b0 h\u1ecfng h\u01a1n<\/p>\n<p style=\"text-align: justify;\">N\u1ebfu b\u1ea1n \u0111ang quan t\u00e2m v\u00e0 mu\u1ed1n \u0111\u1eb7t mua n\u00f3n b\u1ea3o h\u1ed9 3M H702R th\u00ec h\u00e3y li\u00ean h\u1ec7 v\u1edbi <a href=\"https:\/\/achisonsafety.com.vn\" target=\"_blank\" rel=\"noopener\">Achison<\/a> qua Hotline 0913 820 539 \u0111\u1ec3 \u0111\u01b0\u1ee3c h\u1ed7 tr\u1ee3 ngay nh\u00e9.<\/p>\n","protected":false},"excerpt":{"rendered":"<p><span style=\"color: #000080;\"><strong>N\u00f3n b\u1ea3o h\u1ed9 3M H702R V\u00e0ng<\/strong><\/span><\/p>\n<p>S\u1ea3n xu\u1ea5t theo ti\u00eau chu\u1ea9n ANSI (M\u1ef9)<\/p>\n<p>B\u1ea3o v\u1ec7 \u0111\u1ea7u kh\u1ecfi v\u1eadt c\u1ee9ng, s\u1eaft nh\u1ecdn<\/p>\n<p>B\u1ed9 s\u1ea3n ph\u1ea9m g\u1ed3m: N\u00f3n H702R v\u00e0 l\u1ed3ng n\u00f3n H700RS4, c\u00f3 th\u1ec3 s\u1eed d\u1ee5ng k\u00e8m d\u00e2y quai n\u00f3n 3M 1990\/ X24<\/p>\n","protected":false},"featured_media":1124,"comment_status":"open","ping_status":"closed","template":"","meta":[],"product_cat":[32,97],"product_tag":[991,993,994,990,992,995],"class_list":{"0":"post-1119","1":"product","2":"type-product","3":"status-publish","4":"has-post-thumbnail","6":"product_cat-bao-ve-dau","7":"product_cat-non-bao-ho","8":"product_tag-mu-bao-ho-3m","9":"product_tag-mu-bao-ho-h702r","10":"product_tag-mu-bao-ho-lao-dong","11":"product_tag-non-bao-ho-3m","12":"product_tag-non-bao-ho-3m-h702r-vang","13":"product_tag-non-bao-ho-lao-dong","14":"yith_product_brand-3m","16":"first","17":"instock","18":"shipping-taxable","19":"product-type-simple"},"acf":[],"_links":{"self":[{"href":"https:\/\/achisonsafety.com.vn\/en\/wp-json\/wp\/v2\/product\/1119"}],"collection":[{"href":"https:\/\/achisonsafety.com.vn\/en\/wp-json\/wp\/v2\/product"}],"about":[{"href":"https:\/\/achisonsafety.com.vn\/en\/wp-json\/wp\/v2\/types\/product"}],"replies":[{"embeddable":true,"href":"https:\/\/achisonsafety.com.vn\/en\/wp-json\/wp\/v2\/comments?post=1119"}],"wp:featuredmedia":[{"embeddable":true,"href":"https:\/\/achisonsafety.com.vn\/en\/wp-json\/wp\/v2\/media\/1124"}],"wp:attachment":[{"href":"https:\/\/achisonsafety.com.vn\/en\/wp-json\/wp\/v2\/media?parent=1119"}],"wp:term":[{"taxonomy":"product_cat","embeddable":true,"href":"https:\/\/achisonsafety.com.vn\/en\/wp-json\/wp\/v2\/product_cat?post=1119"},{"taxonomy":"product_tag","embeddable":true,"href":"https:\/\/achisonsafety.com.vn\/en\/wp-json\/wp\/v2\/product_tag?post=1119"}],"curies":[{"name":"wp","href":"https:\/\/api.w.org\/{rel}","templated":true}]}}