{"id":1134,"date":"2022-04-26T13:03:15","date_gmt":"2022-04-26T06:03:15","guid":{"rendered":"https:\/\/beta.achisonsafety.com.vn\/?post_type=product&#038;p=1134"},"modified":"2025-09-17T16:55:03","modified_gmt":"2025-09-17T09:55:03","slug":"non-bao-ho-3m-h703r-xanh-duong-khong-lo-thoang-khi","status":"publish","type":"product","link":"https:\/\/achisonsafety.com.vn\/en\/san-pham\/non-bao-ho-3m-h703r-xanh-duong-khong-lo-thoang-khi\/","title":{"rendered":"N\u00f3n b\u1ea3o h\u1ed9 3M H703R Xanh d\u01b0\u01a1ng &#8211; kh\u00f4ng l\u1ed7 tho\u00e1ng kh\u00ed"},"content":{"rendered":"<p><span style=\"color: #000080;\"><a href=\"https:\/\/achisonsafety.com.vn\/danh-muc-san-pham\/bao-ho-lao-dong\/non-bao-ho\/non\/\">N\u00f3n b\u1ea3o h\u1ed9<\/a> 3M H703R<\/span> b\u1ea3o v\u1ec7 \u0111\u1ea7u kh\u1ecfi c\u00e1c v\u1eadt s\u1eaft nh\u1ecdn v\u00e0 c\u00e1c v\u1eadt c\u1ee9ng khi r\u01a1i v\u00e0o \u0111\u1ea7u<\/p>\n<p><span style=\"color: #000080;\"><strong>Th\u01b0\u01a1ng hi\u1ec7u:<\/strong> <\/span>3M<\/p>\n<p><span style=\"color: #000080;\"><strong>M\u00e3 s\u1ea3n ph\u1ea9m:<\/strong><\/span> H703R<\/p>\n<p><span style=\"color: #000080;\"><strong>M\u00e0u s\u1eafc: <\/strong><\/span>Xanh D\u01b0\u01a1ng<\/p>\n<p><span style=\"color: #000080;\"><strong>M\u00e0u Siries:<\/strong><\/span> H703R (Xanh D\u01b0\u01a1ng) thu\u1ed9c Siries H700R (kh\u00f4ng l\u1ed7 tho\u00e1ng kh\u00ed)<\/p>\n<p><strong><span style=\"color: #000080;\">Ti\u00eau chu\u1ea9n:<\/span><\/strong> ANSI\/SEA Z89.1-2009 Type 1, Class C, G v\u00e0 E<\/p>\n<p><strong><span style=\"color: #000080;\">C\u1ea5p \u0111\u1ed9:\u00a0<\/span><\/strong>Class C(c\u00e1ch nhi\u1ec7t), G (B\u00ecnh th\u01b0\u1eddng) v\u00e0 E (c\u00e1ch \u0111i\u1ec7n)<\/p>\n<p><span style=\"color: #000080;\"><strong>Ch\u1ea5t li\u1ec7u:<\/strong> <\/span>HDPE &#8211; High Density Polyethylene<\/p>\n<p><span style=\"color: #000080;\"><strong>B\u1ed9 s\u1ea3n ph\u1ea9m g\u1ed3m:<\/strong><\/span> 1 n\u00f3n 3M H703R + 1 l\u1ed3ng n\u00f3n 3M H700RS4<\/p>\n<p><span style=\"color: #000080;\"><strong>Tr\u1ecdng L\u01b0\u1ee3ng:<\/strong>\u00a0<\/span>12.7 Ounce<\/p>\n<p><strong><span style=\"color: #000080;\">Quy c\u00e1ch:<\/span><\/strong> 20 c\u00e1i\/ th\u00f9ng<\/p>\n<p style=\"text-align: left;\"><span style=\"color: #000080;\"><strong><span style=\"font-size: 14.4px;\">M\u00f4 t\u1ea3:<\/span><\/strong><\/span><\/p>\n<p>N\u00f3n b\u1ea3o h\u1ed9 3M H703R \u0111\u01b0\u1ee3c thi\u1ebft k\u1ebf v\u1edbi d\u1ea1ng h\u00ecnh c\u1ea7u, \u00f4m s\u00e1t \u0111\u1ea7u k\u00e8m l\u1ed3ng n\u00f3n 4 ch\u1ea5u ch\u1eafc ch\u1eafn.<\/p>\n<p>L\u1ed3ng n\u00f3n \u0111\u01b0\u1ee3c thi\u1ebft k\u1ebf v\u1edbi b\u1ed9 ph\u1eadn gi\u1ea3m ch\u1ea5n, gi\u00fap gi\u1ea3m thi\u1ec3u \u0111\u01b0\u1ee3c s\u1ef1 va \u0111\u1eadp khi c\u00f3 s\u1ef1 c\u1ed1 x\u1ea3y ra. N\u00fam v\u1eb7n ph\u00eda sau l\u1ed3ng n\u00f3n gi\u00fap \u0111i\u1ec1u ch\u1ec9nh \u0111\u1ed9 r\u1ed9ng, h\u1eb9p ph\u00f9 h\u1ee3p v\u1edbi m\u1ecdi k\u00edch c\u1ee1 \u0111\u1ea7u<\/p>\n<p>T\u1ea5m th\u1ea5m m\u1ed3 h\u00f4i ngay tr\u00e1n l\u00e0m t\u1eeb v\u1eadt li\u1ec7u ch\u00e1y ch\u1eadm<\/p>\n<p>S\u1eed d\u1ee5ng k\u00e8m d\u00e2y quai n\u00f3n 3M 1990 ho\u1eb7c d\u00e2y quai n\u00f3n 3M X24<\/p>\n<p><span style=\"color: #000080;\"><strong>C\u00f4ng d\u1ee5ng:<\/strong><\/span><\/p>\n<p>B\u1ea3o v\u1ec7 \u0111\u1ea7u trong m\u00f4i tr\u01b0\u1eddng l\u00e0m vi\u1ec7c c\u00f4ng nghi\u1ec7p, nh\u00e0 m\u00e1y, c\u00f4ng tr\u00ecnh,&#8230;<\/p>\n<p>B\u1ea3o v\u1ec7 ng\u01b0\u1eddi s\u1eed d\u1ee5ng trong m\u00f4i tr\u01b0\u1eddng \u0111i\u1ec7n t\u1ed1i \u0111a 20.000V trong 3 ph\u00fat \u0111\u1ed1i v\u1edbi n\u00f3n kh\u00f4ng l\u1ed7 tho\u00e1ng kh\u00ed<\/p>\n<p>Truy\u1ec1n l\u1ef1c t\u1ed1i \u0111a 3780N<\/p>\n<p><span style=\"color: #000080;\"><strong>\u1ee8ng d\u1ee5ng:<\/strong>\u00a0<\/span>D\u1ea7u kh\u00ed, x\u00e2y d\u1ef1ng, \u0111\u00f3ng t\u00e0u, c\u1ea3ng \u2013 \u00f4 t\u00f4, xe m\u00e1y, nh\u1ef1a, g\u1ed7, kim lo\u1ea1i, xi m\u0103ng, h\u00f3a ch\u1ea5t, ph\u00e2n b\u00f3n\u2026<\/p>\n<p><img loading=\"lazy\" decoding=\"async\" class=\"size-medium wp-image-1137 aligncenter\" src=\"https:\/\/achisonsafety.com.vn\/wp-content\/uploads\/2022\/04\/IMG_2591-400x400.jpg\" alt=\"N\u00f3n b\u1ea3o h\u1ed9 3M H703R\" width=\"400\" height=\"400\" title=\"\" srcset=\"https:\/\/achisonsafety.com.vn\/wp-content\/uploads\/2022\/04\/IMG_2591-400x400.jpg 400w, https:\/\/achisonsafety.com.vn\/wp-content\/uploads\/2022\/04\/IMG_2591-280x280.jpg 280w, https:\/\/achisonsafety.com.vn\/wp-content\/uploads\/2022\/04\/IMG_2591-30x30.jpg 30w, https:\/\/achisonsafety.com.vn\/wp-content\/uploads\/2022\/04\/IMG_2591-60x60.jpg 60w, https:\/\/achisonsafety.com.vn\/wp-content\/uploads\/2022\/04\/IMG_2591-247x247.jpg 247w, https:\/\/achisonsafety.com.vn\/wp-content\/uploads\/2022\/04\/IMG_2591-510x510.jpg 510w, https:\/\/achisonsafety.com.vn\/wp-content\/uploads\/2022\/04\/IMG_2591-100x100.jpg 100w, https:\/\/achisonsafety.com.vn\/wp-content\/uploads\/2022\/04\/IMG_2591.jpg 600w\" sizes=\"(max-width: 400px) 100vw, 400px\" \/><\/p>\n","protected":false},"excerpt":{"rendered":"<p><span style=\"color: #000080;\"><strong>N\u00f3n b\u1ea3o h\u1ed9 3M H703R Xanh D\u01b0\u01a1ng<\/strong><\/span><\/p>\n<p>S\u1ea3n xu\u1ea5t theo ti\u00eau chu\u1ea9n ANSI (M\u1ef9)<\/p>\n<p>B\u1ea3o v\u1ec7 \u0111\u1ea7u kh\u1ecfi v\u1eadt c\u1ee9ng, s\u1eaft nh\u1ecdn<\/p>\n<p>B\u1ed9 s\u1ea3n ph\u1ea9m g\u1ed3m: N\u00f3n H703R v\u00e0 l\u1ed3ng n\u00f3n H700RS4, c\u00f3 th\u1ec3 s\u1eed d\u1ee5ng k\u00e8m d\u00e2y quai n\u00f3n 3M 1990\/ X24<\/p>\n","protected":false},"featured_media":1139,"comment_status":"open","ping_status":"closed","template":"","meta":[],"product_cat":[32,97],"product_tag":[188,184,338,189],"class_list":{"0":"post-1134","1":"product","2":"type-product","3":"status-publish","4":"has-post-thumbnail","6":"product_cat-bao-ve-dau","7":"product_cat-non-bao-ho","8":"product_tag-nganh-dau-khi-khai-khoang-dong-tau-cang-bien-hang-khong","9":"product_tag-nganh-gia-cong-kim-loai","10":"product_tag-nganh-khai-thac-va-che-bien-go-noi-that","11":"product_tag-nganh-xay-dung-logistic-hoa-chat","12":"yith_product_brand-3m","14":"first","15":"instock","16":"shipping-taxable","17":"product-type-simple"},"acf":[],"_links":{"self":[{"href":"https:\/\/achisonsafety.com.vn\/en\/wp-json\/wp\/v2\/product\/1134"}],"collection":[{"href":"https:\/\/achisonsafety.com.vn\/en\/wp-json\/wp\/v2\/product"}],"about":[{"href":"https:\/\/achisonsafety.com.vn\/en\/wp-json\/wp\/v2\/types\/product"}],"replies":[{"embeddable":true,"href":"https:\/\/achisonsafety.com.vn\/en\/wp-json\/wp\/v2\/comments?post=1134"}],"wp:featuredmedia":[{"embeddable":true,"href":"https:\/\/achisonsafety.com.vn\/en\/wp-json\/wp\/v2\/media\/1139"}],"wp:attachment":[{"href":"https:\/\/achisonsafety.com.vn\/en\/wp-json\/wp\/v2\/media?parent=1134"}],"wp:term":[{"taxonomy":"product_cat","embeddable":true,"href":"https:\/\/achisonsafety.com.vn\/en\/wp-json\/wp\/v2\/product_cat?post=1134"},{"taxonomy":"product_tag","embeddable":true,"href":"https:\/\/achisonsafety.com.vn\/en\/wp-json\/wp\/v2\/product_tag?post=1134"}],"curies":[{"name":"wp","href":"https:\/\/api.w.org\/{rel}","templated":true}]}}