{"id":11574,"date":"2025-11-27T11:11:52","date_gmt":"2025-11-27T04:11:52","guid":{"rendered":"https:\/\/achisonsafety.com.vn\/?post_type=product&#038;p=11574"},"modified":"2026-03-04T13:47:41","modified_gmt":"2026-03-04T06:47:41","slug":"yem-khoa-nhom-co-nhan-brady-22075-r","status":"publish","type":"product","link":"https:\/\/achisonsafety.com.vn\/en\/san-pham\/yem-khoa-nhom-co-nhan-brady-22075-r\/","title":{"rendered":"Y\u1ebfm Kh\u00f3a Nh\u00f3m C\u00f3 Nh\u00e3n BRADY 22075-R\u00a0"},"content":{"rendered":"<h2 style=\"text-align: center;\"><strong>Gi\u1ea3i Ph\u00e1p Lockout\/Tagout <\/strong><strong>An To\u00e0n V\u00e0 <\/strong><strong>Chuy\u00ean Nghi\u1ec7p<\/strong><\/h2>\n<p style=\"text-align: justify;\"><a href=\"https:\/\/achisonsafety.com.vn\/san-pham\/yem-khoa-nhom-co-nhan-brady-22075-r\">Y\u1ebfm kh\u00f3a nh\u00f3m c\u00f3 nh\u00e3n BRADY 22075-R<\/a> l\u00e0 thi\u1ebft b\u1ecb Lockout\/Tagout (LOTO) ch\u1ea5t l\u01b0\u1ee3ng cao, c\u00f3 c\u00f4ng d\u1ee5ng gi\u00fap c\u00f4 l\u1eadp ngu\u1ed3n n\u0103ng l\u01b0\u1ee3ng trong b\u1ea3o tr\u00ec, s\u1eeda ch\u1eefa m\u00e1y m\u00f3c, thi\u1ebft b\u1ecb c\u00f4ng nghi\u1ec7p nh\u1eb1m \u0111\u1ea3m b\u1ea3o an to\u00e0n cho nh\u00e2n vi\u00ean \u0111ang tri\u1ec3n khai b\u1ea3o tr\u00ec.<\/p>\n<figure id=\"attachment_11575\" aria-describedby=\"caption-attachment-11575\" style=\"width: 900px\" class=\"wp-caption aligncenter\"><img loading=\"lazy\" decoding=\"async\" class=\"size-full wp-image-11575\" src=\"https:\/\/achisonsafety.com.vn\/wp-content\/uploads\/2025\/11\/yem-khoa-nhom-co-nhan-brady-22075-r-1.jpg\" alt=\"\" width=\"900\" height=\"900\" title=\"\" srcset=\"https:\/\/achisonsafety.com.vn\/wp-content\/uploads\/2025\/11\/yem-khoa-nhom-co-nhan-brady-22075-r-1.jpg 900w, https:\/\/achisonsafety.com.vn\/wp-content\/uploads\/2025\/11\/yem-khoa-nhom-co-nhan-brady-22075-r-1-400x400.jpg 400w, https:\/\/achisonsafety.com.vn\/wp-content\/uploads\/2025\/11\/yem-khoa-nhom-co-nhan-brady-22075-r-1-800x800.jpg 800w, https:\/\/achisonsafety.com.vn\/wp-content\/uploads\/2025\/11\/yem-khoa-nhom-co-nhan-brady-22075-r-1-280x280.jpg 280w, https:\/\/achisonsafety.com.vn\/wp-content\/uploads\/2025\/11\/yem-khoa-nhom-co-nhan-brady-22075-r-1-768x768.jpg 768w, https:\/\/achisonsafety.com.vn\/wp-content\/uploads\/2025\/11\/yem-khoa-nhom-co-nhan-brady-22075-r-1-30x30.jpg 30w, https:\/\/achisonsafety.com.vn\/wp-content\/uploads\/2025\/11\/yem-khoa-nhom-co-nhan-brady-22075-r-1-60x60.jpg 60w, https:\/\/achisonsafety.com.vn\/wp-content\/uploads\/2025\/11\/yem-khoa-nhom-co-nhan-brady-22075-r-1-247x247.jpg 247w, https:\/\/achisonsafety.com.vn\/wp-content\/uploads\/2025\/11\/yem-khoa-nhom-co-nhan-brady-22075-r-1-510x510.jpg 510w, https:\/\/achisonsafety.com.vn\/wp-content\/uploads\/2025\/11\/yem-khoa-nhom-co-nhan-brady-22075-r-1-100x100.jpg 100w\" sizes=\"(max-width: 900px) 100vw, 900px\" \/><figcaption id=\"caption-attachment-11575\" class=\"wp-caption-text\">\u1ea2nh ch\u1ee5p c\u1eadn c\u1ea3nh y\u1ebfm kh\u00f3a nh\u00f3m BRADY 22075-R<\/figcaption><\/figure>\n<h2 style=\"text-align: justify;\"><strong>T\u00ednh n\u0103ng n\u1ed5i b\u1eadt c\u1ee7a y\u1ebfm kh\u00f3a nh\u00f3m Brady 22075-R<\/strong><\/h2>\n<p style=\"text-align: justify;\"><strong>Thi\u1ebft k\u1ebf nhi\u1ec1u l\u1ed7 kh\u00f3a, ph\u00f9 h\u1ee3p l\u00e0m vi\u1ec7c nh\u00f3m<\/strong><\/p>\n<p style=\"text-align: justify;\">Y\u1ebfm kh\u00f3a nh\u00f3m c\u00f3 nh\u00e3n cho ph\u00e9p s\u1eed d\u1ee5ng c\u00f9ng l\u00fac nhi\u1ec1u \u1ed5 kh\u00f3a ri\u00eang l\u1ebb tr\u00ean m\u1ed9t hasp, gi\u00fap m\u1ed7i nh\u00e2n vi\u00ean gi\u1eef \u201cquy\u1ec1n ki\u1ec3m so\u00e1t kh\u00f3a ri\u00eang\u201d, \u0111\u00e1p \u1ee9ng quy tr\u00ecnh kh\u00f3a nh\u00f3m an to\u00e0n.<\/p>\n<p style=\"text-align: justify;\"><strong>Nh\u00e3n ghi th\u00f4ng tin s\u1eb5n, thu\u1eadn ti\u1ec7n v\u00e0 r\u00f5 r\u00e0ng<\/strong><\/p>\n<p style=\"text-align: justify;\">Hasps \u0111\u01b0\u1ee3c g\u1eafn nh\u00e3n c\u1ed1 \u0111\u1ecbnh c\u1ea3 m\u1eb7t tr\u01b0\u1edbc v\u00e0 m\u1eb7t sau, v\u1edbi khu v\u1ef1c \u0111\u1ec3 ghi b\u1eb1ng b\u00fat, b\u00fat ch\u00ec ho\u1eb7c marker. \u0110i\u1ec1u n\u00e0y gi\u00fap b\u1ea1n d\u1ec5 d\u00e0ng ghi \u201cT\u00ean ng\u01b0\u1eddi kh\u00f3a\u201d, \u201cNg\u00e0y\/gi\u1edd kh\u00f3a\u201d, \u201cL\u00fd do\/ghi ch\u00fa\u201d, r\u1ea5t h\u1eefu \u00edch trong qu\u1ea3n l\u00fd, ki\u1ec3m tra, v\u00e0 tu\u00e2n th\u1ee7 quy \u0111\u1ecbnh an to\u00e0n.<\/p>\n<p style=\"text-align: justify;\"><strong>Ch\u1ea5t li\u1ec7u nh\u00f4m cao c\u1ea5p, \u0111\u1ed9 b\u1ec1n cao<\/strong><\/p>\n<p style=\"text-align: justify;\">BRADY \u0111\u00e3 s\u1eed d\u1ee5ng h\u1ee3p kim nh\u00f4m (anodized aluminium alloy) \u0111\u1ec3 thi\u1ebft k\u1ebf, gi\u00fap y\u1ebfm kh\u00f3a b\u1ec1n, ch\u1ed1ng \u0103n m\u00f2n, ph\u00f9 h\u1ee3p s\u1eed d\u1ee5ng l\u00e2u d\u00e0i trong m\u00f4i tr\u01b0\u1eddng c\u00f4ng nghi\u1ec7p.<\/p>\n<p style=\"text-align: justify;\"><strong>D\u1ec5 d\u00e0ng thao t\u00e1c, nhanh v\u00e0 ti\u1ec7n l\u1ee3i<\/strong><\/p>\n<p style=\"text-align: justify;\">V\u1edbi thi\u1ebft k\u1ebf th\u00f4ng minh, y\u1ebfm kh\u00f3a nh\u00f3m BRADY 22075-R gi\u00fap l\u1eafp \u0111\u1eb7t v\u00e0 g\u1ee1 kh\u00f3a d\u1ec5 d\u00e0ng, ph\u00f9 h\u1ee3p cho quy tr\u00ecnh b\u1ea3o tr\u00ec, b\u1ea3o d\u01b0\u1ee1ng, gi\u1ea3m thi\u1ec3u th\u1eddi gian d\u1eebng m\u00e1y, t\u0103ng hi\u1ec7u qu\u1ea3 c\u00f4ng vi\u1ec7c.<\/p>\n<figure id=\"attachment_11577\" aria-describedby=\"caption-attachment-11577\" style=\"width: 900px\" class=\"wp-caption aligncenter\"><img loading=\"lazy\" decoding=\"async\" class=\"size-full wp-image-11577\" src=\"https:\/\/achisonsafety.com.vn\/wp-content\/uploads\/2025\/11\/yem-khoa-nhom-co-nhan-brady-22075-r-2.jpg\" alt=\"\" width=\"900\" height=\"900\" title=\"\" srcset=\"https:\/\/achisonsafety.com.vn\/wp-content\/uploads\/2025\/11\/yem-khoa-nhom-co-nhan-brady-22075-r-2.jpg 900w, https:\/\/achisonsafety.com.vn\/wp-content\/uploads\/2025\/11\/yem-khoa-nhom-co-nhan-brady-22075-r-2-400x400.jpg 400w, https:\/\/achisonsafety.com.vn\/wp-content\/uploads\/2025\/11\/yem-khoa-nhom-co-nhan-brady-22075-r-2-800x800.jpg 800w, https:\/\/achisonsafety.com.vn\/wp-content\/uploads\/2025\/11\/yem-khoa-nhom-co-nhan-brady-22075-r-2-280x280.jpg 280w, https:\/\/achisonsafety.com.vn\/wp-content\/uploads\/2025\/11\/yem-khoa-nhom-co-nhan-brady-22075-r-2-768x768.jpg 768w, https:\/\/achisonsafety.com.vn\/wp-content\/uploads\/2025\/11\/yem-khoa-nhom-co-nhan-brady-22075-r-2-30x30.jpg 30w, https:\/\/achisonsafety.com.vn\/wp-content\/uploads\/2025\/11\/yem-khoa-nhom-co-nhan-brady-22075-r-2-60x60.jpg 60w, https:\/\/achisonsafety.com.vn\/wp-content\/uploads\/2025\/11\/yem-khoa-nhom-co-nhan-brady-22075-r-2-247x247.jpg 247w, https:\/\/achisonsafety.com.vn\/wp-content\/uploads\/2025\/11\/yem-khoa-nhom-co-nhan-brady-22075-r-2-510x510.jpg 510w, https:\/\/achisonsafety.com.vn\/wp-content\/uploads\/2025\/11\/yem-khoa-nhom-co-nhan-brady-22075-r-2-100x100.jpg 100w\" sizes=\"(max-width: 900px) 100vw, 900px\" \/><figcaption id=\"caption-attachment-11577\" class=\"wp-caption-text\">Y\u1ebfm kh\u00f3a nh\u00f3m BRADY 22075-R thi\u1ebft k\u1ebf th\u00f4ng minh<\/figcaption><\/figure>\n<h2 style=\"text-align: justify;\"><strong>Ai n\u00ean s\u1eed d\u1ee5ng s\u1ea3n ph\u1ea9m y\u1ebfm kh\u00f3a nh\u00f3m c\u00f3 nh\u00e3n?<\/strong><\/h2>\n<p style=\"text-align: justify;\">C\u00e1c doanh nghi\u1ec7p, nh\u00e0 m\u00e1y c\u00f3 m\u00e1y m\u00f3c thi\u1ebft b\u1ecb c\u00f4ng nghi\u1ec7p, c\u1ea7n b\u1ea3o tr\u00ec th\u01b0\u1eddng xuy\u00ean, \u0111\u1ea3m b\u1ea3o \u201ckh\u00f3a nh\u00f3m\u201d an to\u00e0n khi c\u00f3 nhi\u1ec1u nh\u00e2n vi\u00ean tham gia.<\/p>\n<p style=\"text-align: justify;\">\u0110\u1ed9i b\u1ea3o tr\u00ec, k\u1ef9 thu\u1eadt, v\u1eadn h\u00e0nh, n\u01a1i c\u1ea7n ki\u1ec3m so\u00e1t r\u00f5 r\u00e0ng ai \u0111ang kh\u00f3a thi\u1ebft b\u1ecb \u0111\u1ec3 tr\u00e1nh tai n\u1ea1n.<\/p>\n<p style=\"text-align: justify;\">C\u00e1c \u0111\u01a1n v\u1ecb th\u1ef1c hi\u1ec7n theo <a href=\"https:\/\/achisonsafety.com.vn\/quy-trinh-lockout-tagout\" target=\"_blank\" rel=\"noopener\">quy tr\u00ecnh LOTO<\/a>\/ATVSL\u0110, c\u1ea7n ch\u1ee9ng minh ghi ch\u00e9p r\u00f5 r\u00e0ng, v\u00ec y\u1ebfm kh\u00f3a c\u00f3 nh\u00e3n ghi r\u00f5 th\u00f4ng tin.<\/p>\n<p style=\"text-align: justify;\">V\u1edbi nhi\u1ec1u t\u00ednh n\u0103ng th\u00f4ng minh v\u00e0 ti\u1ec7n l\u1ee3i, y\u1ebfm kh\u00f3a nh\u00f3m Brady 22075-R s\u1ebd gi\u00fap doanh nghi\u1ec7p x\u00e2y d\u1ef1ng quy tr\u00ecnh LOTO b\u00e0i b\u1ea3n, n\u00e2ng cao v\u0103n h\u00f3a an to\u00e0n, gi\u1ea3m thi\u1ec3u t\u1ed1i \u0111\u00e3 nh\u1eefng nguy c\u01a1 v\u1ec1 tai n\u1ea1n v\u00e0 t\u1ed5n th\u1ea5t c\u00f3 th\u1ec3 x\u1ea3y ra.<\/p>\n<p style=\"text-align: justify;\">N\u1ebfu b\u1ea1n \u0111ang quan t\u00e2m \u0111\u1ebfn s\u1ea3n ph\u1ea9m n\u00e0y th\u00ec h\u00e3y li\u00ean h\u1ec7 v\u1edbi <a href=\"https:\/\/achisonsafety.com.vn\" target=\"_blank\" rel=\"noopener\">Achisonsafety.com.vn<\/a> ngay \u0111\u1ec3 \u0111\u01b0\u1ee3c t\u01b0 v\u1ea5n v\u00e0 nh\u1eadn b\u00e1o gi\u00e1 t\u1ed1t nh\u1ea5t.<\/p>\n<p><em>D\u01b0\u1edbi \u0111\u00e2y l\u00e0 m\u1ed9t s\u1ed1 h\u00ecnh \u1ea3nh v\u1ec1 s\u1ea3n ph\u1ea9m, m\u1eddi b\u1ea1n xem th\u00eam nh\u00e9.<\/em><\/p>\n<p><img loading=\"lazy\" decoding=\"async\" class=\"size-full wp-image-11581 aligncenter\" src=\"https:\/\/achisonsafety.com.vn\/wp-content\/uploads\/2025\/11\/yem-khoa-nhom-co-nhan-brady-22075-r-4.jpg\" alt=\"\" width=\"900\" height=\"900\" title=\"\" srcset=\"https:\/\/achisonsafety.com.vn\/wp-content\/uploads\/2025\/11\/yem-khoa-nhom-co-nhan-brady-22075-r-4.jpg 900w, https:\/\/achisonsafety.com.vn\/wp-content\/uploads\/2025\/11\/yem-khoa-nhom-co-nhan-brady-22075-r-4-400x400.jpg 400w, https:\/\/achisonsafety.com.vn\/wp-content\/uploads\/2025\/11\/yem-khoa-nhom-co-nhan-brady-22075-r-4-800x800.jpg 800w, https:\/\/achisonsafety.com.vn\/wp-content\/uploads\/2025\/11\/yem-khoa-nhom-co-nhan-brady-22075-r-4-280x280.jpg 280w, https:\/\/achisonsafety.com.vn\/wp-content\/uploads\/2025\/11\/yem-khoa-nhom-co-nhan-brady-22075-r-4-768x768.jpg 768w, https:\/\/achisonsafety.com.vn\/wp-content\/uploads\/2025\/11\/yem-khoa-nhom-co-nhan-brady-22075-r-4-30x30.jpg 30w, https:\/\/achisonsafety.com.vn\/wp-content\/uploads\/2025\/11\/yem-khoa-nhom-co-nhan-brady-22075-r-4-60x60.jpg 60w, https:\/\/achisonsafety.com.vn\/wp-content\/uploads\/2025\/11\/yem-khoa-nhom-co-nhan-brady-22075-r-4-247x247.jpg 247w, https:\/\/achisonsafety.com.vn\/wp-content\/uploads\/2025\/11\/yem-khoa-nhom-co-nhan-brady-22075-r-4-510x510.jpg 510w, https:\/\/achisonsafety.com.vn\/wp-content\/uploads\/2025\/11\/yem-khoa-nhom-co-nhan-brady-22075-r-4-100x100.jpg 100w\" sizes=\"(max-width: 900px) 100vw, 900px\" \/><\/p>\n<p><img loading=\"lazy\" decoding=\"async\" class=\"size-full wp-image-11579 aligncenter\" src=\"https:\/\/achisonsafety.com.vn\/wp-content\/uploads\/2025\/11\/yem-khoa-nhom-co-nhan-brady-22075-r-3.jpg\" alt=\"\" width=\"900\" height=\"900\" title=\"\" srcset=\"https:\/\/achisonsafety.com.vn\/wp-content\/uploads\/2025\/11\/yem-khoa-nhom-co-nhan-brady-22075-r-3.jpg 900w, https:\/\/achisonsafety.com.vn\/wp-content\/uploads\/2025\/11\/yem-khoa-nhom-co-nhan-brady-22075-r-3-400x400.jpg 400w, https:\/\/achisonsafety.com.vn\/wp-content\/uploads\/2025\/11\/yem-khoa-nhom-co-nhan-brady-22075-r-3-800x800.jpg 800w, https:\/\/achisonsafety.com.vn\/wp-content\/uploads\/2025\/11\/yem-khoa-nhom-co-nhan-brady-22075-r-3-280x280.jpg 280w, https:\/\/achisonsafety.com.vn\/wp-content\/uploads\/2025\/11\/yem-khoa-nhom-co-nhan-brady-22075-r-3-768x768.jpg 768w, https:\/\/achisonsafety.com.vn\/wp-content\/uploads\/2025\/11\/yem-khoa-nhom-co-nhan-brady-22075-r-3-30x30.jpg 30w, https:\/\/achisonsafety.com.vn\/wp-content\/uploads\/2025\/11\/yem-khoa-nhom-co-nhan-brady-22075-r-3-60x60.jpg 60w, https:\/\/achisonsafety.com.vn\/wp-content\/uploads\/2025\/11\/yem-khoa-nhom-co-nhan-brady-22075-r-3-247x247.jpg 247w, https:\/\/achisonsafety.com.vn\/wp-content\/uploads\/2025\/11\/yem-khoa-nhom-co-nhan-brady-22075-r-3-510x510.jpg 510w, https:\/\/achisonsafety.com.vn\/wp-content\/uploads\/2025\/11\/yem-khoa-nhom-co-nhan-brady-22075-r-3-100x100.jpg 100w\" sizes=\"(max-width: 900px) 100vw, 900px\" \/><\/p>\n","protected":false},"excerpt":{"rendered":"<p style=\"text-align: justify;\">&#8211; Thi\u1ebft k\u1ebf nhi\u1ec1u l\u1ed7 kh\u00f3a, ph\u00f9 h\u1ee3p l\u00e0m vi\u1ec7c nh\u00f3m.<\/p>\n<p style=\"text-align: justify;\">&#8211; Nh\u00e3n ghi th\u00f4ng tin s\u1eb5n, thu\u1eadn ti\u1ec7n v\u00e0 r\u00f5 r\u00e0ng.<\/p>\n<p style=\"text-align: justify;\">&#8211; Ch\u1ea5t li\u1ec7u nh\u00f4m cao c\u1ea5p, \u0111\u1ed9 b\u1ec1n cao.<\/p>\n","protected":false},"featured_media":11575,"comment_status":"open","ping_status":"closed","template":"","meta":[],"product_cat":[78],"product_tag":[1074,1072,1071,1073],"class_list":{"0":"post-11574","1":"product","2":"type-product","3":"status-publish","4":"has-post-thumbnail","6":"product_cat-bang-keo-cong-nghiep","7":"product_tag-brady-22075","8":"product_tag-yem-khoa-nhom-brady","9":"product_tag-yem-khoa-nhom-co-nhan","10":"product_tag-yen-khoa-nhom","12":"first","13":"instock","14":"shipping-taxable","15":"product-type-simple"},"acf":[],"_links":{"self":[{"href":"https:\/\/achisonsafety.com.vn\/en\/wp-json\/wp\/v2\/product\/11574"}],"collection":[{"href":"https:\/\/achisonsafety.com.vn\/en\/wp-json\/wp\/v2\/product"}],"about":[{"href":"https:\/\/achisonsafety.com.vn\/en\/wp-json\/wp\/v2\/types\/product"}],"replies":[{"embeddable":true,"href":"https:\/\/achisonsafety.com.vn\/en\/wp-json\/wp\/v2\/comments?post=11574"}],"wp:featuredmedia":[{"embeddable":true,"href":"https:\/\/achisonsafety.com.vn\/en\/wp-json\/wp\/v2\/media\/11575"}],"wp:attachment":[{"href":"https:\/\/achisonsafety.com.vn\/en\/wp-json\/wp\/v2\/media?parent=11574"}],"wp:term":[{"taxonomy":"product_cat","embeddable":true,"href":"https:\/\/achisonsafety.com.vn\/en\/wp-json\/wp\/v2\/product_cat?post=11574"},{"taxonomy":"product_tag","embeddable":true,"href":"https:\/\/achisonsafety.com.vn\/en\/wp-json\/wp\/v2\/product_tag?post=11574"}],"curies":[{"name":"wp","href":"https:\/\/api.w.org\/{rel}","templated":true}]}}