{"id":11584,"date":"2025-11-27T13:34:13","date_gmt":"2025-11-27T06:34:13","guid":{"rendered":"https:\/\/achisonsafety.com.vn\/?post_type=product&#038;p=11584"},"modified":"2026-03-04T13:50:57","modified_gmt":"2026-03-04T06:50:57","slug":"yem-khoa-nhom-nhua-brady-99668","status":"publish","type":"product","link":"https:\/\/achisonsafety.com.vn\/en\/san-pham\/yem-khoa-nhom-nhua-brady-99668\/","title":{"rendered":"Y\u1ebfm Kh\u00f3a Nh\u00f3m Nh\u1ef1a Brady 99668"},"content":{"rendered":"<p style=\"text-align: justify;\"><a href=\"https:\/\/achisonsafety.com.vn\/san-pham\/yem-khoa-nhom-nhua-brady-99668\" target=\"_blank\" rel=\"noopener\"><strong>Y\u1ebfm kh\u00f3a nh\u00f3m nh\u1ef1a Brady 99668<\/strong><\/a> l\u00e0 thi\u1ebft b\u1ecb kh\u00f3a an to\u00e0n (Hasp Lockout) chuy\u00ean d\u1ee5ng trong quy tr\u00ecnh Lockout\/Tagout (LOTO).<\/p>\n<p style=\"text-align: justify;\">S\u1ea3n ph\u1ea9m c\u00f3 ch\u1ee9c n\u0103ng c\u00f4 l\u1eadp ngu\u1ed3n n\u0103ng l\u01b0\u1ee3ng, ng\u0103n thi\u1ebft b\u1ecb b\u1ecb k\u00edch ho\u1ea1t trong qu\u00e1 tr\u00ecnh b\u1ea3o tr\u00ec, s\u1eeda ch\u1eefa, \u0111\u1ea3m b\u1ea3o m\u1ed7i nh\u00e2n vi\u00ean \u0111\u1ec1u \u0111\u01b0\u1ee3c b\u1ea3o v\u1ec7 tr\u01b0\u1edbc c\u00e1c r\u1ee7i ro v\u1ec1 \u0111i\u1ec7n, c\u01a1 kh\u00ed, n\u0103ng l\u01b0\u1ee3ng \u00e1p su\u1ea5t.<\/p>\n<figure id=\"attachment_11589\" aria-describedby=\"caption-attachment-11589\" style=\"width: 900px\" class=\"wp-caption aligncenter\"><img loading=\"lazy\" decoding=\"async\" class=\"size-full wp-image-11589\" src=\"https:\/\/achisonsafety.com.vn\/wp-content\/uploads\/2025\/11\/yem-khoa-nhua-brady-99668-3.jpg\" alt=\"\" width=\"900\" height=\"735\" title=\"\" srcset=\"https:\/\/achisonsafety.com.vn\/wp-content\/uploads\/2025\/11\/yem-khoa-nhua-brady-99668-3.jpg 900w, https:\/\/achisonsafety.com.vn\/wp-content\/uploads\/2025\/11\/yem-khoa-nhua-brady-99668-3-490x400.jpg 490w, https:\/\/achisonsafety.com.vn\/wp-content\/uploads\/2025\/11\/yem-khoa-nhua-brady-99668-3-768x627.jpg 768w, https:\/\/achisonsafety.com.vn\/wp-content\/uploads\/2025\/11\/yem-khoa-nhua-brady-99668-3-37x30.jpg 37w, https:\/\/achisonsafety.com.vn\/wp-content\/uploads\/2025\/11\/yem-khoa-nhua-brady-99668-3-73x60.jpg 73w, https:\/\/achisonsafety.com.vn\/wp-content\/uploads\/2025\/11\/yem-khoa-nhua-brady-99668-3-510x417.jpg 510w\" sizes=\"(max-width: 900px) 100vw, 900px\" \/><figcaption id=\"caption-attachment-11589\" class=\"wp-caption-text\">\u1ea2nh ch\u1ecbp y\u1ebfm kh\u00f3a nh\u00f3m nh\u1ef1a Brady 99668<\/figcaption><\/figure>\n<h2 style=\"text-align: justify;\"><strong>\u0110\u1eb7c \u0111i\u1ec3m n\u1ed5i b\u1eadt<\/strong><\/h2>\n<p style=\"text-align: justify;\">V\u1edbi thi\u1ebft k\u1ebf t\u1eeb nh\u1ef1a c\u00e1ch \u0111i\u1ec7n si\u00eau b\u1ec1n, tr\u1ecdng l\u01b0\u1ee3ng nh\u1eb9, d\u1ec5 thao t\u00e1c, Brady 99668 l\u00e0 l\u1ef1a ch\u1ecdn l\u00fd t\u01b0\u1edfng cho m\u00f4i tr\u01b0\u1eddng c\u00f4ng nghi\u1ec7p y\u00eau c\u1ea7u t\u00ednh an to\u00e0n cao v\u00e0 tu\u00e2n th\u1ee7 ti\u00eau chu\u1ea9n OSHA.<\/p>\n<p style=\"text-align: justify;\"><strong>Ch\u1ea5t li\u1ec7u nh\u1ef1a c\u00e1ch \u0111i\u1ec7n an to\u00e0n<\/strong><\/p>\n<p style=\"text-align: justify;\">S\u1ea3n ph\u1ea9m \u0111\u01b0\u1ee3c thi\u1ebft k\u1ebf t\u1eeb nh\u1ef1a c\u00e1ch \u0111i\u1ec7n ch\u1ea5t l\u01b0\u1ee3ng cao, ch\u1ed1ng d\u1eabn \u0111i\u1ec7n, ch\u1ed1ng \u0103n m\u00f2n. Th\u00edch h\u1ee3p s\u1eed d\u1ee5ng \u1edf c\u00e1c khu v\u1ef1c c\u00f3 nguy c\u01a1 \u0111i\u1ec7n gi\u1eadt ho\u1eb7c m\u00f4i tr\u01b0\u1eddng \u1ea9m \u01b0\u1edbt.<\/p>\n<p style=\"text-align: justify;\"><strong>Thi\u1ebft k\u1ebf nhi\u1ec1u l\u1ed7 kh\u00f3a h\u1ed7 tr\u1ee3 l\u00e0m vi\u1ec7c nh\u00f3m<\/strong><\/p>\n<p style=\"text-align: justify;\">Y\u1ebfm kh\u00f3a nh\u00f3m nh\u1ef1a Brady 99668 trang b\u1ecb t\u1eeb 6 &#8211; 8 l\u1ed7 kh\u00f3a (t\u00f9y phi\u00ean b\u1ea3n), cho ph\u00e9p nhi\u1ec1u nh\u00e2n vi\u00ean c\u00f9ng g\u1eafn kh\u00f3a c\u00e1 nh\u00e2n. \u0110\u1ea3m b\u1ea3o nguy\u00ean t\u1eafc LOTO: &#8220;Kh\u00f4ng ai \u0111\u01b0\u1ee3c m\u1edf thi\u1ebft b\u1ecb cho \u0111\u1ebfn khi t\u1ea5t c\u1ea3 m\u1ecdi ng\u01b0\u1eddi \u0111\u1ec1u an to\u00e0n&#8221;.<\/p>\n<p style=\"text-align: justify;\"><strong>M\u00e0u s\u1eafc n\u1ed5i b\u1eadt r\u1ea5t d\u1ec5 nh\u1eadn di\u1ec7n<\/strong><\/p>\n<p style=\"text-align: justify;\">Th\u01b0\u1eddng s\u1eed d\u1ee5ng m\u00e0u \u0111\u1ecf ti\u00eau chu\u1ea9n an to\u00e0n, gi\u00fap c\u1ea3nh b\u00e1o r\u00f5 r\u00e0ng v\u00e0 t\u0103ng t\u00ednh nh\u1eadn di\u1ec7n t\u1ea1i hi\u1ec7n tr\u01b0\u1eddng.<\/p>\n<p style=\"text-align: justify;\"><strong>Tr\u1ecdng l\u01b0\u1ee3ng nh\u1eb9, b\u1ec1n, r\u1ea5t d\u1ec5 s\u1eed d\u1ee5ng<\/strong><\/p>\n<p style=\"text-align: justify;\">Tr\u1ecdng l\u01b0\u1ee3ng nh\u1eb9, d\u1ec5 thao t\u00e1c b\u1eb1ng m\u1ed9t tay. \u0110\u1ed9 b\u1ec1n cao, ch\u1ecbu \u0111\u01b0\u1ee3c m\u00f4i tr\u01b0\u1eddng c\u00f4ng nghi\u1ec7p b\u1ee5i b\u1ea9n, h\u00f3a ch\u1ea5t nh\u1eb9.<\/p>\n<p style=\"text-align: justify;\"><strong>T\u01b0\u01a1ng th\u00edch v\u1edbi nhi\u1ec1u lo\u1ea1i kh\u00f3a<\/strong><\/p>\n<p style=\"text-align: justify;\">Y\u1ebfm kh\u00f3a Brady d\u00f9ng \u0111\u01b0\u1ee3c v\u1edbi \u0111a s\u1ed1 \u1ed5 kh\u00f3a an to\u00e0n (Safety Padlock) c\u1ee7a Brady v\u00e0 c\u00e1c th\u01b0\u01a1ng hi\u1ec7u kh\u00e1c.<\/p>\n<figure id=\"attachment_11587\" aria-describedby=\"caption-attachment-11587\" style=\"width: 900px\" class=\"wp-caption aligncenter\"><img loading=\"lazy\" decoding=\"async\" class=\"size-full wp-image-11587\" src=\"https:\/\/achisonsafety.com.vn\/wp-content\/uploads\/2025\/11\/yem-khoa-nhua-brady-99668-2.jpg\" alt=\"\" width=\"900\" height=\"900\" title=\"\" srcset=\"https:\/\/achisonsafety.com.vn\/wp-content\/uploads\/2025\/11\/yem-khoa-nhua-brady-99668-2.jpg 900w, https:\/\/achisonsafety.com.vn\/wp-content\/uploads\/2025\/11\/yem-khoa-nhua-brady-99668-2-400x400.jpg 400w, https:\/\/achisonsafety.com.vn\/wp-content\/uploads\/2025\/11\/yem-khoa-nhua-brady-99668-2-800x800.jpg 800w, https:\/\/achisonsafety.com.vn\/wp-content\/uploads\/2025\/11\/yem-khoa-nhua-brady-99668-2-280x280.jpg 280w, https:\/\/achisonsafety.com.vn\/wp-content\/uploads\/2025\/11\/yem-khoa-nhua-brady-99668-2-768x768.jpg 768w, https:\/\/achisonsafety.com.vn\/wp-content\/uploads\/2025\/11\/yem-khoa-nhua-brady-99668-2-30x30.jpg 30w, https:\/\/achisonsafety.com.vn\/wp-content\/uploads\/2025\/11\/yem-khoa-nhua-brady-99668-2-60x60.jpg 60w, https:\/\/achisonsafety.com.vn\/wp-content\/uploads\/2025\/11\/yem-khoa-nhua-brady-99668-2-247x247.jpg 247w, https:\/\/achisonsafety.com.vn\/wp-content\/uploads\/2025\/11\/yem-khoa-nhua-brady-99668-2-510x510.jpg 510w, https:\/\/achisonsafety.com.vn\/wp-content\/uploads\/2025\/11\/yem-khoa-nhua-brady-99668-2-100x100.jpg 100w\" sizes=\"(max-width: 900px) 100vw, 900px\" \/><figcaption id=\"caption-attachment-11587\" class=\"wp-caption-text\">Y\u1ebfm kh\u00f3a Brady d\u00f9ng \u0111\u01b0\u1ee3c v\u1edbi \u0111a s\u1ed1 \u1ed5 kh\u00f3a an to\u00e0n<\/figcaption><\/figure>\n<h2 style=\"text-align: justify;\"><strong>\u1ee8ng d\u1ee5ng c\u1ee7a s\u1ea3n ph\u1ea9m<\/strong><\/h2>\n<p style=\"text-align: justify;\">Y\u1ebfm kh\u00f3a nh\u00f3m nh\u1ef1a Brady 99668 ph\u00f9 h\u1ee3p s\u1eed d\u1ee5ng trong: Nh\u00e0 m\u00e1y s\u1ea3n xu\u1ea5t, c\u00f4ng x\u01b0\u1edfng c\u01a1 kh\u00ed; Ng\u00e0nh \u0111i\u1ec7n \u2013 \u0111i\u1ec7n t\u1eed; Ng\u00e0nh d\u1ea7u kh\u00ed, h\u00f3a ch\u1ea5t; H\u1ec7 th\u1ed1ng HVAC, m\u00e1y n\u00e9n kh\u00ed, m\u00e1y b\u01a1m; C\u00e1c b\u1ed9 ph\u1eadn b\u1ea3o tr\u00ec, v\u1eadn h\u00e0nh, an to\u00e0n lao \u0111\u1ed9ng<\/p>\n<p style=\"text-align: justify;\">S\u1ea3n ph\u1ea9m \u0111\u00f3ng vai tr\u00f2 quan tr\u1ecdng trong vi\u1ec7c \u0111\u1ea3m b\u1ea3o <a href=\"https:\/\/achisonsafety.com.vn\/quy-trinh-lockout-tagout\" target=\"_blank\" rel=\"noopener\">quy tr\u00ecnh LOTO<\/a> an to\u00e0n, tr\u00e1nh t\u00e1i k\u00edch ho\u1ea1t thi\u1ebft b\u1ecb ngo\u00e0i \u00fd mu\u1ed1n.<\/p>\n<h2 style=\"text-align: justify;\"><strong>L\u1ee3i \u00edch khi s\u1eed d\u1ee5ng y\u1ebfm kh\u00f3a nh\u1ef1a Brady 99668<\/strong><\/h2>\n<p style=\"text-align: justify;\">D\u01b0\u1edbi \u0111\u00e2y l\u00e0 m\u1ed9t s\u1ed1 l\u1ee3i \u00edch khi s\u1eed d\u1ee5ng s\u1ea3n ph\u1ea9m y\u1ebfm khoa nh\u1ef1a Brady 99668:<\/p>\n<p style=\"text-align: justify;\">&#8211; B\u1ea3o v\u1ec7 an to\u00e0n tuy\u1ec7t \u0111\u1ed1i cho nh\u00e2n vi\u00ean b\u1ea3o tr\u00ec.<\/p>\n<p style=\"text-align: justify;\">&#8211; Gi\u1ea3m r\u1ee7i ro tai n\u1ea1n lao \u0111\u1ed9ng li\u00ean quan \u0111\u1ebfn thi\u1ebft b\u1ecb \u0111i\u1ec7n n\u0103ng.<\/p>\n<p style=\"text-align: justify;\">&#8211; \u0110\u1ea3m b\u1ea3o tu\u00e2n th\u1ee7 ti\u00eau chu\u1ea9n OSHA\/LOTO qu\u1ed1c t\u1ebf.<\/p>\n<p style=\"text-align: justify;\">&#8211; T\u0103ng t\u00ednh chuy\u00ean nghi\u1ec7p trong h\u1ec7 th\u1ed1ng qu\u1ea3n l\u00fd ATVSL\u0110 c\u1ee7a doanh nghi\u1ec7p.<\/p>\n<p style=\"text-align: justify;\">Y\u1ebfm Kh\u00f3a Nh\u00f3m Nh\u1ef1a Brady 99668 l\u00e0 l\u1ef1a ch\u1ecdn ho\u00e0n h\u1ea3o cho doanh nghi\u1ec7p mu\u1ed1n n\u00e2ng cao an to\u00e0n, tu\u00e2n th\u1ee7 quy \u0111\u1ecbnh LOTO v\u00e0 b\u1ea3o v\u1ec7 \u0111\u1ed9i ng\u0169 b\u1ea3o tr\u00ec v\u00e0 k\u1ef9 thu\u1eadt.<\/p>\n<p style=\"text-align: justify;\">V\u1edbi thi\u1ebft k\u1ebf b\u1ec1n, nh\u1eb9, c\u00e1ch \u0111i\u1ec7n v\u00e0 h\u1ed7 tr\u1ee3 l\u00e0m vi\u1ec7c nh\u00f3m hi\u1ec7u qu\u1ea3, s\u1ea3n ph\u1ea9m ph\u00f9 h\u1ee3p cho m\u1ecdi m\u00f4i tr\u01b0\u1eddng c\u00f4ng nghi\u1ec7p hi\u1ec7n \u0111\u1ea1i. H\u00e3y li\u00ean h\u1ec7 v\u1edbi <a href=\"https:\/\/achisonsafety.com.vn\" target=\"_blank\" rel=\"noopener\">Achison<\/a> \u0111\u1ec3 \u0111\u01b0\u1ee3c t\u01b0 v\u1ea5n v\u00e0 \u0111\u1eb7t h\u00e0ng ngay h\u00f4m nay.<\/p>\n","protected":false},"excerpt":{"rendered":"<p>Y\u1ebfm kh\u00f3a nh\u00f3m nh\u1ef1a Brady 99668 l\u00e0 thi\u1ebft b\u1ecb kh\u00f3a an to\u00e0n (Hasp Lockout) chuy\u00ean d\u1ee5ng trong quy tr\u00ecnh Lockout\/Tagout (LOTO). S\u1ea3n ph\u1ea9m c\u00f3 ch\u1ee9c n\u0103ng c\u00f4 l\u1eadp ngu\u1ed3n n\u0103ng l\u01b0\u1ee3ng, ng\u0103n thi\u1ebft b\u1ecb b\u1ecb k\u00edch ho\u1ea1t trong qu\u00e1 tr\u00ecnh b\u1ea3o tr\u00ec, s\u1eeda ch\u1eefa, \u0111\u1ea3m b\u1ea3o m\u1ed7i nh\u00e2n vi\u00ean \u0111\u1ec1u \u0111\u01b0\u1ee3c b\u1ea3o v\u1ec7 tr\u01b0\u1edbc c\u00e1c&#8230;<\/p>\n","protected":false},"featured_media":11585,"comment_status":"open","ping_status":"closed","template":"","meta":[],"product_cat":[62,25,63],"product_tag":[1076,1072,1075],"class_list":{"0":"post-11584","1":"product","2":"type-product","3":"status-publish","4":"has-post-thumbnail","6":"product_cat-khoa-an-toan","7":"product_cat-quy-trinh-lockout-tagout","8":"product_cat-the-canh-bao","9":"product_tag-yem-khoa-nhom","10":"product_tag-yem-khoa-nhom-brady","11":"product_tag-yem-khoa-nhom-nhua","12":"yith_product_brand-brady","14":"first","15":"instock","16":"shipping-taxable","17":"product-type-simple"},"acf":[],"_links":{"self":[{"href":"https:\/\/achisonsafety.com.vn\/en\/wp-json\/wp\/v2\/product\/11584"}],"collection":[{"href":"https:\/\/achisonsafety.com.vn\/en\/wp-json\/wp\/v2\/product"}],"about":[{"href":"https:\/\/achisonsafety.com.vn\/en\/wp-json\/wp\/v2\/types\/product"}],"replies":[{"embeddable":true,"href":"https:\/\/achisonsafety.com.vn\/en\/wp-json\/wp\/v2\/comments?post=11584"}],"wp:featuredmedia":[{"embeddable":true,"href":"https:\/\/achisonsafety.com.vn\/en\/wp-json\/wp\/v2\/media\/11585"}],"wp:attachment":[{"href":"https:\/\/achisonsafety.com.vn\/en\/wp-json\/wp\/v2\/media?parent=11584"}],"wp:term":[{"taxonomy":"product_cat","embeddable":true,"href":"https:\/\/achisonsafety.com.vn\/en\/wp-json\/wp\/v2\/product_cat?post=11584"},{"taxonomy":"product_tag","embeddable":true,"href":"https:\/\/achisonsafety.com.vn\/en\/wp-json\/wp\/v2\/product_tag?post=11584"}],"curies":[{"name":"wp","href":"https:\/\/api.w.org\/{rel}","templated":true}]}}