{"id":11613,"date":"2025-11-28T09:00:35","date_gmt":"2025-11-28T02:00:35","guid":{"rendered":"https:\/\/achisonsafety.com.vn\/?post_type=product&#038;p=11613"},"modified":"2026-03-04T14:02:59","modified_gmt":"2026-03-04T07:02:59","slug":"hop-khoa-thep-di-dong-brady-65699","status":"publish","type":"product","link":"https:\/\/achisonsafety.com.vn\/en\/san-pham\/hop-khoa-thep-di-dong-brady-65699\/","title":{"rendered":"H\u1ed9p Kh\u00f3a Th\u00e9p Di \u0110\u1ed9ng Brady 65699"},"content":{"rendered":"<p style=\"text-align: justify;\"><a href=\"https:\/\/achisonsafety.com.vn\/san-pham\/hop-khoa-thep-di-dong-brady-65699\" target=\"_blank\" rel=\"noopener\">H\u1ed9p kh\u00f3a th\u00e9p di \u0111\u1ed9ng Brady 65699<\/a> \u0111\u01b0\u1ee3c thi\u1ebft k\u1ebf d\u00e0nh cho c\u00e1c m\u00f4i tr\u01b0\u1eddng y\u00eau c\u1ea7u ti\u00eau chu\u1ea9n Lockout\/Tagout (LOTO) nghi\u00eam ng\u1eb7t.<\/p>\n<p style=\"text-align: justify;\">V\u1edbi ch\u1ea5t li\u1ec7u th\u00e9p b\u1ec1n b\u1ec9, c\u1ea5u tr\u00fac ch\u1eafc ch\u1eafn v\u00e0 kh\u1ea3 n\u0103ng ch\u1ee9a nhi\u1ec1u kh\u00f3a c\u00f9ng <a href=\"https:\/\/achisonsafety.com.vn\/quy-trinh-lockout-tagout\" target=\"_blank\" rel=\"noopener\">thi\u1ebft b\u1ecb LOTO<\/a>, s\u1ea3n ph\u1ea9m gi\u00fap \u0111\u1ea3m b\u1ea3o an to\u00e0n t\u1ed1i \u0111a trong qu\u00e1 tr\u00ecnh b\u1ea3o tr\u00ec, s\u1eeda ch\u1eefa m\u00e1y m\u00f3c t\u1ea1i nh\u00e0 m\u00e1y, c\u00f4ng x\u01b0\u1edfng&#8230;<\/p>\n<figure id=\"attachment_11624\" aria-describedby=\"caption-attachment-11624\" style=\"width: 900px\" class=\"wp-caption aligncenter\"><img loading=\"lazy\" decoding=\"async\" class=\"wp-image-11624 size-full\" src=\"https:\/\/achisonsafety.com.vn\/wp-content\/uploads\/2025\/11\/hop-khoa-thep-di-dong-brady-65699-5.jpg\" alt=\"\" width=\"900\" height=\"750\" title=\"\" srcset=\"https:\/\/achisonsafety.com.vn\/wp-content\/uploads\/2025\/11\/hop-khoa-thep-di-dong-brady-65699-5.jpg 900w, https:\/\/achisonsafety.com.vn\/wp-content\/uploads\/2025\/11\/hop-khoa-thep-di-dong-brady-65699-5-480x400.jpg 480w, https:\/\/achisonsafety.com.vn\/wp-content\/uploads\/2025\/11\/hop-khoa-thep-di-dong-brady-65699-5-768x640.jpg 768w, https:\/\/achisonsafety.com.vn\/wp-content\/uploads\/2025\/11\/hop-khoa-thep-di-dong-brady-65699-5-36x30.jpg 36w, https:\/\/achisonsafety.com.vn\/wp-content\/uploads\/2025\/11\/hop-khoa-thep-di-dong-brady-65699-5-72x60.jpg 72w, https:\/\/achisonsafety.com.vn\/wp-content\/uploads\/2025\/11\/hop-khoa-thep-di-dong-brady-65699-5-510x425.jpg 510w\" sizes=\"(max-width: 900px) 100vw, 900px\" \/><figcaption id=\"caption-attachment-11624\" class=\"wp-caption-text\">C\u1eadn c\u1ea3nh h\u1ed9p kh\u00f3a th\u00e9p di \u0111\u1ed9ng brady 65699<\/figcaption><\/figure>\n<h2 style=\"text-align: justify;\"><strong>T\u00ednh n\u0103ng n\u1ed5i b\u1eadt<\/strong><\/h2>\n<p style=\"text-align: justify;\"><strong>Thi\u1ebft k\u1ebf b\u1ec1n b\u1ec9, ch\u1ecbu l\u1ef1c t\u1ed1t<\/strong><\/p>\n<p style=\"text-align: justify;\">L\u00e0m t\u1eeb th\u00e9p ph\u1ee7 s\u01a1n t\u0129nh \u0111i\u1ec7n, ch\u1ed1ng g\u1ec9 s\u00e9t trong m\u00f4i tr\u01b0\u1eddng c\u00f4ng nghi\u1ec7p.<\/p>\n<p style=\"text-align: justify;\">Tay c\u1ea7m ch\u1eafc ch\u1eafn, gi\u00fap d\u1ec5 d\u00e0ng di chuy\u1ec3n \u0111\u1ebfn m\u1ecdi khu v\u1ef1c l\u00e0m vi\u1ec7c.<\/p>\n<p style=\"text-align: justify;\">K\u00edch th\u01b0\u1edbc g\u1ecdn nh\u01b0ng s\u1ee9c ch\u1ee9a l\u1edbn, ph\u00f9 h\u1ee3p cho c\u1ea3 c\u00e1 nh\u00e2n v\u00e0 \u0111\u1ed9i nh\u00f3m b\u1ea3o tr\u00ec.<\/p>\n<p style=\"text-align: justify;\"><strong>T\u1ed1i \u01b0u h\u00f3a quy tr\u00ecnh Loto<\/strong><\/p>\n<p style=\"text-align: justify;\">H\u1ed9p c\u00f3 kh\u1ea3 n\u0103ng kh\u00f3a nhi\u1ec1u \u1ed5 kh\u00f3a c\u00f9ng l\u00fac, gi\u00fap qu\u1ea3n l\u00fd quy\u1ec1n truy c\u1eadp c\u1ee7a t\u1eebng k\u1ef9 thu\u1eadt vi\u00ean.<\/p>\n<p style=\"text-align: justify;\">Thi\u1ebft k\u1ebf nhi\u1ec1u m\u00f3c treo b\u00ean trong, cho ph\u00e9p l\u01b0u tr\u1eef g\u1ecdn g\u00e0ng c\u00e1c kh\u00f3a m\u00f3c, hasp v\u00e0 th\u1ebb LOTO.<\/p>\n<p style=\"text-align: justify;\">\u0110\u1ea3m b\u1ea3o ch\u1ec9 khi t\u1ea5t c\u1ea3 c\u00f4ng nh\u00e2n r\u00fat kh\u00f3a c\u1ee7a m\u00ecnh, h\u1ec7 th\u1ed1ng m\u1edbi \u0111\u01b0\u1ee3c kh\u00f4i ph\u1ee5c ho\u1ea1t \u0111\u1ed9ng \u2013 t\u0103ng m\u1ee9c \u0111\u1ed9 an to\u00e0n tuy\u1ec7t \u0111\u1ed1i.<\/p>\n<p style=\"text-align: justify;\"><strong>T\u00ednh di \u0111\u1ed9ng cao, linh ho\u1ea1t trong m\u1ecdi t\u00ecnh hu\u1ed1ng<\/strong><\/p>\n<p style=\"text-align: justify;\">Tr\u1ecdng l\u01b0\u1ee3ng nh\u1eb9, d\u1ec5 mang theo trong qu\u00e1 tr\u00ecnh b\u1ea3o tr\u00ec di chuy\u1ec3n li\u00ean t\u1ee5c.<\/p>\n<p style=\"text-align: justify;\">Ph\u00f9 h\u1ee3p cho c\u00e1c x\u01b0\u1edfng s\u1ea3n xu\u1ea5t, khu c\u00f4ng nghi\u1ec7p, nh\u00e0 m\u00e1y \u0111i\u1ec7n, d\u1ea7u kh\u00ed, h\u00f3a ch\u1ea5t, th\u1ef1c ph\u1ea9m&#8230;<\/p>\n<p style=\"text-align: justify;\"><strong>T\u1ed1i \u0111a h\u00f3a an to\u00e0n v\u1edbi s\u1ee9c ch\u1ee9a l\u00ean \u0111\u1ebfn 40 \u1ed5 kh\u00f3a<\/strong><\/p>\n<p style=\"text-align: justify;\">S\u1ee9c ch\u1ee9a t\u1ed1i \u0111a 13 \u1ed5 kh\u00f3a m\u00f3c tr\u00ean n\u1eafp, l\u01b0u tr\u1eef \u0111\u1ebfn 40 \u1ed5 kh\u00f3a (S\u1eed d\u1ee5ng trong su\u1ed1t nh\u1eefng t\u00ecnh hu\u1ed1ng kh\u00f3a nh\u00f3m).<\/p>\n<p><img loading=\"lazy\" decoding=\"async\" class=\"wp-image-11626 size-full aligncenter\" src=\"https:\/\/achisonsafety.com.vn\/wp-content\/uploads\/2025\/11\/hop-khoa-thep-di-dong-brady-65699-6.jpg\" alt=\"\" width=\"900\" height=\"696\" title=\"\" srcset=\"https:\/\/achisonsafety.com.vn\/wp-content\/uploads\/2025\/11\/hop-khoa-thep-di-dong-brady-65699-6.jpg 900w, https:\/\/achisonsafety.com.vn\/wp-content\/uploads\/2025\/11\/hop-khoa-thep-di-dong-brady-65699-6-517x400.jpg 517w, https:\/\/achisonsafety.com.vn\/wp-content\/uploads\/2025\/11\/hop-khoa-thep-di-dong-brady-65699-6-768x594.jpg 768w, https:\/\/achisonsafety.com.vn\/wp-content\/uploads\/2025\/11\/hop-khoa-thep-di-dong-brady-65699-6-39x30.jpg 39w, https:\/\/achisonsafety.com.vn\/wp-content\/uploads\/2025\/11\/hop-khoa-thep-di-dong-brady-65699-6-78x60.jpg 78w, https:\/\/achisonsafety.com.vn\/wp-content\/uploads\/2025\/11\/hop-khoa-thep-di-dong-brady-65699-6-510x394.jpg 510w\" sizes=\"(max-width: 900px) 100vw, 900px\" \/><\/p>\n<h2 style=\"text-align: justify;\"><strong>\u1ee8ng d\u1ee5ng c\u1ee7a s\u1ea3n ph\u1ea9m<\/strong><\/h2>\n<p style=\"text-align: justify;\">S\u1eed d\u1ee5ng trong c\u00e1c \u0111\u1ed9i b\u1ea3o tr\u00ec th\u1ef1c hi\u1ec7n ng\u1eaft ngu\u1ed3n n\u0103ng l\u01b0\u1ee3ng nhi\u1ec1u \u0111i\u1ec3m.<\/p>\n<p style=\"text-align: justify;\">D\u00f9ng cho c\u00e1c khu v\u1ef1c y\u00eau c\u1ea7u t\u1eadp trung kh\u00f3a theo nh\u00f3m.<\/p>\n<p style=\"text-align: justify;\">T\u0103ng c\u01b0\u1eddng t\u00ednh \u0111\u1ed3ng b\u1ed9, chuy\u00ean nghi\u1ec7p trong h\u1ec7 th\u1ed1ng an to\u00e0n c\u1ee7a doanh nghi\u1ec7p.<\/p>\n<figure id=\"attachment_11616\" aria-describedby=\"caption-attachment-11616\" style=\"width: 900px\" class=\"wp-caption aligncenter\"><img loading=\"lazy\" decoding=\"async\" class=\"size-full wp-image-11616\" src=\"https:\/\/achisonsafety.com.vn\/wp-content\/uploads\/2025\/11\/hop-khoa-thep-di-dong-brady-65699-2.jpg\" alt=\"\" width=\"900\" height=\"900\" title=\"\" srcset=\"https:\/\/achisonsafety.com.vn\/wp-content\/uploads\/2025\/11\/hop-khoa-thep-di-dong-brady-65699-2.jpg 900w, https:\/\/achisonsafety.com.vn\/wp-content\/uploads\/2025\/11\/hop-khoa-thep-di-dong-brady-65699-2-400x400.jpg 400w, https:\/\/achisonsafety.com.vn\/wp-content\/uploads\/2025\/11\/hop-khoa-thep-di-dong-brady-65699-2-800x800.jpg 800w, https:\/\/achisonsafety.com.vn\/wp-content\/uploads\/2025\/11\/hop-khoa-thep-di-dong-brady-65699-2-280x280.jpg 280w, https:\/\/achisonsafety.com.vn\/wp-content\/uploads\/2025\/11\/hop-khoa-thep-di-dong-brady-65699-2-768x768.jpg 768w, https:\/\/achisonsafety.com.vn\/wp-content\/uploads\/2025\/11\/hop-khoa-thep-di-dong-brady-65699-2-30x30.jpg 30w, https:\/\/achisonsafety.com.vn\/wp-content\/uploads\/2025\/11\/hop-khoa-thep-di-dong-brady-65699-2-60x60.jpg 60w, https:\/\/achisonsafety.com.vn\/wp-content\/uploads\/2025\/11\/hop-khoa-thep-di-dong-brady-65699-2-247x247.jpg 247w, https:\/\/achisonsafety.com.vn\/wp-content\/uploads\/2025\/11\/hop-khoa-thep-di-dong-brady-65699-2-510x510.jpg 510w, https:\/\/achisonsafety.com.vn\/wp-content\/uploads\/2025\/11\/hop-khoa-thep-di-dong-brady-65699-2-100x100.jpg 100w\" sizes=\"(max-width: 900px) 100vw, 900px\" \/><figcaption id=\"caption-attachment-11616\" class=\"wp-caption-text\">\u1ee8ng d\u1ee5ng s\u1ea3n ph\u1ea9m t\u1ea1i nh\u00e0 m\u00e1y<\/figcaption><\/figure>\n<p style=\"text-align: justify;\">H\u1ed9p kh\u00f3a th\u00e9p di \u0111\u1ed9ng brady 65699 s\u1ebd l\u00e0 thi\u1ebft b\u1ecb kh\u00f4ng th\u1ec3 thi\u1ebfu trong c\u00e1c nh\u00e0 m\u00e1y, x\u01b0\u1edfng s\u1ea3n xu\u1ea5t. H\u00e3y li\u00ean h\u1ec7 v\u1edbi <a href=\"https:\/\/achisonsafety.com.vn\" target=\"_blank\" rel=\"noopener\">C\u00f4ng ty C\u1ed5 ph\u1ea7n Achison<\/a> \u0111\u1ec3 \u0111\u01b0\u1ee3c t\u01b0 v\u1ea5n v\u00e0 nh\u1eadn b\u00e1o gi\u00e1 b\u1ea1n nh\u00e9.<\/p>\n","protected":false},"excerpt":{"rendered":"<p>H\u1ed9p kh\u00f3a th\u00e9p di \u0111\u1ed9ng Brady 65699 \u0111\u01b0\u1ee3c thi\u1ebft k\u1ebf d\u00e0nh cho c\u00e1c m\u00f4i tr\u01b0\u1eddng y\u00eau c\u1ea7u ti\u00eau chu\u1ea9n Lockout\/Tagout (LOTO) nghi\u00eam ng\u1eb7t. V\u1edbi ch\u1ea5t li\u1ec7u th\u00e9p b\u1ec1n b\u1ec9, c\u1ea5u tr\u00fac ch\u1eafc ch\u1eafn v\u00e0 kh\u1ea3 n\u0103ng ch\u1ee9a nhi\u1ec1u kh\u00f3a c\u00f9ng thi\u1ebft b\u1ecb LOTO, s\u1ea3n ph\u1ea9m gi\u00fap \u0111\u1ea3m b\u1ea3o an to\u00e0n t\u1ed1i \u0111a trong qu\u00e1 tr\u00ecnh&#8230;<\/p>\n","protected":false},"featured_media":11614,"comment_status":"open","ping_status":"closed","template":"","meta":[],"product_cat":[62,25],"product_tag":[1078,1077,1079],"class_list":{"0":"post-11613","1":"product","2":"type-product","3":"status-publish","4":"has-post-thumbnail","6":"product_cat-khoa-an-toan","7":"product_cat-quy-trinh-lockout-tagout","8":"product_tag-hop-khoa-thep-brady","9":"product_tag-hop-khoa-thep-di-dong","10":"product_tag-hop-khoa-thep-di-dong-brady","11":"yith_product_brand-brady","13":"first","14":"instock","15":"shipping-taxable","16":"product-type-simple"},"acf":[],"_links":{"self":[{"href":"https:\/\/achisonsafety.com.vn\/en\/wp-json\/wp\/v2\/product\/11613"}],"collection":[{"href":"https:\/\/achisonsafety.com.vn\/en\/wp-json\/wp\/v2\/product"}],"about":[{"href":"https:\/\/achisonsafety.com.vn\/en\/wp-json\/wp\/v2\/types\/product"}],"replies":[{"embeddable":true,"href":"https:\/\/achisonsafety.com.vn\/en\/wp-json\/wp\/v2\/comments?post=11613"}],"wp:featuredmedia":[{"embeddable":true,"href":"https:\/\/achisonsafety.com.vn\/en\/wp-json\/wp\/v2\/media\/11614"}],"wp:attachment":[{"href":"https:\/\/achisonsafety.com.vn\/en\/wp-json\/wp\/v2\/media?parent=11613"}],"wp:term":[{"taxonomy":"product_cat","embeddable":true,"href":"https:\/\/achisonsafety.com.vn\/en\/wp-json\/wp\/v2\/product_cat?post=11613"},{"taxonomy":"product_tag","embeddable":true,"href":"https:\/\/achisonsafety.com.vn\/en\/wp-json\/wp\/v2\/product_tag?post=11613"}],"curies":[{"name":"wp","href":"https:\/\/api.w.org\/{rel}","templated":true}]}}