{"id":11629,"date":"2025-11-28T10:09:51","date_gmt":"2025-11-28T03:09:51","guid":{"rendered":"https:\/\/achisonsafety.com.vn\/?post_type=product&#038;p=11629"},"modified":"2025-11-28T10:09:54","modified_gmt":"2025-11-28T03:09:54","slug":"hop-khoa-nhom-sieu-gon-brady-149173","status":"publish","type":"product","link":"https:\/\/achisonsafety.com.vn\/en\/san-pham\/hop-khoa-nhom-sieu-gon-brady-149173\/","title":{"rendered":"H\u1ed9p Kh\u00f3a Nh\u00f3m Si\u00eau G\u1ecdn Brady 149173"},"content":{"rendered":"<p style=\"text-align: justify;\">H\u1ed9p Kh\u00f3a Nh\u00f3m Si\u00eau G\u1ecdn Brady 149173 l\u00e0 gi\u1ea3i ph\u00e1p h\u1ed9p kh\u00f3a nh\u00f3m l\u00fd t\u01b0\u1edfng cho c\u00e1c khu v\u1ef1c b\u1ea3o tr\u00ec c\u00f3 kh\u00f4ng gian h\u1ea1n ch\u1ebf nh\u01b0ng v\u1eabn y\u00eau c\u1ea7u qu\u1ea3n l\u00fd kh\u00f3a nghi\u00eam ng\u1eb7t theo ti\u00eau chu\u1ea9n Lockout\/Tagout (LOTO).<\/p>\n<p style=\"text-align: justify;\">V\u1edbi thi\u1ebft k\u1ebf si\u00eau g\u1ecdn, ch\u1ea5t li\u1ec7u b\u1ec1n b\u1ec9 v\u00e0 kh\u1ea3 n\u0103ng ch\u1ee9a nhi\u1ec1u kh\u00f3a c\u1ea7n thi\u1ebft, s\u1ea3n ph\u1ea9m gi\u00fap n\u00e2ng cao an to\u00e0n cho m\u1ecdi thao t\u00e1c b\u1ea3o tr\u00ec, s\u1eeda ch\u1eefa trong nh\u00e0 m\u00e1y.<\/p>\n<figure id=\"attachment_11638\" aria-describedby=\"caption-attachment-11638\" style=\"width: 900px\" class=\"wp-caption aligncenter\"><img loading=\"lazy\" decoding=\"async\" class=\"size-full wp-image-11638\" src=\"https:\/\/achisonsafety.com.vn\/wp-content\/uploads\/2025\/11\/hop-khoa-nhom-sieu-gon-brady-149173-1-1.jpg\" alt=\"\" width=\"900\" height=\"900\" title=\"\" srcset=\"https:\/\/achisonsafety.com.vn\/wp-content\/uploads\/2025\/11\/hop-khoa-nhom-sieu-gon-brady-149173-1-1.jpg 900w, https:\/\/achisonsafety.com.vn\/wp-content\/uploads\/2025\/11\/hop-khoa-nhom-sieu-gon-brady-149173-1-1-400x400.jpg 400w, https:\/\/achisonsafety.com.vn\/wp-content\/uploads\/2025\/11\/hop-khoa-nhom-sieu-gon-brady-149173-1-1-800x800.jpg 800w, https:\/\/achisonsafety.com.vn\/wp-content\/uploads\/2025\/11\/hop-khoa-nhom-sieu-gon-brady-149173-1-1-280x280.jpg 280w, https:\/\/achisonsafety.com.vn\/wp-content\/uploads\/2025\/11\/hop-khoa-nhom-sieu-gon-brady-149173-1-1-768x768.jpg 768w, https:\/\/achisonsafety.com.vn\/wp-content\/uploads\/2025\/11\/hop-khoa-nhom-sieu-gon-brady-149173-1-1-30x30.jpg 30w, https:\/\/achisonsafety.com.vn\/wp-content\/uploads\/2025\/11\/hop-khoa-nhom-sieu-gon-brady-149173-1-1-60x60.jpg 60w, https:\/\/achisonsafety.com.vn\/wp-content\/uploads\/2025\/11\/hop-khoa-nhom-sieu-gon-brady-149173-1-1-247x247.jpg 247w, https:\/\/achisonsafety.com.vn\/wp-content\/uploads\/2025\/11\/hop-khoa-nhom-sieu-gon-brady-149173-1-1-510x510.jpg 510w, https:\/\/achisonsafety.com.vn\/wp-content\/uploads\/2025\/11\/hop-khoa-nhom-sieu-gon-brady-149173-1-1-100x100.jpg 100w\" sizes=\"(max-width: 900px) 100vw, 900px\" \/><figcaption id=\"caption-attachment-11638\" class=\"wp-caption-text\">H\u1ed9p kh\u00f3a nh\u00f3m Brady 149173<\/figcaption><\/figure>\n<h2 style=\"text-align: justify;\"><strong>T\u00ednh n\u0103ng n\u1ed5i b\u1eadt<\/strong><\/h2>\n<p style=\"text-align: justify;\"><strong>Thi\u1ebft k\u1ebf si\u00eau g\u1ecdn, d\u1ec5 d\u00e0ng l\u1eafp \u0111\u1eb7t \u1edf m\u1ecdi n\u01a1i<\/strong><\/p>\n<p style=\"text-align: justify;\">K\u00edch th\u01b0\u1edbc nh\u1ecf g\u1ecdn, t\u1ed1i \u01b0u cho c\u00e1c \u0111i\u1ec3m kh\u00f3a h\u1eb9p ho\u1eb7c khu v\u1ef1c c\u00f4ng tr\u00ecnh di \u0111\u1ed9ng, d\u1ec5 d\u00e0ng \u0111\u1ec3 v\u00e0o h\u1ed9p d\u1ee5ng c\u1ee5, t\u00fai ho\u1eb7c l\u00f2ng b\u00e0n tay.<\/p>\n<p style=\"text-align: justify;\">C\u00f3 th\u1ec3 treo t\u01b0\u1eddng ho\u1eb7c \u0111\u1eb7t tr\u00ean b\u00e0n t\u00f9y nhu c\u1ea7u s\u1eed d\u1ee5ng.<\/p>\n<p style=\"text-align: justify;\">M\u00e0u s\u1eafc n\u1ed5i b\u1eadt theo ti\u00eau chu\u1ea9n an to\u00e0n, d\u1ec5 nh\u1eadn bi\u1ebft t\u1eeb xa.<\/p>\n<p style=\"text-align: justify;\"><strong>Kh\u1ea3 n\u0103ng qu\u1ea3n l\u00fd kh\u00f3a t\u1ed1i \u01b0u<\/strong><\/p>\n<p style=\"text-align: justify;\">C\u00e1c k\u1ef9 thu\u1eadt vi\u00ean ch\u1ec9 c\u1ea7n treo ch\u00eca kh\u00f3a c\u1ee7a thi\u1ebft b\u1ecb \u0111\u00e3 c\u00f4 l\u1eadp v\u00e0o h\u1ed9p, gi\u00fap ki\u1ec3m so\u00e1t quy\u1ec1n truy c\u1eadp r\u00f5 r\u00e0ng.<\/p>\n<p style=\"text-align: justify;\">Khi t\u1ea5t c\u1ea3 c\u00e1c \u1ed5 kh\u00f3a c\u00e1 nh\u00e2n \u0111\u01b0\u1ee3c th\u00e1o ra, thi\u1ebft b\u1ecb m\u1edbi \u0111\u01b0\u1ee3c ph\u00e9p v\u1eadn h\u00e0nh tr\u1edf l\u1ea1i, \u0111\u1ea3m b\u1ea3o an to\u00e0n tuy\u1ec7t \u0111\u1ed1i.<\/p>\n<p style=\"text-align: justify;\">Ph\u00f9 h\u1ee3p cho nh\u00f3m nh\u1ecf \u0111\u1ebfn trung b\u00ecnh trong quy tr\u00ecnh b\u1ea3o tr\u00ec.<\/p>\n<p style=\"text-align: justify;\"><strong>Ch\u1ea5t li\u1ec7u b\u1ec1n b\u1ec9, an to\u00e0n trong m\u00f4i tr\u01b0\u1eddng c\u00f4ng nghi\u1ec7p<\/strong><\/p>\n<p style=\"text-align: justify;\">S\u1ea3n ph\u1ea9m \u0111\u01b0\u1ee3c l\u00e0m t\u1eeb th\u00e9p s\u01a1n t\u0129nh \u0111i\u1ec7n ho\u1eb7c v\u1eadt li\u1ec7u b\u1ec1n chuy\u00ean d\u1ee5ng (t\u00f9y phi\u00ean b\u1ea3n), ch\u1ed1ng va \u0111\u1eadp v\u00e0 ch\u1ed1ng \u0103n m\u00f2n.<\/p>\n<p style=\"text-align: justify;\">C\u1ea5u tr\u00fac ch\u1eafc ch\u1eafn, kh\u00f4ng d\u1ec5 b\u1ecb ti\u1ebfp c\u1eadn tr\u00e1i ph\u00e9p, \u0111\u00e1p \u1ee9ng ti\u00eau chu\u1ea9n qu\u1ed1c t\u1ebf v\u1ec1 an to\u00e0n LOTO.<\/p>\n<figure id=\"attachment_11636\" aria-describedby=\"caption-attachment-11636\" style=\"width: 900px\" class=\"wp-caption aligncenter\"><img loading=\"lazy\" decoding=\"async\" class=\"size-full wp-image-11636\" src=\"https:\/\/achisonsafety.com.vn\/wp-content\/uploads\/2025\/11\/hop-khoa-nhom-sieu-gon-brady-149173-4.jpg\" alt=\"\" width=\"900\" height=\"900\" title=\"\" srcset=\"https:\/\/achisonsafety.com.vn\/wp-content\/uploads\/2025\/11\/hop-khoa-nhom-sieu-gon-brady-149173-4.jpg 900w, https:\/\/achisonsafety.com.vn\/wp-content\/uploads\/2025\/11\/hop-khoa-nhom-sieu-gon-brady-149173-4-400x400.jpg 400w, https:\/\/achisonsafety.com.vn\/wp-content\/uploads\/2025\/11\/hop-khoa-nhom-sieu-gon-brady-149173-4-800x800.jpg 800w, https:\/\/achisonsafety.com.vn\/wp-content\/uploads\/2025\/11\/hop-khoa-nhom-sieu-gon-brady-149173-4-280x280.jpg 280w, https:\/\/achisonsafety.com.vn\/wp-content\/uploads\/2025\/11\/hop-khoa-nhom-sieu-gon-brady-149173-4-768x768.jpg 768w, https:\/\/achisonsafety.com.vn\/wp-content\/uploads\/2025\/11\/hop-khoa-nhom-sieu-gon-brady-149173-4-30x30.jpg 30w, https:\/\/achisonsafety.com.vn\/wp-content\/uploads\/2025\/11\/hop-khoa-nhom-sieu-gon-brady-149173-4-60x60.jpg 60w, https:\/\/achisonsafety.com.vn\/wp-content\/uploads\/2025\/11\/hop-khoa-nhom-sieu-gon-brady-149173-4-247x247.jpg 247w, https:\/\/achisonsafety.com.vn\/wp-content\/uploads\/2025\/11\/hop-khoa-nhom-sieu-gon-brady-149173-4-510x510.jpg 510w, https:\/\/achisonsafety.com.vn\/wp-content\/uploads\/2025\/11\/hop-khoa-nhom-sieu-gon-brady-149173-4-100x100.jpg 100w\" sizes=\"(max-width: 900px) 100vw, 900px\" \/><figcaption id=\"caption-attachment-11636\" class=\"wp-caption-text\">H\u1ed9p kh\u00f3a nh\u00f3m Brady 149173 r\u1ea5t ti\u1ec7n l\u1ee3i<\/figcaption><\/figure>\n<h2 style=\"text-align: justify;\"><strong>\u1ee8ng d\u1ee5ng r\u1ed9ng r\u00e3i trong c\u00f4ng nghi\u1ec7p<\/strong><\/h2>\n<p style=\"text-align: justify;\">H\u1ed9p kh\u00f3a nh\u00f3m si\u00eau g\u1ecdn Brady 149173 th\u01b0\u1eddng \u0111\u01b0\u1ee3c s\u1eed d\u1ee5ng ph\u1ed5 bi\u1ebfn trong:<br \/>\n&#8211; Nh\u00e0 m\u00e1y s\u1ea3n xu\u1ea5t, c\u01a1 kh\u00ed, th\u1ef1c ph\u1ea9m, bao b\u00ec.<br \/>\n&#8211; Ng\u00e0nh d\u1ea7u kh\u00ed, h\u00f3a ch\u1ea5t.<br \/>\n&#8211; Tr\u1ea1m \u0111i\u1ec7n, n\u01b0\u1edbc, n\u0103ng l\u01b0\u1ee3ng.<br \/>\n&#8211; C\u00e1c \u0111\u1ed9i b\u1ea3o tr\u00ec c\u01a1 \u0111\u1ed9ng t\u1ea1i c\u00f4ng tr\u00ecnh.<\/p>\n<p style=\"text-align: justify;\">S\u1ea3n ph\u1ea9m gi\u00fap chu\u1ea9n h\u00f3a quy tr\u00ecnh LOTO, gi\u1ea3m r\u1ee7i ro v\u00e0 ng\u0103n ng\u1eeba s\u1ef1 c\u1ed1 ngo\u00e0i \u00fd mu\u1ed1n trong qu\u00e1 tr\u00ecnh b\u1ea3o d\u01b0\u1ee1ng m\u00e1y m\u00f3c, l\u00e0 gi\u1ea3i ph\u00e1p l\u00fd t\u01b0\u1edfng cho c\u00e1c t\u00ecnh hu\u1ed1ng kh\u00f3a nh\u00f3m v\u1edbi nhi\u1ec1u \u0111i\u1ec3m c\u00e1ch ly v\u00e0 nhi\u1ec1u nh\u00e2n vi\u00ean b\u1ea3o tr\u00ec c\u00f9ng l\u00e0m vi\u1ec7c.<\/p>\n","protected":false},"excerpt":{"rendered":"<p style=\"text-align: justify;\">&#8211; Thi\u1ebft k\u1ebf si\u00eau g\u1ecdn, d\u1ec5 d\u00e0ng l\u1eafp \u0111\u1eb7t \u1edf m\u1ecdi n\u01a1i.<\/p>\n<p style=\"text-align: justify;\">&#8211; Kh\u1ea3 n\u0103ng qu\u1ea3n l\u00fd kh\u00f3a t\u1ed1i \u01b0u.<\/p>\n<p style=\"text-align: justify;\">&#8211; Ch\u1ea5t li\u1ec7u b\u1ec1n b\u1ec9, an to\u00e0n trong m\u00f4i tr\u01b0\u1eddng c\u00f4ng nghi\u1ec7p.<\/p>\n","protected":false},"featured_media":11630,"comment_status":"open","ping_status":"closed","template":"","meta":[],"product_cat":[62,25],"product_tag":[1080,1081],"class_list":{"0":"post-11629","1":"product","2":"type-product","3":"status-publish","4":"has-post-thumbnail","6":"product_cat-khoa-an-toan","7":"product_cat-quy-trinh-lockout-tagout","8":"product_tag-hop-khoa-nhom","9":"product_tag-hop-khoa-nhom-brady","10":"yith_product_brand-brady","12":"first","13":"instock","14":"shipping-taxable","15":"product-type-simple"},"acf":[],"_links":{"self":[{"href":"https:\/\/achisonsafety.com.vn\/en\/wp-json\/wp\/v2\/product\/11629"}],"collection":[{"href":"https:\/\/achisonsafety.com.vn\/en\/wp-json\/wp\/v2\/product"}],"about":[{"href":"https:\/\/achisonsafety.com.vn\/en\/wp-json\/wp\/v2\/types\/product"}],"replies":[{"embeddable":true,"href":"https:\/\/achisonsafety.com.vn\/en\/wp-json\/wp\/v2\/comments?post=11629"}],"wp:featuredmedia":[{"embeddable":true,"href":"https:\/\/achisonsafety.com.vn\/en\/wp-json\/wp\/v2\/media\/11630"}],"wp:attachment":[{"href":"https:\/\/achisonsafety.com.vn\/en\/wp-json\/wp\/v2\/media?parent=11629"}],"wp:term":[{"taxonomy":"product_cat","embeddable":true,"href":"https:\/\/achisonsafety.com.vn\/en\/wp-json\/wp\/v2\/product_cat?post=11629"},{"taxonomy":"product_tag","embeddable":true,"href":"https:\/\/achisonsafety.com.vn\/en\/wp-json\/wp\/v2\/product_tag?post=11629"}],"curies":[{"name":"wp","href":"https:\/\/api.w.org\/{rel}","templated":true}]}}