{"id":11674,"date":"2025-12-01T15:27:41","date_gmt":"2025-12-01T08:27:41","guid":{"rendered":"https:\/\/achisonsafety.com.vn\/?post_type=product&#038;p=11674"},"modified":"2025-12-01T16:06:25","modified_gmt":"2025-12-01T09:06:25","slug":"hop-khoa-nhom-slimview-brady-150505","status":"publish","type":"product","link":"https:\/\/achisonsafety.com.vn\/en\/san-pham\/hop-khoa-nhom-slimview-brady-150505\/","title":{"rendered":"H\u1ed9p Kh\u00f3a Nh\u00f3m SlimView Brady 150505"},"content":{"rendered":"<p style=\"text-align: justify;\">H\u1ed9p kh\u00f3a nh\u00f3m slimview Brady 150505 l\u00e0 gi\u1ea3i ph\u00e1p kh\u00f3a nh\u00f3m hi\u1ec7n \u0111\u1ea1i, gi\u00fap ki\u1ec3m so\u00e1t n\u0103ng l\u01b0\u1ee3ng nguy hi\u1ec3m m\u1ed9t c\u00e1ch t\u1ed1i \u01b0u trong c\u00e1c quy tr\u00ecnh b\u1ea3o tr\u00ec, s\u1eeda ch\u1eefa thi\u1ebft b\u1ecb c\u00f4ng nghi\u1ec7p.<\/p>\n<p style=\"text-align: justify;\">S\u1ea3n ph\u1ea9m \u0111\u01b0\u1ee3c thi\u1ebft k\u1ebf m\u1ecfng g\u1ecdn, trong su\u1ed1t, d\u1ec5 quan s\u00e1t, mang \u0111\u1ebfn s\u1ef1 ti\u1ec7n l\u1ee3i v\u01b0\u1ee3t tr\u1ed9i v\u00e0 \u0111\u1ea3m b\u1ea3o ti\u00eau chu\u1ea9n an to\u00e0n LOTO theo ti\u00eau chu\u1ea9n qu\u1ed1c t\u1ebf, s\u1ebd l\u00e0 l\u1ef1a ch\u1ecdn ho\u00e0n h\u1ea3o cho c\u00e1c nh\u00e0 m\u00e1y, x\u01b0\u1edfng s\u1ea3n xu\u1ea5t, khu c\u00f4ng nghi\u1ec7p, n\u01a1i y\u00eau c\u1ea7u t\u00ednh b\u1ea3o m\u1eadt cao v\u00e0 s\u1ef1 ph\u1ed1i h\u1ee3p an to\u00e0n gi\u1eefa nhi\u1ec1u k\u1ef9 thu\u1eadt vi\u00ean.<\/p>\n<figure id=\"attachment_11685\" aria-describedby=\"caption-attachment-11685\" style=\"width: 900px\" class=\"wp-caption aligncenter\"><img loading=\"lazy\" decoding=\"async\" class=\"size-full wp-image-11685\" src=\"https:\/\/achisonsafety.com.vn\/wp-content\/uploads\/2025\/12\/hop-khoa-nhom-slimview-brady-150505-1-1.jpg\" alt=\"\" width=\"900\" height=\"900\" title=\"\" srcset=\"https:\/\/achisonsafety.com.vn\/wp-content\/uploads\/2025\/12\/hop-khoa-nhom-slimview-brady-150505-1-1.jpg 900w, https:\/\/achisonsafety.com.vn\/wp-content\/uploads\/2025\/12\/hop-khoa-nhom-slimview-brady-150505-1-1-400x400.jpg 400w, https:\/\/achisonsafety.com.vn\/wp-content\/uploads\/2025\/12\/hop-khoa-nhom-slimview-brady-150505-1-1-800x800.jpg 800w, https:\/\/achisonsafety.com.vn\/wp-content\/uploads\/2025\/12\/hop-khoa-nhom-slimview-brady-150505-1-1-280x280.jpg 280w, https:\/\/achisonsafety.com.vn\/wp-content\/uploads\/2025\/12\/hop-khoa-nhom-slimview-brady-150505-1-1-768x768.jpg 768w, https:\/\/achisonsafety.com.vn\/wp-content\/uploads\/2025\/12\/hop-khoa-nhom-slimview-brady-150505-1-1-30x30.jpg 30w, https:\/\/achisonsafety.com.vn\/wp-content\/uploads\/2025\/12\/hop-khoa-nhom-slimview-brady-150505-1-1-60x60.jpg 60w, https:\/\/achisonsafety.com.vn\/wp-content\/uploads\/2025\/12\/hop-khoa-nhom-slimview-brady-150505-1-1-247x247.jpg 247w, https:\/\/achisonsafety.com.vn\/wp-content\/uploads\/2025\/12\/hop-khoa-nhom-slimview-brady-150505-1-1-510x510.jpg 510w, https:\/\/achisonsafety.com.vn\/wp-content\/uploads\/2025\/12\/hop-khoa-nhom-slimview-brady-150505-1-1-100x100.jpg 100w\" sizes=\"(max-width: 900px) 100vw, 900px\" \/><figcaption id=\"caption-attachment-11685\" class=\"wp-caption-text\">H\u1ed9p kh\u00f3a nh\u00f3m slimview Brady 150505<\/figcaption><\/figure>\n<h2 style=\"text-align: justify;\"><strong>\u0110i\u1ec3m n\u1ed5i b\u1eadt c\u1ee7a s\u1ea3n ph\u1ea9m<\/strong><\/h2>\n<p style=\"text-align: justify;\">H\u1ed9p kh\u00f3a nh\u00f3m SlimView Brady 150505 l\u00e0 l\u1ef1a ch\u1ecdn t\u1ed1i \u01b0u cho doanh nghi\u1ec7p mong mu\u1ed1n t\u0103ng c\u01b0\u1eddng an to\u00e0n lao \u0111\u1ed9ng v\u00e0 tu\u00e2n th\u1ee7 c\u00e1c ti\u00eau chu\u1ea9n qu\u1ed1c t\u1ebf trong quy tr\u00ecnh Lockout\/Tagout.<\/p>\n<p style=\"text-align: justify;\"><strong>C\u1eeda nh\u00ecn trong su\u1ed1t SlimView<\/strong><\/p>\n<p style=\"text-align: justify;\">B\u1ec1 m\u1eb7t c\u1eeda polycarbonate ch\u1ed1ng v\u1ee1, cho ph\u00e9p d\u1ec5 d\u00e0ng quan s\u00e1t ch\u00eca kh\u00f3a b\u00ean trong. T\u1ed1i \u01b0u h\u00f3a vi\u1ec7c ki\u1ec3m tra nhanh m\u00e0 kh\u00f4ng c\u1ea7n m\u1edf n\u1eafp.<\/p>\n<p style=\"text-align: justify;\"><strong>Thi\u1ebft k\u1ebf si\u00eau m\u1ecfng, gi\u00fap ti\u1ebft ki\u1ec7m kh\u00f4ng gian<\/strong><\/p>\n<p style=\"text-align: justify;\">Ph\u00f9 h\u1ee3p treo t\u01b0\u1eddng ho\u1eb7c c\u1ea7m tay. K\u00edch th\u01b0\u1edbc nh\u1ecf g\u1ecdn, nh\u1eb9, thu\u1eadn ti\u1ec7n s\u1eed d\u1ee5ng linh ho\u1ea1t trong nhi\u1ec1u khu v\u1ef1c.<\/p>\n<p style=\"text-align: justify;\"><strong>L\u01b0u tr\u1eef ch\u00eca kh\u00f3a an to\u00e0n cho nh\u00f3m<\/strong><\/p>\n<p style=\"text-align: justify;\">D\u00f9ng \u0111\u1ec3 gi\u1eef ch\u00eca kh\u00f3a kh\u00f3a ch\u00ednh trong quy tr\u00ecnh Lockout\/Tagout. M\u1ed7i k\u1ef9 thu\u1eadt vi\u00ean c\u00f3 th\u1ec3 g\u1eafn \u1ed5 kh\u00f3a c\u00e1 nh\u00e2n l\u00ean h\u1ed9p \u0111\u1ec3 \u0111\u1ea3m b\u1ea3o kh\u00f4ng ai c\u00f3 th\u1ec3 m\u1edf kh\u00f3a thi\u1ebft b\u1ecb tr\u01b0\u1edbc khi t\u1ea5t c\u1ea3 ho\u00e0n t\u1ea5t c\u00f4ng vi\u1ec7c.<\/p>\n<figure id=\"attachment_11683\" aria-describedby=\"caption-attachment-11683\" style=\"width: 900px\" class=\"wp-caption aligncenter\"><img loading=\"lazy\" decoding=\"async\" class=\"size-full wp-image-11683\" src=\"https:\/\/achisonsafety.com.vn\/wp-content\/uploads\/2025\/12\/hop-khoa-nhom-slimview-brady-150505-5.jpg\" alt=\"\" width=\"900\" height=\"900\" title=\"\" srcset=\"https:\/\/achisonsafety.com.vn\/wp-content\/uploads\/2025\/12\/hop-khoa-nhom-slimview-brady-150505-5.jpg 900w, https:\/\/achisonsafety.com.vn\/wp-content\/uploads\/2025\/12\/hop-khoa-nhom-slimview-brady-150505-5-400x400.jpg 400w, https:\/\/achisonsafety.com.vn\/wp-content\/uploads\/2025\/12\/hop-khoa-nhom-slimview-brady-150505-5-800x800.jpg 800w, https:\/\/achisonsafety.com.vn\/wp-content\/uploads\/2025\/12\/hop-khoa-nhom-slimview-brady-150505-5-280x280.jpg 280w, https:\/\/achisonsafety.com.vn\/wp-content\/uploads\/2025\/12\/hop-khoa-nhom-slimview-brady-150505-5-768x768.jpg 768w, https:\/\/achisonsafety.com.vn\/wp-content\/uploads\/2025\/12\/hop-khoa-nhom-slimview-brady-150505-5-30x30.jpg 30w, https:\/\/achisonsafety.com.vn\/wp-content\/uploads\/2025\/12\/hop-khoa-nhom-slimview-brady-150505-5-60x60.jpg 60w, https:\/\/achisonsafety.com.vn\/wp-content\/uploads\/2025\/12\/hop-khoa-nhom-slimview-brady-150505-5-247x247.jpg 247w, https:\/\/achisonsafety.com.vn\/wp-content\/uploads\/2025\/12\/hop-khoa-nhom-slimview-brady-150505-5-510x510.jpg 510w, https:\/\/achisonsafety.com.vn\/wp-content\/uploads\/2025\/12\/hop-khoa-nhom-slimview-brady-150505-5-100x100.jpg 100w\" sizes=\"(max-width: 900px) 100vw, 900px\" \/><figcaption id=\"caption-attachment-11683\" class=\"wp-caption-text\">C\u1eadn c\u1ea3nh h\u1ed9p kh\u00f3a nh\u00f3m slimview Brady 150505<\/figcaption><\/figure>\n<p style=\"text-align: justify;\"><strong>Ch\u1ea5t li\u1ec7u b\u1ec1n b\u1ec9, tu\u1ed5i th\u1ecd cao<\/strong><\/p>\n<p style=\"text-align: justify;\">V\u1ecf th\u00e9p s\u01a1n t\u0129nh \u0111i\u1ec7n ch\u1ed1ng \u0103n m\u00f2n. C\u1eeda polycarbonate ch\u1ecbu va \u0111\u1eadp m\u1ea1nh, ph\u00f9 h\u1ee3p m\u00f4i tr\u01b0\u1eddng c\u00f4ng nghi\u1ec7p n\u1eb7ng.<\/p>\n<p style=\"text-align: justify;\"><strong>T\u01b0\u01a1ng th\u00edch linh ho\u1ea1t v\u1edbi nhi\u1ec1u lo\u1ea1i \u1ed5 kh\u00f3a<\/strong><\/p>\n<p style=\"text-align: justify;\">Ph\u00f9 h\u1ee3p v\u1edbi h\u1ea7u h\u1ebft c\u00e1c lo\u1ea1i \u1ed5 kh\u00f3a m\u00f3c Lockout. D\u1ec5 d\u00e0ng t\u00edch h\u1ee3p v\u00e0o h\u1ec7 th\u1ed1ng kh\u00f3a hi\u1ec7n c\u00f3 c\u1ee7a nh\u00e0 m\u00e1y.<\/p>\n<h2 style=\"text-align: justify;\"><strong>\u1ee8ng d\u1ee5ng c\u1ee7a h\u1ed9p kh\u00f3a nh\u00f3m SlimView Brady 150505<\/strong><\/h2>\n<p>S\u1ea3n ph\u1ea9m \u0111\u01b0\u1ee3c \u1ee9ng d\u1ee5ng r\u1ed9ng r\u00e3i v\u00e0 ng\u00e0y c\u00e0ng \u0111\u01b0\u1ee3c nhi\u1ec1u kh\u00e1ch h\u00e0ng \u01b0a chu\u1ed9ng. D\u01b0\u1edbi \u0111\u00e2y l\u00e0 m\u1ed9t s\u1ed1 \u1ee9ng d\u1ee5ng ch\u00ednh c\u1ee7a h\u1ed9p kh\u00f3a nh\u00f3m Brady 150505:<\/p>\n<p style=\"text-align: justify;\">&#8211; Quy tr\u00ecnh b\u1ea3o tr\u00ec, b\u1ea3o d\u01b0\u1ee1ng, s\u1eeda ch\u1eefa thi\u1ebft b\u1ecb m\u00e1y m\u00f3c.<\/p>\n<p style=\"text-align: justify;\">&#8211; Nh\u00e0 m\u00e1y s\u1ea3n xu\u1ea5t, x\u01b0\u1edfng c\u01a1 kh\u00ed, luy\u1ec7n kim, h\u00f3a ch\u1ea5t, \u0111i\u1ec7n \u2013 n\u01b0\u1edbc \u2013 gas.<\/p>\n<p style=\"text-align: justify;\">&#8211; C\u00e1c khu v\u1ef1c y\u00eau c\u1ea7u ki\u1ec3m so\u00e1t n\u0103ng l\u01b0\u1ee3ng nguy hi\u1ec3m v\u1edbi nhi\u1ec1u k\u1ef9 thu\u1eadt vi\u00ean tham gia.<\/p>\n<figure id=\"attachment_11677\" aria-describedby=\"caption-attachment-11677\" style=\"width: 900px\" class=\"wp-caption aligncenter\"><img loading=\"lazy\" decoding=\"async\" class=\"size-full wp-image-11677\" src=\"https:\/\/achisonsafety.com.vn\/wp-content\/uploads\/2025\/12\/hop-khoa-nhom-slimview-brady-150505-2.jpg\" alt=\"\" width=\"900\" height=\"900\" title=\"\" srcset=\"https:\/\/achisonsafety.com.vn\/wp-content\/uploads\/2025\/12\/hop-khoa-nhom-slimview-brady-150505-2.jpg 900w, https:\/\/achisonsafety.com.vn\/wp-content\/uploads\/2025\/12\/hop-khoa-nhom-slimview-brady-150505-2-400x400.jpg 400w, https:\/\/achisonsafety.com.vn\/wp-content\/uploads\/2025\/12\/hop-khoa-nhom-slimview-brady-150505-2-800x800.jpg 800w, https:\/\/achisonsafety.com.vn\/wp-content\/uploads\/2025\/12\/hop-khoa-nhom-slimview-brady-150505-2-280x280.jpg 280w, https:\/\/achisonsafety.com.vn\/wp-content\/uploads\/2025\/12\/hop-khoa-nhom-slimview-brady-150505-2-768x768.jpg 768w, https:\/\/achisonsafety.com.vn\/wp-content\/uploads\/2025\/12\/hop-khoa-nhom-slimview-brady-150505-2-30x30.jpg 30w, https:\/\/achisonsafety.com.vn\/wp-content\/uploads\/2025\/12\/hop-khoa-nhom-slimview-brady-150505-2-60x60.jpg 60w, https:\/\/achisonsafety.com.vn\/wp-content\/uploads\/2025\/12\/hop-khoa-nhom-slimview-brady-150505-2-247x247.jpg 247w, https:\/\/achisonsafety.com.vn\/wp-content\/uploads\/2025\/12\/hop-khoa-nhom-slimview-brady-150505-2-510x510.jpg 510w, https:\/\/achisonsafety.com.vn\/wp-content\/uploads\/2025\/12\/hop-khoa-nhom-slimview-brady-150505-2-100x100.jpg 100w\" sizes=\"(max-width: 900px) 100vw, 900px\" \/><figcaption id=\"caption-attachment-11677\" class=\"wp-caption-text\">H\u1ed9p kh\u00f3a nh\u00f3m slimview Brady 150505 \u0111\u01b0\u1ee3c s\u1eed d\u1ee5ng t\u1ea1i nh\u00e0 m\u00e1y<\/figcaption><\/figure>\n<h2 style=\"text-align: justify;\"><strong>L\u1ee3i \u00edch khi s\u1eed d\u1ee5ng h\u1ed9p kh\u00f3a nh\u00f3m<\/strong><\/h2>\n<p style=\"text-align: justify;\">Vi\u1ec7c s\u1eed d\u1ee5ng s\u1ea3n ph\u1ea9m kh\u00f3a nh\u00f3m slimview 150505 c\u1ee7a th\u01b0\u01a1ng hi\u1ec7u Brady s\u1ebd gi\u00fap n\u00e2ng cao m\u1ee9c \u0111\u1ed9 an to\u00e0n lao \u0111\u1ed9ng theo ti\u00eau chu\u1ea9n LOTO qu\u1ed1c t\u1ebf.<\/p>\n<p style=\"text-align: justify;\">Qu\u1ea3n l\u00fd ch\u00eca kh\u00f3a r\u00f5 r\u00e0ng, minh b\u1ea1ch, tr\u00e1nh nh\u1ea7m l\u1eabn khi l\u00e0m vi\u1ec7c nh\u00f3m, gi\u00fap gi\u1ea3m thi\u1ec3u r\u1ee7i ro tai n\u1ea1n, ng\u0103n ch\u1eb7n thi\u1ebft b\u1ecb \u0111\u01b0\u1ee3c kh\u1edfi \u0111\u1ed9ng ngo\u00e0i \u00fd mu\u1ed1n, t\u0103ng hi\u1ec7u qu\u1ea3 v\u1eadn h\u00e0nh, \u0111\u1ea3m b\u1ea3o quy tr\u00ecnh b\u1ea3o tr\u00ec di\u1ec5n ra m\u01b0\u1ee3t m\u00e0.<\/p>\n<p style=\"text-align: justify;\">N\u1ebfu b\u1ea1n c\u1ea7n t\u01b0 v\u1ea5n th\u00eam v\u1ec1 d\u00f2ng s\u1ea3n ph\u1ea9m kh\u00f3a nh\u00f3m slimview Brady 150505 ho\u1eb7c b\u00e1o gi\u00e1 t\u1ed1t nh\u1ea5t th\u00ec h\u00e3y li\u00ean h\u1ec7 ngay v\u1edbi Achison nh\u00e9.<\/p>\n","protected":false},"excerpt":{"rendered":"<p style=\"text-align: justify;\">&#8211; C\u1eeda nh\u00ecn trong su\u1ed1t SlimView cho ph\u00e9p d\u1ec5 d\u00e0ng quan s\u00e1t ch\u00eca kh\u00f3a b\u00ean trong.<\/p>\n<p style=\"text-align: justify;\">&#8211; Thi\u1ebft k\u1ebf si\u00eau m\u1ecfng, gi\u00fap ti\u1ebft ki\u1ec7m kh\u00f4ng gian.<\/p>\n<p style=\"text-align: justify;\">&#8211; L\u01b0u tr\u1eef ch\u00eca kh\u00f3a an to\u00e0n cho nh\u00f3m.<\/p>\n","protected":false},"featured_media":11675,"comment_status":"open","ping_status":"closed","template":"","meta":[],"product_cat":[62,25],"product_tag":[1080,1081],"class_list":{"0":"post-11674","1":"product","2":"type-product","3":"status-publish","4":"has-post-thumbnail","6":"product_cat-khoa-an-toan","7":"product_cat-quy-trinh-lockout-tagout","8":"product_tag-hop-khoa-nhom","9":"product_tag-hop-khoa-nhom-brady","10":"yith_product_brand-brady","12":"first","13":"instock","14":"shipping-taxable","15":"product-type-simple"},"acf":[],"_links":{"self":[{"href":"https:\/\/achisonsafety.com.vn\/en\/wp-json\/wp\/v2\/product\/11674"}],"collection":[{"href":"https:\/\/achisonsafety.com.vn\/en\/wp-json\/wp\/v2\/product"}],"about":[{"href":"https:\/\/achisonsafety.com.vn\/en\/wp-json\/wp\/v2\/types\/product"}],"replies":[{"embeddable":true,"href":"https:\/\/achisonsafety.com.vn\/en\/wp-json\/wp\/v2\/comments?post=11674"}],"wp:featuredmedia":[{"embeddable":true,"href":"https:\/\/achisonsafety.com.vn\/en\/wp-json\/wp\/v2\/media\/11675"}],"wp:attachment":[{"href":"https:\/\/achisonsafety.com.vn\/en\/wp-json\/wp\/v2\/media?parent=11674"}],"wp:term":[{"taxonomy":"product_cat","embeddable":true,"href":"https:\/\/achisonsafety.com.vn\/en\/wp-json\/wp\/v2\/product_cat?post=11674"},{"taxonomy":"product_tag","embeddable":true,"href":"https:\/\/achisonsafety.com.vn\/en\/wp-json\/wp\/v2\/product_tag?post=11674"}],"curies":[{"name":"wp","href":"https:\/\/api.w.org\/{rel}","templated":true}]}}