{"id":1181,"date":"2022-04-26T16:06:12","date_gmt":"2022-04-26T09:06:12","guid":{"rendered":"https:\/\/beta.achisonsafety.com.vn\/?post_type=product&#038;p=1181"},"modified":"2025-09-17T16:55:00","modified_gmt":"2025-09-17T09:55:00","slug":"gang-tay-chong-hoa-chat-ansell-37-175","status":"publish","type":"product","link":"https:\/\/achisonsafety.com.vn\/en\/san-pham\/gang-tay-chong-hoa-chat-ansell-37-175\/","title":{"rendered":"G\u0103ng Tay Ch\u1ed1ng H\u00f3a Ch\u1ea5t Ansell 37-175"},"content":{"rendered":"<p>G\u0103ng Tay Ansell\u00a0 37\/175 thu\u1ed9c nh\u00f3m s\u1ea3n ph\u1ea9m<a href=\"https:\/\/achisonsafety.com.vn\/danh-muc-san-pham\/bao-ho-lao-dong\/gang-tay-bao-ho\/gang-tay-chong-hoa-chat\/\"> G\u0103ng tay ch\u1ed1ng h\u00f3a ch\u1ea5t<\/a>, ch\u1ed1ng d\u1ea7u, c\u00f3 th\u1ec3 t\u00e1i s\u1eed d\u1ee5ng, d\u00f9ng \u0111\u01b0\u1ee3c nhi\u1ec1u l\u1ea7n gi\u00fap ti\u1ebft ki\u1ec7m phi ch\u00ed m\u00e0 v\u1eabn gi\u1eef \u0111\u01b0\u1ee3c ch\u1ea5t l\u01b0\u1ee3ng an to\u00e0n khi l\u00e0m vi\u1ec7c. \u0110\u01b0\u1ee3c l\u00e0m t\u1eeb ch\u1ea5t li\u1ec7u Nitrile \u00edt protein, an to\u00e0n v\u00e0 \u00edt g\u00e2y d\u1ecb \u1ee9ng cho da.<\/p>\n<p><b>Th\u01b0\u01a1ng hi\u1ec7u:\u00a0<\/b>Ansell<\/p>\n<p><b>M\u00e3 s\u1ea3n ph\u1ea9m:\u00a0 37\/175<\/b><\/p>\n<p><b>Th\u00e0nh ph\u1ea7n: Nitrile Sol-vex<\/b><\/p>\n<p><strong>Ti\u00eau chu\u1ea9n:<\/strong>\u00a0EN 388 (2001), EN374 AKL, EN374<\/p>\n<p><b>M\u00f4 t\u1ea3:<\/b><\/p>\n<p>G\u0103ng tay ch\u1ed1ng h\u00f3a ch\u1ea5t Ansell\u00a0 37-175\u00a0 gi\u00fap b\u1ea3o v\u1ec7 tay trong m\u00f4i tr\u01b0\u1eddng c\u00f3 dung m\u00f4i, h\u00f3a ch\u1ea5t, d\u1ea7u m\u1ee1,\u2026<\/p>\n<p>G\u0103ng tay c\u00f3 th\u1ec3 t\u00e1i s\u1eed d\u1ee5ng nhi\u1ec1u l\u1ea7n v\u1edbi \u0111\u1ed9 b\u1ec1n v\u00e0 \u0111\u1ed9 m\u00e0i m\u00f2n cao, mang l\u1ea1i s\u1ef1 tho\u1ea3i m\u00e1i cho ng\u01b0\u1eddi s\u1eed d\u1ee5ng<\/p>\n<p>G\u0103ng tay \u0111\u01b0\u1ee3c thi\u1ebft k\u1ebf s\u1eed d\u1ee5ng trong m\u00f4i tr\u01b0\u1eddng l\u00e0m vi\u1ec7c \u01b0\u1edbt ho\u1eb7c kh\u00f4, ph\u00f9 h\u1ee3p v\u1edbi c\u1ea3 nam v\u00e0 n\u1eef<\/p>\n<p>Thi\u1ebft k\u1ebf theo ti\u00eau chu\u1ea9n Ch\u00e2u \u00c2u v\u1edbi nhi\u1ec1u t\u00ednh n\u0103ng n\u1ed5i b\u1eadt:<\/p>\n<p>Ch\u1ed1ng hao m\u00f2n: 500 V\u00f2ng<\/p>\n<p>Ch\u1ed1ng \u0111\u00e2m th\u1ee7ng: 20 Newton<\/p>\n<p>B\u1ea3o v\u1ec7 tay kh\u1ecfi Metan (CH4), Natri hidroxit (NaOH) 40%, Axit Sunphuric (H2SO4) 96%<\/p>\n<p><strong>\u1ee8ng d\u1ee5ng:\u00a0<\/strong><\/p>\n<p>G\u0103ng tay ch\u1ed1ng h\u00f3a ch\u1ea5t Ansell\u00a0 37-175 \u0111\u01b0\u1ee3c \u1ee9ng d\u1ee5ng trong c\u00e1c c\u00f4ng vi\u1ec7c h\u00e0ng ng\u00e0y nh\u01b0 gi\u1eb7t gi\u0169 qu\u1ea7n \u00e1o, v\u1ec7 sinh nh\u00e0 c\u1eeda, r\u1eeda ch\u00e9n,\u2026\u1ee8ng d\u1ee5ng trong c\u00e1c ng\u00e0nh c\u00f4ng nghi\u1ec7p h\u00f3a ch\u1ea5t, d\u1ea7u, ch\u1ebf t\u1ea1o kim lo\u1ea1i<\/p>\n","protected":false},"excerpt":{"rendered":"<ul>\n<li>Ch\u1ed1ng hao m\u00f2n: 500 V\u00f2ng<\/li>\n<li>Ch\u1ed1ng \u0111\u00e2m th\u1ee7ng: 20 Newton<\/li>\n<li>B\u1ea3o v\u1ec7 tay kh\u1ecfi Metan (CH4), Natri hidroxit (NaOH) 40%, Axit Sunphuric (H2SO4) 96%<\/li>\n<\/ul>\n","protected":false},"featured_media":1182,"comment_status":"open","ping_status":"closed","template":"","meta":[],"product_cat":[40,123],"product_tag":[188,189],"class_list":{"0":"post-1181","1":"product","2":"type-product","3":"status-publish","4":"has-post-thumbnail","6":"product_cat-gang-tay-bao-ho","7":"product_cat-gang-tay-chong-hoa-chat","8":"product_tag-nganh-dau-khi-khai-khoang-dong-tau-cang-bien-hang-khong","9":"product_tag-nganh-xay-dung-logistic-hoa-chat","10":"yith_product_brand-ansell","12":"first","13":"instock","14":"shipping-taxable","15":"product-type-simple"},"acf":[],"_links":{"self":[{"href":"https:\/\/achisonsafety.com.vn\/en\/wp-json\/wp\/v2\/product\/1181"}],"collection":[{"href":"https:\/\/achisonsafety.com.vn\/en\/wp-json\/wp\/v2\/product"}],"about":[{"href":"https:\/\/achisonsafety.com.vn\/en\/wp-json\/wp\/v2\/types\/product"}],"replies":[{"embeddable":true,"href":"https:\/\/achisonsafety.com.vn\/en\/wp-json\/wp\/v2\/comments?post=1181"}],"wp:featuredmedia":[{"embeddable":true,"href":"https:\/\/achisonsafety.com.vn\/en\/wp-json\/wp\/v2\/media\/1182"}],"wp:attachment":[{"href":"https:\/\/achisonsafety.com.vn\/en\/wp-json\/wp\/v2\/media?parent=1181"}],"wp:term":[{"taxonomy":"product_cat","embeddable":true,"href":"https:\/\/achisonsafety.com.vn\/en\/wp-json\/wp\/v2\/product_cat?post=1181"},{"taxonomy":"product_tag","embeddable":true,"href":"https:\/\/achisonsafety.com.vn\/en\/wp-json\/wp\/v2\/product_tag?post=1181"}],"curies":[{"name":"wp","href":"https:\/\/api.w.org\/{rel}","templated":true}]}}