{"id":1192,"date":"2022-04-26T16:38:56","date_gmt":"2022-04-26T09:38:56","guid":{"rendered":"https:\/\/beta.achisonsafety.com.vn\/?post_type=product&#038;p=1192"},"modified":"2025-10-07T21:29:11","modified_gmt":"2025-10-07T14:29:11","slug":"gang-tay-chong-hoa-chat-ansell-37-676","status":"publish","type":"product","link":"https:\/\/achisonsafety.com.vn\/en\/san-pham\/gang-tay-chong-hoa-chat-ansell-37-676\/","title":{"rendered":"G\u0103ng Tay Ch\u1ed1ng H\u00f3a Ch\u1ea5t Ansell 37-676"},"content":{"rendered":"<p style=\"text-align: justify;\"><a href=\"https:\/\/achisonsafety.com.vn\/san-pham\/gang-tay-chong-hoa-chat-ansell-37-676\" target=\"_blank\" rel=\"noopener\">G\u0103ng Tay Ch\u1ed1ng H\u00f3a Ch\u1ea5t Ansell 37-676<\/a> l\u00e0 s\u1ea3n ph\u1ea9m cao c\u1ea5p \u0111\u1ebfn t\u1eeb th\u01b0\u01a1ng hi\u1ec7u Ansell (\u00dac) \u2013 m\u1ed9t trong nh\u1eefng nh\u00e0 s\u1ea3n xu\u1ea5t thi\u1ebft b\u1ecb b\u1ea3o h\u1ed9 n\u1ed5i ti\u1ebfng to\u00e0n c\u1ea7u.<\/p>\n<p style=\"text-align: justify;\">V\u1edbi ch\u1ea5t li\u1ec7u nitrile cao c\u1ea5p, g\u0103ng tay Ansell 37-676 mang \u0111\u1ebfn kh\u1ea3 n\u0103ng ch\u1ed1ng th\u1ea5m, ch\u1ed1ng h\u00f3a ch\u1ea5t, ch\u1ed1ng d\u1ea7u m\u1ee1 v\u00e0 dung m\u00f4i c\u1ef1c k\u1ef3 hi\u1ec7u qu\u1ea3, gi\u00fap b\u1ea3o v\u1ec7 tuy\u1ec7t \u0111\u1ed1i cho \u0111\u00f4i tay c\u1ee7a ng\u01b0\u1eddi lao \u0111\u1ed9ng.<\/p>\n<h2 style=\"text-align: justify;\"><strong>\u0110i\u1ec3m n\u1ed5i b\u1eadt c\u1ee7a g\u0103ng tay ch\u1ed1ng ho\u00e1 ch\u1ea5t Ansell 37-676<\/strong><\/h2>\n<p style=\"text-align: justify;\"><strong>Ch\u1ea5t li\u1ec7u Nitrile cao c\u1ea5p<\/strong><\/p>\n<p style=\"text-align: justify;\">S\u1ea3n ph\u1ea9m \u0111\u01b0\u1ee3c thi\u1ebft k\u1ebf t\u1eeb 100% nitrile, c\u00f3 kh\u1ea3 n\u0103ng ch\u1ed1ng th\u1ea5m v\u01b0\u1ee3t tr\u1ed9i, kh\u00f4ng b\u1ecb ph\u00e2n h\u1ee7y khi ti\u1ebfp x\u00fac v\u1edbi nhi\u1ec1u lo\u1ea1i h\u00f3a ch\u1ea5t m\u1ea1nh nh\u01b0 axit, ki\u1ec1m, dung m\u00f4i, d\u1ea7u m\u1ee1\u2026<\/p>\n<p style=\"text-align: justify;\"><strong>Thi\u1ebft k\u1ebf linh ho\u1ea1t gi\u00fap tho\u1ea3i m\u00e1i khi s\u1eed d\u1ee5ng<\/strong><\/p>\n<p style=\"text-align: justify;\">G\u0103ng c\u00f3 \u0111\u1ed9 d\u00e0y 0.38 mm, chi\u1ec1u d\u00e0i 330 mm, \u00f4m s\u00e1t b\u00e0n tay, cho c\u1ea3m gi\u00e1c c\u1ea7m n\u1eafm t\u1ed1t m\u00e0 v\u1eabn \u0111\u1ea3m b\u1ea3o \u0111\u1ed9 b\u1ec1n cao.<\/p>\n<p style=\"text-align: justify;\"><strong>B\u1ec1 m\u1eb7t nh\u00e1m ch\u1ed1ng tr\u01a1n tr\u01b0\u1ee3t t\u1ed1i da<\/strong><\/p>\n<p style=\"text-align: justify;\">Thi\u1ebft k\u1ebf b\u1ec1 m\u1eb7t nh\u00e1m \u1edf l\u00f2ng b\u00e0n tay gi\u00fap t\u0103ng \u0111\u1ed9 ma s\u00e1t, gi\u00fap ng\u01b0\u1eddi d\u00f9ng d\u1ec5 d\u00e0ng thao t\u00e1c v\u1edbi d\u1ee5ng c\u1ee5, ngay c\u1ea3 trong m\u00f4i tr\u01b0\u1eddng \u01b0\u1edbt ho\u1eb7c tr\u01a1n d\u1ea7u.<\/p>\n<p style=\"text-align: justify;\"><strong>Kh\u00f4ng ch\u1ee9a protein latex t\u1ef1 nhi\u00ean<\/strong><\/p>\n<p style=\"text-align: justify;\">Gi\u00fap gi\u1ea3m nguy c\u01a1 d\u1ecb \u1ee9ng, an to\u00e0n cho nh\u1eefng ng\u01b0\u1eddi c\u00f3 da tay nh\u1ea1y c\u1ea3m.<\/p>\n<p style=\"text-align: justify;\"><strong>C\u00f3 th\u1ec3 t\u00e1i s\u1eed d\u1ee5ng \u0111\u01b0\u1ee3c nhi\u1ec1u l\u1ea7n<\/strong><\/p>\n<p style=\"text-align: justify;\">G\u0103ng tay ch\u1ed1ng ho\u00e1 ch\u1ea5t Ansell c\u00f3 \u0111\u1ed9 b\u1ec1n c\u01a1 h\u1ecdc cao, c\u00f3 th\u1ec3 gi\u1eb7t s\u1ea1ch v\u00e0 s\u1eed d\u1ee5ng nhi\u1ec1u l\u1ea7n m\u00e0 kh\u00f4ng b\u1ecb gi\u1ea3m hi\u1ec7u qu\u1ea3 b\u1ea3o v\u1ec7, gi\u00fap ti\u1ebft ki\u1ec7m phi ch\u00ed m\u00e0 v\u1eabn gi\u1eef \u0111\u01b0\u1ee3c ch\u1ea5t l\u01b0\u1ee3ng an to\u00e0n khi l\u00e0m vi\u1ec7c.<\/p>\n<h2 style=\"text-align: justify;\"><b>\u0110\u1eb7c t\u00ednh s\u1ea3n ph\u1ea9m\u00a0<\/b><\/h2>\n<p style=\"text-align: justify;\">Ch\u1ed1ng hao m\u00f2n: 500 V\u00f2ng<\/p>\n<p style=\"text-align: justify;\">Ch\u1ed1ng \u0111\u00e2m th\u1ee7ng: 20 Newton<\/p>\n<p style=\"text-align: justify;\">B\u1ea3o v\u1ec7 tay kh\u1ecfi Metan (CH4), Natri hidroxit (NaOH) 40%, Axit Sunphuric (H2SO4) 96%<\/p>\n<h2 style=\"text-align: justify;\"><span style=\"font-size: 100%;\"><strong>\u1ee8ng d\u1ee5ng c\u1ee7a g\u0103ng tay Ansell 37-676<\/strong><\/span><\/h2>\n<p style=\"text-align: justify;\">B\u1ea1n c\u00f3 th\u1ec3 s\u1eed d\u1ee5ng c\u00e1c s\u1ea3n ph\u1ea9m <a href=\"https:\/\/achisonsafety.com.vn\/gang-tay-chong-hoa-chat\" target=\"_blank\" rel=\"noopener\">g\u0103ng tay ch\u1ed1ng ho\u00e1 ch\u1ea5t<\/a> trong c\u00e1c l\u0129nh v\u1ef1c v\u00e0 ng\u00e0nh ngh\u1ec1 nh\u01b0: T\u1ef1 \u0111\u1ed9ng h\u00f3a; Ch\u1ebf bi\u1ebfn th\u1ef1c ph\u1ea9m; Gia c\u00f4ng kim lo\u1ea1i; D\u1ea7u kh\u00ed; H\u00f3a ch\u1ea5t; N\u00f4ng nghi\u1ec7p; C\u01a1 kh\u00ed ch\u00ednh x\u00e1c; Ti\u1ec7n \u00edch c\u00f4ng c\u1ed9ng; Kho b\u00e3i; \u1ee8ng d\u1ee5ng trong c\u00e1c c\u00f4ng vi\u1ec7c h\u00e0ng ng\u00e0y nh\u01b0 gi\u1eb7t gi\u0169 qu\u1ea7n \u00e1o, v\u1ec7 sinh nh\u00e0 c\u1eeda, r\u1eeda ch\u00e9n,\u2026<\/p>\n<h2 style=\"text-align: justify;\"><strong>C\u00f4ng vi\u1ec7c khuy\u1ebfn c\u00e1o s\u1eed d\u1ee5ng<\/strong><\/h2>\n<ul style=\"text-align: justify;\">\n<li>L\u1eafp r\u00e1p linh ki\u1ec7n trong chu\u1ed7i s\u1ea3n xu\u1ea5t<\/li>\n<li>Quy tr\u00ecnh ch\u1ebf bi\u1ebfn th\u1ef1c ph\u1ea9m, ti\u1ebfp x\u00fac tr\u1ef1c ti\u1ebfp v\u1edbi th\u1ef1c ph\u1ea9m<\/li>\n<li>Gia c\u00f4ng kim lo\u1ea1i<\/li>\n<li>C\u00f4ng vi\u1ec7c b\u01a1m th\u00f4ng th\u01b0\u1eddng<\/li>\n<li>X\u1eed l\u00fd s\u1ea3n ph\u1ea9m \u0111\u1ea7u v\u00e0o<\/li>\n<li>Tr\u1ed9n, l\u00e0m \u0111\u1ea7y nguy\u00ean v\u1eadt li\u1ec7u<\/li>\n<li>V\u1eadn h\u00e0nh h\u1ec7 th\u1ed1ng x\u1eed l\u00fd n\u01b0\u1edbc<\/li>\n<li>Thi\u1ebft b\u1ecb l\u1eafp \u0111\u1eb7t v\u00e0 th\u00e1o d\u1ee1<\/li>\n<li>Chi\u1ebft xu\u1ea5t ch\u1ea5t l\u1ecfng<\/li>\n<li>V\u1eadn h\u00e0nh chu\u1ed7i s\u1ea3n xu\u1ea5t<\/li>\n<li>X\u1eed l\u00fd s\u1ea3n ph\u1ea9m \u0111\u1ea7u ra<\/li>\n<li>Th\u1eed nghi\u1ec7m<\/li>\n<li>V\u1eadn h\u00e0nh h\u1ec7 th\u1ed1ng b\u01a1m tr\u1ed9n<\/li>\n<li>S\u01a1n ho\u1eb7c lau ch\u00f9i d\u1ee5ng c\u1ee5, robot<\/li>\n<\/ul>\n<p style=\"text-align: justify;\">G\u0103ng tay ch\u1ed1ng h\u00f3a ch\u1ea5t Ansell 37-676 \u0111\u1ea1t ti\u00eau chu\u1ea9n ch\u1ed1ng\u00a0m\u00e0i m\u00f2n, ch\u1ed1ng \u0111\u00e2m xuy\u00ean v\u01b0\u1ee3t tr\u1ed9i, cho th\u1eddi gian s\u1eed d\u1ee5ng l\u00e2u h\u01a1n, thi\u1ebft k\u1ebf v\u00e2n n\u1ed5i h\u00ecnh thoi k\u1ebft h\u1ee3p l\u1edbp ph\u1ee7 Nitrile t\u0103ng c\u01b0\u1eddng \u0111\u1ed9 b\u00e1m v\u01b0\u1ee3t tr\u1ed9i.<\/p>\n<p style=\"text-align: justify;\">N\u1ebfu b\u1ea1n quan t\u00e2m \u0111\u1ebfn s\u1ea3n ph\u1ea9m g\u0103ng tay ch\u1ed1ng ho\u00e1 ch\u1ea5t Ansell th\u00ec h\u00e3y li\u00ean h\u1ec7 v\u1edbi <a href=\"https:\/\/achisonsafety.com.vn\" target=\"_blank\" rel=\"noopener\">Achison<\/a> \u0111\u1ec3 \u0111\u01b0\u1ee3c t\u01b0 v\u1ea5n v\u00e0 nh\u1eadn v\u00e1o gi\u00e1 ngay h\u00f4m nay.<\/p>\n<p style=\"text-align: justify;\">#G\u0103ng\u00a0tay ch\u1ed1ng h\u00f3a ch\u1ea5t\u00a0Nitrile #G\u0103ng\u00a0tay ch\u1ed1ng\u00a0d\u1ea7u #G\u0103ng\u00a0tay ch\u1ed1ng h\u00f3a ch\u1ea5t\u00a0Ansell<\/p>\n","protected":false},"excerpt":{"rendered":"<p style=\"text-align: justify;\">&#8211; Ch\u1ea5t li\u1ec7u Nitrile cao c\u1ea5p c\u00f3 kh\u1ea3 n\u0103ng ch\u1ed1ng th\u1ea5m v\u01b0\u1ee3t tr\u1ed9i.<\/p>\n<p style=\"text-align: justify;\">&#8211; Thi\u1ebft k\u1ebf linh ho\u1ea1t gi\u00fap tho\u1ea3i m\u00e1i khi s\u1eed d\u1ee5ng.<\/p>\n<p style=\"text-align: justify;\">&#8211; B\u1ec1 m\u1eb7t nh\u00e1m ch\u1ed1ng tr\u01a1n tr\u01b0\u1ee3t t\u1ed1i \u0111a.<\/p>\n","protected":false},"featured_media":1197,"comment_status":"open","ping_status":"closed","template":"","meta":[],"product_cat":[16,40,123],"product_tag":[988,1040,1041],"class_list":{"0":"post-1192","1":"product","2":"type-product","3":"status-publish","4":"has-post-thumbnail","6":"product_cat-bao-ho-lao-dong","7":"product_cat-gang-tay-bao-ho","8":"product_cat-gang-tay-chong-hoa-chat","9":"product_tag-gang-tay-ansell","10":"product_tag-gang-tay-chong-hoa-chat","11":"product_tag-gang-tay-chong-hoa-chat-ansell","12":"yith_product_brand-ansell","14":"first","15":"instock","16":"shipping-taxable","17":"product-type-simple"},"acf":[],"_links":{"self":[{"href":"https:\/\/achisonsafety.com.vn\/en\/wp-json\/wp\/v2\/product\/1192"}],"collection":[{"href":"https:\/\/achisonsafety.com.vn\/en\/wp-json\/wp\/v2\/product"}],"about":[{"href":"https:\/\/achisonsafety.com.vn\/en\/wp-json\/wp\/v2\/types\/product"}],"replies":[{"embeddable":true,"href":"https:\/\/achisonsafety.com.vn\/en\/wp-json\/wp\/v2\/comments?post=1192"}],"wp:featuredmedia":[{"embeddable":true,"href":"https:\/\/achisonsafety.com.vn\/en\/wp-json\/wp\/v2\/media\/1197"}],"wp:attachment":[{"href":"https:\/\/achisonsafety.com.vn\/en\/wp-json\/wp\/v2\/media?parent=1192"}],"wp:term":[{"taxonomy":"product_cat","embeddable":true,"href":"https:\/\/achisonsafety.com.vn\/en\/wp-json\/wp\/v2\/product_cat?post=1192"},{"taxonomy":"product_tag","embeddable":true,"href":"https:\/\/achisonsafety.com.vn\/en\/wp-json\/wp\/v2\/product_tag?post=1192"}],"curies":[{"name":"wp","href":"https:\/\/api.w.org\/{rel}","templated":true}]}}