{"id":12098,"date":"2026-02-24T09:10:24","date_gmt":"2026-02-24T02:10:24","guid":{"rendered":"https:\/\/achisonsafety.com.vn\/?post_type=product&#038;p=12098"},"modified":"2026-02-26T09:45:04","modified_gmt":"2026-02-26T02:45:04","slug":"khoa-van-bi-brady-65669-tieu-chuan-lon","status":"publish","type":"product","link":"https:\/\/achisonsafety.com.vn\/en\/san-pham\/khoa-van-bi-brady-65669-tieu-chuan-lon\/","title":{"rendered":"Kh\u00f3a Van Bi Brady 65669 Ti\u00eau Chu\u1ea9n &#8211; L\u1edbn"},"content":{"rendered":"<p style=\"text-align: justify;\">Kh\u00f3a Van Bi Brady 65669 l\u00e0 thi\u1ebft b\u1ecb kh\u00f3a an to\u00e0n chuy\u00ean d\u1ee5ng d\u00e0nh cho van bi k\u00edch th\u01b0\u1edbc l\u1edbn, gi\u00fap ng\u0103n ch\u1eb7n vi\u1ec7c v\u1eadn h\u00e0nh tr\u00e1i ph\u00e9p trong qu\u00e1 tr\u00ecnh b\u1ea3o tr\u00ec, s\u1eeda ch\u1eefa.<\/p>\n<p style=\"text-align: justify;\">S\u1ea3n ph\u1ea9m \u0111\u01b0\u1ee3c thi\u1ebft k\u1ebf theo ti\u00eau chu\u1ea9n an to\u00e0n c\u00f4ng nghi\u1ec7p, \u0111\u1ea3m b\u1ea3o tu\u00e2n th\u1ee7 quy tr\u00ecnh Lockout\/Tagout (LOTO) t\u1ea1i nh\u00e0 m\u00e1y, x\u01b0\u1edfng s\u1ea3n xu\u1ea5t v\u00e0 c\u00f4ng tr\u00ecnh k\u1ef9 thu\u1eadt.<\/p>\n<figure id=\"attachment_12106\" aria-describedby=\"caption-attachment-12106\" style=\"width: 900px\" class=\"wp-caption aligncenter\"><img loading=\"lazy\" decoding=\"async\" class=\"size-full wp-image-12106\" src=\"https:\/\/achisonsafety.com.vn\/wp-content\/uploads\/2026\/02\/khoa-van-bi-brady-65669-tieu-chuan-lon-4.jpg\" alt=\"\" width=\"900\" height=\"360\" title=\"\" srcset=\"https:\/\/achisonsafety.com.vn\/wp-content\/uploads\/2026\/02\/khoa-van-bi-brady-65669-tieu-chuan-lon-4.jpg 900w, https:\/\/achisonsafety.com.vn\/wp-content\/uploads\/2026\/02\/khoa-van-bi-brady-65669-tieu-chuan-lon-4-800x320.jpg 800w, https:\/\/achisonsafety.com.vn\/wp-content\/uploads\/2026\/02\/khoa-van-bi-brady-65669-tieu-chuan-lon-4-768x307.jpg 768w, https:\/\/achisonsafety.com.vn\/wp-content\/uploads\/2026\/02\/khoa-van-bi-brady-65669-tieu-chuan-lon-4-75x30.jpg 75w, https:\/\/achisonsafety.com.vn\/wp-content\/uploads\/2026\/02\/khoa-van-bi-brady-65669-tieu-chuan-lon-4-150x60.jpg 150w, https:\/\/achisonsafety.com.vn\/wp-content\/uploads\/2026\/02\/khoa-van-bi-brady-65669-tieu-chuan-lon-4-510x204.jpg 510w\" sizes=\"(max-width: 900px) 100vw, 900px\" \/><figcaption id=\"caption-attachment-12106\" class=\"wp-caption-text\">C\u1eadn c\u1ea3nh s\u1ea3n ph\u1ea9m kh\u00f3a van Brady 65669<\/figcaption><\/figure>\n<h2 style=\"text-align: justify;\">\u0110i\u1ec3m m\u1ea1nh c\u1ee7a kh\u00f3a van bi Brady 65669<\/h2>\n<p style=\"text-align: justify;\">Ph\u00f9 h\u1ee3p van bi k\u00edch th\u01b0\u1edbc l\u1edbn: Thi\u1ebft k\u1ebf ch\u1eafc ch\u1eafn, bao ph\u1ee7 to\u00e0n b\u1ed9 tay g\u1ea1t van khi \u1edf v\u1ecb tr\u00ed \u0111\u00f3ng.<\/p>\n<p style=\"text-align: justify;\">Ch\u1ea5t li\u1ec7u nh\u1ef1a c\u00f4ng nghi\u1ec7p cao c\u1ea5p: Ch\u1ecbu va \u0111\u1eadp, ch\u1ed1ng h\u00f3a ch\u1ea5t, b\u1ec1n b\u1ec9 trong m\u00f4i tr\u01b0\u1eddng kh\u1eafc nghi\u1ec7t.<\/p>\n<p style=\"text-align: justify;\">D\u1ec5 d\u00e0ng l\u1eafp \u0111\u1eb7t: C\u1ea5u t\u1ea1o \u0111\u01a1n gi\u1ea3n, thao t\u00e1c nhanh ch\u00f3ng, ti\u1ebft ki\u1ec7m th\u1eddi gian.<\/p>\n<p style=\"text-align: justify;\">T\u01b0\u01a1ng th\u00edch nhi\u1ec1u lo\u1ea1i \u1ed5 kh\u00f3a an to\u00e0n: C\u00f3 th\u1ec3 s\u1eed d\u1ee5ng k\u1ebft h\u1ee3p v\u1edbi kh\u00f3a LOTO v\u00e0 th\u1ebb c\u1ea3nh b\u00e1o.<\/p>\n<p style=\"text-align: justify;\">M\u00e0u s\u1eafc an to\u00e0n ti\u00eau chu\u1ea9n: D\u1ec5 nh\u1eadn di\u1ec7n trong m\u00f4i tr\u01b0\u1eddng l\u00e0m vi\u1ec7c.<\/p>\n<h2 style=\"text-align: justify;\">\u1ee8ng d\u1ee5ng c\u1ee7a s\u1ea3n ph\u1ea9m<\/h2>\n<p style=\"text-align: justify;\">Kh\u00f3a Van Bi Brady 65669 \u0111\u01b0\u1ee3c \u1ee9ng d\u1ee5ng r\u1ed9ng r\u00e3i trong:<\/p>\n<p style=\"text-align: justify;\">&#8211; Nh\u00e0 m\u00e1y s\u1ea3n xu\u1ea5t c\u00f4ng nghi\u1ec7p<\/p>\n<p style=\"text-align: justify;\">&#8211; H\u1ec7 th\u1ed1ng \u0111\u01b0\u1eddng \u1ed1ng d\u1eabn kh\u00ed, n\u01b0\u1edbc, h\u00f3a ch\u1ea5t<\/p>\n<p style=\"text-align: justify;\">&#8211; Ng\u00e0nh d\u1ea7u kh\u00ed, n\u0103ng l\u01b0\u1ee3ng<\/p>\n<p style=\"text-align: justify;\">&#8211; C\u00f4ng tr\u00ecnh c\u01a1 \u0111i\u1ec7n (M&amp;E)<\/p>\n<p style=\"text-align: justify;\">S\u1ea3n ph\u1ea9m gi\u00fap ng\u0103n ng\u1eeba tai n\u1ea1n lao \u0111\u1ed9ng, \u0111\u1ea3m b\u1ea3o an to\u00e0n cho nh\u00e2n vi\u00ean k\u1ef9 thu\u1eadt trong qu\u00e1 tr\u00ecnh b\u1ea3o tr\u00ec thi\u1ebft b\u1ecb.<\/p>\n<figure id=\"attachment_12102\" aria-describedby=\"caption-attachment-12102\" style=\"width: 900px\" class=\"wp-caption aligncenter\"><img loading=\"lazy\" decoding=\"async\" class=\"size-full wp-image-12102\" src=\"https:\/\/achisonsafety.com.vn\/wp-content\/uploads\/2026\/02\/khoa-van-bi-brady-65669-tieu-chuan-lon-2.jpg\" alt=\"\" width=\"900\" height=\"900\" title=\"\" srcset=\"https:\/\/achisonsafety.com.vn\/wp-content\/uploads\/2026\/02\/khoa-van-bi-brady-65669-tieu-chuan-lon-2.jpg 900w, https:\/\/achisonsafety.com.vn\/wp-content\/uploads\/2026\/02\/khoa-van-bi-brady-65669-tieu-chuan-lon-2-400x400.jpg 400w, https:\/\/achisonsafety.com.vn\/wp-content\/uploads\/2026\/02\/khoa-van-bi-brady-65669-tieu-chuan-lon-2-800x800.jpg 800w, https:\/\/achisonsafety.com.vn\/wp-content\/uploads\/2026\/02\/khoa-van-bi-brady-65669-tieu-chuan-lon-2-280x280.jpg 280w, https:\/\/achisonsafety.com.vn\/wp-content\/uploads\/2026\/02\/khoa-van-bi-brady-65669-tieu-chuan-lon-2-768x768.jpg 768w, https:\/\/achisonsafety.com.vn\/wp-content\/uploads\/2026\/02\/khoa-van-bi-brady-65669-tieu-chuan-lon-2-30x30.jpg 30w, https:\/\/achisonsafety.com.vn\/wp-content\/uploads\/2026\/02\/khoa-van-bi-brady-65669-tieu-chuan-lon-2-60x60.jpg 60w, https:\/\/achisonsafety.com.vn\/wp-content\/uploads\/2026\/02\/khoa-van-bi-brady-65669-tieu-chuan-lon-2-247x247.jpg 247w, https:\/\/achisonsafety.com.vn\/wp-content\/uploads\/2026\/02\/khoa-van-bi-brady-65669-tieu-chuan-lon-2-510x510.jpg 510w, https:\/\/achisonsafety.com.vn\/wp-content\/uploads\/2026\/02\/khoa-van-bi-brady-65669-tieu-chuan-lon-2-100x100.jpg 100w\" sizes=\"(max-width: 900px) 100vw, 900px\" \/><figcaption id=\"caption-attachment-12102\" class=\"wp-caption-text\">\u1ee8ng d\u1ee5ng c\u1ee7a kh\u00f3a van Brady 65669<\/figcaption><\/figure>\n<h2 style=\"text-align: justify;\">L\u1ee3i \u00edch khi s\u1eed d\u1ee5ng kh\u00f3a van bi Brady<\/h2>\n<p style=\"text-align: justify;\">Vi\u1ec7c s\u1eed d\u1ee5ng s\u1ea3n ph\u1ea9m kh\u00f3a van bi Brady 65669 s\u1ebd mang \u0111\u1ebfn nhi\u1ec1u l\u1ee3i \u00edch:<\/p>\n<p style=\"text-align: justify;\">&#8211; Gi\u1ea3m thi\u1ec3u r\u1ee7i ro do v\u00f4 t\u00ecnh m\u1edf van<\/p>\n<p style=\"text-align: justify;\">&#8211; \u0110\u1ea3m b\u1ea3o tu\u00e2n th\u1ee7 ti\u00eau chu\u1ea9n an to\u00e0n lao \u0111\u1ed9ng<\/p>\n<p style=\"text-align: justify;\">&#8211; T\u0103ng t\u00ednh chuy\u00ean nghi\u1ec7p trong quy tr\u00ecnh qu\u1ea3n l\u00fd thi\u1ebft b\u1ecb<\/p>\n<p style=\"text-align: justify;\">&#8211; B\u1ea3o v\u1ec7 con ng\u01b0\u1eddi v\u00e0 t\u00e0i s\u1ea3n doanh nghi\u1ec7p<\/p>\n<h2 style=\"text-align: justify;\">V\u00ec sao n\u00ean ch\u1ecdn kh\u00f3a van bi Brady 65669?<\/h2>\n<p style=\"text-align: justify;\">Th\u01b0\u01a1ng hi\u1ec7u uy t\u00edn to\u00e0n c\u1ea7u t\u1eeb Brady Corporation<\/p>\n<p style=\"text-align: justify;\">Ch\u1ea5t l\u01b0\u1ee3ng \u0111\u1ea1t chu\u1ea9n qu\u1ed1c t\u1ebf<\/p>\n<p style=\"text-align: justify;\">\u0110\u1ed9 b\u1ec1n cao, s\u1eed d\u1ee5ng l\u00e2u d\u00e0i<\/p>\n<p style=\"text-align: justify;\">Gi\u1ea3i ph\u00e1p an to\u00e0n hi\u1ec7u qu\u1ea3 v\u00e0 kinh t\u1ebf<\/p>\n<p style=\"text-align: justify;\">N\u1ebfu doanh nghi\u1ec7p c\u1ee7a b\u1ea1n \u0111ang t\u00ecm ki\u1ebfm gi\u1ea3i ph\u00e1p kh\u00f3a van bi an to\u00e0n, chuy\u00ean nghi\u1ec7p v\u00e0 \u0111\u1ea1t chu\u1ea9n LOTO th\u00ec Kh\u00f3a Van Bi Brady 65669 Ti\u00eau Chu\u1ea9n \u2013 L\u1edbn ch\u00ednh l\u00e0 l\u1ef1a ch\u1ecdn t\u1ed1i \u01b0u m\u00e0 b\u1ea1n kh\u00f4ng th\u1ec3 n\u00e0o b\u1ecf qua.<\/p>\n<p style=\"text-align: justify;\">Li\u00ean h\u1ec7 ngay v\u1edbi Achison \u0111\u1ec3 \u0111\u01b0\u1ee3c t\u01b0 v\u1ea5n v\u00e0 b\u00e1o gi\u00e1 t\u1ed1t nh\u1ea5t.<\/p>\n","protected":false},"excerpt":{"rendered":"<div style=\"text-align: justify;\">&#8211; Ch\u1ea5t li\u1ec7u nh\u1ef1a c\u00f4ng nghi\u1ec7p cao c\u1ea5p: Ch\u1ecbu va \u0111\u1eadp, ch\u1ed1ng h\u00f3a ch\u1ea5t, b\u1ec1n b\u1ec9 trong m\u00f4i tr\u01b0\u1eddng kh\u1eafc nghi\u1ec7t.<\/div>\n<div style=\"text-align: justify;\"><\/div>\n<div style=\"text-align: justify;\">&#8211; D\u1ec5 d\u00e0ng l\u1eafp \u0111\u1eb7t: C\u1ea5u t\u1ea1o \u0111\u01a1n gi\u1ea3n, thao t\u00e1c nhanh ch\u00f3ng, ti\u1ebft ki\u1ec7m th\u1eddi gian.<\/div>\n<div style=\"text-align: justify;\"><\/div>\n<div style=\"text-align: justify;\">&#8211; T\u01b0\u01a1ng th\u00edch nhi\u1ec1u lo\u1ea1i \u1ed5 kh\u00f3a an to\u00e0n: C\u00f3 th\u1ec3 s\u1eed d\u1ee5ng k\u1ebft h\u1ee3p v\u1edbi kh\u00f3a LOTO v\u00e0 th\u1ebb c\u1ea3nh b\u00e1o.<\/div>\n","protected":false},"featured_media":12100,"comment_status":"open","ping_status":"closed","template":"","meta":[],"product_cat":[162,25],"product_tag":[1096,1097,1095],"class_list":{"0":"post-12098","1":"product","2":"type-product","3":"status-publish","4":"has-post-thumbnail","6":"product_cat-khoa-van","7":"product_cat-quy-trinh-lockout-tagout","8":"product_tag-khoa-van-bi","9":"product_tag-khoa-van-bi-65669","10":"product_tag-khoa-van-bi-brady","11":"yith_product_brand-brady","13":"first","14":"instock","15":"shipping-taxable","16":"product-type-simple"},"acf":[],"_links":{"self":[{"href":"https:\/\/achisonsafety.com.vn\/en\/wp-json\/wp\/v2\/product\/12098"}],"collection":[{"href":"https:\/\/achisonsafety.com.vn\/en\/wp-json\/wp\/v2\/product"}],"about":[{"href":"https:\/\/achisonsafety.com.vn\/en\/wp-json\/wp\/v2\/types\/product"}],"replies":[{"embeddable":true,"href":"https:\/\/achisonsafety.com.vn\/en\/wp-json\/wp\/v2\/comments?post=12098"}],"wp:featuredmedia":[{"embeddable":true,"href":"https:\/\/achisonsafety.com.vn\/en\/wp-json\/wp\/v2\/media\/12100"}],"wp:attachment":[{"href":"https:\/\/achisonsafety.com.vn\/en\/wp-json\/wp\/v2\/media?parent=12098"}],"wp:term":[{"taxonomy":"product_cat","embeddable":true,"href":"https:\/\/achisonsafety.com.vn\/en\/wp-json\/wp\/v2\/product_cat?post=12098"},{"taxonomy":"product_tag","embeddable":true,"href":"https:\/\/achisonsafety.com.vn\/en\/wp-json\/wp\/v2\/product_tag?post=12098"}],"curies":[{"name":"wp","href":"https:\/\/api.w.org\/{rel}","templated":true}]}}