{"id":12108,"date":"2026-02-26T09:36:30","date_gmt":"2026-02-26T02:36:30","guid":{"rendered":"https:\/\/achisonsafety.com.vn\/?post_type=product&#038;p=12108"},"modified":"2026-02-26T09:46:54","modified_gmt":"2026-02-26T02:46:54","slug":"khoa-van-bi-brady-65692-tieu-chuan-nho","status":"publish","type":"product","link":"https:\/\/achisonsafety.com.vn\/en\/san-pham\/khoa-van-bi-brady-65692-tieu-chuan-nho\/","title":{"rendered":"Kh\u00f3a Van Bi Brady 65692 Ti\u00eau Chu\u1ea9n &#8211; Nh\u1ecf"},"content":{"rendered":"<div style=\"text-align: justify;\">Kh\u00f3a Van Bi Brady 65692 Ti\u00eau Chu\u1ea9n \u2013 Nh\u1ecf l\u00e0 gi\u1ea3i ph\u00e1p chuy\u00ean d\u1ee5ng gi\u00fap c\u1ed1 \u0111\u1ecbnh tay van \u1edf tr\u1ea1ng th\u00e1i \u0111\u00f3ng, ng\u0103n ch\u1eb7n vi\u1ec7c v\u1eadn h\u00e0nh ngo\u00e0i \u00fd mu\u1ed1n v\u00e0 h\u1ed7 tr\u1ee3 th\u1ef1c hi\u1ec7n quy tr\u00ecnh Lockout\/Tagout (LOTO) hi\u1ec7u qu\u1ea3.<\/div>\n<div>\n<figure id=\"attachment_12115\" aria-describedby=\"caption-attachment-12115\" style=\"width: 900px\" class=\"wp-caption aligncenter\"><img loading=\"lazy\" decoding=\"async\" class=\"size-full wp-image-12115\" src=\"https:\/\/achisonsafety.com.vn\/wp-content\/uploads\/2026\/02\/khoa-van-bi-brady-65692-tieu-chuan-nho-4.jpg\" alt=\"\" width=\"900\" height=\"342\" title=\"\" srcset=\"https:\/\/achisonsafety.com.vn\/wp-content\/uploads\/2026\/02\/khoa-van-bi-brady-65692-tieu-chuan-nho-4.jpg 900w, https:\/\/achisonsafety.com.vn\/wp-content\/uploads\/2026\/02\/khoa-van-bi-brady-65692-tieu-chuan-nho-4-800x304.jpg 800w, https:\/\/achisonsafety.com.vn\/wp-content\/uploads\/2026\/02\/khoa-van-bi-brady-65692-tieu-chuan-nho-4-768x292.jpg 768w, https:\/\/achisonsafety.com.vn\/wp-content\/uploads\/2026\/02\/khoa-van-bi-brady-65692-tieu-chuan-nho-4-79x30.jpg 79w, https:\/\/achisonsafety.com.vn\/wp-content\/uploads\/2026\/02\/khoa-van-bi-brady-65692-tieu-chuan-nho-4-158x60.jpg 158w, https:\/\/achisonsafety.com.vn\/wp-content\/uploads\/2026\/02\/khoa-van-bi-brady-65692-tieu-chuan-nho-4-510x194.jpg 510w\" sizes=\"(max-width: 900px) 100vw, 900px\" \/><figcaption id=\"caption-attachment-12115\" class=\"wp-caption-text\">C\u1eadn c\u1ea3nh kh\u00f3a van bi c\u1ee1 nh\u1ecf Brady 65692<\/figcaption><\/figure>\n<\/div>\n<div style=\"text-align: justify;\"><\/div>\n<h2 style=\"text-align: justify;\">Thi\u1ebft k\u1ebf chuy\u00ean d\u1ee5ng cho van bi c\u1ee1 nh\u1ecf<\/h2>\n<div style=\"text-align: justify;\">Kh\u00f3a van bi Brady 65692 \u0111\u01b0\u1ee3c thi\u1ebft k\u1ebf ph\u00f9 h\u1ee3p v\u1edbi c\u00e1c lo\u1ea1i van bi tay g\u1ea1t k\u00edch th\u01b0\u1edbc nh\u1ecf, th\u01b0\u1eddng d\u00f9ng trong h\u1ec7 th\u1ed1ng c\u1ea5p n\u01b0\u1edbc, kh\u00ed n\u00e9n, h\u00f3a ch\u1ea5t ho\u1eb7c d\u00e2y chuy\u1ec1n s\u1ea3n xu\u1ea5t.<\/div>\n<div style=\"text-align: justify;\"><\/div>\n<div style=\"text-align: justify;\">Thi\u1ebft k\u1ebf m\u1ed9t m\u1ea3nh d\u1ec5 s\u1eed d\u1ee5ng, l\u00fd t\u01b0\u1edfng \u0111\u1ec3 kh\u00f3a tay c\u1ea7m van bi \u1edf v\u1ecb tr\u00ed t\u1eaft.<\/div>\n<div style=\"text-align: justify;\"><\/div>\n<div style=\"text-align: justify;\">S\u1ea3n ph\u1ea9m bao ph\u1ee7 ho\u00e0n to\u00e0n tay g\u1ea1t van khi \u1edf v\u1ecb tr\u00ed \u0111\u00f3ng, cho ph\u00e9p g\u1eafn th\u00eam kh\u00f3a an to\u00e0n v\u00e0 th\u1ebb c\u1ea3nh b\u00e1o, \u0111\u1ea3m b\u1ea3o:<\/div>\n<div style=\"text-align: justify;\"><\/div>\n<div style=\"text-align: justify;\">&#8211; Ng\u0103n ch\u1eb7n thao t\u00e1c m\u1edf van tr\u00e1i ph\u00e9p<\/div>\n<div style=\"text-align: justify;\"><\/div>\n<div style=\"text-align: justify;\">&#8211; C\u00f4 l\u1eadp ngu\u1ed3n n\u0103ng l\u01b0\u1ee3ng an to\u00e0n<\/div>\n<div style=\"text-align: justify;\"><\/div>\n<div style=\"text-align: justify;\">&#8211; Tu\u00e2n th\u1ee7 quy \u0111\u1ecbnh an to\u00e0n lao \u0111\u1ed9ng trong nh\u00e0 m\u00e1y<\/div>\n<h2 style=\"text-align: justify;\">\u0110\u1eb7c \u0111i\u1ec3m n\u1ed5i b\u1eadt<\/h2>\n<div style=\"text-align: justify;\">&#8211; Ch\u1ea5t li\u1ec7u nh\u1ef1a k\u1ef9 thu\u1eadt cao c\u1ea5p: Ch\u1ecbu va \u0111\u1eadp t\u1ed1t, b\u1ec1n b\u1ec9 trong m\u00f4i tr\u01b0\u1eddng c\u00f4ng nghi\u1ec7p.<\/div>\n<div style=\"text-align: justify;\"><\/div>\n<div style=\"text-align: justify;\">&#8211; Kh\u1ea3 n\u0103ng ch\u1ed1ng h\u00f3a ch\u1ea5t v\u00e0 \u0103n m\u00f2n: Ph\u00f9 h\u1ee3p s\u1eed d\u1ee5ng trong m\u00f4i tr\u01b0\u1eddng d\u1ea7u kh\u00ed, h\u00f3a ch\u1ea5t, th\u1ef1c ph\u1ea9m.<\/div>\n<div style=\"text-align: justify;\"><\/div>\n<div style=\"text-align: justify;\">&#8211; Thi\u1ebft k\u1ebf nh\u1ecf g\u1ecdn: D\u1ec5 l\u1eafp \u0111\u1eb7t v\u00e0 th\u00e1o g\u1ee1, ti\u1ebft ki\u1ec7m th\u1eddi gian b\u1ea3o tr\u00ec.<\/div>\n<div style=\"text-align: justify;\"><\/div>\n<div style=\"text-align: justify;\">&#8211; T\u01b0\u01a1ng th\u00edch nhi\u1ec1u lo\u1ea1i kh\u00f3a an to\u00e0n: C\u00f3 th\u1ec3 k\u1ebft h\u1ee3p v\u1edbi kh\u00f3a m\u00f3c an to\u00e0n Brady v\u00e0 th\u1ebb c\u1ea3nh b\u00e1o LOTO.<\/div>\n<h2 style=\"text-align: justify;\">\u1ee8ng d\u1ee5ng th\u1ef1c t\u1ebf c\u1ee7a s\u1ea3n ph\u1ea9m<\/h2>\n<div style=\"text-align: justify;\">Kh\u00f3a Van Bi Brady 65692 \u0111\u01b0\u1ee3c s\u1eed d\u1ee5ng r\u1ed9ng r\u00e3i trong:<\/div>\n<div style=\"text-align: justify;\"><\/div>\n<div style=\"text-align: justify;\">&#8211; Nh\u00e0 m\u00e1y s\u1ea3n xu\u1ea5t c\u00f4ng nghi\u1ec7p<\/div>\n<div style=\"text-align: justify;\"><\/div>\n<div style=\"text-align: justify;\">&#8211; H\u1ec7 th\u1ed1ng HVAC<\/div>\n<div style=\"text-align: justify;\"><\/div>\n<div style=\"text-align: justify;\">&#8211; Nh\u00e0 m\u00e1y th\u1ef1c ph\u1ea9m v\u00e0 \u0111\u1ed3 u\u1ed1ng<\/div>\n<div style=\"text-align: justify;\"><\/div>\n<div style=\"text-align: justify;\">&#8211; Ng\u00e0nh d\u1ea7u kh\u00ed, h\u00f3a ch\u1ea5t<\/div>\n<div style=\"text-align: justify;\"><\/div>\n<div style=\"text-align: justify;\">&#8211; Trung t\u00e2m b\u1ea3o tr\u00ec v\u00e0 k\u1ef9 thu\u1eadt<\/div>\n<h2 style=\"text-align: justify;\">V\u00ec sao b\u1ea1n n\u00ean s\u1eed d\u1ee5ng kh\u00f3a van bi Brady 65692?<\/h2>\n<div style=\"text-align: justify;\">&#8211; Gi\u1ea3m thi\u1ec3u r\u1ee7i ro tai n\u1ea1n lao \u0111\u1ed9ng<\/div>\n<div style=\"text-align: justify;\"><\/div>\n<div style=\"text-align: justify;\">&#8211; \u0110\u1ea3m b\u1ea3o tu\u00e2n th\u1ee7 ti\u00eau chu\u1ea9n an to\u00e0n qu\u1ed1c t\u1ebf<\/div>\n<div style=\"text-align: justify;\"><\/div>\n<div style=\"text-align: justify;\">&#8211; B\u1ea3o v\u1ec7 nh\u00e2n s\u1ef1 trong qu\u00e1 tr\u00ecnh s\u1eeda ch\u1eefa \u2013 b\u1ea3o tr\u00ec<\/div>\n<div style=\"text-align: justify;\"><\/div>\n<div style=\"text-align: justify;\">&#8211; N\u00e2ng cao t\u00ednh chuy\u00ean nghi\u1ec7p trong qu\u1ea3n l\u00fd an to\u00e0n<\/div>\n<div style=\"text-align: justify;\"><\/div>\n<div style=\"text-align: justify;\">Kh\u00f3a van bi c\u1ee1 nh\u1ecf an to\u00e0n, b\u1ec1n b\u1ec9, \u0111\u1ea1t chu\u1ea9n qu\u1ed1c t\u1ebf, l\u00e0 l\u1ef1a ch\u1ecdn \u0111\u00e1ng tin c\u1eady d\u00e0nh cho doanh nghi\u1ec7p c\u1ee7a b\u1ea1n. Li\u00ean h\u1ec7 ngay v\u1edbi Achison \u0111\u1ec3 \u0111\u01b0\u1ee3c t\u01b0 v\u1ea5n v\u00e0 b\u00e1o gi\u00e1 chi ti\u1ebft.<\/div>\n","protected":false},"excerpt":{"rendered":"<div style=\"text-align: justify;\">&#8211; Ch\u1ea5t li\u1ec7u nh\u1ef1a k\u1ef9 thu\u1eadt cao c\u1ea5p: Ch\u1ecbu va \u0111\u1eadp t\u1ed1t, b\u1ec1n b\u1ec9 trong m\u00f4i tr\u01b0\u1eddng c\u00f4ng nghi\u1ec7p.<\/div>\n<div><\/div>\n<div style=\"text-align: justify;\">&#8211; Kh\u1ea3 n\u0103ng ch\u1ed1ng h\u00f3a ch\u1ea5t v\u00e0 \u0103n m\u00f2n: Ph\u00f9 h\u1ee3p s\u1eed d\u1ee5ng trong m\u00f4i tr\u01b0\u1eddng d\u1ea7u kh\u00ed, h\u00f3a ch\u1ea5t, th\u1ef1c ph\u1ea9m.<\/div>\n<div><\/div>\n<div style=\"text-align: justify;\">&#8211; Thi\u1ebft k\u1ebf nh\u1ecf g\u1ecdn: D\u1ec5 l\u1eafp \u0111\u1eb7t v\u00e0 th\u00e1o g\u1ee1, ti\u1ebft ki\u1ec7m th\u1eddi gian b\u1ea3o tr\u00ec.<\/div>\n<div><\/div>\n<div style=\"text-align: justify;\">&#8211; T\u01b0\u01a1ng th\u00edch nhi\u1ec1u lo\u1ea1i kh\u00f3a an to\u00e0n: C\u00f3 th\u1ec3 k\u1ebft h\u1ee3p v\u1edbi kh\u00f3a m\u00f3c an to\u00e0n Brady v\u00e0 th\u1ebb c\u1ea3nh b\u00e1o LOTO.<\/div>\n","protected":false},"featured_media":12109,"comment_status":"open","ping_status":"closed","template":"","meta":[],"product_cat":[162,25],"product_tag":[1096,1098,1095],"class_list":{"0":"post-12108","1":"product","2":"type-product","3":"status-publish","4":"has-post-thumbnail","6":"product_cat-khoa-van","7":"product_cat-quy-trinh-lockout-tagout","8":"product_tag-khoa-van-bi","9":"product_tag-khoa-van-bi-65692","10":"product_tag-khoa-van-bi-brady","11":"yith_product_brand-brady","13":"first","14":"instock","15":"shipping-taxable","16":"product-type-simple"},"acf":[],"_links":{"self":[{"href":"https:\/\/achisonsafety.com.vn\/en\/wp-json\/wp\/v2\/product\/12108"}],"collection":[{"href":"https:\/\/achisonsafety.com.vn\/en\/wp-json\/wp\/v2\/product"}],"about":[{"href":"https:\/\/achisonsafety.com.vn\/en\/wp-json\/wp\/v2\/types\/product"}],"replies":[{"embeddable":true,"href":"https:\/\/achisonsafety.com.vn\/en\/wp-json\/wp\/v2\/comments?post=12108"}],"wp:featuredmedia":[{"embeddable":true,"href":"https:\/\/achisonsafety.com.vn\/en\/wp-json\/wp\/v2\/media\/12109"}],"wp:attachment":[{"href":"https:\/\/achisonsafety.com.vn\/en\/wp-json\/wp\/v2\/media?parent=12108"}],"wp:term":[{"taxonomy":"product_cat","embeddable":true,"href":"https:\/\/achisonsafety.com.vn\/en\/wp-json\/wp\/v2\/product_cat?post=12108"},{"taxonomy":"product_tag","embeddable":true,"href":"https:\/\/achisonsafety.com.vn\/en\/wp-json\/wp\/v2\/product_tag?post=12108"}],"curies":[{"name":"wp","href":"https:\/\/api.w.org\/{rel}","templated":true}]}}