{"id":12118,"date":"2026-02-26T10:37:32","date_gmt":"2026-02-26T03:37:32","guid":{"rendered":"https:\/\/achisonsafety.com.vn\/?post_type=product&#038;p=12118"},"modified":"2026-02-26T10:45:27","modified_gmt":"2026-02-26T03:45:27","slug":"khoa-tay-dieu-khien-can-truc-brady-151252-lon","status":"publish","type":"product","link":"https:\/\/achisonsafety.com.vn\/en\/san-pham\/khoa-tay-dieu-khien-can-truc-brady-151252-lon\/","title":{"rendered":"Kh\u00f3a Tay \u0110i\u1ec1u Khi\u1ec3n C\u1ea7n Tr\u1ee5c Brady 151252 (L\u1edbn)"},"content":{"rendered":"<div>Trong m\u00f4i tr\u01b0\u1eddng s\u1ea3n xu\u1ea5t c\u00f4ng nghi\u1ec7p, \u0111\u1eb7c bi\u1ec7t l\u00e0 t\u1ea1i c\u00e1c nh\u00e0 m\u00e1y s\u1eed d\u1ee5ng c\u1ea7u tr\u1ee5c, pa l\u0103ng v\u00e0 h\u1ec7 th\u1ed1ng n\u00e2ng h\u1ea1, vi\u1ec7c ki\u1ec3m so\u00e1t ngu\u1ed3n n\u0103ng l\u01b0\u1ee3ng tr\u01b0\u1edbc khi b\u1ea3o tr\u00ec l\u00e0 y\u00eau c\u1ea7u b\u1eaft bu\u1ed9c.<\/div>\n<div><\/div>\n<div>Kh\u00f3a tay \u0111i\u1ec1u khi\u1ec3n c\u1ea7n tr\u1ee5c Brady 151252 (l\u1edbn) l\u00e0 gi\u1ea3i ph\u00e1p an to\u00e0n chuy\u00ean d\u1ee5ng gi\u00fap \u0111\u1ea3m b\u1ea3o kh\u00f3a c\u00e1c n\u00fat \u0111i\u1ec1u khi\u1ec3n c\u1ee7a c\u1ea7n tr\u1ee5c c\u01a1 kh\u00ed ho\u1eb7c c\u1ea9u tr\u1ee5c khi kh\u00f4ng s\u1eed d\u1ee5ng.<\/div>\n<div><\/div>\n<div>\n<figure id=\"attachment_12128\" aria-describedby=\"caption-attachment-12128\" style=\"width: 900px\" class=\"wp-caption aligncenter\"><img loading=\"lazy\" decoding=\"async\" class=\"size-full wp-image-12128\" src=\"https:\/\/achisonsafety.com.vn\/wp-content\/uploads\/2026\/02\/khoa-tay-dieu-khien-cua-can-truc-lon-brady-151252-5.jpg\" alt=\"\" width=\"900\" height=\"546\" title=\"\" srcset=\"https:\/\/achisonsafety.com.vn\/wp-content\/uploads\/2026\/02\/khoa-tay-dieu-khien-cua-can-truc-lon-brady-151252-5.jpg 900w, https:\/\/achisonsafety.com.vn\/wp-content\/uploads\/2026\/02\/khoa-tay-dieu-khien-cua-can-truc-lon-brady-151252-5-659x400.jpg 659w, https:\/\/achisonsafety.com.vn\/wp-content\/uploads\/2026\/02\/khoa-tay-dieu-khien-cua-can-truc-lon-brady-151252-5-768x466.jpg 768w, https:\/\/achisonsafety.com.vn\/wp-content\/uploads\/2026\/02\/khoa-tay-dieu-khien-cua-can-truc-lon-brady-151252-5-49x30.jpg 49w, https:\/\/achisonsafety.com.vn\/wp-content\/uploads\/2026\/02\/khoa-tay-dieu-khien-cua-can-truc-lon-brady-151252-5-99x60.jpg 99w, https:\/\/achisonsafety.com.vn\/wp-content\/uploads\/2026\/02\/khoa-tay-dieu-khien-cua-can-truc-lon-brady-151252-5-510x309.jpg 510w\" sizes=\"(max-width: 900px) 100vw, 900px\" \/><figcaption id=\"caption-attachment-12128\" class=\"wp-caption-text\">C\u1eadn c\u1ea3nh s\u1ea3n ph\u1ea9m kh\u00f3a tay \u0111i\u1ec1u khi\u1ec3n c\u1ea7n tr\u1ee5c Brady 151252 (l\u1edbn)<\/figcaption><\/figure>\n<\/div>\n<h2>Gi\u1ea3i ph\u00e1p kh\u00f3a an to\u00e0n chuy\u00ean bi\u1ec7t cho c\u1ea7n tr\u1ee5c<\/h2>\n<div>Khoa tay Brady 151252 \u0111\u01b0\u1ee3c thi\u1ebft k\u1ebf \u0111\u1ec3 kh\u00f3a c\u1ed1 \u0111\u1ecbnh tay \u0111i\u1ec1u khi\u1ec3n (pendant control) c\u1ee7a c\u1ea7n tr\u1ee5c trong qu\u00e1 tr\u00ecnh b\u1ea3o tr\u00ec ho\u1eb7c s\u1eeda ch\u1eefa. Khi \u0111\u01b0\u1ee3c l\u1eafp \u0111\u1eb7t, thi\u1ebft b\u1ecb s\u1ebd bao ph\u1ee7 v\u00e0 c\u1ed1 \u0111\u1ecbnh c\u1ee5m n\u00fat \u0111i\u1ec1u khi\u1ec3n, kh\u00f4ng cho ph\u00e9p k\u00edch ho\u1ea1t h\u1ec7 th\u1ed1ng n\u00e2ng h\u1ea1.<\/div>\n<div><\/div>\n<div>\u0110i\u1ec1u n\u00e0y gi\u00fap:<\/div>\n<div>&#8211; Ng\u0103n ng\u1eeba kh\u1edfi \u0111\u1ed9ng ngo\u00e0i \u00fd mu\u1ed1n<\/div>\n<div>&#8211; B\u1ea3o v\u1ec7 k\u1ef9 thu\u1eadt vi\u00ean trong qu\u00e1 tr\u00ecnh b\u1ea3o tr\u00ec<\/div>\n<div>&#8211; Tu\u00e2n th\u1ee7 ti\u00eau chu\u1ea9n an to\u00e0n lao \u0111\u1ed9ng qu\u1ed1c t\u1ebf<\/div>\n<h2>\u0110\u1eb7c \u0111i\u1ec3m n\u1ed5i b\u1eadt c\u1ee7a Brady 151252<\/h2>\n<div>&#8211; K\u00edch th\u01b0\u1edbc l\u1edbn: Ph\u00f9 h\u1ee3p v\u1edbi nhi\u1ec1u lo\u1ea1i tay \u0111i\u1ec1u khi\u1ec3n c\u1ea7n tr\u1ee5c c\u00f4ng nghi\u1ec7p c\u1ee1 l\u1edbn.<\/div>\n<div><\/div>\n<div>&#8211; Thi\u1ebft k\u1ebf ch\u1eafc ch\u1eafn: Ch\u1ecbu va \u0111\u1eadp t\u1ed1t, s\u1eed d\u1ee5ng b\u1ec1n b\u1ec9 trong m\u00f4i tr\u01b0\u1eddng c\u00f4ng nghi\u1ec7p n\u1eb7ng.<\/div>\n<div><\/div>\n<div>&#8211; D\u1ec5 l\u1eafp \u0111\u1eb7t v\u00e0 th\u00e1o g\u1ee1: Kh\u00f4ng c\u1ea7n d\u1ee5ng c\u1ee5 ph\u1ee9c t\u1ea1p.<\/div>\n<div><\/div>\n<div>&#8211; T\u01b0\u01a1ng th\u00edch nhi\u1ec1u lo\u1ea1i kh\u00f3a m\u00f3c an to\u00e0n: C\u00f3 th\u1ec3 g\u1eafn nhi\u1ec1u \u1ed5 kh\u00f3a c\u00f9ng l\u00fac, ph\u00f9 h\u1ee3p quy tr\u00ecnh LOTO nh\u00f3m.<\/div>\n<div><\/div>\n<div>&#8211; Ch\u1ea5t li\u1ec7u nh\u1ef1a k\u1ef9 thu\u1eadt cao c\u1ea5p: Ch\u1ed1ng \u0103n m\u00f2n, ch\u1ecbu nhi\u1ec7t v\u00e0 h\u00f3a ch\u1ea5t.<\/div>\n<div><\/div>\n<div>&#8211; Ph\u00f9 h\u1ee3p v\u1edbi m\u1ecdi k\u00edch c\u1ee1, m\u1edf r\u1ed9ng t\u1eeb 101.6 mm \u0111\u1ebfn 457.2 mm cho c\u00e1c \u0111i\u1ec1u khi\u1ec3n treo.<\/div>\n<h2>\u1ee8ng d\u1ee5ng th\u1ef1c t\u1ebf c\u1ee7a s\u1ea3n ph\u1ea9m<\/h2>\n<div>Kh\u00f3a tay \u0111i\u1ec1u khi\u1ec3n c\u1ea7n tr\u1ee5c Brady 151252 \u0111\u01b0\u1ee3c s\u1eed d\u1ee5ng ph\u1ed5 bi\u1ebfn t\u1ea1i:<\/div>\n<div><\/div>\n<div>&#8211; Nh\u00e0 m\u00e1y s\u1ea3n xu\u1ea5t c\u01a1 kh\u00ed, th\u00e9p, xi m\u0103ng<\/div>\n<div><\/div>\n<div>&#8211; Kho v\u1eadn v\u00e0 trung t\u00e2m logistics<\/div>\n<div><\/div>\n<div>&#8211; Nh\u00e0 m\u00e1y ch\u1ebf t\u1ea1o thi\u1ebft b\u1ecb n\u1eb7ng<\/div>\n<div><\/div>\n<div>&#8211; C\u00f4ng tr\u00ecnh x\u00e2y d\u1ef1ng v\u00e0 khu c\u00f4ng nghi\u1ec7p<\/div>\n<div><\/div>\n<div>S\u1ea3n ph\u1ea9m \u0111\u1eb7c bi\u1ec7t ph\u00f9 h\u1ee3p v\u1edbi c\u00e1c doanh nghi\u1ec7p y\u00eau c\u1ea7u quy tr\u00ecnh an to\u00e0n nghi\u00eam ng\u1eb7t v\u00e0 ki\u1ec3m so\u00e1t r\u1ee7i ro \u1edf m\u1ee9c cao.<\/div>\n<div><\/div>\n<div>\n<figure id=\"attachment_12123\" aria-describedby=\"caption-attachment-12123\" style=\"width: 900px\" class=\"wp-caption aligncenter\"><img loading=\"lazy\" decoding=\"async\" class=\"size-full wp-image-12123\" src=\"https:\/\/achisonsafety.com.vn\/wp-content\/uploads\/2026\/02\/khoa-tay-dieu-khien-cua-can-truc-lon-brady-151252-3.jpg\" alt=\"\" width=\"900\" height=\"900\" title=\"\" srcset=\"https:\/\/achisonsafety.com.vn\/wp-content\/uploads\/2026\/02\/khoa-tay-dieu-khien-cua-can-truc-lon-brady-151252-3.jpg 900w, https:\/\/achisonsafety.com.vn\/wp-content\/uploads\/2026\/02\/khoa-tay-dieu-khien-cua-can-truc-lon-brady-151252-3-400x400.jpg 400w, https:\/\/achisonsafety.com.vn\/wp-content\/uploads\/2026\/02\/khoa-tay-dieu-khien-cua-can-truc-lon-brady-151252-3-800x800.jpg 800w, https:\/\/achisonsafety.com.vn\/wp-content\/uploads\/2026\/02\/khoa-tay-dieu-khien-cua-can-truc-lon-brady-151252-3-280x280.jpg 280w, https:\/\/achisonsafety.com.vn\/wp-content\/uploads\/2026\/02\/khoa-tay-dieu-khien-cua-can-truc-lon-brady-151252-3-768x768.jpg 768w, https:\/\/achisonsafety.com.vn\/wp-content\/uploads\/2026\/02\/khoa-tay-dieu-khien-cua-can-truc-lon-brady-151252-3-30x30.jpg 30w, https:\/\/achisonsafety.com.vn\/wp-content\/uploads\/2026\/02\/khoa-tay-dieu-khien-cua-can-truc-lon-brady-151252-3-60x60.jpg 60w, https:\/\/achisonsafety.com.vn\/wp-content\/uploads\/2026\/02\/khoa-tay-dieu-khien-cua-can-truc-lon-brady-151252-3-247x247.jpg 247w, https:\/\/achisonsafety.com.vn\/wp-content\/uploads\/2026\/02\/khoa-tay-dieu-khien-cua-can-truc-lon-brady-151252-3-510x510.jpg 510w, https:\/\/achisonsafety.com.vn\/wp-content\/uploads\/2026\/02\/khoa-tay-dieu-khien-cua-can-truc-lon-brady-151252-3-100x100.jpg 100w\" sizes=\"(max-width: 900px) 100vw, 900px\" \/><figcaption id=\"caption-attachment-12123\" class=\"wp-caption-text\">K\u1ef9 s\u01b0 \u0111ang s\u1eed d\u1ee5ng kh\u00f3a tay \u0111i\u1ec1u khi\u1ec3n c\u1ea7n tr\u1ee5c<\/figcaption><\/figure>\n<\/div>\n<h2>L\u1ee3i \u00edch khi s\u1eed d\u1ee5ng kh\u00f3a tay \u0111i\u1ec1u khi\u1ec3n c\u1ea7n tr\u1ee5c Brady 151252:<\/h2>\n<div>&#8211; Gi\u1ea3m thi\u1ec3u tai n\u1ea1n li\u00ean quan \u0111\u1ebfn thi\u1ebft b\u1ecb n\u00e2ng h\u1ea1<\/div>\n<div><\/div>\n<div>&#8211; B\u1ea3o v\u1ec7 nh\u00e2n s\u1ef1 trong qu\u00e1 tr\u00ecnh b\u1ea3o tr\u00ec<\/div>\n<div><\/div>\n<div>&#8211; N\u00e2ng cao t\u00ednh chuy\u00ean nghi\u1ec7p trong qu\u1ea3n l\u00fd an to\u00e0n<\/div>\n<div><\/div>\n<div>&#8211; \u0110\u00e1p \u1ee9ng y\u00eau c\u1ea7u \u0111\u00e1nh gi\u00e1 an to\u00e0n n\u1ed9i b\u1ed9 v\u00e0 qu\u1ed1c t\u1ebf<\/div>\n<div><\/div>\n<div>Kh\u00f3a tay \u0111i\u1ec1u khi\u1ec3n c\u1ea7n tr\u1ee5c Brady 151252 l\u00e0 l\u1ef1a ch\u1ecdn \u0111\u00e1ng tin c\u1eady gi\u00fap \u0111\u1ea3m b\u1ea3o an to\u00e0n tuy\u1ec7t \u0111\u1ed1i trong qu\u00e1 tr\u00ecnh v\u1eadn h\u00e0nh v\u00e0 b\u1ea3o tr\u00ec. H\u00e3y li\u00ean h\u1ec7 ngay v\u1edbi Achison \u0111\u1ec3 \u0111\u01b0\u1ee3c t\u01b0 v\u1ea5n v\u00e0 b\u00e1o gi\u00e1 b\u1ea1n nh\u00e9.<\/div>\n","protected":false},"excerpt":{"rendered":"<div style=\"text-align: justify;\">&#8211; K\u00edch th\u01b0\u1edbc l\u1edbn: Ph\u00f9 h\u1ee3p v\u1edbi nhi\u1ec1u lo\u1ea1i tay \u0111i\u1ec1u khi\u1ec3n c\u1ea7n tr\u1ee5c c\u00f4ng nghi\u1ec7p c\u1ee1 l\u1edbn.<\/div>\n<div style=\"text-align: justify;\"><\/div>\n<div style=\"text-align: justify;\">&#8211; Thi\u1ebft k\u1ebf ch\u1eafc ch\u1eafn: Ch\u1ecbu va \u0111\u1eadp t\u1ed1t, s\u1eed d\u1ee5ng b\u1ec1n b\u1ec9 trong m\u00f4i tr\u01b0\u1eddng c\u00f4ng nghi\u1ec7p n\u1eb7ng.<\/div>\n<div style=\"text-align: justify;\"><\/div>\n<div style=\"text-align: justify;\">&#8211; D\u1ec5 l\u1eafp \u0111\u1eb7t v\u00e0 th\u00e1o g\u1ee1: Kh\u00f4ng c\u1ea7n d\u1ee5ng c\u1ee5 ph\u1ee9c t\u1ea1p.<\/div>\n<div style=\"text-align: justify;\"><\/div>\n<div style=\"text-align: justify;\">&#8211; T\u01b0\u01a1ng th\u00edch nhi\u1ec1u lo\u1ea1i kh\u00f3a m\u00f3c an to\u00e0n: C\u00f3 th\u1ec3 g\u1eafn nhi\u1ec1u \u1ed5 kh\u00f3a c\u00f9ng l\u00fac, ph\u00f9 h\u1ee3p quy tr\u00ecnh LOTO nh\u00f3m.<\/div>\n","protected":false},"featured_media":12119,"comment_status":"open","ping_status":"closed","template":"","meta":[],"product_cat":[163,25],"product_tag":[1100,1099],"class_list":{"0":"post-12118","1":"product","2":"type-product","3":"status-publish","4":"has-post-thumbnail","6":"product_cat-khoa-loto-khac","7":"product_cat-quy-trinh-lockout-tagout","8":"product_tag-khoa-tay-brady-151252","9":"product_tag-khoa-tay-dieu-khien-can-truc","10":"yith_product_brand-brady","12":"first","13":"instock","14":"shipping-taxable","15":"product-type-simple"},"acf":[],"_links":{"self":[{"href":"https:\/\/achisonsafety.com.vn\/en\/wp-json\/wp\/v2\/product\/12118"}],"collection":[{"href":"https:\/\/achisonsafety.com.vn\/en\/wp-json\/wp\/v2\/product"}],"about":[{"href":"https:\/\/achisonsafety.com.vn\/en\/wp-json\/wp\/v2\/types\/product"}],"replies":[{"embeddable":true,"href":"https:\/\/achisonsafety.com.vn\/en\/wp-json\/wp\/v2\/comments?post=12118"}],"wp:featuredmedia":[{"embeddable":true,"href":"https:\/\/achisonsafety.com.vn\/en\/wp-json\/wp\/v2\/media\/12119"}],"wp:attachment":[{"href":"https:\/\/achisonsafety.com.vn\/en\/wp-json\/wp\/v2\/media?parent=12118"}],"wp:term":[{"taxonomy":"product_cat","embeddable":true,"href":"https:\/\/achisonsafety.com.vn\/en\/wp-json\/wp\/v2\/product_cat?post=12118"},{"taxonomy":"product_tag","embeddable":true,"href":"https:\/\/achisonsafety.com.vn\/en\/wp-json\/wp\/v2\/product_tag?post=12118"}],"curies":[{"name":"wp","href":"https:\/\/api.w.org\/{rel}","templated":true}]}}