{"id":12131,"date":"2026-02-27T09:38:43","date_gmt":"2026-02-27T02:38:43","guid":{"rendered":"https:\/\/achisonsafety.com.vn\/?post_type=product&#038;p=12131"},"modified":"2026-02-27T10:03:43","modified_gmt":"2026-02-27T03:03:43","slug":"khoa-tay-dieu-khien-cua-can-truc-brady-150587-nho","status":"publish","type":"product","link":"https:\/\/achisonsafety.com.vn\/en\/san-pham\/khoa-tay-dieu-khien-cua-can-truc-brady-150587-nho\/","title":{"rendered":"Kh\u00f3a Tay \u0110i\u1ec1u Khi\u1ec3n C\u1ee7a C\u1ea7n Tr\u1ee5c Brady 150587 &#8211; Nh\u1ecf"},"content":{"rendered":"<p style=\"text-align: justify;\">Kh\u00f3a Tay \u0110i\u1ec1u Khi\u1ec3n C\u1ee7a C\u1ea7n Tr\u1ee5c Brady 150587 \u0111\u01b0\u1ee3c thi\u1ebft k\u1ebf chuy\u00ean d\u1ee5ng nh\u1eb1m c\u1ed1 \u0111\u1ecbnh tay \u0111i\u1ec1u khi\u1ec3n, ng\u0103n ch\u1eb7n vi\u1ec7c k\u00edch ho\u1ea1t ngo\u00e0i \u00fd mu\u1ed1n trong qu\u00e1 tr\u00ecnh s\u1eeda ch\u1eefa, b\u1ea3o d\u01b0\u1ee1ng. \u0110\u1ea3m b\u1ea3o kh\u00f3a c\u00e1c n\u00fat \u0111i\u1ec1u khi\u1ec3n c\u1ee7a c\u1ea7n tr\u1ee5c c\u01a1 kh\u00ed ho\u1eb7c c\u1ea9u tr\u1ee5c khi kh\u00f4ng s\u1eed d\u1ee5ng.<\/p>\n<h2 style=\"text-align: justify;\">\u0110\u1eb7c \u0111i\u1ec3m n\u1ed5i b\u1eadt c\u1ee7a Brady 150587 &#8211; Nh\u1ecf<\/h2>\n<p style=\"text-align: justify;\"><strong>Thi\u1ebft k\u1ebf nh\u1ecf g\u1ecdn, linh ho\u1ea1t<\/strong><\/p>\n<p style=\"text-align: justify;\">Ph\u00f9 h\u1ee3p v\u1edbi nhi\u1ec1u lo\u1ea1i tay \u0111i\u1ec1u khi\u1ec3n c\u1ea7n tr\u1ee5c v\u00e0 thi\u1ebft b\u1ecb n\u00e2ng h\u1ea1 c\u00f3 k\u00edch th\u01b0\u1edbc nh\u1ecf (m\u1edf r\u1ed9ng t\u1eeb 101.6 mm \u0111\u1ebfn 457.2 mm cho c\u00e1c \u0111i\u1ec1u khi\u1ec3n treo).<\/p>\n<p style=\"text-align: justify;\"><strong>V\u1eadt li\u1ec7u b\u1ec1n b\u1ec9, ch\u1ecbu va \u0111\u1eadp t\u1ed1t<\/strong><\/p>\n<p style=\"text-align: justify;\">S\u1ea3n xu\u1ea5t t\u1eeb nh\u1ef1a k\u1ef9 thu\u1eadt cao c\u1ea5p, ch\u1ed1ng \u0103n m\u00f2n, ch\u1ecbu \u0111\u01b0\u1ee3c m\u00f4i tr\u01b0\u1eddng c\u00f4ng nghi\u1ec7p kh\u1eafc nghi\u1ec7t.<\/p>\n<p style=\"text-align: justify;\"><strong>D\u1ec5 d\u00e0ng l\u1eafp \u0111\u1eb7t v\u00e0 th\u00e1o g\u1ee1<\/strong><\/p>\n<p style=\"text-align: justify;\">Thi\u1ebft k\u1ebf th\u00f4ng minh gi\u00fap thao t\u00e1c nhanh ch\u00f3ng, ti\u1ebft ki\u1ec7m th\u1eddi gian khi th\u1ef1c hi\u1ec7n quy tr\u00ecnh LOTO.<\/p>\n<p style=\"text-align: justify;\"><strong>\u0110\u1ea3m b\u1ea3o an to\u00e0n lao \u0111\u1ed9ng<\/strong><\/p>\n<p style=\"text-align: justify;\">Ng\u0103n ch\u1eb7n nguy c\u01a1 kh\u1edfi \u0111\u1ed9ng thi\u1ebft b\u1ecb ngo\u00e0i \u00fd mu\u1ed1n, b\u1ea3o v\u1ec7 nh\u00e2n vi\u00ean b\u1ea3o tr\u00ec kh\u1ecfi tai n\u1ea1n \u0111i\u1ec7n v\u00e0 c\u01a1 kh\u00ed.<\/p>\n<h2 style=\"text-align: justify;\">\u1ee8ng d\u1ee5ng c\u1ee7a s\u1ea3n ph\u1ea9m<\/h2>\n<p style=\"text-align: justify;\">Kh\u00f3a tay \u0111i\u1ec1u khi\u1ec3n c\u1ee7a c\u1ea7n tr\u1ee5c brady 150587 \u0111\u01b0\u1ee3c \u1ee9ng d\u1ee5ng r\u1ed9ng r\u00e3i trong nhi\u1ec1u l\u0129nh v\u1ef1c:<br \/>\n&#8211; Nh\u00e0 m\u00e1y s\u1ea3n xu\u1ea5t c\u00f4ng nghi\u1ec7p<br \/>\n&#8211; Kho v\u1eadn, c\u1ea3ng logistics<br \/>\n&#8211; X\u01b0\u1edfng c\u01a1 kh\u00ed, k\u1ebft c\u1ea5u th\u00e9p<br \/>\n&#8211; C\u00e1c h\u1ec7 th\u1ed1ng c\u1ea7u tr\u1ee5c, c\u1ed5ng tr\u1ee5c v\u00e0 thi\u1ebft b\u1ecb n\u00e2ng h\u1ea1<\/p>\n<p style=\"text-align: justify;\">S\u1ea3n ph\u1ea9m \u0111\u1eb7c bi\u1ec7t ph\u00f9 h\u1ee3p trong ch\u01b0\u01a1ng tr\u00ecnh Lockout\/Tagout (LOTO) nh\u1eb1m \u0111\u1ea3m b\u1ea3o tu\u00e2n th\u1ee7 ti\u00eau chu\u1ea9n an to\u00e0n lao \u0111\u1ed9ng qu\u1ed1c t\u1ebf.<\/p>\n<h2 style=\"text-align: justify;\">L\u1ee3i \u00edch khi s\u1eed d\u1ee5ng kh\u00f3a tay \u0111i\u1ec1u khi\u1ec3n brady 150587<\/h2>\n<p style=\"text-align: justify;\">&#8211; H\u1ea1n ch\u1ebf r\u1ee7i ro tai n\u1ea1n lao \u0111\u1ed9ng<br \/>\n&#8211; Tu\u00e2n th\u1ee7 quy \u0111\u1ecbnh an to\u00e0n v\u00e0 ki\u1ec3m so\u00e1t n\u0103ng l\u01b0\u1ee3ng<br \/>\n&#8211; Gia t\u0103ng t\u00ednh chuy\u00ean nghi\u1ec7p trong qu\u1ea3n l\u00fd an to\u00e0n nh\u00e0 m\u00e1y<br \/>\n&#8211; \u0110\u1ed9 b\u1ec1n cao, t\u00e1i s\u1eed d\u1ee5ng nhi\u1ec1u l\u1ea7n<\/p>\n<p style=\"text-align: justify;\">Kh\u00f3a tay \u0111i\u1ec1u khi\u1ec3n c\u1ee7a c\u1ea7n tr\u1ee5c brady 150587 l\u00e0 gi\u1ea3i ph\u00e1p kh\u00f3a an to\u00e0n hi\u1ec7u qu\u1ea3, b\u1ec1n b\u1ec9 v\u00e0 \u0111\u00e1ng tin c\u1eady.<\/p>\n<p style=\"text-align: justify;\">N\u1ebfu b\u1ea1n quan t\u00e2m \u0111\u1ebfn s\u1ea3n ph\u1ea9m n\u00e0y th\u00ec h\u00e3y li\u00ean h\u1ec7 ngay \u0111\u1ec3 \u0111\u01b0\u1ee3c t\u01b0 v\u1ea5n chi ti\u1ebft v\u00e0 nh\u1eadn b\u00e1o gi\u00e1 t\u1ed1t nh\u1ea5t.<\/p>\n","protected":false},"excerpt":{"rendered":"<p style=\"text-align: justify;\">&#8211; S\u1ea3n xu\u1ea5t t\u1eeb nh\u1ef1a k\u1ef9 thu\u1eadt cao c\u1ea5p, ch\u1ed1ng \u0103n m\u00f2n, ch\u1ecbu \u0111\u01b0\u1ee3c m\u00f4i tr\u01b0\u1eddng c\u00f4ng nghi\u1ec7p kh\u1eafc nghi\u1ec7t.<\/p>\n<p style=\"text-align: justify;\">&#8211; Thi\u1ebft k\u1ebf th\u00f4ng minh gi\u00fap thao t\u00e1c nhanh ch\u00f3ng, ti\u1ebft ki\u1ec7m th\u1eddi gian khi th\u1ef1c hi\u1ec7n quy tr\u00ecnh LOTO.<\/p>\n<p style=\"text-align: justify;\">&#8211; Ng\u0103n ch\u1eb7n nguy c\u01a1 kh\u1edfi \u0111\u1ed9ng thi\u1ebft b\u1ecb ngo\u00e0i \u00fd mu\u1ed1n, b\u1ea3o v\u1ec7 nh\u00e2n vi\u00ean b\u1ea3o tr\u00ec kh\u1ecfi tai n\u1ea1n \u0111i\u1ec7n v\u00e0 c\u01a1 kh\u00ed.<\/p>\n","protected":false},"featured_media":12132,"comment_status":"open","ping_status":"closed","template":"","meta":[],"product_cat":[163,25],"product_tag":[1104,1099],"class_list":{"0":"post-12131","1":"product","2":"type-product","3":"status-publish","4":"has-post-thumbnail","6":"product_cat-khoa-loto-khac","7":"product_cat-quy-trinh-lockout-tagout","8":"product_tag-khoa-tay-brady","9":"product_tag-khoa-tay-dieu-khien-can-truc","10":"yith_product_brand-brady","12":"first","13":"instock","14":"shipping-taxable","15":"product-type-simple"},"acf":[],"_links":{"self":[{"href":"https:\/\/achisonsafety.com.vn\/en\/wp-json\/wp\/v2\/product\/12131"}],"collection":[{"href":"https:\/\/achisonsafety.com.vn\/en\/wp-json\/wp\/v2\/product"}],"about":[{"href":"https:\/\/achisonsafety.com.vn\/en\/wp-json\/wp\/v2\/types\/product"}],"replies":[{"embeddable":true,"href":"https:\/\/achisonsafety.com.vn\/en\/wp-json\/wp\/v2\/comments?post=12131"}],"wp:featuredmedia":[{"embeddable":true,"href":"https:\/\/achisonsafety.com.vn\/en\/wp-json\/wp\/v2\/media\/12132"}],"wp:attachment":[{"href":"https:\/\/achisonsafety.com.vn\/en\/wp-json\/wp\/v2\/media?parent=12131"}],"wp:term":[{"taxonomy":"product_cat","embeddable":true,"href":"https:\/\/achisonsafety.com.vn\/en\/wp-json\/wp\/v2\/product_cat?post=12131"},{"taxonomy":"product_tag","embeddable":true,"href":"https:\/\/achisonsafety.com.vn\/en\/wp-json\/wp\/v2\/product_tag?post=12131"}],"curies":[{"name":"wp","href":"https:\/\/api.w.org\/{rel}","templated":true}]}}