{"id":12151,"date":"2026-03-02T17:34:14","date_gmt":"2026-03-02T10:34:14","guid":{"rendered":"https:\/\/achisonsafety.com.vn\/?post_type=product&#038;p=12151"},"modified":"2026-03-03T15:18:05","modified_gmt":"2026-03-03T08:18:05","slug":"khoa-phich-cam-dien-va-khi-nen-ket-hop-brady-plo27e","status":"publish","type":"product","link":"https:\/\/achisonsafety.com.vn\/en\/san-pham\/khoa-phich-cam-dien-va-khi-nen-ket-hop-brady-plo27e\/","title":{"rendered":"Kh\u00f3a Ph\u00edch C\u1eafm \u0110i\u1ec7n V\u00e0 Kh\u00ed N\u00e9n K\u1ebft H\u1ee3p Brady PLO27E"},"content":{"rendered":"<p style=\"text-align: justify;\">Kh\u00f3a Ph\u00edch C\u1eafm \u0110i\u1ec7n V\u00e0 Kh\u00ed N\u00e9n K\u1ebft H\u1ee3p Brady PLO27E l\u00e0 s\u1ea3n ph\u1ea9m gi\u00fap c\u00f4 l\u1eadp \u0111\u1ed3ng th\u1eddi hai ngu\u1ed3n n\u0103ng l\u01b0\u1ee3ng, ng\u0103n ng\u1eeba r\u1ee7i ro kh\u1edfi \u0111\u1ed9ng ngo\u00e0i \u00fd mu\u1ed1n trong qu\u00e1 tr\u00ecnh b\u1ea3o tr\u00ec, s\u1eeda ch\u1eefa.<\/p>\n<p style=\"text-align: justify;\">Kh\u00f3a ph\u00edch c\u1eafm \u0111i\u1ec7n Brady PLO27E \u0111\u01b0\u1ee3c thi\u1ebft k\u1ebf \u0111\u1ec3:<\/p>\n<p style=\"text-align: justify;\">&#8211; Kh\u00f3a ph\u00edch c\u1eafm \u0111i\u1ec7n, ng\u0103n ch\u1eb7n vi\u1ec7c c\u1eafm l\u1ea1i ngu\u1ed3n \u0111i\u1ec7n khi \u0111ang b\u1ea3o tr\u00ec<\/p>\n<p style=\"text-align: justify;\">&#8211; Kh\u00f3a \u0111\u1ea7u n\u1ed1i kh\u00ed n\u00e9n, ki\u1ec3m so\u00e1t ho\u00e0n to\u00e0n ngu\u1ed3n kh\u00ed \u00e1p su\u1ea5t<\/p>\n<p style=\"text-align: justify;\">&#8211; Thi\u1ebft k\u1ebf k\u1ebft h\u1ee3p gi\u00fap doanh nghi\u1ec7p gi\u1ea3m thi\u1ec3u nguy c\u01a1 tai n\u1ea1n do n\u0103ng l\u01b0\u1ee3ng t\u00edch t\u1ee5 ho\u1eb7c kh\u1edfi \u0111\u1ed9ng b\u1ea5t ng\u1edd, tu\u00e2n th\u1ee7 nghi\u00eam ng\u1eb7t quy tr\u00ecnh Lockout\/Tagout (LOTO).<\/p>\n<p style=\"text-align: justify;\">&#8211; Ph\u00f9 h\u1ee3p v\u1edbi c\u00e1c \u0111\u1ea7u n\u1ed1i \u0111\u1ef1c &#8220;thu h\u1eb9p c\u1ed5&#8221; th\u01b0\u1eddng g\u1eafn tr\u00ean \u1ed1ng kh\u00ed n\u00e9n.<\/p>\n<h2 style=\"text-align: justify;\">\u0110\u1eb7c \u0111i\u1ec3m n\u1ed5i b\u1eadt<\/h2>\n<p style=\"text-align: justify;\">&#8211; S\u1ea3n ph\u1ea9m \u0111\u01b0\u1ee3c thi\u1ebft k\u1ebf b\u1eb1ng ch\u1ea5t li\u1ec7u nh\u1ef1a Polystyrene b\u1ec1n, ch\u1ecbu va \u0111\u1eadp v\u00e0 m\u00f4i tr\u01b0\u1eddng kh\u1eafc nghi\u1ec7t, t\u01b0\u01a1ng th\u00edch v\u1edbi ph\u00edch c\u1eafm 110V, 220V v\u00e0 550V.<\/p>\n<p style=\"text-align: justify;\">&#8211; M\u00e0u s\u1eafc an to\u00e0n n\u1ed5i b\u1eadt, d\u1ec5 nh\u1eadn di\u1ec7n trong khu v\u1ef1c l\u00e0m vi\u1ec7c<\/p>\n<p style=\"text-align: justify;\">&#8211; T\u01b0\u01a1ng th\u00edch nhi\u1ec1u k\u00edch th\u01b0\u1edbc ph\u00edch c\u1eafm v\u00e0 \u0111\u1ea7u n\u1ed1i kh\u00ed n\u00e9n<\/p>\n<p style=\"text-align: justify;\">&#8211; Cho ph\u00e9p s\u1eed d\u1ee5ng \u1ed5 kh\u00f3a an to\u00e0n c\u00e1 nh\u00e2n \u0111\u1ec3 \u0111\u1ea3m b\u1ea3o ki\u1ec3m so\u00e1t theo t\u1eebng k\u1ef9 thu\u1eadt vi\u00ean<\/p>\n<p style=\"text-align: justify;\">&#8211; Thi\u1ebft k\u1ebf ch\u1eafc ch\u1eafn, d\u1ec5 thao t\u00e1c v\u00e0 l\u1eafp \u0111\u1eb7t nhanh ch\u00f3ng<\/p>\n<h2 style=\"text-align: justify;\">\u1ee8ng d\u1ee5ng c\u1ee7a s\u1ea3n ph\u1ea9m<\/h2>\n<p style=\"text-align: justify;\">Kh\u00f3a ph\u00edch c\u1eafm \u0111i\u1ec7n v\u00e0 kh\u00ed n\u00e9n k\u1ebft h\u1ee3p Brady PLO27E th\u00edch h\u1ee3p d\u00f9ng cho:<\/p>\n<p style=\"text-align: justify;\">&#8211; Nh\u00e0 m\u00e1y s\u1ea3n xu\u1ea5t c\u01a1 kh\u00ed<\/p>\n<p style=\"text-align: justify;\">&#8211; Ng\u00e0nh th\u1ef1c ph\u1ea9m v\u00e0 \u0111\u1ed3 u\u1ed1ng<\/p>\n<p style=\"text-align: justify;\">&#8211; Nh\u00e0 m\u00e1y \u0111i\u1ec7n, \u0111i\u1ec7n t\u1eed<\/p>\n<p style=\"text-align: justify;\">&#8211; X\u01b0\u1edfng b\u1ea3o tr\u00ec thi\u1ebft b\u1ecb c\u00f4ng nghi\u1ec7p<\/p>\n<p style=\"text-align: justify;\">&#8211; B\u1ea5t k\u1ef3 m\u00f4i tr\u01b0\u1eddng n\u00e0o s\u1eed d\u1ee5ng \u0111\u1ed3ng th\u1eddi ngu\u1ed3n \u0111i\u1ec7n v\u00e0 kh\u00ed n\u00e9n<\/p>\n<h2 style=\"text-align: justify;\">V\u00ec sao n\u00ean s\u1eed d\u1ee5ng kh\u00f3a ph\u00edch c\u1eafm \u0111i\u1ec7n Brady PLO27E<\/h2>\n<p style=\"text-align: justify;\">&#8211; Ng\u0103n ch\u1eb7n tai n\u1ea1n lao \u0111\u1ed9ng do n\u0103ng l\u01b0\u1ee3ng nguy hi\u1ec3m<\/p>\n<p style=\"text-align: justify;\">&#8211; N\u00e2ng cao m\u1ee9c \u0111\u1ed9 tu\u00e2n th\u1ee7 ti\u00eau chu\u1ea9n an to\u00e0n qu\u1ed1c t\u1ebf<\/p>\n<p style=\"text-align: justify;\">&#8211; B\u1ea3o v\u1ec7 nh\u00e2n vi\u00ean v\u00e0 t\u00e0i s\u1ea3n doanh nghi\u1ec7p<\/p>\n<p style=\"text-align: justify;\">&#8211; Gi\u1ea3m thi\u1ec3u th\u1eddi gian gi\u00e1n \u0111o\u1ea1n do s\u1ef1 c\u1ed1 an to\u00e0n<\/p>\n<p style=\"text-align: justify;\">Kh\u00f3a ph\u00edch c\u1eafm \u0111i\u1ec7n Brady PLO27E l\u00e0 l\u1ef1a ch\u1ecdn t\u1ed1i \u01b0u cho doanh nghi\u1ec7p \u0111ang t\u00ecm ki\u1ebfm gi\u1ea3i ph\u00e1p kh\u00f3a an to\u00e0n \u0111a n\u0103ng, hi\u1ec7u qu\u1ea3 v\u00e0 b\u1ec1n b\u1ec9.<\/p>\n<p style=\"text-align: justify;\">\u0110\u1ea7u t\u01b0 \u0111\u00fang thi\u1ebft b\u1ecb Lockout\/Tagout kh\u00f4ng ch\u1ec9 l\u00e0 tu\u00e2n th\u1ee7 quy \u0111\u1ecbnh m\u00e0 c\u00f2n l\u00e0 b\u1ea3o v\u1ec7 con ng\u01b0\u1eddi, t\u00e0i s\u1ea3n v\u00e0 uy t\u00edn doanh nghi\u1ec7p. Li\u00ean h\u1ec7 ngay v\u1edbi Achison \u0111\u1ec3 \u0111\u01b0\u1ee3c t\u01b0 v\u1ea5n v\u00e0 nh\u1eadn b\u00e1o gi\u00e1 t\u1ed1t nh\u1ea5t b\u1ea1n nh\u00e9.<\/p>\n","protected":false},"excerpt":{"rendered":"<p style=\"text-align: justify;\">&#8211; Thi\u1ebft k\u1ebf b\u1eb1ng ch\u1ea5t li\u1ec7u nh\u1ef1a Polystyrene b\u1ec1n, ch\u1ecbu va \u0111\u1eadp v\u00e0 m\u00f4i tr\u01b0\u1eddng kh\u1eafc nghi\u1ec7t<\/p>\n<p style=\"text-align: justify;\">&#8211; M\u00e0u s\u1eafc an to\u00e0n n\u1ed5i b\u1eadt, d\u1ec5 nh\u1eadn di\u1ec7n trong khu v\u1ef1c l\u00e0m vi\u1ec7c<\/p>\n<p style=\"text-align: justify;\">&#8211; T\u01b0\u01a1ng th\u00edch nhi\u1ec1u k\u00edch th\u01b0\u1edbc ph\u00edch c\u1eafm v\u00e0 \u0111\u1ea7u n\u1ed1i kh\u00ed n\u00e9n<\/p>\n<p style=\"text-align: justify;\">&#8211; Cho ph\u00e9p s\u1eed d\u1ee5ng \u1ed5 kh\u00f3a an to\u00e0n c\u00e1 nh\u00e2n \u0111\u1ec3 \u0111\u1ea3m b\u1ea3o ki\u1ec3m so\u00e1t theo t\u1eebng k\u1ef9 thu\u1eadt vi\u00ean<\/p>\n<p style=\"text-align: justify;\">&#8211; Thi\u1ebft k\u1ebf ch\u1eafc ch\u1eafn, d\u1ec5 thao t\u00e1c v\u00e0 l\u1eafp \u0111\u1eb7t nhanh ch\u00f3ng<\/p>\n","protected":false},"featured_media":12152,"comment_status":"open","ping_status":"closed","template":"","meta":[],"product_cat":[25],"product_tag":[1106],"class_list":{"0":"post-12151","1":"product","2":"type-product","3":"status-publish","4":"has-post-thumbnail","6":"product_cat-quy-trinh-lockout-tagout","7":"product_tag-khoa-phich-cam-dien","8":"yith_product_brand-brady","10":"first","11":"instock","12":"shipping-taxable","13":"product-type-simple"},"acf":[],"_links":{"self":[{"href":"https:\/\/achisonsafety.com.vn\/en\/wp-json\/wp\/v2\/product\/12151"}],"collection":[{"href":"https:\/\/achisonsafety.com.vn\/en\/wp-json\/wp\/v2\/product"}],"about":[{"href":"https:\/\/achisonsafety.com.vn\/en\/wp-json\/wp\/v2\/types\/product"}],"replies":[{"embeddable":true,"href":"https:\/\/achisonsafety.com.vn\/en\/wp-json\/wp\/v2\/comments?post=12151"}],"wp:featuredmedia":[{"embeddable":true,"href":"https:\/\/achisonsafety.com.vn\/en\/wp-json\/wp\/v2\/media\/12152"}],"wp:attachment":[{"href":"https:\/\/achisonsafety.com.vn\/en\/wp-json\/wp\/v2\/media?parent=12151"}],"wp:term":[{"taxonomy":"product_cat","embeddable":true,"href":"https:\/\/achisonsafety.com.vn\/en\/wp-json\/wp\/v2\/product_cat?post=12151"},{"taxonomy":"product_tag","embeddable":true,"href":"https:\/\/achisonsafety.com.vn\/en\/wp-json\/wp\/v2\/product_tag?post=12151"}],"curies":[{"name":"wp","href":"https:\/\/api.w.org\/{rel}","templated":true}]}}