{"id":12172,"date":"2026-03-03T16:01:57","date_gmt":"2026-03-03T09:01:57","guid":{"rendered":"https:\/\/achisonsafety.com.vn\/?post_type=product&#038;p=12172"},"modified":"2026-03-04T14:41:50","modified_gmt":"2026-03-04T07:41:50","slug":"khoa-chuoi-cam-dien-hubbell-brady-65968","status":"publish","type":"product","link":"https:\/\/achisonsafety.com.vn\/en\/san-pham\/khoa-chuoi-cam-dien-hubbell-brady-65968\/","title":{"rendered":"Kh\u00f3a Chu\u00f4i C\u1eafm \u0110i\u1ec7n Hubbell Brady 65968"},"content":{"rendered":"<div style=\"text-align: justify;\">Kh\u00f3a Chu\u00f4i C\u1eafm \u0110i\u1ec7n Hubbell Brady 65968 l\u00e0 thi\u1ebft b\u1ecb chuy\u00ean d\u1ee5ng gi\u00fap c\u00f4 l\u1eadp v\u00e0 kh\u00f3a c\u1ed1 \u0111\u1ecbnh ph\u00edch c\u1eafm \u0111i\u1ec7n, ng\u0103n ch\u1eb7n nguy c\u01a1 c\u1ea5p \u0111i\u1ec7n ngo\u00e0i \u00fd mu\u1ed1n (gi\u00fap ng\u0103n ch\u1eb7n ph\u00edch c\u1eafm \u0111i\u1ec7n \u0111\u01b0\u1ee3c c\u1eafm v\u00e0o \u1ed5 c\u1eafm t\u01b0\u1eddng), \u0111\u00e1p \u1ee9ng y\u00eau c\u1ea7u trong quy tr\u00ecnh Lockout\/Tagout (LOTO).<\/div>\n<div><\/div>\n<div>\n<figure id=\"attachment_12177\" aria-describedby=\"caption-attachment-12177\" style=\"width: 900px\" class=\"wp-caption aligncenter\"><img loading=\"lazy\" decoding=\"async\" class=\"size-full wp-image-12177\" src=\"https:\/\/achisonsafety.com.vn\/wp-content\/uploads\/2026\/03\/khoa-chuoi-cam-dien-hubbell-brady-65968-3.jpg\" alt=\"\" width=\"900\" height=\"900\" title=\"\" srcset=\"https:\/\/achisonsafety.com.vn\/wp-content\/uploads\/2026\/03\/khoa-chuoi-cam-dien-hubbell-brady-65968-3.jpg 900w, https:\/\/achisonsafety.com.vn\/wp-content\/uploads\/2026\/03\/khoa-chuoi-cam-dien-hubbell-brady-65968-3-400x400.jpg 400w, https:\/\/achisonsafety.com.vn\/wp-content\/uploads\/2026\/03\/khoa-chuoi-cam-dien-hubbell-brady-65968-3-800x800.jpg 800w, https:\/\/achisonsafety.com.vn\/wp-content\/uploads\/2026\/03\/khoa-chuoi-cam-dien-hubbell-brady-65968-3-280x280.jpg 280w, https:\/\/achisonsafety.com.vn\/wp-content\/uploads\/2026\/03\/khoa-chuoi-cam-dien-hubbell-brady-65968-3-768x768.jpg 768w, https:\/\/achisonsafety.com.vn\/wp-content\/uploads\/2026\/03\/khoa-chuoi-cam-dien-hubbell-brady-65968-3-30x30.jpg 30w, https:\/\/achisonsafety.com.vn\/wp-content\/uploads\/2026\/03\/khoa-chuoi-cam-dien-hubbell-brady-65968-3-60x60.jpg 60w, https:\/\/achisonsafety.com.vn\/wp-content\/uploads\/2026\/03\/khoa-chuoi-cam-dien-hubbell-brady-65968-3-247x247.jpg 247w, https:\/\/achisonsafety.com.vn\/wp-content\/uploads\/2026\/03\/khoa-chuoi-cam-dien-hubbell-brady-65968-3-510x510.jpg 510w, https:\/\/achisonsafety.com.vn\/wp-content\/uploads\/2026\/03\/khoa-chuoi-cam-dien-hubbell-brady-65968-3-100x100.jpg 100w\" sizes=\"(max-width: 900px) 100vw, 900px\" \/><figcaption id=\"caption-attachment-12177\" class=\"wp-caption-text\">\u1ea2nh ch\u1ee5p kh\u00f3a chu\u00f4i c\u1eafm \u0111i\u1ec7n Hubbell Brady 65968<\/figcaption><\/figure>\n<\/div>\n<h2 style=\"text-align: justify;\">T\u00ednh n\u0103ng n\u1ed5i b\u1eadt<\/h2>\n<div style=\"text-align: justify;\">Thi\u1ebft k\u1ebf chuy\u00ean d\u1ee5ng cho chu\u00f4i c\u1eafm \u0111i\u1ec7n Hubbell: T\u01b0\u01a1ng th\u00edch v\u1edbi nhi\u1ec1u lo\u1ea1i ph\u00edch c\u1eafm c\u00f4ng nghi\u1ec7p chu\u1ea9n Hubbell.<\/div>\n<div style=\"text-align: justify;\"><\/div>\n<div style=\"text-align: justify;\">Ch\u1ea5t li\u1ec7u b\u1ec1n b\u1ec9: S\u1ea3n xu\u1ea5t t\u1eeb nh\u1ef1a c\u00f4ng nghi\u1ec7p cao c\u1ea5p, ch\u1ecbu va \u0111\u1eadp t\u1ed1t, ch\u1ed1ng \u0103n m\u00f2n v\u00e0 ph\u00f9 h\u1ee3p v\u1edbi m\u00f4i tr\u01b0\u1eddng l\u00e0m vi\u1ec7c kh\u1eafc nghi\u1ec7t.<\/div>\n<div style=\"text-align: justify;\"><\/div>\n<div style=\"text-align: justify;\">D\u1ec5 d\u00e0ng s\u1eed d\u1ee5ng: Thi\u1ebft k\u1ebf d\u1ea1ng hai m\u1ea3nh gh\u00e9p, thao t\u00e1c l\u1eafp \u0111\u1eb7t nhanh ch\u00f3ng m\u00e0 kh\u00f4ng c\u1ea7n d\u1ee5ng c\u1ee5 h\u1ed7 tr\u1ee3.<\/div>\n<div style=\"text-align: justify;\"><\/div>\n<div style=\"text-align: justify;\">T\u0103ng c\u01b0\u1eddng an to\u00e0n: C\u00f3 th\u1ec3 k\u1ebft h\u1ee3p v\u1edbi nhi\u1ec1u \u1ed5 kh\u00f3a an to\u00e0n v\u00e0 th\u1ebb c\u1ea3nh b\u00e1o LOTO, \u0111\u1ea3m b\u1ea3o tu\u00e2n th\u1ee7 quy tr\u00ecnh an to\u00e0n \u0111i\u1ec7n.<\/div>\n<div style=\"text-align: justify;\"><\/div>\n<div style=\"text-align: justify;\">M\u00e0u s\u1eafc n\u1ed5i b\u1eadt: Gi\u00fap nh\u1eadn di\u1ec7n nhanh khu v\u1ef1c \u0111ang \u0111\u01b0\u1ee3c kh\u00f3a an to\u00e0n.<\/div>\n<h2 style=\"text-align: justify;\">\u1ee8ng d\u1ee5ng c\u1ee7a s\u1ea3n ph\u1ea9m<\/h2>\n<div style=\"text-align: justify;\">Kh\u00f3a Chu\u00f4i C\u1eafm \u0110i\u1ec7n Hubbell Brady 65968 \u0111\u01b0\u1ee3c s\u1eed d\u1ee5ng r\u1ed9ng r\u00e3i trong:<\/div>\n<div style=\"text-align: justify;\"><\/div>\n<div style=\"text-align: justify;\">&#8211; Nh\u00e0 m\u00e1y s\u1ea3n xu\u1ea5t c\u00f4ng nghi\u1ec7p<\/div>\n<div style=\"text-align: justify;\"><\/div>\n<div style=\"text-align: justify;\">&#8211; H\u1ec7 th\u1ed1ng \u0111i\u1ec7n c\u00f4ng tr\u00ecnh<\/div>\n<div style=\"text-align: justify;\"><\/div>\n<div style=\"text-align: justify;\">&#8211; X\u01b0\u1edfng c\u01a1 kh\u00ed, b\u1ea3o tr\u00ec thi\u1ebft b\u1ecb<\/div>\n<div style=\"text-align: justify;\"><\/div>\n<div style=\"text-align: justify;\">&#8211; Nh\u00e0 m\u00e1y ch\u1ebf bi\u1ebfn th\u1ef1c ph\u1ea9m, h\u00f3a ch\u1ea5t<\/div>\n<div style=\"text-align: justify;\"><\/div>\n<div style=\"text-align: justify;\">S\u1ea3n ph\u1ea9m \u0111\u1eb7c bi\u1ec7t ph\u00f9 h\u1ee3p cho c\u00e1c doanh nghi\u1ec7p \u0111ang tri\u1ec3n khai ho\u1eb7c n\u00e2ng c\u1ea5p h\u1ec7 th\u1ed1ng qu\u1ea3n l\u00fd an to\u00e0n theo ti\u00eau chu\u1ea9n OSHA v\u00e0 quy tr\u00ecnh Lockout\/Tagout.<\/div>\n<h2 style=\"text-align: justify;\">L\u1ee3i \u00edch khi s\u1eed d\u1ee5ng kh\u00f3a chu\u00f4i c\u1eafm \u0111i\u1ec7n Hubbell Brady 65968<\/h2>\n<div style=\"text-align: justify;\">&#8211; Ng\u0103n ch\u1eb7n r\u1ee7i ro tai n\u1ea1n do c\u1ea5p \u0111i\u1ec7n ngo\u00e0i \u00fd mu\u1ed1n<\/div>\n<div><\/div>\n<div style=\"text-align: justify;\">&#8211; B\u1ea3o v\u1ec7 nh\u00e2n vi\u00ean b\u1ea3o tr\u00ec v\u00e0 k\u1ef9 thu\u1eadt vi\u00ean<\/div>\n<div style=\"text-align: justify;\"><\/div>\n<div style=\"text-align: justify;\">&#8211; N\u00e2ng cao t\u00ednh chuy\u00ean nghi\u1ec7p v\u00e0 tu\u00e2n th\u1ee7 quy \u0111\u1ecbnh an to\u00e0n lao \u0111\u1ed9ng<\/div>\n<div style=\"text-align: justify;\"><\/div>\n<div style=\"text-align: justify;\">&#8211; Gi\u1ea3m thi\u1ec3u t\u1ed5n th\u1ea5t v\u00e0 gi\u00e1n \u0111o\u1ea1n s\u1ea3n xu\u1ea5t<\/div>\n<div style=\"text-align: justify;\"><\/div>\n<div style=\"text-align: justify;\">Kh\u00f3a chu\u00f4i c\u1eafm \u0111i\u1ec7n Hubbell Brady 65968 s\u1ebd l\u00e0 s\u1ef1 l\u1ef1a ch\u1ecdn an to\u00e0n v\u00e0 h\u1eefu hi\u1ec7u cho doanh nghi\u1ec7p c\u1ee7a b\u1ea1n.<\/div>\n<div style=\"text-align: justify;\"><\/div>\n<div style=\"text-align: justify;\">H\u00e3y li\u00ean h\u1ec7 ngay \u0111\u1ec3 \u0111\u01b0\u1ee3c t\u01b0 v\u1ea5n v\u00e0 nh\u1eadn b\u00e1o gi\u00e1 t\u1ed1t nh\u1ea5t t\u1eeb Achison b\u1ea1n nh\u00e9.<\/div>\n","protected":false},"excerpt":{"rendered":"<div style=\"text-align: justify;\">&#8211; T\u01b0\u01a1ng th\u00edch v\u1edbi nhi\u1ec1u lo\u1ea1i ph\u00edch c\u1eafm c\u00f4ng nghi\u1ec7p chu\u1ea9n Hubbell.<\/div>\n<div style=\"text-align: justify;\"><\/div>\n<div style=\"text-align: justify;\">&#8211; Ch\u1ea5t li\u1ec7u b\u1ec1n b\u1ec9, ch\u1ecbu va \u0111\u1eadp t\u1ed1t, ch\u1ed1ng \u0103n m\u00f2n v\u00e0 ph\u00f9 h\u1ee3p v\u1edbi m\u00f4i tr\u01b0\u1eddng l\u00e0m vi\u1ec7c kh\u1eafc nghi\u1ec7t.<\/div>\n<div style=\"text-align: justify;\"><\/div>\n<div style=\"text-align: justify;\">&#8211; Thao t\u00e1c l\u1eafp \u0111\u1eb7t nhanh ch\u00f3ng m\u00e0 kh\u00f4ng c\u1ea7n d\u1ee5ng c\u1ee5 h\u1ed7 tr\u1ee3.<\/div>\n<div style=\"text-align: justify;\"><\/div>\n","protected":false},"featured_media":12173,"comment_status":"open","ping_status":"closed","template":"","meta":[],"product_cat":[163,25],"product_tag":[1107,1108],"class_list":{"0":"post-12172","1":"product","2":"type-product","3":"status-publish","4":"has-post-thumbnail","6":"product_cat-khoa-loto-khac","7":"product_cat-quy-trinh-lockout-tagout","8":"product_tag-khoa-chuoi-cam-dien","9":"product_tag-khoa-chuoi-cam-dien-brady","10":"yith_product_brand-brady","12":"first","13":"instock","14":"shipping-taxable","15":"product-type-simple"},"acf":[],"_links":{"self":[{"href":"https:\/\/achisonsafety.com.vn\/en\/wp-json\/wp\/v2\/product\/12172"}],"collection":[{"href":"https:\/\/achisonsafety.com.vn\/en\/wp-json\/wp\/v2\/product"}],"about":[{"href":"https:\/\/achisonsafety.com.vn\/en\/wp-json\/wp\/v2\/types\/product"}],"replies":[{"embeddable":true,"href":"https:\/\/achisonsafety.com.vn\/en\/wp-json\/wp\/v2\/comments?post=12172"}],"wp:featuredmedia":[{"embeddable":true,"href":"https:\/\/achisonsafety.com.vn\/en\/wp-json\/wp\/v2\/media\/12173"}],"wp:attachment":[{"href":"https:\/\/achisonsafety.com.vn\/en\/wp-json\/wp\/v2\/media?parent=12172"}],"wp:term":[{"taxonomy":"product_cat","embeddable":true,"href":"https:\/\/achisonsafety.com.vn\/en\/wp-json\/wp\/v2\/product_cat?post=12172"},{"taxonomy":"product_tag","embeddable":true,"href":"https:\/\/achisonsafety.com.vn\/en\/wp-json\/wp\/v2\/product_tag?post=12172"}],"curies":[{"name":"wp","href":"https:\/\/api.w.org\/{rel}","templated":true}]}}