{"id":12185,"date":"2026-03-04T14:18:12","date_gmt":"2026-03-04T07:18:12","guid":{"rendered":"https:\/\/achisonsafety.com.vn\/?post_type=product&#038;p=12185"},"modified":"2026-03-09T10:50:31","modified_gmt":"2026-03-09T03:50:31","slug":"khoa-cb-khoi-brady-65396-loai-120-277v","status":"publish","type":"product","link":"https:\/\/achisonsafety.com.vn\/en\/san-pham\/khoa-cb-khoi-brady-65396-loai-120-277v\/","title":{"rendered":"Kh\u00f3a CB Kh\u1ed1i Brady 65396 &#8211; Lo\u1ea1i 120\/277V"},"content":{"rendered":"<p style=\"text-align: justify;\" data-pm-slice=\"0 0 []\">Kh\u00f3a CB kh\u1ed1i Brady 65396 &#8211; lo\u1ea1i 120\/277V l\u00e0 thi\u1ebft b\u1ecb thu\u1ed9c d\u00f2ng kh\u00f3a an to\u00e0n \u0111i\u1ec7n chuy\u00ean d\u1ee5ng c\u1ee7a Brady Corporation &#8211; th\u01b0\u01a1ng hi\u1ec7u to\u00e0n c\u1ea7u trong l\u0129nh v\u1ef1c <a href=\"https:\/\/achisonsafety.com.vn\/quy-trinh-lockout-tagout\/\">Lockout Tagout<\/a> (LOTO).<\/p>\n<p style=\"text-align: justify;\">S\u1ea3n ph\u1ea9m \u0111\u01b0\u1ee3c thi\u1ebft k\u1ebf d\u1ea1ng k\u1eb9p (clamp-on), ph\u00f9 h\u1ee3p v\u1edbi nhi\u1ec1u lo\u1ea1i CB kh\u1ed1i c\u00f3 b\u1ec1 r\u1ed9ng tay g\u1ea1t nh\u1ecf h\u01a1n 16mm, \u0111\u1ea3m b\u1ea3o c\u00f4 l\u1eadp ngu\u1ed3n \u0111i\u1ec7n an to\u00e0n trong qu\u00e1 tr\u00ecnh b\u1ea3o tr\u00ec, s\u1eeda ch\u1eefa.<\/p>\n<h2 style=\"text-align: justify;\" data-start=\"776\" data-end=\"798\"><strong>\u0110\u1eb7c \u0111i\u1ec3m n\u1ed5i b\u1eadt<\/strong><\/h2>\n<ul style=\"text-align: justify;\" data-start=\"800\" data-end=\"1002\">\n<li data-start=\"800\" data-end=\"831\">\n<p data-start=\"802\" data-end=\"831\">Thi\u1ebft k\u1ebf d\u1ea1ng k\u1eb9p ch\u1eafc ch\u1eafn<\/p>\n<\/li>\n<li data-start=\"832\" data-end=\"892\">\n<p data-start=\"834\" data-end=\"892\">L\u1eafp \u0111\u1eb7t linh ho\u1ea1t, v\u1eb7n b\u1eb1ng ng\u00f3n tay &#8211; kh\u00f4ng c\u1ea7n tua v\u00edt<\/p>\n<\/li>\n<li data-start=\"893\" data-end=\"946\">\n<p data-start=\"895\" data-end=\"946\">T\u1ea5m ch\u00eam m\u1edf r\u1ed9ng \u0111i k\u00e8m gi\u00fap t\u0103ng ph\u1ea1m vi s\u1eed d\u1ee5ng<\/p>\n<\/li>\n<li data-start=\"947\" data-end=\"975\">\n<p data-start=\"949\" data-end=\"975\">Ph\u00f9 h\u1ee3p CB kh\u1ed1i 120\/277V<\/p>\n<\/li>\n<li data-start=\"976\" data-end=\"1002\">\n<p data-start=\"978\" data-end=\"1002\">Nh\u1eb9, b\u1ec1n, ch\u1ecbu l\u1ef1c t\u1ed1t<\/p>\n<\/li>\n<\/ul>\n<p style=\"text-align: justify;\" data-start=\"1004\" data-end=\"1099\">C\u01a1 ch\u1ebf si\u1ebft tay gi\u00fap thao t\u00e1c nhanh, h\u1ea1n ch\u1ebf r\u1ee7i ro thi\u1ebfu d\u1ee5ng c\u1ee5 khi l\u00e0m vi\u1ec7c t\u1ea1i hi\u1ec7n tr\u01b0\u1eddng.<\/p>\n<h2 style=\"text-align: justify;\" data-start=\"1106\" data-end=\"1128\"><strong>\u1ee8ng d\u1ee5ng th\u1ef1c t\u1ebf<\/strong><\/h2>\n<figure id=\"attachment_12190\" aria-describedby=\"caption-attachment-12190\" style=\"width: 717px\" class=\"wp-caption aligncenter\"><img loading=\"lazy\" decoding=\"async\" class=\" wp-image-12190\" src=\"https:\/\/achisonsafety.com.vn\/wp-content\/uploads\/2026\/03\/3.jpg\" alt=\"Kh\u00f3a CB kh\u1ed1i Brady - lo\u1ea1i 120\/277V\" width=\"717\" height=\"717\" title=\"\" srcset=\"https:\/\/achisonsafety.com.vn\/wp-content\/uploads\/2026\/03\/3.jpg 900w, https:\/\/achisonsafety.com.vn\/wp-content\/uploads\/2026\/03\/3-400x400.jpg 400w, https:\/\/achisonsafety.com.vn\/wp-content\/uploads\/2026\/03\/3-800x800.jpg 800w, https:\/\/achisonsafety.com.vn\/wp-content\/uploads\/2026\/03\/3-280x280.jpg 280w, https:\/\/achisonsafety.com.vn\/wp-content\/uploads\/2026\/03\/3-768x768.jpg 768w, https:\/\/achisonsafety.com.vn\/wp-content\/uploads\/2026\/03\/3-30x30.jpg 30w, https:\/\/achisonsafety.com.vn\/wp-content\/uploads\/2026\/03\/3-60x60.jpg 60w, https:\/\/achisonsafety.com.vn\/wp-content\/uploads\/2026\/03\/3-247x247.jpg 247w, https:\/\/achisonsafety.com.vn\/wp-content\/uploads\/2026\/03\/3-510x510.jpg 510w, https:\/\/achisonsafety.com.vn\/wp-content\/uploads\/2026\/03\/3-100x100.jpg 100w\" sizes=\"(max-width: 717px) 100vw, 717px\" \/><figcaption id=\"caption-attachment-12190\" class=\"wp-caption-text\">\u1ee8ng d\u1ee5ng kh\u00f3a CB kh\u1ed1i Brady &#8211; lo\u1ea1i 120\/277V<\/figcaption><\/figure>\n<p style=\"text-align: justify;\" data-start=\"1130\" data-end=\"1171\">Kh\u00f3a CB kh\u1ed1i Brady 65396 \u0111\u01b0\u1ee3c s\u1eed d\u1ee5ng \u0111\u1ec3:<\/p>\n<ul style=\"text-align: justify;\" data-start=\"1173\" data-end=\"1392\">\n<li data-start=\"1173\" data-end=\"1226\">\n<p data-start=\"1175\" data-end=\"1226\">Kh\u00f3a nhi\u1ec1u lo\u1ea1i CB kh\u1ed1i c\u00f3 b\u1ec1 r\u1ed9ng tay g\u1ea1t &lt; 16mm<\/p>\n<\/li>\n<li data-start=\"1227\" data-end=\"1298\">\n<p data-start=\"1229\" data-end=\"1298\">\u00c1p d\u1ee5ng trong quy tr\u00ecnh Lockout Tagout theo ti\u00eau chu\u1ea9n an to\u00e0n \u0111i\u1ec7n<\/p>\n<\/li>\n<li data-start=\"1299\" data-end=\"1392\">\n<p data-start=\"1301\" data-end=\"1392\">S\u1eed d\u1ee5ng t\u1ea1i nh\u00e0 m\u00e1y s\u1ea3n xu\u1ea5t, khu c\u00f4ng nghi\u1ec7p, t\u00f2a nh\u00e0 th\u01b0\u01a1ng m\u1ea1i, h\u1ec7 th\u1ed1ng \u0111i\u1ec7n k\u1ef9 thu\u1eadt<\/p>\n<\/li>\n<\/ul>\n<p style=\"text-align: justify;\" data-start=\"1394\" data-end=\"1483\">Thi\u1ebft b\u1ecb gi\u00fap ng\u0103n ch\u1eb7n vi\u1ec7c \u0111\u00f3ng \u0111i\u1ec7n ngo\u00e0i \u00fd mu\u1ed1n, \u0111\u1ea3m b\u1ea3o an to\u00e0n cho nh\u00e2n s\u1ef1 b\u1ea3o tr\u00ec.<\/p>\n<h2 style=\"text-align: justify;\" data-start=\"1651\" data-end=\"1673\"><strong>V\u1eadt li\u1ec7u c\u1ea5u t\u1ea1o<\/strong><\/h2>\n<p style=\"text-align: justify;\" data-start=\"1675\" data-end=\"1731\">S\u1ea3n ph\u1ea9m \u0111\u01b0\u1ee3c l\u00e0m t\u1eeb <strong data-start=\"1696\" data-end=\"1718\">nh\u1ef1a Polypropylene<\/strong> c\u00f3 \u0111\u1eb7c t\u00ednh:<\/p>\n<ul style=\"text-align: justify;\" data-start=\"1733\" data-end=\"1815\">\n<li data-start=\"1733\" data-end=\"1750\">\n<p data-start=\"1735\" data-end=\"1750\">C\u00e1ch \u0111i\u1ec7n t\u1ed1t<\/p>\n<\/li>\n<li data-start=\"1751\" data-end=\"1766\">\n<p data-start=\"1753\" data-end=\"1766\">Ch\u1ecbu va \u0111\u1eadp<\/p>\n<\/li>\n<li data-start=\"1767\" data-end=\"1789\">\n<p data-start=\"1769\" data-end=\"1789\">Kh\u00e1ng h\u00f3a ch\u1ea5t cao<\/p>\n<\/li>\n<li data-start=\"1790\" data-end=\"1815\">\n<p data-start=\"1792\" data-end=\"1815\">\u0110\u1ed9 b\u1ec1n c\u01a1 h\u1ecdc \u1ed5n \u0111\u1ecbnh<\/p>\n<\/li>\n<\/ul>\n<p style=\"text-align: justify;\" data-start=\"1817\" data-end=\"1860\">Ph\u00f9 h\u1ee3p m\u00f4i tr\u01b0\u1eddng c\u00f4ng nghi\u1ec7p kh\u1eafc nghi\u1ec7t.<\/p>\n<h2 style=\"text-align: justify;\" data-start=\"1867\" data-end=\"1896\"><strong>Kh\u1ea3 n\u0103ng ch\u1ed1ng h\u00f3a ch\u1ea5t<\/strong><\/h2>\n<p style=\"text-align: justify;\" data-start=\"1898\" data-end=\"1985\">Kh\u00f3a CB Brady 65396 c\u00f3 kh\u1ea3 n\u0103ng ch\u1ed1ng ch\u1ecbu nhi\u1ec1u lo\u1ea1i h\u00f3a ch\u1ea5t v\u00e0 dung m\u00f4i c\u00f4ng nghi\u1ec7p:<\/p>\n<ul style=\"text-align: justify;\" data-start=\"1987\" data-end=\"2284\">\n<li data-start=\"1987\" data-end=\"1998\">\n<p data-start=\"1989\" data-end=\"1998\">Acetone<\/p>\n<\/li>\n<li data-start=\"1999\" data-end=\"2037\">\n<p data-start=\"2001\" data-end=\"2037\">Chlorine, n\u01b0\u1edbc clo h\u00f3a (&lt;0,5 mg\/l)<\/p>\n<\/li>\n<li data-start=\"2038\" data-end=\"2065\">\n<p data-start=\"2040\" data-end=\"2065\">X\u0103ng (th\u01b0\u1eddng &amp; cao c\u1ea5p)<\/p>\n<\/li>\n<li data-start=\"2066\" data-end=\"2141\">\n<p data-start=\"2068\" data-end=\"2141\">D\u1ea7u b\u00f4i tr\u01a1n: d\u1ea7u h\u1ed9p s\u1ed1, d\u1ea7u \u0111\u1ed9ng c\u01a1 HD, d\u1ea7u th\u1ee7y l\u1ef1c, d\u1ea7u m\u00e1y bi\u1ebfn \u00e1p<\/p>\n<\/li>\n<li data-start=\"2142\" data-end=\"2182\">\n<p data-start=\"2144\" data-end=\"2182\">Methanol, h\u1ed7n h\u1ee3p M15 (15% methanol)<\/p>\n<\/li>\n<li data-start=\"2183\" data-end=\"2196\">\n<p data-start=\"2185\" data-end=\"2196\">Petroleum<\/p>\n<\/li>\n<li data-start=\"2197\" data-end=\"2229\">\n<p data-start=\"2199\" data-end=\"2229\">Turpentine oil, white spirit<\/p>\n<\/li>\n<li data-start=\"2230\" data-end=\"2255\">\n<p data-start=\"2232\" data-end=\"2255\">Trichloroethane 1,1,1<\/p>\n<\/li>\n<li data-start=\"2256\" data-end=\"2284\">\n<p data-start=\"2258\" data-end=\"2284\">N\u01b0\u1edbc (bao g\u1ed3m n\u01b0\u1edbc bi\u1ec3n)<\/p>\n<\/li>\n<\/ul>\n<p style=\"text-align: justify;\" data-start=\"2286\" data-end=\"2370\">Gi\u00fap thi\u1ebft b\u1ecb duy tr\u00ec \u0111\u1ed9 b\u1ec1n trong m\u00f4i tr\u01b0\u1eddng s\u1ea3n xu\u1ea5t h\u00f3a ch\u1ea5t, c\u01a1 kh\u00ed, n\u0103ng l\u01b0\u1ee3ng.<\/p>\n<h2 style=\"text-align: justify;\" data-start=\"2377\" data-end=\"2407\"><strong>Ti\u00eau chu\u1ea9n v\u00e0 ch\u1ee9ng nh\u1eadn<\/strong><\/h2>\n<p style=\"text-align: justify;\" data-start=\"2409\" data-end=\"2457\">S\u1ea3n ph\u1ea9m \u0111\u00e1p \u1ee9ng c\u00e1c ti\u00eau chu\u1ea9n an to\u00e0n qu\u1ed1c t\u1ebf:<\/p>\n<ul style=\"text-align: justify;\" data-start=\"2459\" data-end=\"2644\">\n<li data-start=\"2459\" data-end=\"2510\">\n<p data-start=\"2461\" data-end=\"2510\">UL Rating: UL 94 &#8211; HB (Plastic Components Only)<\/p>\n<\/li>\n<li data-start=\"2511\" data-end=\"2567\">\n<p data-start=\"2513\" data-end=\"2567\">OSHA 29 CFR 1910.147 \u00a9(4)(ii)(A)(1)\/(c)(5)(ii)(C)(1)<\/p>\n<\/li>\n<li data-start=\"2568\" data-end=\"2590\">\n<p data-start=\"2570\" data-end=\"2590\">ANSI Standard Z244<\/p>\n<\/li>\n<li data-start=\"2591\" data-end=\"2644\">\n<p data-start=\"2593\" data-end=\"2644\">RoHS Compliance: Directive 2011\/65\/EU v\u00e0 2015\/863<\/p>\n<\/li>\n<\/ul>\n<p style=\"text-align: justify;\" data-start=\"2646\" data-end=\"2705\">\u0110\u1ea3m b\u1ea3o ph\u00f9 h\u1ee3p c\u00e1c quy \u0111\u1ecbnh v\u1ec1 an to\u00e0n \u0111i\u1ec7n v\u00e0 m\u00f4i tr\u01b0\u1eddng.<\/p>\n<p style=\"text-align: justify;\"><a href=\"https:\/\/achisonsafety.com.vn\/\" target=\"_blank\" rel=\"noopener\">Achison<\/a> ph\u00e2n ph\u1ed1i c\u00e1c s\u1ea3n ph\u1ea9m ch\u00ednh h\u00e3ng t\u1eeb th\u01b0\u01a1ng hi\u1ec7u qu\u1ed1c t\u1ebf, trong \u0111\u00f3 c\u00f3 thi\u1ebft b\u1ecb Lockout Tagout c\u1ee7a Brady Corporation. H\u00e3y li\u00ean h\u1ec7 ngay \u0111\u1ec3 \u0111\u01b0\u1ee3c t\u01b0 v\u1ea5n v\u00e0 \u0111\u1eb7t h\u00e0ng b\u1ea1n nh\u00e9.<\/p>\n","protected":false},"excerpt":{"rendered":"<p>&#8211; Kh\u00f3a CB kh\u1ed1i Brady 65396 l\u00e0 thi\u1ebft b\u1ecb kh\u00f3a an to\u00e0n d\u1ea1ng k\u1eb9p, chuy\u00ean d\u00f9ng cho CB kh\u1ed1i 120\/277V.<\/p>\n<p>&#8211; Thi\u1ebft k\u1ebf linh ho\u1ea1t, l\u1eafp \u0111\u1eb7t d\u1ec5 d\u00e0ng b\u1eb1ng tay kh\u00f4ng c\u1ea7n tua v\u00edt, \u0111i k\u00e8m t\u1ea5m ch\u00eam m\u1edf r\u1ed9ng gi\u00fap t\u0103ng ph\u1ea1m vi s\u1eed d\u1ee5ng.<\/p>\n","protected":false},"featured_media":12186,"comment_status":"open","ping_status":"closed","template":"","meta":[],"product_cat":[161],"product_tag":[1113],"class_list":{"0":"post-12185","1":"product","2":"type-product","3":"status-publish","4":"has-post-thumbnail","6":"product_cat-khoa-cb-dien","7":"product_tag-khoa-cb-khoi","8":"yith_product_brand-brady","10":"first","11":"instock","12":"shipping-taxable","13":"product-type-simple"},"acf":[],"_links":{"self":[{"href":"https:\/\/achisonsafety.com.vn\/en\/wp-json\/wp\/v2\/product\/12185"}],"collection":[{"href":"https:\/\/achisonsafety.com.vn\/en\/wp-json\/wp\/v2\/product"}],"about":[{"href":"https:\/\/achisonsafety.com.vn\/en\/wp-json\/wp\/v2\/types\/product"}],"replies":[{"embeddable":true,"href":"https:\/\/achisonsafety.com.vn\/en\/wp-json\/wp\/v2\/comments?post=12185"}],"wp:featuredmedia":[{"embeddable":true,"href":"https:\/\/achisonsafety.com.vn\/en\/wp-json\/wp\/v2\/media\/12186"}],"wp:attachment":[{"href":"https:\/\/achisonsafety.com.vn\/en\/wp-json\/wp\/v2\/media?parent=12185"}],"wp:term":[{"taxonomy":"product_cat","embeddable":true,"href":"https:\/\/achisonsafety.com.vn\/en\/wp-json\/wp\/v2\/product_cat?post=12185"},{"taxonomy":"product_tag","embeddable":true,"href":"https:\/\/achisonsafety.com.vn\/en\/wp-json\/wp\/v2\/product_tag?post=12185"}],"curies":[{"name":"wp","href":"https:\/\/api.w.org\/{rel}","templated":true}]}}