{"id":12195,"date":"2026-03-04T15:22:32","date_gmt":"2026-03-04T08:22:32","guid":{"rendered":"https:\/\/achisonsafety.com.vn\/?post_type=product&#038;p=12195"},"modified":"2026-03-09T10:43:24","modified_gmt":"2026-03-09T03:43:24","slug":"khoa-chuoi-cam-dien-hubbell-brady-65695-loai-nho","status":"publish","type":"product","link":"https:\/\/achisonsafety.com.vn\/en\/san-pham\/khoa-chuoi-cam-dien-hubbell-brady-65695-loai-nho\/","title":{"rendered":"Kh\u00f3a Chu\u00f4i C\u1eafm \u0110i\u1ec7n Hubbell Brady 65695 \u2013 Lo\u1ea1i Nh\u1ecf"},"content":{"rendered":"<p style=\"text-align: justify;\"><a href=\"https:\/\/achisonsafety.com.vn\/san-pham\/khoa-chuoi-cam-dien-hubbell-brady-65695-loai-nho\" target=\"_blank\" rel=\"noopener\"><strong>Kh\u00f3a Chu\u00f4i C\u1eafm \u0110i\u1ec7n Hubbell Brady 65695<\/strong><\/a> (Lo\u1ea1i nh\u1ecf) l\u00e0 thi\u1ebft b\u1ecb chuy\u00ean d\u1ee5ng gi\u00fap kh\u00f3a v\u00e0 ng\u0103n ch\u1eb7n vi\u1ec7c c\u1eafm \u0111i\u1ec7n ngo\u00e0i \u00fd mu\u1ed1n, tu\u00e2n th\u1ee7 quy tr\u00ecnh Lockout\/Tagout (LOTO) theo ti\u00eau chu\u1ea9n an to\u00e0n qu\u1ed1c t\u1ebf.<\/p>\n<p style=\"text-align: justify;\">Kh\u00f3a chu\u00f4i c\u1eafm \u0111i\u1ec7n Hubbell n\u00ean \u0111\u01b0\u1ee3c d\u00f9ng khi ph\u00edch c\u1eafm kh\u00f4ng n\u1eb1m trong t\u1ea7m ki\u1ec3m so\u00e1t c\u1ee7a ng\u01b0\u1eddi th\u1ef1c hi\u1ec7n b\u1ea3o tr\u00ec ho\u1eb7c s\u1eeda ch\u1eefa.<\/p>\n<figure id=\"attachment_12196\" aria-describedby=\"caption-attachment-12196\" style=\"width: 900px\" class=\"wp-caption aligncenter\"><img loading=\"lazy\" decoding=\"async\" class=\"size-full wp-image-12196\" src=\"https:\/\/achisonsafety.com.vn\/wp-content\/uploads\/2026\/03\/khoa-chuoi-cam-dien-hubbell-brady-65695-loai-nho-1.jpg\" alt=\"\" width=\"900\" height=\"900\" title=\"\" srcset=\"https:\/\/achisonsafety.com.vn\/wp-content\/uploads\/2026\/03\/khoa-chuoi-cam-dien-hubbell-brady-65695-loai-nho-1.jpg 900w, https:\/\/achisonsafety.com.vn\/wp-content\/uploads\/2026\/03\/khoa-chuoi-cam-dien-hubbell-brady-65695-loai-nho-1-400x400.jpg 400w, https:\/\/achisonsafety.com.vn\/wp-content\/uploads\/2026\/03\/khoa-chuoi-cam-dien-hubbell-brady-65695-loai-nho-1-800x800.jpg 800w, https:\/\/achisonsafety.com.vn\/wp-content\/uploads\/2026\/03\/khoa-chuoi-cam-dien-hubbell-brady-65695-loai-nho-1-280x280.jpg 280w, https:\/\/achisonsafety.com.vn\/wp-content\/uploads\/2026\/03\/khoa-chuoi-cam-dien-hubbell-brady-65695-loai-nho-1-768x768.jpg 768w, https:\/\/achisonsafety.com.vn\/wp-content\/uploads\/2026\/03\/khoa-chuoi-cam-dien-hubbell-brady-65695-loai-nho-1-30x30.jpg 30w, https:\/\/achisonsafety.com.vn\/wp-content\/uploads\/2026\/03\/khoa-chuoi-cam-dien-hubbell-brady-65695-loai-nho-1-60x60.jpg 60w, https:\/\/achisonsafety.com.vn\/wp-content\/uploads\/2026\/03\/khoa-chuoi-cam-dien-hubbell-brady-65695-loai-nho-1-247x247.jpg 247w, https:\/\/achisonsafety.com.vn\/wp-content\/uploads\/2026\/03\/khoa-chuoi-cam-dien-hubbell-brady-65695-loai-nho-1-510x510.jpg 510w, https:\/\/achisonsafety.com.vn\/wp-content\/uploads\/2026\/03\/khoa-chuoi-cam-dien-hubbell-brady-65695-loai-nho-1-100x100.jpg 100w\" sizes=\"(max-width: 900px) 100vw, 900px\" \/><figcaption id=\"caption-attachment-12196\" class=\"wp-caption-text\">\u1ea2nh ch\u1ee5p c\u1eadn c\u1ea3nh s\u1ea3n ph\u1ea9n kh\u00f3a chu\u00f4i c\u0103m \u0111i\u1ec7n Brady 65695<\/figcaption><\/figure>\n<h2 style=\"text-align: justify;\">\u0110\u1eb7c \u0111i\u1ec3m n\u1ed5i b\u1eadt c\u1ee7a kh\u00f3a chu\u00f4i c\u1eafm \u0111i\u1ec7n Hubbell Brady 65695<\/h2>\n<p style=\"text-align: justify;\">&#8211; Thi\u1ebft k\u1ebf nh\u1ecf g\u1ecdn: Ph\u00f9 h\u1ee3p v\u1edbi c\u00e1c lo\u1ea1i chu\u00f4i c\u1eafm \u0111i\u1ec7n k\u00edch th\u01b0\u1edbc nh\u1ecf, d\u1ec5 d\u00e0ng s\u1eed d\u1ee5ng trong kh\u00f4ng gian h\u1eb9p.<\/p>\n<p style=\"text-align: justify;\">&#8211; Ch\u1ea5t li\u1ec7u b\u1ec1n b\u1ec9: S\u1ea3n xu\u1ea5t t\u1eeb nh\u1ef1a c\u00f4ng nghi\u1ec7p cao c\u1ea5p, ch\u1ecbu va \u0111\u1eadp v\u00e0 c\u00e1ch \u0111i\u1ec7n t\u1ed1t.<\/p>\n<p style=\"text-align: justify;\">&#8211; Ng\u0103n ng\u1eeba thao t\u00e1c tr\u00e1i ph\u00e9p: Sau khi kh\u00f3a, kh\u00f4ng th\u1ec3 c\u1eafm \u0111i\u1ec7n ho\u1eb7c c\u1ea5p ngu\u1ed3n cho thi\u1ebft b\u1ecb.<\/p>\n<p style=\"text-align: justify;\">&#8211; T\u01b0\u01a1ng th\u00edch nhi\u1ec1u lo\u1ea1i \u1ed5 c\u1eafm: Ph\u00f9 h\u1ee3p cho nhi\u1ec1u d\u00f2ng chu\u00f4i c\u1eafm \u0111i\u1ec7n c\u00f4ng nghi\u1ec7p ph\u1ed5 bi\u1ebfn trong nh\u00e0 m\u00e1y, x\u01b0\u1edfng s\u1ea3n xu\u1ea5t.<\/p>\n<p style=\"text-align: justify;\">&#8211; D\u1ec5 d\u00e0ng l\u1eafp \u0111\u1eb7t: Thao t\u00e1c nhanh ch\u00f3ng, kh\u00f4ng c\u1ea7n d\u1ee5ng c\u1ee5 ph\u1ee9c t\u1ea1p.<\/p>\n<h2 style=\"text-align: justify;\">\u1ee8ng d\u1ee5ng c\u1ee7a s\u1ea3n ph\u1ea9m<\/h2>\n<p style=\"text-align: justify;\">Kh\u00f3a chu\u00f4i c\u1eafm \u0111i\u1ec7n Brady 65695 th\u00edch h\u1ee3p d\u00f9ng \u0111\u1ec3 kh\u00f3a \u1ed5 c\u1eafm \u0111i\u1ec7n trong c\u00e1c nh\u00e0 m\u00e1y s\u1ea3n xu\u1ea5t c\u00f4ng nghi\u1ec7p; Khu ch\u1ebf xu\u1ea5t, khu c\u00f4ng nghi\u1ec7p li\u00ean quan \u0111\u1ebfn ng\u00e0nh \u0111i\u1ec7n \u2013 c\u01a1 \u0111i\u1ec7n hay l\u00e0 h\u1ec7 th\u1ed1ng b\u1ea3o tr\u00ec m\u00e1y m\u00f3c, d\u00e2y chuy\u1ec1n s\u1ea3n xu\u1ea5t\u2026<\/p>\n<p style=\"text-align: justify;\">Thi\u1ebft b\u1ecb gi\u00fap \u0111\u1ea3m b\u1ea3o r\u1eb1ng ngu\u1ed3n \u0111i\u1ec7n \u0111\u01b0\u1ee3c c\u00f4 l\u1eadp ho\u00e0n to\u00e0n tr\u01b0\u1edbc khi ti\u1ebfn h\u00e0nh b\u1ea3o tr\u00ec, t\u1eeb \u0111\u00f3 gi\u1ea3m thi\u1ec3u r\u1ee7i ro tai n\u1ea1n lao \u0111\u1ed9ng do \u0111i\u1ec7n gi\u1eadt ho\u1eb7c kh\u1edfi \u0111\u1ed9ng m\u00e1y ngo\u00e0i \u00fd mu\u1ed1n.<\/p>\n<p style=\"text-align: justify;\"><strong>Tu\u00e2n th\u1ee7 quy tr\u00ecnh an to\u00e0n LOTO<\/strong><\/p>\n<p style=\"text-align: justify;\">Vi\u1ec7c s\u1eed d\u1ee5ng kh\u00f3a chu\u00f4i c\u1eafm \u0111i\u1ec7n l\u00e0 m\u1ed9t ph\u1ea7n quan tr\u1ecdng trong ch\u01b0\u01a1ng tr\u00ecnh <a href=\"https:\/\/achisonsafety.com.vn\/quy-trinh-lockout-tagout\" target=\"_blank\" rel=\"noopener\">Lockout\/Tagout<\/a>, gi\u00fap doanh nghi\u1ec7p:<br \/>\n&#8211; Tu\u00e2n th\u1ee7 quy \u0111\u1ecbnh an to\u00e0n lao \u0111\u1ed9ng<br \/>\n&#8211; B\u1ea3o v\u1ec7 ng\u01b0\u1eddi v\u1eadn h\u00e0nh v\u00e0 k\u1ef9 thu\u1eadt vi\u00ean<br \/>\n&#8211; N\u00e2ng cao h\u00ecnh \u1ea3nh chuy\u00ean nghi\u1ec7p v\u00e0 tr\u00e1ch nhi\u1ec7m c\u1ee7a doanh nghi\u1ec7p<\/p>\n<p style=\"text-align: justify;\">Kh\u00f3a Chu\u00f4i C\u1eafm \u0110i\u1ec7n Hubbell Brady 65695 l\u00e0 l\u1ef1a ch\u1ecdn t\u1ed1i \u01b0u n\u1ebfu b\u1ea1n \u0111ang t\u00ecm ki\u1ebfm gi\u1ea3i ph\u00e1p kh\u00f3a ngu\u1ed3n \u0111i\u1ec7n an to\u00e0n, hi\u1ec7u qu\u1ea3 v\u00e0 \u0111\u1ea1t chu\u1ea9n qu\u1ed1c t\u1ebf.<\/p>\n<p style=\"text-align: justify;\">N\u1ebfu b\u1ea1n mu\u1ed1n \u0111\u1eb7t h\u00e0ng ho\u1eb7c nh\u1eadn b\u00e1o gi\u00e1 th\u00ec h\u00e3y li\u00ean h\u1ec7 <a href=\"https:\/\/achisonsafety.com.vn\" target=\"_blank\" rel=\"noopener\">C\u00f4ng ty cung c\u1ea5p \u0111\u1ed3 B\u1ea3o H\u1ed9 Lao \u0110\u1ed9ng Achison<\/a> \u0111\u1ec3 \u0111\u01b0\u1ee3c h\u1ed7 tr\u1ee3 nh\u00e9.<\/p>\n","protected":false},"excerpt":{"rendered":"<p style=\"text-align: justify;\">&#8211; Ph\u00f9 h\u1ee3p v\u1edbi c\u00e1c lo\u1ea1i chu\u00f4i c\u1eafm \u0111i\u1ec7n k\u00edch th\u01b0\u1edbc nh\u1ecf, d\u1ec5 d\u00e0ng s\u1eed d\u1ee5ng trong kh\u00f4ng gian h\u1eb9p.<\/p>\n<p style=\"text-align: justify;\">&#8211; S\u1ea3n xu\u1ea5t t\u1eeb nh\u1ef1a c\u00f4ng nghi\u1ec7p cao c\u1ea5p, ch\u1ecbu va \u0111\u1eadp v\u00e0 c\u00e1ch \u0111i\u1ec7n t\u1ed1t.<\/p>\n<p style=\"text-align: justify;\">&#8211; Ng\u0103n ng\u1eeba thao t\u00e1c tr\u00e1i ph\u00e9p: Sau khi kh\u00f3a, kh\u00f4ng th\u1ec3 c\u1eafm \u0111i\u1ec7n ho\u1eb7c c\u1ea5p ngu\u1ed3n cho thi\u1ebft b\u1ecb.<\/p>\n","protected":false},"featured_media":12196,"comment_status":"open","ping_status":"closed","template":"","meta":[],"product_cat":[163,25],"product_tag":[1107,1108],"class_list":{"0":"post-12195","1":"product","2":"type-product","3":"status-publish","4":"has-post-thumbnail","6":"product_cat-khoa-loto-khac","7":"product_cat-quy-trinh-lockout-tagout","8":"product_tag-khoa-chuoi-cam-dien","9":"product_tag-khoa-chuoi-cam-dien-brady","10":"yith_product_brand-brady","12":"first","13":"instock","14":"shipping-taxable","15":"product-type-simple"},"acf":[],"_links":{"self":[{"href":"https:\/\/achisonsafety.com.vn\/en\/wp-json\/wp\/v2\/product\/12195"}],"collection":[{"href":"https:\/\/achisonsafety.com.vn\/en\/wp-json\/wp\/v2\/product"}],"about":[{"href":"https:\/\/achisonsafety.com.vn\/en\/wp-json\/wp\/v2\/types\/product"}],"replies":[{"embeddable":true,"href":"https:\/\/achisonsafety.com.vn\/en\/wp-json\/wp\/v2\/comments?post=12195"}],"wp:featuredmedia":[{"embeddable":true,"href":"https:\/\/achisonsafety.com.vn\/en\/wp-json\/wp\/v2\/media\/12196"}],"wp:attachment":[{"href":"https:\/\/achisonsafety.com.vn\/en\/wp-json\/wp\/v2\/media?parent=12195"}],"wp:term":[{"taxonomy":"product_cat","embeddable":true,"href":"https:\/\/achisonsafety.com.vn\/en\/wp-json\/wp\/v2\/product_cat?post=12195"},{"taxonomy":"product_tag","embeddable":true,"href":"https:\/\/achisonsafety.com.vn\/en\/wp-json\/wp\/v2\/product_tag?post=12195"}],"curies":[{"name":"wp","href":"https:\/\/api.w.org\/{rel}","templated":true}]}}