{"id":12202,"date":"2026-03-05T11:33:26","date_gmt":"2026-03-05T04:33:26","guid":{"rendered":"https:\/\/achisonsafety.com.vn\/?post_type=product&#038;p=12202"},"modified":"2026-03-05T11:33:27","modified_gmt":"2026-03-05T04:33:27","slug":"khoa-cb-khoi-brady-65397","status":"publish","type":"product","link":"https:\/\/achisonsafety.com.vn\/en\/san-pham\/khoa-cb-khoi-brady-65397\/","title":{"rendered":"Kh\u00f3a CB kh\u1ed1i Brady 65397 &#8211; Lo\u1ea1i 480V \/ 600V"},"content":{"rendered":"<h2 data-start=\"1294\" data-end=\"1327\"><strong>Kh\u00f3a CB kh\u1ed1i 480V \/ 600V l\u00e0 g\u00ec?<\/strong><\/h2>\n<p data-start=\"1329\" data-end=\"1548\">Trong h\u1ec7 th\u1ed1ng \u0111i\u1ec7n c\u00f4ng nghi\u1ec7p, c\u00e1c kh\u00f3a <strong data-start=\"1366\" data-end=\"1392\">CB kh\u1ed1i 480V ho\u1eb7c 600V<\/strong> th\u01b0\u1eddng \u0111\u01b0\u1ee3c s\u1eed d\u1ee5ng \u0111\u1ec3 b\u1ea3o v\u1ec7 thi\u1ebft b\u1ecb \u0111i\u1ec7n c\u00f4ng su\u1ea5t l\u1edbn. Khi ti\u1ebfn h\u00e0nh b\u1ea3o tr\u00ec, vi\u1ec7c kh\u00f3a CB l\u00e0 b\u01b0\u1edbc quan tr\u1ecdng \u0111\u1ec3 ng\u0103n ch\u1eb7n vi\u1ec7c \u0111\u00f3ng \u0111i\u1ec7n ngo\u00e0i \u00fd mu\u1ed1n.<\/p>\n<p data-start=\"1550\" data-end=\"1692\"><strong data-start=\"1550\" data-end=\"1578\">Kh\u00f3a CB kh\u1ed1i 480V \/ 600V<\/strong> l\u00e0 thi\u1ebft b\u1ecb gi\u00fap c\u1ed1 \u0111\u1ecbnh tay g\u1ea1t CB \u1edf tr\u1ea1ng th\u00e1i OFF, \u0111\u1ea3m b\u1ea3o an to\u00e0n cho k\u1ef9 thu\u1eadt vi\u00ean trong qu\u00e1 tr\u00ecnh s\u1eeda ch\u1eefa.<\/p>\n<p data-start=\"1694\" data-end=\"1877\">Model <strong data-start=\"1700\" data-end=\"1709\">65397<\/strong> c\u1ee7a <span class=\"hover:entity-accent entity-underline inline cursor-pointer align-baseline\"><span class=\"whitespace-normal\">Brady<\/span><\/span> l\u00e0 m\u1ed9t trong nh\u1eefng lo\u1ea1i <strong data-start=\"1776\" data-end=\"1792\">Kh\u00f3a CB kh\u1ed1i<\/strong> ph\u1ed5 bi\u1ebfn, \u0111\u01b0\u1ee3c thi\u1ebft k\u1ebf d\u1ea1ng k\u1eb9p linh ho\u1ea1t, d\u1ec5 s\u1eed d\u1ee5ng trong m\u00f4i tr\u01b0\u1eddng c\u00f4ng nghi\u1ec7p.<\/p>\n<figure id=\"attachment_12213\" aria-describedby=\"caption-attachment-12213\" style=\"width: 720px\" class=\"wp-caption aligncenter\"><img loading=\"lazy\" decoding=\"async\" class=\" wp-image-12213\" src=\"https:\/\/achisonsafety.com.vn\/wp-content\/uploads\/2026\/03\/Khoa-khoi-CB.jpg\" alt=\"Kh\u00f3a kh\u1ed1i CB Brady lo\u1ea1i 480&amp;600V\" width=\"720\" height=\"720\" title=\"\" srcset=\"https:\/\/achisonsafety.com.vn\/wp-content\/uploads\/2026\/03\/Khoa-khoi-CB.jpg 900w, https:\/\/achisonsafety.com.vn\/wp-content\/uploads\/2026\/03\/Khoa-khoi-CB-400x400.jpg 400w, https:\/\/achisonsafety.com.vn\/wp-content\/uploads\/2026\/03\/Khoa-khoi-CB-800x800.jpg 800w, https:\/\/achisonsafety.com.vn\/wp-content\/uploads\/2026\/03\/Khoa-khoi-CB-280x280.jpg 280w, https:\/\/achisonsafety.com.vn\/wp-content\/uploads\/2026\/03\/Khoa-khoi-CB-768x768.jpg 768w, https:\/\/achisonsafety.com.vn\/wp-content\/uploads\/2026\/03\/Khoa-khoi-CB-30x30.jpg 30w, https:\/\/achisonsafety.com.vn\/wp-content\/uploads\/2026\/03\/Khoa-khoi-CB-60x60.jpg 60w, https:\/\/achisonsafety.com.vn\/wp-content\/uploads\/2026\/03\/Khoa-khoi-CB-247x247.jpg 247w, https:\/\/achisonsafety.com.vn\/wp-content\/uploads\/2026\/03\/Khoa-khoi-CB-510x510.jpg 510w, https:\/\/achisonsafety.com.vn\/wp-content\/uploads\/2026\/03\/Khoa-khoi-CB-100x100.jpg 100w\" sizes=\"(max-width: 720px) 100vw, 720px\" \/><figcaption id=\"caption-attachment-12213\" class=\"wp-caption-text\">Kh\u00f3a kh\u1ed1i CB Brady lo\u1ea1i 480\/600V<\/figcaption><\/figure>\n<h2><strong>Kh\u00f3a CB kh\u1ed1i 480V \/ 600V Brady 65397 &#8211; Kh\u00f3a CB d\u1ea1ng k\u1eb9p cho h\u1ec7 th\u1ed1ng Lockout Tagout<\/strong><\/h2>\n<p data-start=\"363\" data-end=\"802\"><strong data-start=\"363\" data-end=\"391\">Kh\u00f3a CB kh\u1ed1i Brady 65397<\/strong> l\u00e0 thi\u1ebft b\u1ecb kh\u00f3a an to\u00e0n d\u1ea1ng k\u1eb9p d\u00f9ng cho <strong data-start=\"435\" data-end=\"479\">CB kh\u1ed1i trong h\u1ec7 th\u1ed1ng \u0111i\u1ec7n 480V v\u00e0 600V<\/strong>. S\u1ea3n ph\u1ea9m l\u1eafp \u0111\u1eb7t nhanh b\u1eb1ng tay, kh\u00f4ng c\u1ea7n tua v\u00edt, ph\u00f9 h\u1ee3p CB c\u00f3 b\u1ec1 r\u1ed9ng tay g\u1ea1t <strong data-start=\"563\" data-end=\"582\">&gt;16mm \u0111\u1ebfn &lt;38mm<\/strong>. V\u1edbi ch\u1ea5t li\u1ec7u <strong data-start=\"598\" data-end=\"622\">Polypropylene b\u1ec1n b\u1ec9<\/strong>, ch\u1ecbu nhi\u1ec7t <strong data-start=\"635\" data-end=\"655\">-20 \u00b0C \u0111\u1ebfn 80 \u00b0C<\/strong> v\u00e0 kh\u1ea3 n\u0103ng kh\u00e1ng h\u00f3a ch\u1ea5t t\u1ed1t, \u0111\u00e2y l\u00e0 gi\u1ea3i ph\u00e1p <strong data-start=\"705\" data-end=\"746\">Kh\u00f3a CB kh\u1ed1i 480V \/ Kh\u00f3a CB kh\u1ed1i 600V<\/strong> hi\u1ec7u qu\u1ea3 trong h\u1ec7 th\u1ed1ng <strong data-start=\"771\" data-end=\"801\">Lockout Tagout c\u00f4ng nghi\u1ec7p<\/strong>.<\/p>\n<h2 data-start=\"2357\" data-end=\"2394\"><strong>Thi\u1ebft k\u1ebf kh\u00f3a CB d\u1ea1ng k\u1eb9p linh ho\u1ea1t<\/strong><\/h2>\n<h3>L\u1eafp \u0111\u1eb7t nhanh kh\u00f4ng c\u1ea7n tua v\u00edt<\/h3>\n<p data-start=\"2432\" data-end=\"2553\"><strong data-start=\"2432\" data-end=\"2465\">Kh\u00f3a CB kh\u1ed1i 480V Brady 65397<\/strong> \u0111\u01b0\u1ee3c thi\u1ebft k\u1ebf v\u1edbi c\u01a1 ch\u1ebf <strong data-start=\"2491\" data-end=\"2512\">v\u1eb7n b\u1eb1ng ng\u00f3n tay<\/strong>, gi\u00fap k\u1ef9 thu\u1eadt vi\u00ean l\u1eafp \u0111\u1eb7t nhanh ch\u00f3ng.<\/p>\n<h3>L\u1ee3i \u00edch c\u1ee7a thi\u1ebft k\u1ebf n\u00e0y<\/h3>\n<ul data-start=\"2585\" data-end=\"2713\">\n<li data-start=\"2585\" data-end=\"2613\">\n<p data-start=\"2587\" data-end=\"2613\">Kh\u00f4ng c\u1ea7n d\u1ee5ng c\u1ee5 h\u1ed7 tr\u1ee3<\/p>\n<\/li>\n<li data-start=\"2614\" data-end=\"2646\">\n<p data-start=\"2616\" data-end=\"2646\">Ti\u1ebft ki\u1ec7m th\u1eddi gian thao t\u00e1c<\/p>\n<\/li>\n<li data-start=\"2647\" data-end=\"2684\">\n<p data-start=\"2649\" data-end=\"2684\">D\u1ec5 s\u1eed d\u1ee5ng trong t\u1ee7 \u0111i\u1ec7n ch\u1eadt h\u1eb9p<\/p>\n<\/li>\n<li data-start=\"2685\" data-end=\"2713\">\n<p data-start=\"2687\" data-end=\"2713\">Gi\u1ea3m nguy c\u01a1 l\u1eafp \u0111\u1eb7t sai<\/p>\n<\/li>\n<\/ul>\n<hr data-start=\"2715\" data-end=\"2718\" \/>\n<h3 data-start=\"2720\" data-end=\"2757\">T\u1ea5m ch\u00eam gi\u00fap t\u0103ng ph\u1ea1m vi s\u1eed d\u1ee5ng<\/h3>\n<p data-start=\"2759\" data-end=\"2844\">S\u1ea3n ph\u1ea9m \u0111i k\u00e8m <strong data-start=\"2775\" data-end=\"2787\">t\u1ea5m ch\u00eam<\/strong> gi\u00fap m\u1edf r\u1ed9ng ph\u1ea1m vi \u1ee9ng d\u1ee5ng c\u1ee7a <strong data-start=\"2822\" data-end=\"2843\">Kh\u00f3a CB kh\u1ed1i 600V<\/strong>.<\/p>\n<p data-start=\"2846\" data-end=\"2854\">L\u1ee3i \u00edch:<\/p>\n<ul data-start=\"2856\" data-end=\"2958\">\n<li data-start=\"2856\" data-end=\"2898\">\n<p data-start=\"2858\" data-end=\"2898\">T\u0103ng kh\u1ea3 n\u0103ng t\u01b0\u01a1ng th\u00edch v\u1edbi nhi\u1ec1u CB<\/p>\n<\/li>\n<li data-start=\"2899\" data-end=\"2924\">\n<p data-start=\"2901\" data-end=\"2924\">C\u1ed1 \u0111\u1ecbnh ch\u1eafc ch\u1eafn h\u01a1n<\/p>\n<\/li>\n<li data-start=\"2925\" data-end=\"2958\">\n<p data-start=\"2927\" data-end=\"2958\">H\u1ea1n ch\u1ebf tr\u01b0\u1ee3t kh\u1ecfi tay g\u1ea1t CB<\/p>\n<\/li>\n<\/ul>\n<hr data-start=\"2960\" data-end=\"2963\" \/>\n<h2 data-start=\"2965\" data-end=\"3004\"><strong>\u1ee8ng d\u1ee5ng c\u1ee7a Kh\u00f3a CB kh\u1ed1i 480V \/ 600V<\/strong><\/h2>\n<p data-start=\"3006\" data-end=\"3153\">C\u00e1c h\u1ec7 th\u1ed1ng \u0111i\u1ec7n c\u00f4ng nghi\u1ec7p th\u01b0\u1eddng s\u1eed d\u1ee5ng <strong data-start=\"3051\" data-end=\"3077\">CB kh\u1ed1i 480V ho\u1eb7c 600V<\/strong>, v\u00ec v\u1eady vi\u1ec7c trang b\u1ecb <strong data-start=\"3100\" data-end=\"3116\">Kh\u00f3a CB kh\u1ed1i<\/strong> l\u00e0 r\u1ea5t c\u1ea7n thi\u1ebft \u0111\u1ec3 \u0111\u1ea3m b\u1ea3o an to\u00e0n.<\/p>\n<figure id=\"attachment_12209\" aria-describedby=\"caption-attachment-12209\" style=\"width: 779px\" class=\"wp-caption aligncenter\"><img loading=\"lazy\" decoding=\"async\" class=\" wp-image-12209\" src=\"https:\/\/achisonsafety.com.vn\/wp-content\/uploads\/2026\/03\/Khoa-khoi-CB-Brady-loai-480600V.jpg\" alt=\"Kh\u00f3a kh\u1ed1i CB Brady lo\u1ea1i 480&amp;600V\" width=\"779\" height=\"779\" title=\"\" srcset=\"https:\/\/achisonsafety.com.vn\/wp-content\/uploads\/2026\/03\/Khoa-khoi-CB-Brady-loai-480600V.jpg 900w, https:\/\/achisonsafety.com.vn\/wp-content\/uploads\/2026\/03\/Khoa-khoi-CB-Brady-loai-480600V-400x400.jpg 400w, https:\/\/achisonsafety.com.vn\/wp-content\/uploads\/2026\/03\/Khoa-khoi-CB-Brady-loai-480600V-800x800.jpg 800w, https:\/\/achisonsafety.com.vn\/wp-content\/uploads\/2026\/03\/Khoa-khoi-CB-Brady-loai-480600V-280x280.jpg 280w, https:\/\/achisonsafety.com.vn\/wp-content\/uploads\/2026\/03\/Khoa-khoi-CB-Brady-loai-480600V-768x768.jpg 768w, https:\/\/achisonsafety.com.vn\/wp-content\/uploads\/2026\/03\/Khoa-khoi-CB-Brady-loai-480600V-30x30.jpg 30w, https:\/\/achisonsafety.com.vn\/wp-content\/uploads\/2026\/03\/Khoa-khoi-CB-Brady-loai-480600V-60x60.jpg 60w, https:\/\/achisonsafety.com.vn\/wp-content\/uploads\/2026\/03\/Khoa-khoi-CB-Brady-loai-480600V-247x247.jpg 247w, https:\/\/achisonsafety.com.vn\/wp-content\/uploads\/2026\/03\/Khoa-khoi-CB-Brady-loai-480600V-510x510.jpg 510w, https:\/\/achisonsafety.com.vn\/wp-content\/uploads\/2026\/03\/Khoa-khoi-CB-Brady-loai-480600V-100x100.jpg 100w\" sizes=\"(max-width: 779px) 100vw, 779px\" \/><figcaption id=\"caption-attachment-12209\" class=\"wp-caption-text\">\u1ee8ng d\u1ee5ng kh\u00f3a kh\u1ed1i CB Brady lo\u1ea1i 480\/600V<\/figcaption><\/figure>\n<h3>\u1ee8ng d\u1ee5ng ph\u1ed5 bi\u1ebfn<\/h3>\n<ul data-start=\"3178\" data-end=\"3287\">\n<li data-start=\"3178\" data-end=\"3198\">\n<p data-start=\"3180\" data-end=\"3198\">Nh\u00e0 m\u00e1y s\u1ea3n xu\u1ea5t<\/p>\n<\/li>\n<li data-start=\"3199\" data-end=\"3224\">\n<p data-start=\"3201\" data-end=\"3224\">Tr\u1ea1m \u0111i\u1ec7n c\u00f4ng nghi\u1ec7p<\/p>\n<\/li>\n<li data-start=\"3225\" data-end=\"3242\">\n<p data-start=\"3227\" data-end=\"3242\">H\u1ec7 th\u1ed1ng HVAC<\/p>\n<\/li>\n<li data-start=\"3243\" data-end=\"3264\">\n<p data-start=\"3245\" data-end=\"3264\">Trung t\u00e2m d\u1eef li\u1ec7u<\/p>\n<\/li>\n<li data-start=\"3265\" data-end=\"3287\">\n<p data-start=\"3267\" data-end=\"3287\">Nh\u00e0 m\u00e1y n\u0103ng l\u01b0\u1ee3ng<\/p>\n<\/li>\n<\/ul>\n<p data-start=\"3289\" data-end=\"3411\">S\u1eed d\u1ee5ng <strong data-start=\"3297\" data-end=\"3337\">Kh\u00f3a CB kh\u1ed1i 480V \/ 600V Brady 65397<\/strong> gi\u00fap \u0111\u1ea3m b\u1ea3o quy tr\u00ecnh <strong data-start=\"3361\" data-end=\"3379\">Lockout Tagout<\/strong> \u0111\u01b0\u1ee3c th\u1ef1c hi\u1ec7n \u0111\u00fang ti\u00eau chu\u1ea9n.<\/p>\n<hr data-start=\"3413\" data-end=\"3416\" \/>\n<h2 data-start=\"3418\" data-end=\"3457\"><strong>Kh\u1ea3 n\u0103ng ch\u1ecbu nhi\u1ec7t v\u00e0 ch\u1ed1ng h\u00f3a ch\u1ea5t<\/strong><\/h2>\n<h3 data-start=\"3459\" data-end=\"3484\">D\u1ea3i nhi\u1ec7t \u0111\u1ed9 ho\u1ea1t \u0111\u1ed9ng<\/h3>\n<p data-start=\"3486\" data-end=\"3546\"><strong data-start=\"3486\" data-end=\"3514\">Kh\u00f3a CB kh\u1ed1i Brady 65397<\/strong> ho\u1ea1t \u0111\u1ed9ng \u1ed5n \u0111\u1ecbnh trong kho\u1ea3ng:<\/p>\n<p data-start=\"3548\" data-end=\"3568\"><strong data-start=\"3548\" data-end=\"3568\">-20 \u00b0C \u0111\u1ebfn 80 \u00b0C<\/strong><\/p>\n<p data-start=\"3570\" data-end=\"3634\">\u0110i\u1ec1u n\u00e0y gi\u00fap thi\u1ebft b\u1ecb ph\u00f9 h\u1ee3p v\u1edbi nhi\u1ec1u m\u00f4i tr\u01b0\u1eddng c\u00f4ng nghi\u1ec7p.<\/p>\n<hr data-start=\"3636\" data-end=\"3639\" \/>\n<h2><strong>Kh\u00e1ng h\u00f3a ch\u1ea5t c\u00f4ng nghi\u1ec7p<\/strong><\/h2>\n<p data-start=\"3672\" data-end=\"3723\">S\u1ea3n ph\u1ea9m c\u00f3 kh\u1ea3 n\u0103ng ch\u1ed1ng ch\u1ecbu nhi\u1ec1u h\u00f3a ch\u1ea5t nh\u01b0:<\/p>\n<ul data-start=\"3725\" data-end=\"3890\">\n<li data-start=\"3725\" data-end=\"3736\">\n<p data-start=\"3727\" data-end=\"3736\">Acetone<\/p>\n<\/li>\n<li data-start=\"3737\" data-end=\"3749\">\n<p data-start=\"3739\" data-end=\"3749\">Chlorine<\/p>\n<\/li>\n<li data-start=\"3750\" data-end=\"3762\">\n<p data-start=\"3752\" data-end=\"3762\">Gasoline<\/p>\n<\/li>\n<li data-start=\"3763\" data-end=\"3775\">\n<p data-start=\"3765\" data-end=\"3775\">Methanol<\/p>\n<\/li>\n<li data-start=\"3776\" data-end=\"3789\">\n<p data-start=\"3778\" data-end=\"3789\">Petroleum<\/p>\n<\/li>\n<li data-start=\"3790\" data-end=\"3808\">\n<p data-start=\"3792\" data-end=\"3808\">Turpentine oil<\/p>\n<\/li>\n<li data-start=\"3809\" data-end=\"3828\">\n<p data-start=\"3811\" data-end=\"3828\">Trichloroethane<\/p>\n<\/li>\n<li data-start=\"3829\" data-end=\"3860\">\n<p data-start=\"3831\" data-end=\"3860\">D\u1ea7u th\u1ee7y l\u1ef1c v\u00e0 d\u1ea7u bi\u1ebfn \u00e1p<\/p>\n<\/li>\n<li data-start=\"3861\" data-end=\"3890\">\n<p data-start=\"3863\" data-end=\"3890\">N\u01b0\u1edbc bi\u1ec3n v\u00e0 n\u01b0\u1edbc clo h\u00f3a<\/p>\n<\/li>\n<\/ul>\n<p data-start=\"3892\" data-end=\"3978\">Nh\u1edd v\u1eady <strong data-start=\"3900\" data-end=\"3928\">Kh\u00f3a CB kh\u1ed1i 480V \/ 600V<\/strong> c\u00f3 th\u1ec3 s\u1eed d\u1ee5ng l\u00e2u d\u00e0i trong m\u00f4i tr\u01b0\u1eddng s\u1ea3n xu\u1ea5t.<\/p>\n<hr data-start=\"3980\" data-end=\"3983\" \/>\n<h2 data-start=\"3985\" data-end=\"4013\"><strong>Ti\u00eau chu\u1ea9n an to\u00e0n qu\u1ed1c t\u1ebf<\/strong><\/h2>\n<p data-start=\"4015\" data-end=\"4073\">Kh\u00f3a CB kh\u1ed1i Brady 65397 \u0111\u00e1p \u1ee9ng nhi\u1ec1u ti\u00eau chu\u1ea9n an to\u00e0n:<\/p>\n<p>UL<\/p>\n<ul data-start=\"4083\" data-end=\"4095\">\n<li data-start=\"4083\" data-end=\"4095\">\n<p data-start=\"4085\" data-end=\"4095\">UL 94 &#8211; HB<\/p>\n<\/li>\n<\/ul>\n<p>OSHA<\/p>\n<ul data-start=\"4107\" data-end=\"4129\">\n<li data-start=\"4107\" data-end=\"4129\">\n<p data-start=\"4109\" data-end=\"4129\">OSHA 29 CFR 1910.147<\/p>\n<\/li>\n<\/ul>\n<p>ANSI<\/p>\n<ul data-start=\"4141\" data-end=\"4152\">\n<li data-start=\"4141\" data-end=\"4152\">\n<p data-start=\"4143\" data-end=\"4152\">ANSI Z244<\/p>\n<\/li>\n<\/ul>\n<p>RoHS<\/p>\n<ul data-start=\"4164\" data-end=\"4207\">\n<li data-start=\"4164\" data-end=\"4207\">\n<p data-start=\"4166\" data-end=\"4207\">Tu\u00e2n th\u1ee7 Directive 2011\/65\/EU v\u00e0 2015\/863<\/p>\n<\/li>\n<\/ul>\n<p data-start=\"4209\" data-end=\"4301\">Nh\u1eefng ti\u00eau chu\u1ea9n n\u00e0y \u0111\u1ea3m b\u1ea3o thi\u1ebft b\u1ecb ph\u00f9 h\u1ee3p cho h\u1ec7 th\u1ed1ng <strong data-start=\"4268\" data-end=\"4300\">Lockout Tagout chuy\u00ean nghi\u1ec7p<\/strong>.<\/p>\n<hr data-start=\"4303\" data-end=\"4306\" \/>\n<h2 data-start=\"4308\" data-end=\"4363\"><strong>V\u00ec sao n\u00ean ch\u1ecdn Kh\u00f3a CB kh\u1ed1i 480V \/ 600V Brady 65397?<\/strong><\/h2>\n<ul data-start=\"4365\" data-end=\"4546\">\n<li data-start=\"4365\" data-end=\"4400\">\n<p data-start=\"4367\" data-end=\"4400\">L\u1eafp \u0111\u1eb7t nhanh kh\u00f4ng c\u1ea7n tua v\u00edt<\/p>\n<\/li>\n<li data-start=\"4401\" data-end=\"4433\">\n<p data-start=\"4403\" data-end=\"4433\">Ph\u00f9 h\u1ee3p CB kh\u1ed1i 480V v\u00e0 600V<\/p>\n<\/li>\n<li data-start=\"4434\" data-end=\"4471\">\n<p data-start=\"4436\" data-end=\"4471\">T\u01b0\u01a1ng th\u00edch nhi\u1ec1u lo\u1ea1i tay g\u1ea1t CB<\/p>\n<\/li>\n<li data-start=\"4472\" data-end=\"4508\">\n<p data-start=\"4474\" data-end=\"4508\">Ch\u1ecbu nhi\u1ec7t v\u00e0 kh\u00e1ng h\u00f3a ch\u1ea5t t\u1ed1t<\/p>\n<\/li>\n<li data-start=\"4509\" data-end=\"4546\">\n<p data-start=\"4511\" data-end=\"4546\">Th\u01b0\u01a1ng hi\u1ec7u Brady uy t\u00edn to\u00e0n c\u1ea7u<\/p>\n<\/li>\n<\/ul>\n<p data-start=\"4548\" data-end=\"4649\">\u0110\u00e2y l\u00e0 l\u1ef1a ch\u1ecdn \u0111\u00e1ng tin c\u1eady cho c\u00e1c doanh nghi\u1ec7p c\u1ea7n <strong data-start=\"4602\" data-end=\"4648\">Kh\u00f3a CB kh\u1ed1i cho h\u1ec7 th\u1ed1ng \u0111i\u1ec7n c\u00f4ng nghi\u1ec7p<\/strong>.<\/p>\n<h2><strong>Gi\u1edbi Thi\u1ec7u V\u1ec1 Achison<\/strong><\/h2>\n<p data-pm-slice=\"0 0 []\">C\u00f4ng Ty C\u1ed5 Ph\u1ea7n Achison l\u00e0 \u0111\u01a1n v\u1ecb chuy\u00ean cung c\u1ea5p thi\u1ebft b\u1ecb b\u1ea3o h\u1ed9 lao \u0111\u1ed9ng v\u00e0 gi\u1ea3i ph\u00e1p an to\u00e0n c\u00f4ng nghi\u1ec7p t\u1ea1i Vi\u1ec7t Nam.<\/p>\n<p><img loading=\"lazy\" decoding=\"async\" class=\"size-full wp-image-11942\" title=\"Kh\u00f3a CB kh\u1ed1i Brady 65396 - lo\u1ea1i 120\/277V\" src=\"https:\/\/achisonsafety.com.vn\/wp-content\/uploads\/2026\/01\/achison-nha-phan-phoi-chinh-thuc-cua-cac-thuong-hieu-bao-ho-lao-dong-hang-dau-the-gioi-1.jpg\" sizes=\"(max-width: 900px) 100vw, 900px\" srcset=\"https:\/\/achisonsafety.com.vn\/wp-content\/uploads\/2026\/01\/achison-nha-phan-phoi-chinh-thuc-cua-cac-thuong-hieu-bao-ho-lao-dong-hang-dau-the-gioi-1.jpg 900w, https:\/\/achisonsafety.com.vn\/wp-content\/uploads\/2026\/01\/achison-nha-phan-phoi-chinh-thuc-cua-cac-thuong-hieu-bao-ho-lao-dong-hang-dau-the-gioi-1-600x400.jpg 600w, https:\/\/achisonsafety.com.vn\/wp-content\/uploads\/2026\/01\/achison-nha-phan-phoi-chinh-thuc-cua-cac-thuong-hieu-bao-ho-lao-dong-hang-dau-the-gioi-1-768x512.jpg 768w, https:\/\/achisonsafety.com.vn\/wp-content\/uploads\/2026\/01\/achison-nha-phan-phoi-chinh-thuc-cua-cac-thuong-hieu-bao-ho-lao-dong-hang-dau-the-gioi-1-45x30.jpg 45w, https:\/\/achisonsafety.com.vn\/wp-content\/uploads\/2026\/01\/achison-nha-phan-phoi-chinh-thuc-cua-cac-thuong-hieu-bao-ho-lao-dong-hang-dau-the-gioi-1-90x60.jpg 90w, https:\/\/achisonsafety.com.vn\/wp-content\/uploads\/2026\/01\/achison-nha-phan-phoi-chinh-thuc-cua-cac-thuong-hieu-bao-ho-lao-dong-hang-dau-the-gioi-1-510x340.jpg 510w\" alt=\"achison nha phan phoi chinh thuc cua cac thuong hieu bao ho lao dong hang dau the gioi 1\" width=\"900\" height=\"600\" \/><\/p>\n<p><a href=\"https:\/\/achison.com\/\" target=\"_blank\" rel=\"nofollow noopener\">Achison<\/a>\u00a0ph\u00e2n ph\u1ed1i c\u00e1c s\u1ea3n ph\u1ea9m ch\u00ednh h\u00e3ng t\u1eeb th\u01b0\u01a1ng hi\u1ec7u qu\u1ed1c t\u1ebf, trong \u0111\u00f3 c\u00f3 thi\u1ebft b\u1ecb Lockout Tagout c\u1ee7a Brady Corporation. V\u1edbi \u0111\u1ed9i ng\u0169 t\u01b0 v\u1ea5n chuy\u00ean m\u00f4n cao, Achison h\u1ed7 tr\u1ee3 doanh nghi\u1ec7p:<\/p>\n<ul>\n<li>T\u01b0 v\u1ea5n <a href=\"https:\/\/achisonsafety.com.vn\/quy-trinh-lockout-tagout\/\">gi\u1ea3i ph\u00e1p LOTO<\/a> theo ti\u00eau chu\u1ea9n<\/li>\n<li>Cung c\u1ea5p thi\u1ebft b\u1ecb ch\u00ednh h\u00e3ng<\/li>\n<li>H\u1ed7 tr\u1ee3 k\u1ef9 thu\u1eadt v\u00e0 tri\u1ec3n khai th\u1ef1c t\u1ebf t\u1ea1i nh\u00e0 m\u00e1y<\/li>\n<li>Li\u00ean h\u1ec7 ngay \u0111\u1ec3 \u0111\u01b0\u1ee3c t\u01b0 v\u1ea5n gi\u1ea3i ph\u00e1p an to\u00e0n \u0111i\u1ec7n ph\u00f9 h\u1ee3p<\/li>\n<\/ul>\n","protected":false},"excerpt":{"rendered":"<p>Trong h\u1ec7 th\u1ed1ng \u0111i\u1ec7n c\u00f4ng nghi\u1ec7p, c\u00e1c kh\u00f3a <strong data-start=\"1366\" data-end=\"1392\">CB kh\u1ed1i 480V ho\u1eb7c 600V<\/strong> th\u01b0\u1eddng \u0111\u01b0\u1ee3c s\u1eed d\u1ee5ng \u0111\u1ec3 b\u1ea3o v\u1ec7 thi\u1ebft b\u1ecb \u0111i\u1ec7n c\u00f4ng su\u1ea5t l\u1edbn. Khi ti\u1ebfn h\u00e0nh b\u1ea3o tr\u00ec, vi\u1ec7c kh\u00f3a CB l\u00e0 b\u01b0\u1edbc quan tr\u1ecdng \u0111\u1ec3 ng\u0103n ch\u1eb7n vi\u1ec7c \u0111\u00f3ng \u0111i\u1ec7n ngo\u00e0i \u00fd mu\u1ed1n.<\/p>\n","protected":false},"featured_media":12211,"comment_status":"open","ping_status":"closed","template":"","meta":[],"product_cat":[161],"product_tag":[],"class_list":{"0":"post-12202","1":"product","2":"type-product","3":"status-publish","4":"has-post-thumbnail","6":"product_cat-khoa-cb-dien","7":"yith_product_brand-brady","9":"first","10":"instock","11":"shipping-taxable","12":"product-type-simple"},"acf":[],"_links":{"self":[{"href":"https:\/\/achisonsafety.com.vn\/en\/wp-json\/wp\/v2\/product\/12202"}],"collection":[{"href":"https:\/\/achisonsafety.com.vn\/en\/wp-json\/wp\/v2\/product"}],"about":[{"href":"https:\/\/achisonsafety.com.vn\/en\/wp-json\/wp\/v2\/types\/product"}],"replies":[{"embeddable":true,"href":"https:\/\/achisonsafety.com.vn\/en\/wp-json\/wp\/v2\/comments?post=12202"}],"wp:featuredmedia":[{"embeddable":true,"href":"https:\/\/achisonsafety.com.vn\/en\/wp-json\/wp\/v2\/media\/12211"}],"wp:attachment":[{"href":"https:\/\/achisonsafety.com.vn\/en\/wp-json\/wp\/v2\/media?parent=12202"}],"wp:term":[{"taxonomy":"product_cat","embeddable":true,"href":"https:\/\/achisonsafety.com.vn\/en\/wp-json\/wp\/v2\/product_cat?post=12202"},{"taxonomy":"product_tag","embeddable":true,"href":"https:\/\/achisonsafety.com.vn\/en\/wp-json\/wp\/v2\/product_tag?post=12202"}],"curies":[{"name":"wp","href":"https:\/\/api.w.org\/{rel}","templated":true}]}}