{"id":12220,"date":"2026-03-06T14:01:52","date_gmt":"2026-03-06T07:01:52","guid":{"rendered":"https:\/\/achisonsafety.com.vn\/?post_type=product&#038;p=12220"},"modified":"2026-03-06T14:15:21","modified_gmt":"2026-03-06T07:15:21","slug":"khoa-cong-tac-tuong-da-nang-brady-65392","status":"publish","type":"product","link":"https:\/\/achisonsafety.com.vn\/en\/san-pham\/khoa-cong-tac-tuong-da-nang-brady-65392\/","title":{"rendered":"Kh\u00f3a C\u00f4ng T\u1eafc T\u01b0\u1eddng \u0110a N\u0103ng Brady 65392"},"content":{"rendered":"<p>Kh\u00f3a C\u00f4ng T\u1eafc T\u01b0\u1eddng \u0110a N\u0103ng Brady 65392 gi\u00fap c\u1ed1 \u0111\u1ecbnh v\u00e0 kh\u00f3a c\u00e1c c\u00f4ng t\u1eafc \u0111i\u1ec7n tr\u00ean t\u01b0\u1eddng, ng\u0103n ch\u1eb7n vi\u1ec7c b\u1eadt\/t\u1eaft ngo\u00e0i \u00fd mu\u1ed1n trong qu\u00e1 tr\u00ecnh b\u1ea3o tr\u00ec, t\u1eeb \u0111\u00f3 \u0111\u1ea3m b\u1ea3o an to\u00e0n tuy\u1ec7t \u0111\u1ed1i cho ng\u01b0\u1eddi v\u1eadn h\u00e0nh.<\/p>\n<figure id=\"attachment_12228\" aria-describedby=\"caption-attachment-12228\" style=\"width: 900px\" class=\"wp-caption aligncenter\"><img loading=\"lazy\" decoding=\"async\" class=\"size-full wp-image-12228\" src=\"https:\/\/achisonsafety.com.vn\/wp-content\/uploads\/2026\/03\/khoa-cong-tac-tuong-da-nang-brady-65392-4.jpg\" alt=\"\" width=\"900\" height=\"708\" title=\"\" srcset=\"https:\/\/achisonsafety.com.vn\/wp-content\/uploads\/2026\/03\/khoa-cong-tac-tuong-da-nang-brady-65392-4.jpg 900w, https:\/\/achisonsafety.com.vn\/wp-content\/uploads\/2026\/03\/khoa-cong-tac-tuong-da-nang-brady-65392-4-508x400.jpg 508w, https:\/\/achisonsafety.com.vn\/wp-content\/uploads\/2026\/03\/khoa-cong-tac-tuong-da-nang-brady-65392-4-768x604.jpg 768w, https:\/\/achisonsafety.com.vn\/wp-content\/uploads\/2026\/03\/khoa-cong-tac-tuong-da-nang-brady-65392-4-38x30.jpg 38w, https:\/\/achisonsafety.com.vn\/wp-content\/uploads\/2026\/03\/khoa-cong-tac-tuong-da-nang-brady-65392-4-76x60.jpg 76w, https:\/\/achisonsafety.com.vn\/wp-content\/uploads\/2026\/03\/khoa-cong-tac-tuong-da-nang-brady-65392-4-510x401.jpg 510w\" sizes=\"(max-width: 900px) 100vw, 900px\" \/><figcaption id=\"caption-attachment-12228\" class=\"wp-caption-text\">S\u1ea3n ph\u1ea9m kh\u00f3a c\u00f4ng t\u1eafc t\u01b0\u1eddng \u0111a n\u0103ng Brady 65392<\/figcaption><\/figure>\n<h2>Thi\u1ebft k\u1ebf linh ho\u1ea1t, ph\u00f9 h\u1ee3p nhi\u1ec1u lo\u1ea1i c\u00f4ng t\u1eafc<\/h2>\n<p>Kh\u00f3a c\u00f4ng t\u1eafc t\u01b0\u1eddng Brady 65392 c\u00f3 thi\u1ebft k\u1ebf \u0111a n\u0103ng, ph\u00f9 h\u1ee3p v\u1edbi nhi\u1ec1u lo\u1ea1i c\u00f4ng t\u1eafc t\u01b0\u1eddng ph\u1ed5 bi\u1ebfn hi\u1ec7n nay.<\/p>\n<p>C\u00f3 th\u1ec3 l\u1eafp \u0111\u1eb7t nhanh ch\u00f3ng m\u00e0 kh\u00f4ng c\u1ea7n th\u00e1o r\u1eddi c\u00f4ng t\u1eafc hay s\u1eed d\u1ee5ng d\u1ee5ng c\u1ee5 ph\u1ee9c t\u1ea1p. Nh\u1edd \u0111\u00f3, ng\u01b0\u1eddi d\u00f9ng c\u00f3 th\u1ec3 tri\u1ec3n khai h\u1ec7 th\u1ed1ng kh\u00f3a an to\u00e0n m\u1ed9t c\u00e1ch thu\u1eadn ti\u1ec7n v\u00e0 hi\u1ec7u qu\u1ea3.<\/p>\n<h2>Ch\u1ea5t li\u1ec7u b\u1ec1n b\u1ec9, ch\u1ecbu l\u1ef1c t\u1ed1t<\/h2>\n<p>S\u1ea3n ph\u1ea9m \u0111\u01b0\u1ee3c l\u00e0m t\u1eeb v\u1eadt li\u1ec7u nh\u1ef1a c\u00f4ng nghi\u1ec7p cao c\u1ea5p, c\u00f3 kh\u1ea3 n\u0103ng ch\u1ecbu l\u1ef1c v\u00e0 ch\u1ed1ng va \u0111\u1eadp t\u1ed1t. \u0110\u1ed3ng th\u1eddi, v\u1eadt li\u1ec7u n\u00e0y c\u00f2n c\u00f3 kh\u1ea3 n\u0103ng ch\u1ed1ng \u0103n m\u00f2n, ch\u1ecbu \u0111\u01b0\u1ee3c m\u00f4i tr\u01b0\u1eddng l\u00e0m vi\u1ec7c kh\u1eafc nghi\u1ec7t trong c\u00e1c nh\u00e0 m\u00e1y, x\u01b0\u1edfng s\u1ea3n xu\u1ea5t hay khu c\u00f4ng nghi\u1ec7p.<\/p>\n<h2>T\u0103ng c\u01b0\u1eddng an to\u00e0n trong quy tr\u00ecnh Lockout\/Tagout<\/h2>\n<p>Kh\u00f3a C\u00f4ng T\u1eafc T\u01b0\u1eddng \u0110a N\u0103ng Brady 65392 l\u00e0 thi\u1ebft b\u1ecb quan tr\u1ecdng trong quy tr\u00ecnh Lockout\/Tagout (LOTO) \u2013 quy tr\u00ecnh ki\u1ec3m so\u00e1t ngu\u1ed3n n\u0103ng l\u01b0\u1ee3ng nguy hi\u1ec3m khi b\u1ea3o tr\u00ec m\u00e1y m\u00f3c. Khi \u0111\u01b0\u1ee3c k\u1ebft h\u1ee3p v\u1edbi \u1ed5 kh\u00f3a an to\u00e0n v\u00e0 th\u1ebb c\u1ea3nh b\u00e1o, s\u1ea3n ph\u1ea9m gi\u00fap ng\u0103n ch\u1eb7n vi\u1ec7c v\u00f4 t\u00ecnh k\u00edch ho\u1ea1t ngu\u1ed3n \u0111i\u1ec7n, gi\u1ea3m thi\u1ec3u r\u1ee7i ro tai n\u1ea1n lao \u0111\u1ed9ng.<\/p>\n<p>\u0110i\u1ec3m m\u1ea1nh c\u1ee7a kh\u00f3a c\u00f4ng t\u1eafc t\u01b0\u1eddng Brady 65392<br \/>\n&#8211; Thi\u1ebft k\u1ebf \u0111a n\u0103ng, ph\u00f9 h\u1ee3p v\u1edbi nhi\u1ec1u lo\u1ea1i c\u00f4ng t\u1eafc t\u01b0\u1eddng<br \/>\n&#8211; L\u1eafp \u0111\u1eb7t nhanh ch\u00f3ng, kh\u00f4ng c\u1ea7n d\u1ee5ng c\u1ee5 ph\u1ee9c t\u1ea1p<br \/>\n&#8211; Ch\u1ea5t li\u1ec7u nh\u1ef1a c\u00f4ng nghi\u1ec7p b\u1ec1n b\u1ec9, ch\u1ecbu va \u0111\u1eadp t\u1ed1t<br \/>\n&#8211; T\u0103ng c\u01b0\u1eddng an to\u00e0n trong quy tr\u00ecnh Lockout\/Tagout<br \/>\n&#8211; Ph\u00f9 h\u1ee3p s\u1eed d\u1ee5ng trong nh\u00e0 m\u00e1y, khu c\u00f4ng nghi\u1ec7p, ph\u00f2ng k\u1ef9 thu\u1eadt<\/p>\n<h2>\u1ee8ng d\u1ee5ng c\u1ee7a s\u1ea3n ph\u1ea9m<\/h2>\n<p>Kh\u00f3a c\u00f4ng t\u1eafc t\u01b0\u1eddng \u0111a n\u0103ng Brady 65392 \u0111\u01b0\u1ee3c s\u1eed d\u1ee5ng r\u1ed9ng r\u00e3i trong c\u00e1c nh\u00e0 m\u00e1y s\u1ea3n xu\u1ea5t, h\u1ec7 th\u1ed1ng \u0111i\u1ec7n c\u00f4ng nghi\u1ec7p; Khu v\u1ef1c b\u1ea3o tr\u00ec, s\u1eeda ch\u1eefa thi\u1ebft b\u1ecb\u2026<\/p>\n<p>Kh\u00f3a C\u00f4ng T\u1eafc T\u01b0\u1eddng \u0110a N\u0103ng Brady 65392 ch\u1eafc ch\u1eafn s\u1ebd l\u00e0 s\u1ef1 l\u1ef1a ch\u1ecdn m\u00e0 b\u1ea1n kh\u00f4ng th\u1ec3 n\u00e0o b\u1ecf qua, mang \u0111\u1ebfn s\u1ef1 an to\u00e0n cho doanh nghi\u1ec7p c\u1ee7a b\u1ea1n.<\/p>\n<p>Li\u00ean h\u1ec7 Achison ngay h\u00f4m nay \u0111\u1ec3 \u0111\u01b0\u1ee3c t\u01b0 v\u1ea5n v\u00e0 l\u1ef1a ch\u1ecdn gi\u1ea3i ph\u00e1p an to\u00e0n ph\u00f9 h\u1ee3p.<\/p>\n","protected":false},"excerpt":{"rendered":"<div style=\"text-align: justify;\">&#8211; Thi\u1ebft k\u1ebf \u0111a n\u0103ng, ph\u00f9 h\u1ee3p v\u1edbi nhi\u1ec1u lo\u1ea1i c\u00f4ng t\u1eafc t\u01b0\u1eddng<\/div>\n<div style=\"text-align: justify;\"><\/div>\n<div style=\"text-align: justify;\">&#8211; L\u1eafp \u0111\u1eb7t nhanh ch\u00f3ng, kh\u00f4ng c\u1ea7n d\u1ee5ng c\u1ee5 ph\u1ee9c t\u1ea1p<\/div>\n<div style=\"text-align: justify;\"><\/div>\n<div style=\"text-align: justify;\">&#8211; Ch\u1ea5t li\u1ec7u nh\u1ef1a c\u00f4ng nghi\u1ec7p b\u1ec1n b\u1ec9, ch\u1ecbu va \u0111\u1eadp t\u1ed1t<\/div>\n","protected":false},"featured_media":12221,"comment_status":"open","ping_status":"closed","template":"","meta":[],"product_cat":[163,25],"product_tag":[1112,1111],"class_list":{"0":"post-12220","1":"product","2":"type-product","3":"status-publish","4":"has-post-thumbnail","6":"product_cat-khoa-loto-khac","7":"product_cat-quy-trinh-lockout-tagout","8":"product_tag-khoa-cong-tac-tuong-brady","9":"product_tag-khoa-cong-tac-tuong-da-nang","10":"yith_product_brand-brady","12":"first","13":"instock","14":"shipping-taxable","15":"product-type-simple"},"acf":[],"_links":{"self":[{"href":"https:\/\/achisonsafety.com.vn\/en\/wp-json\/wp\/v2\/product\/12220"}],"collection":[{"href":"https:\/\/achisonsafety.com.vn\/en\/wp-json\/wp\/v2\/product"}],"about":[{"href":"https:\/\/achisonsafety.com.vn\/en\/wp-json\/wp\/v2\/types\/product"}],"replies":[{"embeddable":true,"href":"https:\/\/achisonsafety.com.vn\/en\/wp-json\/wp\/v2\/comments?post=12220"}],"wp:featuredmedia":[{"embeddable":true,"href":"https:\/\/achisonsafety.com.vn\/en\/wp-json\/wp\/v2\/media\/12221"}],"wp:attachment":[{"href":"https:\/\/achisonsafety.com.vn\/en\/wp-json\/wp\/v2\/media?parent=12220"}],"wp:term":[{"taxonomy":"product_cat","embeddable":true,"href":"https:\/\/achisonsafety.com.vn\/en\/wp-json\/wp\/v2\/product_cat?post=12220"},{"taxonomy":"product_tag","embeddable":true,"href":"https:\/\/achisonsafety.com.vn\/en\/wp-json\/wp\/v2\/product_tag?post=12220"}],"curies":[{"name":"wp","href":"https:\/\/api.w.org\/{rel}","templated":true}]}}