{"id":12278,"date":"2026-03-24T09:53:02","date_gmt":"2026-03-24T02:53:02","guid":{"rendered":"https:\/\/achisonsafety.com.vn\/?post_type=product&#038;p=12278"},"modified":"2026-03-27T09:03:25","modified_gmt":"2026-03-27T02:03:25","slug":"khoa-pin-xe-thuong-mai-dang-day-cap-brady-150821","status":"publish","type":"product","link":"https:\/\/achisonsafety.com.vn\/en\/san-pham\/khoa-pin-xe-thuong-mai-dang-day-cap-brady-150821\/","title":{"rendered":"Kh\u00f3a Pin Xe Th\u01b0\u01a1ng M\u1ea1i D\u1ea1ng D\u00e2y C\u00e1p Brady 150821"},"content":{"rendered":"<p style=\"text-align: justify;\"><a href=\"https:\/\/achisonsafety.com.vn\/san-pham\/khoa-pin-xe-thuong-mai-dang-day-cap-brady-150821\" target=\"_blank\" rel=\"noopener\">Kh\u00f3a Pin Xe Th\u01b0\u01a1ng M\u1ea1i D\u1ea1ng D\u00e2y C\u00e1p Brady 150821<\/a> gi\u00fap ng\u0103n ch\u1eb7n d\u1ec5 d\u00e0ng vi\u1ec7c k\u1ebft n\u1ed1i pin ng\u1eabu nhi\u00ean trong su\u1ed1t qu\u00e1 tr\u00ecnh b\u1ea3o tr\u00ec xe th\u01b0\u01a1ng m\u1ea1i, \u0111\u1ea3m b\u1ea3o an to\u00e0n tuy\u1ec7t \u0111\u1ed1i cho ng\u01b0\u1eddi lao \u0111\u1ed9ng.<\/p>\n<figure id=\"attachment_12287\" aria-describedby=\"caption-attachment-12287\" style=\"width: 900px\" class=\"wp-caption aligncenter\"><img loading=\"lazy\" decoding=\"async\" class=\"size-full wp-image-12287\" src=\"https:\/\/achisonsafety.com.vn\/wp-content\/uploads\/2026\/03\/khoa-pin-xe-thuong-mai-dang-day-cap-brady-150821-6.jpg\" alt=\"\" width=\"900\" height=\"583\" title=\"\" srcset=\"https:\/\/achisonsafety.com.vn\/wp-content\/uploads\/2026\/03\/khoa-pin-xe-thuong-mai-dang-day-cap-brady-150821-6.jpg 900w, https:\/\/achisonsafety.com.vn\/wp-content\/uploads\/2026\/03\/khoa-pin-xe-thuong-mai-dang-day-cap-brady-150821-6-617x400.jpg 617w, https:\/\/achisonsafety.com.vn\/wp-content\/uploads\/2026\/03\/khoa-pin-xe-thuong-mai-dang-day-cap-brady-150821-6-768x497.jpg 768w, https:\/\/achisonsafety.com.vn\/wp-content\/uploads\/2026\/03\/khoa-pin-xe-thuong-mai-dang-day-cap-brady-150821-6-46x30.jpg 46w, https:\/\/achisonsafety.com.vn\/wp-content\/uploads\/2026\/03\/khoa-pin-xe-thuong-mai-dang-day-cap-brady-150821-6-93x60.jpg 93w, https:\/\/achisonsafety.com.vn\/wp-content\/uploads\/2026\/03\/khoa-pin-xe-thuong-mai-dang-day-cap-brady-150821-6-510x330.jpg 510w\" sizes=\"(max-width: 900px) 100vw, 900px\" \/><figcaption id=\"caption-attachment-12287\" class=\"wp-caption-text\">\u1ea2nh ch\u1ee5p s\u1ea3n ph\u1ea9m kh\u00f3a pin xe th\u01b0\u01a1ng m\u1ea1i d\u1ea1ng d\u00e2y c\u00e1p Brady 150821<\/figcaption><\/figure>\n<h2 style=\"text-align: justify;\"><strong>Thi\u1ebft k\u1ebf linh ho\u1ea1t \u2013 \u1ee8ng d\u1ee5ng \u0111a d\u1ea1ng<\/strong><\/h2>\n<p style=\"text-align: justify;\">S\u1ea3n ph\u1ea9m \u0111\u01b0\u1ee3c thi\u1ebft k\u1ebf ch\u1eafc ch\u1eafn, d\u1ec5 d\u00e0ng lu\u1ed3n qua nhi\u1ec1u v\u1ecb tr\u00ed kh\u00e1c nhau tr\u00ean h\u1ec7 th\u1ed1ng pin xe th\u01b0\u01a1ng m\u1ea1i. Nh\u1edd \u0111\u00f3, kh\u00f3a c\u00f3 th\u1ec3 s\u1eed d\u1ee5ng linh ho\u1ea1t cho nhi\u1ec1u lo\u1ea1i thi\u1ebft b\u1ecb v\u00e0 c\u1ea5u h\u00ecnh pin kh\u00e1c nhau, k\u1ec3 c\u1ea3 trong nh\u1eefng kh\u00f4ng gian ch\u1eadt h\u1eb9p ho\u1eb7c kh\u00f3 ti\u1ebfp c\u1eadn.<\/p>\n<h2 style=\"text-align: justify;\"><strong>\u0110\u1ed9 b\u1ec1n cao, ch\u1ecbu \u0111\u01b0\u1ee3c m\u00f4i tr\u01b0\u1eddng kh\u1eafc nghi\u1ec7t<\/strong><\/h2>\n<p style=\"text-align: justify;\">&#8211; S\u1ea3n ph\u1ea9m \u0111\u01b0\u1ee3c l\u00e0m t\u1eeb v\u1eadt li\u1ec7u b\u1ec1n ch\u1eafc, ch\u1ed1ng \u0103n m\u00f2n v\u00e0 ch\u1ecbu l\u1ef1c t\u1ed1t<\/p>\n<p style=\"text-align: justify;\">\u00a0&#8211; Ph\u00f9 h\u1ee3p s\u1eed d\u1ee5ng trong m\u00f4i tr\u01b0\u1eddng c\u00f4ng nghi\u1ec7p n\u1eb7ng<\/p>\n<p style=\"text-align: justify;\">\u00a0&#8211; \u0110\u1ea3m b\u1ea3o hi\u1ec7u su\u1ea5t \u1ed5n \u0111\u1ecbnh trong th\u1eddi gian d\u00e0i<\/p>\n<h2 style=\"text-align: justify;\"><strong>T\u0103ng c\u01b0\u1eddng an to\u00e0n \u2013 Tu\u00e2n th\u1ee7 quy tr\u00ecnh LOTO<\/strong><\/h2>\n<p style=\"text-align: justify;\">&#8211; Kh\u00f3a Brady 150821 l\u00e0 m\u1ed9t ph\u1ea7n quan tr\u1ecdng trong <a href=\"https:\/\/achisonsafety.com.vn\/quy-trinh-lockout-tagout\" target=\"_blank\" rel=\"noopener\">quy tr\u00ecnh Lockout\/Tagout<\/a> (LOTO), gi\u00fap:<\/p>\n<p style=\"text-align: justify;\">&#8211; Ng\u0103n ch\u1eb7n vi\u1ec7c c\u1ea5p \u0111i\u1ec7n ngo\u00e0i \u00fd mu\u1ed1n<\/p>\n<p style=\"text-align: justify;\">&#8211; B\u1ea3o v\u1ec7 nh\u00e2n vi\u00ean trong qu\u00e1 tr\u00ecnh b\u1ea3o tr\u00ec<\/p>\n<p style=\"text-align: justify;\">&#8211; \u0110\u00e1p \u1ee9ng c\u00e1c ti\u00eau chu\u1ea9n an to\u00e0n lao \u0111\u1ed9ng qu\u1ed1c t\u1ebf<\/p>\n<h2 style=\"text-align: justify;\"><strong>D\u1ec5 s\u1eed d\u1ee5ng<\/strong><\/h2>\n<p style=\"text-align: justify;\">&#8211; Thi\u1ebft k\u1ebf \u0111\u01a1n gi\u1ea3n, d\u1ec5 thao t\u00e1c<\/p>\n<p style=\"text-align: justify;\">\u00a0&#8211; C\u00f3 th\u1ec3 k\u1ebft h\u1ee3p v\u1edbi nhi\u1ec1u lo\u1ea1i \u1ed5 kh\u00f3a an to\u00e0n<\/p>\n<p style=\"text-align: justify;\">\u00a0&#8211; Gi\u00fap ti\u1ebft ki\u1ec7m th\u1eddi gian tri\u1ec3n khai v\u00e0 t\u0103ng hi\u1ec7u qu\u1ea3 c\u00f4ng vi\u1ec7c<\/p>\n<h2 style=\"text-align: justify;\"><strong>\u1ee8ng d\u1ee5ng th\u1ef1c t\u1ebf<\/strong><\/h2>\n<p style=\"text-align: justify;\">S\u1ea3n ph\u1ea9m ph\u00f9 h\u1ee3p s\u1eed d\u1ee5ng trong ng\u00e0nh v\u1eadn t\u1ea3i v\u00e0 logistics; Nh\u00e0 m\u00e1y s\u1ea3n xu\u1ea5t, khu c\u00f4ng nghi\u1ec7p; B\u1ea3o tr\u00ec xe n\u00e2ng, xe t\u1ea3i, xe \u0111i\u1ec7n c\u00f4ng nghi\u1ec7p; C\u00e1c h\u1ec7 th\u1ed1ng s\u1eed d\u1ee5ng pin\/\u1eafc quy c\u00f4ng su\u1ea5t l\u1edbn\u2026<\/p>\n<p style=\"text-align: justify;\">Kh\u00f3a pin xe Brady 150821 kh\u00f4ng ch\u1ec9 l\u00e0 m\u1ed9t thi\u1ebft b\u1ecb kh\u00f3a \u0111\u01a1n thu\u1ea7n m\u00e0 c\u00f2n l\u00e0 gi\u1ea3i ph\u00e1p gi\u00fap doanh nghi\u1ec7p n\u00e2ng cao ti\u00eau chu\u1ea9n an to\u00e0n, gi\u1ea3m thi\u1ec3u r\u1ee7i ro v\u00e0 b\u1ea3o v\u1ec7 con ng\u01b0\u1eddi m\u1ed9t c\u00e1ch hi\u1ec7u qu\u1ea3.<\/p>\n<p style=\"text-align: justify;\">H\u00e3y li\u00ean h\u1ec7 v\u1edbi <a href=\"https:\/\/achisonsafety.com.vn\" target=\"_blank\" rel=\"noopener\">Achisonsafety.com.vn<\/a> \u0111\u1ec3 \u0111\u01b0\u1ee3c t\u01b0 v\u1ea5n v\u00e0 nh\u1eadn b\u00e1o gi\u00e1 v\u1ec1 s\u1ea3n ph\u1ea9m n\u00e0y b\u1ea1n nh\u00e9.<\/p>\n","protected":false},"excerpt":{"rendered":"<div>\n<p style=\"text-align: justify;\">&#8211; Thi\u1ebft k\u1ebf linh ho\u1ea1t, \u1ee9ng d\u1ee5ng \u0111a d\u1ea1ng.<\/p>\n<\/div>\n<div style=\"text-align: justify;\">&#8211; C\u00f3 th\u1ec3 s\u1eed d\u1ee5ng linh ho\u1ea1t cho nhi\u1ec1u lo\u1ea1i thi\u1ebft b\u1ecb v\u00e0 c\u1ea5u h\u00ecnh pin kh\u00e1c nhau.<\/div>\n<p style=\"text-align: justify;\">&#8211; \u0110\u1ed9 b\u1ec1n cao, ch\u1ecbu \u0111\u01b0\u1ee3c m\u00f4i tr\u01b0\u1eddng kh\u1eafc nghi\u1ec7t.<\/p>\n","protected":false},"featured_media":12279,"comment_status":"open","ping_status":"closed","template":"","meta":[],"product_cat":[163,25],"product_tag":[1117,1118],"class_list":{"0":"post-12278","1":"product","2":"type-product","3":"status-publish","4":"has-post-thumbnail","6":"product_cat-khoa-loto-khac","7":"product_cat-quy-trinh-lockout-tagout","8":"product_tag-khoa-oin-xe-thuong-mai","9":"product_tag-khoa-pin-xe-brady","10":"yith_product_brand-brady","12":"first","13":"instock","14":"shipping-taxable","15":"product-type-simple"},"acf":[],"_links":{"self":[{"href":"https:\/\/achisonsafety.com.vn\/en\/wp-json\/wp\/v2\/product\/12278"}],"collection":[{"href":"https:\/\/achisonsafety.com.vn\/en\/wp-json\/wp\/v2\/product"}],"about":[{"href":"https:\/\/achisonsafety.com.vn\/en\/wp-json\/wp\/v2\/types\/product"}],"replies":[{"embeddable":true,"href":"https:\/\/achisonsafety.com.vn\/en\/wp-json\/wp\/v2\/comments?post=12278"}],"wp:featuredmedia":[{"embeddable":true,"href":"https:\/\/achisonsafety.com.vn\/en\/wp-json\/wp\/v2\/media\/12279"}],"wp:attachment":[{"href":"https:\/\/achisonsafety.com.vn\/en\/wp-json\/wp\/v2\/media?parent=12278"}],"wp:term":[{"taxonomy":"product_cat","embeddable":true,"href":"https:\/\/achisonsafety.com.vn\/en\/wp-json\/wp\/v2\/product_cat?post=12278"},{"taxonomy":"product_tag","embeddable":true,"href":"https:\/\/achisonsafety.com.vn\/en\/wp-json\/wp\/v2\/product_tag?post=12278"}],"curies":[{"name":"wp","href":"https:\/\/api.w.org\/{rel}","templated":true}]}}