{"id":12291,"date":"2026-03-27T10:39:19","date_gmt":"2026-03-27T03:39:19","guid":{"rendered":"https:\/\/achisonsafety.com.vn\/?post_type=product&#038;p=12291"},"modified":"2026-03-27T10:39:22","modified_gmt":"2026-03-27T03:39:22","slug":"khoa-cap-dang-kep-cho-van-brady-170481","status":"publish","type":"product","link":"https:\/\/achisonsafety.com.vn\/en\/san-pham\/khoa-cap-dang-kep-cho-van-brady-170481\/","title":{"rendered":"Kh\u00f3a C\u00e1p D\u1ea1ng K\u1eb9p Cho Van Brady 170481"},"content":{"rendered":"<div style=\"text-align: justify;\">Kh\u00f3a c\u00e1p d\u1ea1ng k\u1eb9p cho van Brady 170481 \u0111\u01b0\u1ee3c thi\u1ebft k\u1ebf nh\u1eb1m \u0111\u00e1p \u1ee9ng nhu c\u1ea7u kh\u00f3a an to\u00e0n cho nhi\u1ec1u lo\u1ea1i van kh\u00e1c nhau (van bi, van c\u1ed5ng v\u00e0 van b\u01b0\u1edbm)\u2026 mang l\u1ea1i s\u1ef1 linh ho\u1ea1t v\u00e0 hi\u1ec7u qu\u1ea3 v\u01b0\u1ee3t tr\u1ed9i trong quy tr\u00ecnh Lockout\/Tagout (LOTO).<\/div>\n<div><\/div>\n<div>\n<figure id=\"attachment_12298\" aria-describedby=\"caption-attachment-12298\" style=\"width: 900px\" class=\"wp-caption aligncenter\"><img loading=\"lazy\" decoding=\"async\" class=\"size-full wp-image-12298\" src=\"https:\/\/achisonsafety.com.vn\/wp-content\/uploads\/2026\/03\/khoa-cap-dang-kep-cho-van-brady-170481-4.jpg\" alt=\"\" width=\"900\" height=\"900\" title=\"\" srcset=\"https:\/\/achisonsafety.com.vn\/wp-content\/uploads\/2026\/03\/khoa-cap-dang-kep-cho-van-brady-170481-4.jpg 900w, https:\/\/achisonsafety.com.vn\/wp-content\/uploads\/2026\/03\/khoa-cap-dang-kep-cho-van-brady-170481-4-400x400.jpg 400w, https:\/\/achisonsafety.com.vn\/wp-content\/uploads\/2026\/03\/khoa-cap-dang-kep-cho-van-brady-170481-4-800x800.jpg 800w, https:\/\/achisonsafety.com.vn\/wp-content\/uploads\/2026\/03\/khoa-cap-dang-kep-cho-van-brady-170481-4-280x280.jpg 280w, https:\/\/achisonsafety.com.vn\/wp-content\/uploads\/2026\/03\/khoa-cap-dang-kep-cho-van-brady-170481-4-768x768.jpg 768w, https:\/\/achisonsafety.com.vn\/wp-content\/uploads\/2026\/03\/khoa-cap-dang-kep-cho-van-brady-170481-4-30x30.jpg 30w, https:\/\/achisonsafety.com.vn\/wp-content\/uploads\/2026\/03\/khoa-cap-dang-kep-cho-van-brady-170481-4-60x60.jpg 60w, https:\/\/achisonsafety.com.vn\/wp-content\/uploads\/2026\/03\/khoa-cap-dang-kep-cho-van-brady-170481-4-247x247.jpg 247w, https:\/\/achisonsafety.com.vn\/wp-content\/uploads\/2026\/03\/khoa-cap-dang-kep-cho-van-brady-170481-4-510x510.jpg 510w, https:\/\/achisonsafety.com.vn\/wp-content\/uploads\/2026\/03\/khoa-cap-dang-kep-cho-van-brady-170481-4-100x100.jpg 100w\" sizes=\"(max-width: 900px) 100vw, 900px\" \/><figcaption id=\"caption-attachment-12298\" class=\"wp-caption-text\">C\u1eadn c\u1ea3nh \u1ee9ng d\u1ee5ng kh\u00f3a c\u00e1p d\u1ea1ng k\u1eb9p cho van Brady 170481<\/figcaption><\/figure>\n<\/div>\n<h2 style=\"text-align: justify;\">\u0110\u1eb7c \u0111i\u1ec3m n\u1ed5i b\u1eadt<\/h2>\n<div style=\"text-align: justify;\">&#8211; Thi\u1ebft k\u1ebf d\u1ea1ng c\u00e1p linh ho\u1ea1t: D\u1ec5 d\u00e0ng s\u1eed d\u1ee5ng cho nhi\u1ec1u lo\u1ea1i van, k\u1ec3 c\u1ea3 trong kh\u00f4ng gian ch\u1eadt h\u1eb9p.<\/div>\n<div style=\"text-align: justify;\"><\/div>\n<div style=\"text-align: justify;\">&#8211; C\u01a1 ch\u1ebf k\u1eb9p ch\u1eafc ch\u1eafn: Gi\u1eef c\u1ed1 \u0111\u1ecbnh v\u1ecb tr\u00ed van, ng\u0103n ch\u1eb7n vi\u1ec7c v\u1eadn h\u00e0nh ngo\u00e0i \u00fd mu\u1ed1n.<\/div>\n<div style=\"text-align: justify;\"><\/div>\n<div style=\"text-align: justify;\">&#8211; Ch\u1ea5t li\u1ec7u b\u1ec1n b\u1ec9: Th\u00e2n kh\u00f3a l\u00e0m t\u1eeb nh\u1ef1a c\u00f4ng nghi\u1ec7p ch\u1ecbu l\u1ef1c cao, ch\u1ed1ng va \u0111\u1eadp v\u00e0 kh\u00e1ng h\u00f3a ch\u1ea5t t\u1ed1t.<\/div>\n<div style=\"text-align: justify;\"><\/div>\n<div style=\"text-align: justify;\">&#8211; C\u00e1p th\u00e9p ph\u1ee7 nh\u1ef1a: T\u0103ng \u0111\u1ed9 b\u1ec1n, ch\u1ed1ng \u0103n m\u00f2n v\u00e0 \u0111\u1ea3m b\u1ea3o an to\u00e0n khi s\u1eed d\u1ee5ng l\u00e2u d\u00e0i.<\/div>\n<div style=\"text-align: justify;\"><\/div>\n<div style=\"text-align: justify;\">&#8211; H\u1ed7 tr\u1ee3 nhi\u1ec1u \u1ed5 kh\u00f3a: Cho ph\u00e9p nhi\u1ec1u ng\u01b0\u1eddi c\u00f9ng kh\u00f3a, ph\u00f9 h\u1ee3p v\u1edbi quy tr\u00ecnh b\u1ea3o tr\u00ec nh\u00f3m.<\/div>\n<h2 style=\"text-align: justify;\">\u1ee8ng d\u1ee5ng th\u1ef1c t\u1ebf c\u1ee7a s\u1ea3n ph\u1ea9m<\/h2>\n<div style=\"text-align: justify;\">&#8211; Kh\u00f3a an to\u00e0n c\u00e1c lo\u1ea1i van trong nh\u00e0 m\u00e1y s\u1ea3n xu\u1ea5t<\/div>\n<div style=\"text-align: justify;\"><\/div>\n<div style=\"text-align: justify;\">&#8211; B\u1ea3o tr\u00ec h\u1ec7 th\u1ed1ng \u0111\u01b0\u1eddng \u1ed1ng, kh\u00ed n\u00e9n, h\u01a1i n\u01b0\u1edbc<\/div>\n<div style=\"text-align: justify;\"><\/div>\n<div style=\"text-align: justify;\">&#8211; \u1ee8ng d\u1ee5ng trong ng\u00e0nh d\u1ea7u kh\u00ed, h\u00f3a ch\u1ea5t, th\u1ef1c ph\u1ea9m, n\u0103ng l\u01b0\u1ee3ng<\/div>\n<h2 style=\"text-align: justify;\">L\u1ee3i \u00edch khi s\u1eed d\u1ee5ng s\u1ea3n ph\u1ea9m<\/h2>\n<div style=\"text-align: justify;\">&#8211; T\u0103ng c\u01b0\u1eddng an to\u00e0n lao \u0111\u1ed9ng: Ng\u0103n ng\u1eeba tai n\u1ea1n do v\u1eadn h\u00e0nh thi\u1ebft b\u1ecb ngo\u00e0i \u00fd mu\u1ed1n<\/div>\n<div style=\"text-align: justify;\"><\/div>\n<div style=\"text-align: justify;\">&#8211; Tu\u00e2n th\u1ee7 quy \u0111\u1ecbnh LOTO: \u0110\u00e1p \u1ee9ng c\u00e1c ti\u00eau chu\u1ea9n an to\u00e0n qu\u1ed1c t\u1ebf<\/div>\n<div style=\"text-align: justify;\"><\/div>\n<div style=\"text-align: justify;\">&#8211; Ti\u1ebft ki\u1ec7m chi ph\u00ed: M\u1ed9t thi\u1ebft b\u1ecb c\u00f3 th\u1ec3 s\u1eed d\u1ee5ng cho nhi\u1ec1u lo\u1ea1i van kh\u00e1c nhau<\/div>\n<div style=\"text-align: justify;\"><\/div>\n<div style=\"text-align: justify;\">Kh\u00f3a c\u00e1p d\u1ea1ng k\u1eb9p cho van Brady 170481 l\u00e0 l\u1ef1a ch\u1ecdn l\u00fd t\u01b0\u1edfng cho doanh nghi\u1ec7p \u0111ang t\u00ecm ki\u1ebfm gi\u1ea3i ph\u00e1p kh\u00f3a an to\u00e0n \u0111\u00e1ng tin c\u1eady.<\/div>\n<div style=\"text-align: justify;\"><\/div>\n<div style=\"text-align: justify;\">N\u1ebfu b\u1ea1n \u0111ang quan t\u00e2m s\u1ea3n ph\u1ea9m n\u00e0y th\u00ec li\u00ean h\u1ec7 ngay v\u1edbi C\u00f4ng ty Achison \u0111\u1ec3 \u0111\u01b0\u1ee3c t\u01b0 v\u1ea5n v\u00e0 b\u00e1o gi\u00e1 chi ti\u1ebft.<\/div>\n","protected":false},"excerpt":{"rendered":"<div style=\"text-align: justify;\">&#8211; D\u1ec5 d\u00e0ng s\u1eed d\u1ee5ng cho nhi\u1ec1u lo\u1ea1i van, k\u1ec3 c\u1ea3 trong kh\u00f4ng gian ch\u1eadt h\u1eb9p.<\/div>\n<div style=\"text-align: justify;\"><\/div>\n<div style=\"text-align: justify;\">&#8211; Gi\u1eef c\u1ed1 \u0111\u1ecbnh v\u1ecb tr\u00ed van, ng\u0103n ch\u1eb7n vi\u1ec7c v\u1eadn h\u00e0nh ngo\u00e0i \u00fd mu\u1ed1n.<\/div>\n<div style=\"text-align: justify;\"><\/div>\n<div style=\"text-align: justify;\">&#8211; Th\u00e2n kh\u00f3a l\u00e0m t\u1eeb nh\u1ef1a c\u00f4ng nghi\u1ec7p ch\u1ecbu l\u1ef1c cao, ch\u1ed1ng va \u0111\u1eadp v\u00e0 kh\u00e1ng h\u00f3a ch\u1ea5t t\u1ed1t.<\/div>\n","protected":false},"featured_media":12292,"comment_status":"open","ping_status":"closed","template":"","meta":[],"product_cat":[62,25],"product_tag":[1119],"class_list":{"0":"post-12291","1":"product","2":"type-product","3":"status-publish","4":"has-post-thumbnail","6":"product_cat-khoa-an-toan","7":"product_cat-quy-trinh-lockout-tagout","8":"product_tag-khoa-cap-dang-kep","9":"yith_product_brand-brady","11":"first","12":"instock","13":"shipping-taxable","14":"product-type-simple"},"acf":[],"_links":{"self":[{"href":"https:\/\/achisonsafety.com.vn\/en\/wp-json\/wp\/v2\/product\/12291"}],"collection":[{"href":"https:\/\/achisonsafety.com.vn\/en\/wp-json\/wp\/v2\/product"}],"about":[{"href":"https:\/\/achisonsafety.com.vn\/en\/wp-json\/wp\/v2\/types\/product"}],"replies":[{"embeddable":true,"href":"https:\/\/achisonsafety.com.vn\/en\/wp-json\/wp\/v2\/comments?post=12291"}],"wp:featuredmedia":[{"embeddable":true,"href":"https:\/\/achisonsafety.com.vn\/en\/wp-json\/wp\/v2\/media\/12292"}],"wp:attachment":[{"href":"https:\/\/achisonsafety.com.vn\/en\/wp-json\/wp\/v2\/media?parent=12291"}],"wp:term":[{"taxonomy":"product_cat","embeddable":true,"href":"https:\/\/achisonsafety.com.vn\/en\/wp-json\/wp\/v2\/product_cat?post=12291"},{"taxonomy":"product_tag","embeddable":true,"href":"https:\/\/achisonsafety.com.vn\/en\/wp-json\/wp\/v2\/product_tag?post=12291"}],"curies":[{"name":"wp","href":"https:\/\/api.w.org\/{rel}","templated":true}]}}