{"id":12300,"date":"2026-03-27T15:25:28","date_gmt":"2026-03-27T08:25:28","guid":{"rendered":"https:\/\/achisonsafety.com.vn\/?post_type=product&#038;p=12300"},"modified":"2026-03-30T11:36:33","modified_gmt":"2026-03-30T04:36:33","slug":"khoa-cb-khoi-kich-thuoc-lon-brady-65329-480-600v","status":"publish","type":"product","link":"https:\/\/achisonsafety.com.vn\/en\/san-pham\/khoa-cb-khoi-kich-thuoc-lon-brady-65329-480-600v\/","title":{"rendered":"Kh\u00f3a CB Kh\u1ed1i K\u00edch Th\u01b0\u1edbc L\u1edbn Brady 65329 &#8211; 480\/600V"},"content":{"rendered":"<p style=\"text-align: justify;\" data-start=\"243\" data-end=\"594\"><a href=\"https:\/\/achisonsafety.com.vn\/san-pham\/khoa-cb-khoi-kich-thuoc-lon-brady-65329-480-600v\">Kh\u00f3a CB kh\u1ed1i Brady 65329<\/a> l\u00e0 thi\u1ebft b\u1ecb kh\u00f3a an to\u00e0n chuy\u00ean d\u1ee5ng trong h\u1ec7 th\u1ed1ng Lockout\/Tagout (LOTO), \u0111\u01b0\u1ee3c thi\u1ebft k\u1ebf nh\u1eb1m ng\u0103n ch\u1eb7n vi\u1ec7c \u0111\u00f3ng \u0111i\u1ec7n ngo\u00e0i \u00fd mu\u1ed1n trong qu\u00e1 tr\u00ecnh b\u1ea3o tr\u00ec, s\u1eeda ch\u1eefa thi\u1ebft b\u1ecb \u0111i\u1ec7n.<\/p>\n<p style=\"text-align: justify;\" data-start=\"243\" data-end=\"594\">\u0110\u00e2y l\u00e0 gi\u1ea3i ph\u00e1p quan tr\u1ecdng gi\u00fap \u0111\u1ea3m b\u1ea3o an to\u00e0n cho ng\u01b0\u1eddi lao \u0111\u1ed9ng, \u0111\u1ed3ng th\u1eddi tu\u00e2n th\u1ee7 c\u00e1c ti\u00eau chu\u1ea9n an to\u00e0n \u0111i\u1ec7n trong m\u00f4i tr\u01b0\u1eddng c\u00f4ng nghi\u1ec7p.<\/p>\n<h2 style=\"text-align: justify;\" data-section-id=\"zqcukc\" data-start=\"893\" data-end=\"936\"><strong>\u0110\u1eb7c \u0111i\u1ec3m n\u1ed5i b\u1eadt c\u1ee7a kh\u00f3a CB kh\u1ed1i Brady 65329<\/strong><\/h2>\n<p style=\"text-align: justify;\" data-section-id=\"1phr78i\" data-start=\"938\" data-end=\"976\">S\u1ea3n ph\u1ea9m ph\u00f9 h\u1ee3p s\u1eed d\u1ee5ng cho c\u00e1c lo\u1ea1i CB kh\u1ed1i k\u00edch th\u01b0\u1edbc l\u1edbn (oversized circuit breaker), \u0111\u1eb7c bi\u1ec7t trong c\u00e1c h\u1ec7 th\u1ed1ng \u0111i\u1ec7n c\u00f4ng su\u1ea5t cao 480\/600V. V\u1edbi thi\u1ebft k\u1ebf ch\u1eafc ch\u1eafn, d\u1ec5 s\u1eed d\u1ee5ng v\u00e0 \u0111\u1ed9 b\u1ec1n cao, Brady 65329 l\u00e0 l\u1ef1a ch\u1ecdn \u0111\u00e1ng tin c\u1eady cho c\u00e1c nh\u00e0 m\u00e1y, khu c\u00f4ng nghi\u1ec7p v\u00e0 c\u00f4ng tr\u00ecnh k\u1ef9 thu\u1eadt.<\/p>\n<h3 style=\"text-align: justify;\" data-section-id=\"1phr78i\" data-start=\"938\" data-end=\"976\">Ph\u00f9 h\u1ee3p v\u1edbi CB kh\u1ed1i k\u00edch th\u01b0\u1edbc l\u1edbn<\/h3>\n<p style=\"text-align: justify;\" data-start=\"977\" data-end=\"1212\">Kh\u00f3a \u0111\u01b0\u1ee3c thi\u1ebft k\u1ebf \u0111\u1ec3 s\u1eed d\u1ee5ng v\u1edbi c\u00e1c CB c\u00f3 b\u1ec1 r\u1ed9ng tay g\u1ea1t l\u1edbn h\u01a1n 38 mm, h\u1ed7 tr\u1ee3 t\u1ed1i \u0111a l\u00ean \u0111\u1ebfn 57 mm v\u00e0 \u0111\u1ed9 d\u00e0y tay g\u1ea1t l\u00ean \u0111\u1ebfn 22 mm. \u0110i\u1ec1u n\u00e0y gi\u00fap s\u1ea3n ph\u1ea9m t\u01b0\u01a1ng th\u00edch v\u1edbi nhi\u1ec1u lo\u1ea1i CB c\u00f4ng su\u1ea5t l\u1edbn trong h\u1ec7 th\u1ed1ng \u0111i\u1ec7n c\u00f4ng nghi\u1ec7p.<\/p>\n<h3 style=\"text-align: justify;\">L\u1eafp \u0111\u1eb7t nhanh ch\u00f3ng, kh\u00f4ng c\u1ea7n d\u1ee5ng c\u1ee5<\/h3>\n<p style=\"text-align: justify;\" data-start=\"1257\" data-end=\"1481\">S\u1ea3n ph\u1ea9m s\u1eed d\u1ee5ng c\u01a1 ch\u1ebf v\u1eb7n tay ti\u1ec7n l\u1ee3i, cho ph\u00e9p ng\u01b0\u1eddi d\u00f9ng l\u1eafp \u0111\u1eb7t ch\u1ec9 trong v\u00e0i gi\u00e2y m\u00e0 kh\u00f4ng c\u1ea7n s\u1eed d\u1ee5ng tua v\u00edt ho\u1eb7c b\u1ea5t k\u1ef3 c\u00f4ng c\u1ee5 h\u1ed7 tr\u1ee3 n\u00e0o. \u0110i\u1ec1u n\u00e0y gi\u00fap ti\u1ebft ki\u1ec7m th\u1eddi gian v\u00e0 t\u0103ng hi\u1ec7u qu\u1ea3 l\u00e0m vi\u1ec7c trong th\u1ef1c t\u1ebf.<\/p>\n<h3 style=\"text-align: justify;\" data-section-id=\"1shfcda\" data-start=\"1483\" data-end=\"1520\">Ch\u1ea5t li\u1ec7u b\u1ec1n b\u1ec9, ch\u1ecbu va \u0111\u1eadp t\u1ed1t<\/h3>\n<p style=\"text-align: justify;\" data-start=\"1521\" data-end=\"1727\">Kh\u00f3a CB Brady 65329 \u0111\u01b0\u1ee3c s\u1ea3n xu\u1ea5t t\u1eeb nh\u1ef1a Polypropylene (PP) k\u1ebft h\u1ee3p v\u1edbi nylon gia c\u01b0\u1eddng s\u1ee3i th\u1ee7y tinh, mang l\u1ea1i kh\u1ea3 n\u0103ng ch\u1ecbu l\u1ef1c cao, ch\u1ed1ng va \u0111\u1eadp v\u00e0 h\u1ea1n ch\u1ebf n\u1ee9t v\u1ee1 trong \u0111i\u1ec1u ki\u1ec7n m\u00f4i tr\u01b0\u1eddng kh\u1eafc nghi\u1ec7t.<\/p>\n<h3 style=\"text-align: justify;\" data-section-id=\"ezjz98\" data-start=\"1729\" data-end=\"1783\">Ho\u1ea1t \u0111\u1ed9ng \u1ed5n \u0111\u1ecbnh trong nhi\u1ec1u \u0111i\u1ec1u ki\u1ec7n m\u00f4i tr\u01b0\u1eddng<\/h3>\n<p style=\"text-align: justify;\" data-start=\"1784\" data-end=\"1937\">S\u1ea3n ph\u1ea9m c\u00f3 th\u1ec3 ho\u1ea1t \u0111\u1ed9ng \u1ed5n \u0111\u1ecbnh trong d\u1ea3i nhi\u1ec7t \u0111\u1ed9 t\u1eeb -20\u00b0C \u0111\u1ebfn 80\u00b0C, ph\u00f9 h\u1ee3p v\u1edbi nhi\u1ec1u m\u00f4i tr\u01b0\u1eddng l\u00e0m vi\u1ec7c kh\u00e1c nhau, t\u1eeb trong nh\u00e0 m\u00e1y \u0111\u1ebfn ngo\u00e0i tr\u1eddi.<\/p>\n<h3 style=\"text-align: justify;\" data-section-id=\"18papwu\" data-start=\"1939\" data-end=\"1976\">Kh\u1ea3 n\u0103ng kh\u00e1ng h\u00f3a ch\u1ea5t v\u01b0\u1ee3t tr\u1ed9i<\/h3>\n<p style=\"text-align: justify;\" data-start=\"1977\" data-end=\"2212\">Kh\u00f3a c\u00f3 kh\u1ea3 n\u0103ng ch\u1ed1ng ch\u1ecbu t\u1ed1t v\u1edbi nhi\u1ec1u lo\u1ea1i h\u00f3a ch\u1ea5t c\u00f4ng nghi\u1ec7p nh\u01b0 x\u0103ng, d\u1ea7u, d\u1ea7u th\u1ee7y l\u1ef1c, methanol, acetone, n\u01b0\u1edbc bi\u1ec3n v\u00e0 n\u01b0\u1edbc c\u00f3 clo nh\u1eb9. \u0110i\u1ec1u n\u00e0y gi\u00fap \u0111\u1ea3m b\u1ea3o tu\u1ed5i th\u1ecd s\u1ea3n ph\u1ea9m ngay c\u1ea3 khi s\u1eed d\u1ee5ng trong m\u00f4i tr\u01b0\u1eddng kh\u1eafc nghi\u1ec7t.<\/p>\n<h2 style=\"text-align: justify;\" data-section-id=\"1qzzcfd\" data-start=\"2219\" data-end=\"2238\"><strong>\u1ee8ng d\u1ee5ng th\u1ef1c t\u1ebf<\/strong><\/h2>\n<p style=\"text-align: justify;\" data-start=\"2240\" data-end=\"2381\">Kh\u00f3a CB kh\u1ed1i Brady 65329 \u0111\u01b0\u1ee3c s\u1eed d\u1ee5ng r\u1ed9ng r\u00e3i trong nhi\u1ec1u l\u0129nh v\u1ef1c c\u00f4ng nghi\u1ec7p, \u0111\u1eb7c bi\u1ec7t l\u00e0 nh\u1eefng m\u00f4i tr\u01b0\u1eddng y\u00eau c\u1ea7u nghi\u00eam ng\u1eb7t v\u1ec1 an to\u00e0n \u0111i\u1ec7n:<\/p>\n<p style=\"text-align: justify;\">&#8211; Nh\u00e0 m\u00e1y s\u1ea3n xu\u1ea5t v\u00e0 khu c\u00f4ng nghi\u1ec7p<\/p>\n<p style=\"text-align: justify;\">&#8211; H\u1ec7 th\u1ed1ng \u0111i\u1ec7n c\u00f4ng su\u1ea5t l\u1edbn<\/p>\n<p style=\"text-align: justify;\">&#8211; Ho\u1ea1t \u0111\u1ed9ng b\u1ea3o tr\u00ec, s\u1eeda ch\u1eefa thi\u1ebft b\u1ecb \u0111i\u1ec7n<\/p>\n<p style=\"text-align: justify;\">&#8211; Tri\u1ec3n khai <a href=\"https:\/\/achisonsafety.com.vn\/quy-trinh-lockout-tagout\/\" target=\"_blank\" rel=\"noopener\">quy tr\u00ecnh Lockout\/Tagout (LOTO)<\/a> theo ti\u00eau chu\u1ea9n qu\u1ed1c t\u1ebf<\/p>\n<figure id=\"attachment_12301\" aria-describedby=\"caption-attachment-12301\" style=\"width: 616px\" class=\"wp-caption aligncenter\"><img loading=\"lazy\" decoding=\"async\" class=\" wp-image-12301\" src=\"https:\/\/achisonsafety.com.vn\/wp-content\/uploads\/2026\/03\/Khoa-CB-khoi-Brady-65329.jpg\" alt=\"Kh\u00f3a CB kh\u1ed1i Brady 65329\" width=\"616\" height=\"616\" title=\"\" srcset=\"https:\/\/achisonsafety.com.vn\/wp-content\/uploads\/2026\/03\/Khoa-CB-khoi-Brady-65329.jpg 900w, https:\/\/achisonsafety.com.vn\/wp-content\/uploads\/2026\/03\/Khoa-CB-khoi-Brady-65329-400x400.jpg 400w, https:\/\/achisonsafety.com.vn\/wp-content\/uploads\/2026\/03\/Khoa-CB-khoi-Brady-65329-800x800.jpg 800w, https:\/\/achisonsafety.com.vn\/wp-content\/uploads\/2026\/03\/Khoa-CB-khoi-Brady-65329-280x280.jpg 280w, https:\/\/achisonsafety.com.vn\/wp-content\/uploads\/2026\/03\/Khoa-CB-khoi-Brady-65329-768x768.jpg 768w, https:\/\/achisonsafety.com.vn\/wp-content\/uploads\/2026\/03\/Khoa-CB-khoi-Brady-65329-30x30.jpg 30w, https:\/\/achisonsafety.com.vn\/wp-content\/uploads\/2026\/03\/Khoa-CB-khoi-Brady-65329-60x60.jpg 60w, https:\/\/achisonsafety.com.vn\/wp-content\/uploads\/2026\/03\/Khoa-CB-khoi-Brady-65329-247x247.jpg 247w, https:\/\/achisonsafety.com.vn\/wp-content\/uploads\/2026\/03\/Khoa-CB-khoi-Brady-65329-510x510.jpg 510w, https:\/\/achisonsafety.com.vn\/wp-content\/uploads\/2026\/03\/Khoa-CB-khoi-Brady-65329-100x100.jpg 100w\" sizes=\"(max-width: 616px) 100vw, 616px\" \/><figcaption id=\"caption-attachment-12301\" class=\"wp-caption-text\">\u1ee8ng d\u1ee5ng th\u1ef1c t\u1ebf kh\u00f3a CB kh\u1ed1i Brady 65329<\/figcaption><\/figure>\n<p style=\"text-align: justify;\" data-start=\"2573\" data-end=\"2697\">Vi\u1ec7c s\u1eed d\u1ee5ng thi\u1ebft b\u1ecb kh\u00f3a CB gi\u00fap gi\u1ea3m thi\u1ec3u r\u1ee7i ro tai n\u1ea1n lao \u0111\u1ed9ng, \u0111\u1ed3ng th\u1eddi n\u00e2ng cao \u00fd th\u1ee9c an to\u00e0n trong doanh nghi\u1ec7p.<\/p>\n<p style=\"text-align: justify;\" data-start=\"4549\" data-end=\"4824\">Kh\u00f3a CB kh\u1ed1i Brady 65329 l\u00e0 gi\u1ea3i ph\u00e1p t\u1ed1i \u01b0u cho vi\u1ec7c \u0111\u1ea3m b\u1ea3o an to\u00e0n \u0111i\u1ec7n trong c\u00e1c h\u1ec7 th\u1ed1ng c\u00f4ng nghi\u1ec7p s\u1eed d\u1ee5ng CB k\u00edch th\u01b0\u1edbc l\u1edbn. V\u1edbi thi\u1ebft k\u1ebf ch\u1eafc ch\u1eafn, d\u1ec5 s\u1eed d\u1ee5ng v\u00e0 kh\u1ea3 n\u0103ng ho\u1ea1t \u0111\u1ed9ng b\u1ec1n b\u1ec9 trong nhi\u1ec1u \u0111i\u1ec1u ki\u1ec7n, s\u1ea3n ph\u1ea9m \u0111\u00e1p \u1ee9ng t\u1ed1t nhu c\u1ea7u c\u1ee7a doanh nghi\u1ec7p hi\u1ec7n \u0111\u1ea1i.<\/p>\n<p style=\"text-align: justify;\" data-start=\"4826\" data-end=\"4935\">Li\u00ean h\u1ec7 ngay v\u1edbi <a href=\"https:\/\/achisonsafety.com.vn\" target=\"_blank\" rel=\"noopener\">Achison<\/a> \u0111\u1ec3 \u0111\u01b0\u1ee3c t\u01b0 v\u1ea5n v\u00e0 l\u1ef1a ch\u1ecdn gi\u1ea3i ph\u00e1p an to\u00e0n \u0111i\u1ec7n ph\u00f9 h\u1ee3p nh\u1ea5t cho h\u1ec7 th\u1ed1ng c\u1ee7a b\u1ea1n.<\/p>\n","protected":false},"excerpt":{"rendered":"<p style=\"text-align: justify;\">Kh\u00f3a CB kh\u1ed1i Brady 65329 l\u00e0 thi\u1ebft b\u1ecb kh\u00f3a an to\u00e0n chuy\u00ean d\u1ee5ng trong h\u1ec7 th\u1ed1ng Lockout\/Tagout (LOTO), gi\u00fap ng\u0103n ch\u1eb7n vi\u1ec7c \u0111\u00f3ng \u0111i\u1ec7n ngo\u00e0i \u00fd mu\u1ed1n khi \u0111ang b\u1ea3o tr\u00ec, s\u1eeda ch\u1eefa.<\/p>\n","protected":false},"featured_media":12305,"comment_status":"open","ping_status":"closed","template":"","meta":[],"product_cat":[161],"product_tag":[1120,1113],"class_list":{"0":"post-12300","1":"product","2":"type-product","3":"status-publish","4":"has-post-thumbnail","6":"product_cat-khoa-cb-dien","7":"product_tag-khoa-cb-brady","8":"product_tag-khoa-cb-khoi","9":"yith_product_brand-brady","11":"first","12":"instock","13":"shipping-taxable","14":"product-type-simple"},"acf":[],"_links":{"self":[{"href":"https:\/\/achisonsafety.com.vn\/en\/wp-json\/wp\/v2\/product\/12300"}],"collection":[{"href":"https:\/\/achisonsafety.com.vn\/en\/wp-json\/wp\/v2\/product"}],"about":[{"href":"https:\/\/achisonsafety.com.vn\/en\/wp-json\/wp\/v2\/types\/product"}],"replies":[{"embeddable":true,"href":"https:\/\/achisonsafety.com.vn\/en\/wp-json\/wp\/v2\/comments?post=12300"}],"wp:featuredmedia":[{"embeddable":true,"href":"https:\/\/achisonsafety.com.vn\/en\/wp-json\/wp\/v2\/media\/12305"}],"wp:attachment":[{"href":"https:\/\/achisonsafety.com.vn\/en\/wp-json\/wp\/v2\/media?parent=12300"}],"wp:term":[{"taxonomy":"product_cat","embeddable":true,"href":"https:\/\/achisonsafety.com.vn\/en\/wp-json\/wp\/v2\/product_cat?post=12300"},{"taxonomy":"product_tag","embeddable":true,"href":"https:\/\/achisonsafety.com.vn\/en\/wp-json\/wp\/v2\/product_tag?post=12300"}],"curies":[{"name":"wp","href":"https:\/\/api.w.org\/{rel}","templated":true}]}}