{"id":12382,"date":"2026-05-08T10:47:37","date_gmt":"2026-05-08T03:47:37","guid":{"rendered":"https:\/\/achisonsafety.com.vn\/?post_type=product&#038;p=12382"},"modified":"2026-05-08T10:47:40","modified_gmt":"2026-05-08T03:47:40","slug":"dung-dich-dem-ph-2-00-20-do-c-certipur","status":"publish","type":"product","link":"https:\/\/achisonsafety.com.vn\/en\/san-pham\/dung-dich-dem-ph-2-00-20-do-c-certipur\/","title":{"rendered":"Dung D\u1ecbch \u0110\u1ec7m pH 2.00 (20 \u0111\u1ed9 C), Certipur"},"content":{"rendered":"<p style=\"text-align: justify;\">Dung D\u1ecbch \u0110\u1ec7m pH 2.00 (20\u00b0C) Certipur (Citric acid\/Sodium hydroxide\/Hydrogen chloride) \u0111\u01b0\u1ee3c s\u1eed d\u1ee5ng \u0111\u1ec3 hi\u1ec7u chu\u1ea9n v\u00e0 ki\u1ec3m tra \u0111\u1ed9 ch\u00ednh x\u00e1c c\u1ee7a m\u00e1y \u0111o pH, \u0111\u1ea3m b\u1ea3o k\u1ebft qu\u1ea3 \u0111o \u1ed5n \u0111\u1ecbnh v\u00e0 \u0111\u00e1ng tin c\u1eady.<\/p>\n<p style=\"text-align: justify;\">S\u1ea3n ph\u1ea9m \u0111\u01b0\u1ee3c s\u1ea3n xu\u1ea5t theo ti\u00eau chu\u1ea9n ch\u1ea5t l\u01b0\u1ee3ng cao, ph\u00f9 h\u1ee3p cho nhi\u1ec1u l\u0129nh v\u1ef1c nh\u01b0 ph\u00f2ng th\u00ed nghi\u1ec7m, x\u1eed l\u00fd n\u01b0\u1edbc, th\u1ef1c ph\u1ea9m, d\u01b0\u1ee3c ph\u1ea9m, h\u00f3a ch\u1ea5t v\u00e0 c\u00f4ng nghi\u1ec7p s\u1ea3n xu\u1ea5t.<\/p>\n<h2 style=\"text-align: justify;\"><strong>\u0110\u1eb7c \u0111i\u1ec3m n\u1ed5i b\u1eadt<\/strong><\/h2>\n<p style=\"text-align: justify;\">Gi\u1ea3i ph\u00e1p hi\u1ec7u chu\u1ea9n ch\u00ednh x\u00e1c cho c\u00e1c thi\u1ebft b\u1ecb \u0111o pH trong ph\u00f2ng th\u00ed nghi\u1ec7m, s\u1ea3n xu\u1ea5t v\u00e0 ki\u1ec3m so\u00e1t ch\u1ea5t l\u01b0\u1ee3ng.<\/p>\n<p style=\"text-align: justify;\">&#8211; Gi\u00e1 tr\u1ecb pH chu\u1ea9n: 2.00 t\u1ea1i 20\u00b0C<\/p>\n<p style=\"text-align: justify;\">&#8211; \u0110\u1ed9 ch\u00ednh x\u00e1c v\u00e0 \u1ed5n \u0111\u1ecbnh cao<\/p>\n<p style=\"text-align: justify;\">&#8211; H\u1ed7 tr\u1ee3 hi\u1ec7u chu\u1ea9n thi\u1ebft b\u1ecb \u0111o pH nhanh ch\u00f3ng, hi\u1ec7u qu\u1ea3<\/p>\n<p style=\"text-align: justify;\">&#8211; \u0110\u00f3ng g\u00f3i ti\u1ec7n l\u1ee3i, d\u1ec5 s\u1eed d\u1ee5ng v\u00e0 b\u1ea3o qu\u1ea3n<\/p>\n<p style=\"text-align: justify;\">&#8211; Ph\u00f9 h\u1ee3p cho ph\u00f2ng lab, nh\u00e0 m\u00e1y v\u00e0 c\u00e1c \u1ee9ng d\u1ee5ng ki\u1ec3m so\u00e1t ch\u1ea5t l\u01b0\u1ee3ng<\/p>\n<h2 style=\"text-align: justify;\"><strong>\u1ee8ng d\u1ee5ng c\u1ee7a s\u1ea3n ph\u1ea9m<\/strong><\/h2>\n<p style=\"text-align: justify;\">&#8211; Hi\u1ec7u chu\u1ea9n m\u00e1y \u0111o pH<\/p>\n<p style=\"text-align: justify;\">&#8211; Ki\u1ec3m tra \u0111\u1ed9 ch\u00ednh x\u00e1c c\u1ee7a \u0111i\u1ec7n c\u1ef1c pH<\/p>\n<p style=\"text-align: justify;\">&#8211; \u1ee8ng d\u1ee5ng trong ph\u00f2ng th\u00ed nghi\u1ec7m v\u00e0 s\u1ea3n xu\u1ea5t c\u00f4ng nghi\u1ec7p<\/p>\n<p style=\"text-align: justify;\">&#8211; S\u1eed d\u1ee5ng trong ng\u00e0nh th\u1ef1c ph\u1ea9m, d\u01b0\u1ee3c ph\u1ea9m, m\u00f4i tr\u01b0\u1eddng v\u00e0 x\u1eed l\u00fd n\u01b0\u1edbc<\/p>\n<h2 style=\"text-align: justify;\"><strong>Th\u00f4ng tin s\u1ea3n ph\u1ea9m<\/strong><\/h2>\n<p style=\"text-align: justify;\">&#8211; T\u00ean s\u1ea3n ph\u1ea9m: Dung D\u1ecbch \u0110\u1ec7m pH 2.00 (20\u00b0C)<\/p>\n<p style=\"text-align: justify;\">&#8211; Th\u01b0\u01a1ng hi\u1ec7u: Certipur<\/p>\n<p style=\"text-align: justify;\">&#8211; Tr\u1ea1ng th\u00e1i: Dung d\u1ecbch chu\u1ea9n hi\u1ec7u chu\u1ea9n pH<\/p>\n<p style=\"text-align: justify;\">&#8211; \u1ee8ng d\u1ee5ng: Hi\u1ec7u chu\u1ea9n v\u00e0 ki\u1ec3m tra thi\u1ebft b\u1ecb \u0111o pH<\/p>\n<p style=\"text-align: justify;\">H\u00e3y li\u00ean h\u1ec7 c\u00f4ng ty Achison \u0111\u1ec3 \u0111\u01b0\u1ee3c t\u01b0 v\u1ea5n chi ti\u1ebft v\u00e0 nh\u1eadn b\u00e1o gi\u00e1 v\u1ec1 s\u1ea3n ph\u1ea9m n\u00e0y b\u1ea1n nh\u00e9.<\/p>\n","protected":false},"excerpt":{"rendered":"<p style=\"text-align: justify;\">&#8211; Gi\u00e1 tr\u1ecb pH chu\u1ea9n: 2.00 t\u1ea1i 20\u00b0C<\/p>\n<p style=\"text-align: justify;\">&#8211; \u0110\u1ed9 ch\u00ednh x\u00e1c v\u00e0 \u1ed5n \u0111\u1ecbnh cao<\/p>\n<p style=\"text-align: justify;\">&#8211; H\u1ed7 tr\u1ee3 hi\u1ec7u chu\u1ea9n thi\u1ebft b\u1ecb \u0111o pH nhanh ch\u00f3ng, hi\u1ec7u qu\u1ea3<\/p>\n<p style=\"text-align: justify;\">&#8211; \u0110\u00f3ng g\u00f3i ti\u1ec7n l\u1ee3i, d\u1ec5 s\u1eed d\u1ee5ng v\u00e0 b\u1ea3o qu\u1ea3n<\/p>\n<p style=\"text-align: justify;\">&#8211; Ph\u00f9 h\u1ee3p cho ph\u00f2ng lab, nh\u00e0 m\u00e1y v\u00e0 c\u00e1c \u1ee9ng d\u1ee5ng ki\u1ec3m so\u00e1t ch\u1ea5t l\u01b0\u1ee3ng<\/p>\n","protected":false},"featured_media":12383,"comment_status":"open","ping_status":"closed","template":"","meta":[],"product_cat":[82,664],"product_tag":[1126,1125],"class_list":{"0":"post-12382","1":"product","2":"type-product","3":"status-publish","4":"has-post-thumbnail","6":"product_cat-hoa-chat-cong-nghiep","7":"product_cat-hoa-chat-khac","8":"product_tag-dem-phh-2-00","9":"product_tag-dung-dich-dem-ph","10":"yith_product_brand-merck","12":"first","13":"instock","14":"shipping-taxable","15":"product-type-simple"},"acf":[],"_links":{"self":[{"href":"https:\/\/achisonsafety.com.vn\/en\/wp-json\/wp\/v2\/product\/12382"}],"collection":[{"href":"https:\/\/achisonsafety.com.vn\/en\/wp-json\/wp\/v2\/product"}],"about":[{"href":"https:\/\/achisonsafety.com.vn\/en\/wp-json\/wp\/v2\/types\/product"}],"replies":[{"embeddable":true,"href":"https:\/\/achisonsafety.com.vn\/en\/wp-json\/wp\/v2\/comments?post=12382"}],"wp:featuredmedia":[{"embeddable":true,"href":"https:\/\/achisonsafety.com.vn\/en\/wp-json\/wp\/v2\/media\/12383"}],"wp:attachment":[{"href":"https:\/\/achisonsafety.com.vn\/en\/wp-json\/wp\/v2\/media?parent=12382"}],"wp:term":[{"taxonomy":"product_cat","embeddable":true,"href":"https:\/\/achisonsafety.com.vn\/en\/wp-json\/wp\/v2\/product_cat?post=12382"},{"taxonomy":"product_tag","embeddable":true,"href":"https:\/\/achisonsafety.com.vn\/en\/wp-json\/wp\/v2\/product_tag?post=12382"}],"curies":[{"name":"wp","href":"https:\/\/api.w.org\/{rel}","templated":true}]}}