{"id":1260,"date":"2022-05-04T13:35:08","date_gmt":"2022-05-04T06:35:08","guid":{"rendered":"https:\/\/beta.achisonsafety.com.vn\/?post_type=product&#038;p=1260"},"modified":"2025-09-17T16:54:56","modified_gmt":"2025-09-17T09:54:56","slug":"gang-tay-chong-dau-showa-170","status":"publish","type":"product","link":"https:\/\/achisonsafety.com.vn\/en\/san-pham\/gang-tay-chong-dau-showa-170\/","title":{"rendered":"G\u0103ng tay ch\u1ed1ng d\u1ea7u Showa 170 PVC"},"content":{"rendered":"<p><span style=\"font-weight: 400;\"><a href=\"https:\/\/achisonsafety.com.vn\/\">G\u0103ng tay cao su ch\u1ed1ng d\u1ea7u<\/a> Showa 170 PVC\u00a0<\/span><\/p>\n<p><span style=\"font-weight: 400;\">S\u1ea3n ph\u1ea9m g\u0103ng tay ch\u1ed1ng d\u1ea7u l\u00e0 m\u1ed9t trong nh\u1eefng gi\u1ea3i ph\u00e1p b\u1ea3o v\u1ec7 an to\u00e0n v\u00e0 hi\u1ec7u qu\u1ea3 cho \u0111\u00f4i tay khi ph\u1ea3i th\u01b0\u1eddng xuy\u00ean l\u00e0m vi\u1ec7c trong m\u00f4i tr\u01b0\u1eddng nguy hi\u1ec3m, ti\u1ebfp x\u00fac nhi\u1ec1u v\u1edbi d\u1ea7u nh\u1edbt, h\u00f3a ch\u1ea5t \u0111\u1ed9c h\u1ea1i.\u00a0<\/span><\/p>\n<p>Ngo\u00e0i ch\u1ed1ng h\u00f3a ch\u1ea5t, s\u1ea3n ph\u1ea9m c\u00f2n \u0111\u01b0\u1ee3c ph\u1ee7 m\u1ed9t l\u1edbp kh\u00e1ng khu\u1ea9n gi\u00fap b\u1ea3o v\u1ec7, ng\u0103n ch\u1eb7n vi khu\u1ea9n \u0111\u1ea3m b\u1ea3o an to\u00e0n tuy\u1ec7t \u0111\u1ed1i v\u1edbi nh\u1eefng v\u1ebft th\u01b0\u01a1ng ngo\u00e0i da c\u1ee7a ng\u01b0\u1eddi s\u1eed d\u1ee5ng<\/p>\n<p><b>Th\u01b0\u01a1ng hi\u1ec7u:<\/b><span style=\"font-weight: 400;\"> Showa<\/span><\/p>\n<p><b>M\u00e3 s\u1ea3n ph\u1ea9m: <\/b><span style=\"font-weight: 400;\">Showa 170 PVC<\/span><\/p>\n<p><b>Ch\u1ea5t li\u1ec7u ch\u00ednh:<\/b><span style=\"font-weight: 400;\"> Nh\u1ef1a PVC\u00a0<\/span><\/p>\n<p><b>K\u00edch c\u1ee1:<\/b><span style=\"font-weight: 400;\"> Size 8 &#8211; 9<\/span><\/p>\n<p><b>M\u00e0u:<\/b><span style=\"font-weight: 400;\"> Xanh \u0111\u1eadm<\/span><\/p>\n<p><span style=\"font-weight: 400;\">Showa &#8211; 170 G\u0103ng Tay PVC D\u00e0y, Ch\u1ed1ng D\u1ea7u, \u0111\u01b0\u1ee3c ph\u1ee7 100% nh\u1ef1a PVC, kh\u00f4ng c\u00f3 \u0111\u01b0\u1eddng may<\/span><\/p>\n<p><b>\u01afu \u0111i\u1ec3m g\u0103ng tay ch\u1ed1ng d\u1ea7u Showa 170 PVC<\/b><\/p>\n<p><span style=\"font-weight: 400;\">&#8211; G\u0103ng tay c\u00f3 \u0111\u1ed9 \u00f4m v\u00e0 co gi\u00e3n t\u1ed1t, t\u1ea1o c\u1ea3m gi\u00e1c tho\u1ea3i m\u00e1i khi s\u1eed d\u1ee5ng<\/span><\/p>\n<p><span style=\"font-weight: 400;\">&#8211; Ch\u1ed1ng d\u1ea7u v\u00e0 ch\u1ea5t ki\u1ec1m<\/span><\/p>\n<p><span style=\"font-weight: 400;\">&#8211; Kh\u00f4ng b\u1ed9t<\/span><\/p>\n<p><span style=\"font-weight: 400;\">&#8211; Ch\u1ed1ng tr\u01a1n tr\u01b0\u1ee3t<\/span><\/p>\n<p><span style=\"font-weight: 400;\">&#8211; Kh\u00f4ng g\u00e2y k\u00edch \u1ee9ng da<\/span><\/p>\n<p><span style=\"font-weight: 400;\">&#8211; Kh\u00e1ng khu\u1ea9n\u00a0\u00a0\u00a0\u00a0\u00a0\u00a0\u00a0\u00a0\u00a0\u00a0\u00a0\u00a0\u00a0\u00a0\u00a0\u00a0\u00a0\u00a0\u00a0\u00a0\u00a0\u00a0\u00a0\u00a0<\/span><\/p>\n<p><b>\u1ee8ng d\u1ee5ng:<\/b><\/p>\n<p><span style=\"font-weight: 400;\">&#8211; D\u1ecdn v\u1ec7 sinh<\/span><\/p>\n<p><span style=\"font-weight: 400;\">&#8211; C\u00f4ng nghi\u1ec7p c\u01a1 kh\u00ed<\/span><\/p>\n<p><span style=\"font-weight: 400;\">&#8211; C\u00f4ng nghi\u1ec7p t\u1ef1 \u0111\u1ed9ng h\u00f3a<\/span><\/p>\n<p><span style=\"font-weight: 400;\">&#8211; C\u00f4ng nghi\u1ec7p h\u00f3a ch\u1ea5t\/ d\u1ea7u<\/span><\/p>\n<p><b>S\u1eed d\u1ee5ng ch\u00ednh:<\/b><\/p>\n<p><span style=\"font-weight: 400;\">&#8211; L\u00e0m s\u1ea1ch<\/span><\/p>\n<p><span style=\"font-weight: 400;\">&#8211; C\u00f4ng nghi\u1ec7p m\u00e1y m\u00f3c<\/span><\/p>\n<p><span style=\"font-weight: 400;\">&#8211; Ng\u00e0nh \u00f4 t\u00f4 li\u00ean quan<\/span><\/p>\n<p><span style=\"font-weight: 400;\">&#8211; D\u1ea7u \/ h\u00f3a ch\u1ea5t c\u00f4ng nghi\u1ec7p<\/span><\/p>\n","protected":false},"excerpt":{"rendered":"<ul>\n<li><span style=\"font-weight: 400;\">Linh ho\u1ea1t, b\u1ec1n b\u1ec9<\/span><\/li>\n<li><span style=\"font-weight: 400;\">Ch\u1ed1ng d\u1ea7u v\u00e0 ch\u1ea5t ki\u1ec1m<\/span><\/li>\n<li><span style=\"font-weight: 400;\">Kh\u00f4ng b\u1ed9t<\/span><\/li>\n<li><span style=\"font-weight: 400;\">Ch\u1ed1ng tr\u01a1n tr\u01b0\u1ee3t<\/span><\/li>\n<\/ul>\n","protected":false},"featured_media":1261,"comment_status":"open","ping_status":"closed","template":"","meta":[],"product_cat":[16,40,123],"product_tag":[181,189],"class_list":{"0":"post-1260","1":"product","2":"type-product","3":"status-publish","4":"has-post-thumbnail","6":"product_cat-bao-ho-lao-dong","7":"product_cat-gang-tay-bao-ho","8":"product_cat-gang-tay-chong-hoa-chat","9":"product_tag-nganh-san-xuat-va-che-bien-thuc-pham","10":"product_tag-nganh-xay-dung-logistic-hoa-chat","11":"yith_product_brand-showa","13":"first","14":"instock","15":"shipping-taxable","16":"product-type-simple"},"acf":[],"_links":{"self":[{"href":"https:\/\/achisonsafety.com.vn\/en\/wp-json\/wp\/v2\/product\/1260"}],"collection":[{"href":"https:\/\/achisonsafety.com.vn\/en\/wp-json\/wp\/v2\/product"}],"about":[{"href":"https:\/\/achisonsafety.com.vn\/en\/wp-json\/wp\/v2\/types\/product"}],"replies":[{"embeddable":true,"href":"https:\/\/achisonsafety.com.vn\/en\/wp-json\/wp\/v2\/comments?post=1260"}],"wp:featuredmedia":[{"embeddable":true,"href":"https:\/\/achisonsafety.com.vn\/en\/wp-json\/wp\/v2\/media\/1261"}],"wp:attachment":[{"href":"https:\/\/achisonsafety.com.vn\/en\/wp-json\/wp\/v2\/media?parent=1260"}],"wp:term":[{"taxonomy":"product_cat","embeddable":true,"href":"https:\/\/achisonsafety.com.vn\/en\/wp-json\/wp\/v2\/product_cat?post=1260"},{"taxonomy":"product_tag","embeddable":true,"href":"https:\/\/achisonsafety.com.vn\/en\/wp-json\/wp\/v2\/product_tag?post=1260"}],"curies":[{"name":"wp","href":"https:\/\/api.w.org\/{rel}","templated":true}]}}