{"id":1305,"date":"2022-05-05T13:30:08","date_gmt":"2022-05-05T06:30:08","guid":{"rendered":"https:\/\/beta.achisonsafety.com.vn\/?post_type=product&#038;p=1305"},"modified":"2025-09-17T16:54:53","modified_gmt":"2025-09-17T09:54:53","slug":"gang-tay-da-dung-chong-va-dap-ansell-97-210","status":"publish","type":"product","link":"https:\/\/achisonsafety.com.vn\/en\/san-pham\/gang-tay-da-dung-chong-va-dap-ansell-97-210\/","title":{"rendered":"G\u0103ng tay \u0111a d\u1ee5ng ch\u1ed1ng va \u0111\u1eadp Ansell 97-210"},"content":{"rendered":"<p>G\u0103ng tay \u0111a d\u1ee5ng ch\u1ed1ng va \u0111\u1eadp Ansell 97-210 L\u00e0 m\u1ed9t gi\u1ea3i ph\u00e1p b\u1ea3o v\u1ec7 \u0111\u00f4i tay cho ng\u01b0\u1eddi d\u00f9ng khi th\u01b0\u1eddng xuy\u00ean ph\u1ea3i l\u00e0m vi\u1ec7c trong m\u00f4i tr\u01b0\u1eddng nguy hi\u1ec3m, d\u1ec5 va \u0111\u1eadp nh\u01b0: V\u1eadn h\u00e0nh m\u00e1y m\u00f3c h\u1ea1ng n\u1eb7ng, x\u00e2y d\u1ef1ng, ng\u00e0nh c\u00f4ng nghi\u1ec7p \u0111\u00e1 g\u1ed7,&#8230;<\/p>\n<p>G\u0103ng tay \u0111a d\u1ee5ng ch\u1ed1ng va \u0111\u1eadp Ansell 97-210 \u0111\u01b0\u1ee3c thi\u1ebft k\u1ebf \u0111\u1ea1t ti\u00eau chu\u1ea9n chuy\u00ean d\u00f9ng h\u1ed7 tr\u1ee3 x\u1eed l\u00fd c\u1ea7m n\u1eafm v\u1eadt th\u1ec3 \u01b0\u1edbt ho\u1eb7c d\u1ea7u nh\u1edbt b\u00e1m tr\u00ean b\u1ec1 m\u1eb7t<\/p>\n<p><b>Th\u01b0\u01a1ng hi\u1ec7u:<\/b><span style=\"font-weight: 400;\"> Ansell<\/span><\/p>\n<p><b>M\u00e3 s\u1ea3n ph\u1ea9m:<\/b><span style=\"font-weight: 400;\"> 97-210<\/span><\/p>\n<p><b>Ti\u00eau chu\u1ea9n:<\/b><span style=\"font-weight: 400;\"> EN 388 (2222BP), ANSI level\u00a0<\/span><\/p>\n<p><b>\u0110\u1ed9 d\u00e0i:<\/b><span style=\"font-weight: 400;\"> 264-310 mm, 10.39-12.20 inches<\/span><\/p>\n<p><b>K\u00edch c\u1ee1:<\/b><span style=\"font-weight: 400;\"> 8 &#8211; 9 &#8211; 10 &#8211; 11 &#8211; 12 &#8211; 13<\/span><\/p>\n<p><b>M\u00e0u s\u1eafc:<\/b><span style=\"font-weight: 400;\"> L\u1edbp trong m\u00e0u \u0111en, l\u1edbp ngo\u00e0i m\u00e0u cam<\/span><\/p>\n<p><b>\u0110\u00f3ng g\u00f3i:<\/b><span style=\"font-weight: 400;\"> 1 \u0111\u00f4i\/t\u00fai, 9 \u0111\u00f4i\/t\u00fai l\u1edbn, 4 t\u00fai l\u1edbn\/th\u00f9ng<\/span><\/p>\n<p><b>C\u00f4ng d\u1ee5ng:<\/b><span style=\"font-weight: 400;\"> G\u0103ng tay ch\u1ed1ng va \u0111\u1eadp, t\u0103ng cao \u0111\u1ed9 b\u00e1m d\u00ednh, gi\u1ea3m \u0111\u1ed9 m\u00e0i m\u00f2n khi c\u1ea7m n\u1eafm, khi\u00eang v\u00e1c c\u00e1c v\u1eadt th\u1ec3 c\u00f3 tr\u1ecdng l\u01b0\u1ee3ng l\u1edbn, b\u1ec1 m\u1eb7t \u01b0\u1edbt ho\u1eb7c b\u00e1m d\u1ea7u nh\u1edbt tr\u01a1n tr\u01b0\u1ee3t<\/span><\/p>\n<p><b>M\u00f4 t\u1ea3:<\/b><\/p>\n<p><span style=\"font-weight: 400;\">G\u0103ng tay Ansell 97-210 \u0111\u01b0\u1ee3c thi\u1ebft k\u1ebf ch\u1ed1ng th\u1ea5m n\u01b0\u1edbc v\u1edbi c\u00f4ng nghe Ripel &#8211; Liquid Repelience Technology. D\u00f2ng g\u0103ng tay ch\u1ed1ng va \u0111\u1eadp 97-210 \u0111\u01b0\u1ee3c s\u1eed d\u1ee5ng chuy\u00ean bi\u1ec7t trong c\u00f4ng vi\u1ec7c khoan d\u1ea7u, \u0111\u00f3ng b\u0103ng th\u1ee7y l\u1ef1c&#8230;<\/span><\/p>\n<p><span style=\"font-weight: 400;\">G\u0103ng tay c\u00f3 th\u1ec3 s\u1eed d\u1ee5ng nhi\u1ec1u l\u1ea7n v\u00e0 \u00f4m kh\u00edt l\u00f2ng b\u00e0n tay.\u00a0<\/span><\/p>\n<p><span style=\"font-weight: 400;\">Khuy\u1ebfn c\u00e1o gi\u1eb7t tay b\u1eb1ng n\u01b0\u1edbc l\u1ea1nh<\/span><\/p>\n<p><b>\u1ee8ng d\u1ee5ng:<\/b><span style=\"font-weight: 400;\"> L\u1eafp r\u00e1p, th\u00e1o d\u1ee1 c\u00e1c v\u1eadt th\u1ec3 l\u1edbn &#8211; \u0111i\u1ec1u khi\u1ec3n gi\u00e0n khoan, thi\u1ebft b\u1ecb th\u1ee7y l\u1ef1c &#8211; v\u1eadn h\u00e0ng m\u00e1y m\u00f3c h\u00e0ng h\u00f3a h\u1ea1ng n\u1eb7ng<\/span><\/p>\n<p>&nbsp;<\/p>\n","protected":false},"excerpt":{"rendered":"<ul>\n<li><span style=\"font-weight: 400;\">G\u0103ng tay Ansell 97-210 \u0111\u01b0\u1ee3c thi\u1ebft k\u1ebf ch\u1ed1ng th\u1ea5m n\u01b0\u1edbc v\u1edbi c\u00f4ng nghe Ripel &#8211; Liquid Repelience Technology.<\/span><\/li>\n<li><span style=\"font-weight: 400;\"> D\u00f2ng g\u0103ng tay ch\u1ed1ng va \u0111\u1eadp 97-210 \u0111\u01b0\u1ee3c s\u1eed d\u1ee5ng chuy\u00ean bi\u1ec7t trong c\u00f4ng vi\u1ec7c khoan d\u1ea7u, \u0111\u00f3ng b\u0103ng th\u1ee7y l\u1ef1c&#8230;<\/span><\/li>\n<li><span style=\"font-weight: 400;\">G\u0103ng tay c\u00f3 th\u1ec3 s\u1eed d\u1ee5ng nhi\u1ec1u l\u1ea7n v\u00e0 \u00f4m kh\u00edt l\u00f2ng b\u00e0n tay.\u00a0<\/span><\/li>\n<\/ul>\n","protected":false},"featured_media":1306,"comment_status":"open","ping_status":"closed","template":"","meta":[],"product_cat":[40,125],"product_tag":[188,184,338,190,189],"class_list":{"0":"post-1305","1":"product","2":"type-product","3":"status-publish","4":"has-post-thumbnail","6":"product_cat-gang-tay-bao-ho","7":"product_cat-gang-tay-da-dung","8":"product_tag-nganh-dau-khi-khai-khoang-dong-tau-cang-bien-hang-khong","9":"product_tag-nganh-gia-cong-kim-loai","10":"product_tag-nganh-khai-thac-va-che-bien-go-noi-that","11":"product_tag-nganh-san-xuat-chung","12":"product_tag-nganh-xay-dung-logistic-hoa-chat","13":"yith_product_brand-ansell","15":"first","16":"instock","17":"shipping-taxable","18":"product-type-simple"},"acf":[],"_links":{"self":[{"href":"https:\/\/achisonsafety.com.vn\/en\/wp-json\/wp\/v2\/product\/1305"}],"collection":[{"href":"https:\/\/achisonsafety.com.vn\/en\/wp-json\/wp\/v2\/product"}],"about":[{"href":"https:\/\/achisonsafety.com.vn\/en\/wp-json\/wp\/v2\/types\/product"}],"replies":[{"embeddable":true,"href":"https:\/\/achisonsafety.com.vn\/en\/wp-json\/wp\/v2\/comments?post=1305"}],"wp:featuredmedia":[{"embeddable":true,"href":"https:\/\/achisonsafety.com.vn\/en\/wp-json\/wp\/v2\/media\/1306"}],"wp:attachment":[{"href":"https:\/\/achisonsafety.com.vn\/en\/wp-json\/wp\/v2\/media?parent=1305"}],"wp:term":[{"taxonomy":"product_cat","embeddable":true,"href":"https:\/\/achisonsafety.com.vn\/en\/wp-json\/wp\/v2\/product_cat?post=1305"},{"taxonomy":"product_tag","embeddable":true,"href":"https:\/\/achisonsafety.com.vn\/en\/wp-json\/wp\/v2\/product_tag?post=1305"}],"curies":[{"name":"wp","href":"https:\/\/api.w.org\/{rel}","templated":true}]}}