{"id":1800,"date":"2022-05-18T14:49:38","date_gmt":"2022-05-18T07:49:38","guid":{"rendered":"https:\/\/beta.achisonsafety.com.vn\/?post_type=product&#038;p=1800"},"modified":"2025-09-17T16:54:13","modified_gmt":"2025-09-17T09:54:13","slug":"kinh-bao-ho-chong-bui-chong-uv-elvex-ranger-sg-10g","status":"publish","type":"product","link":"https:\/\/achisonsafety.com.vn\/en\/san-pham\/kinh-bao-ho-chong-bui-chong-uv-elvex-ranger-sg-10g\/","title":{"rendered":"k\u00ednh b\u1ea3o h\u1ed9 ch\u1ed1ng b\u1ee5i, ch\u1ed1ng UV Elvex RANGER SG-10G"},"content":{"rendered":"<p><strong><a href=\"https:\/\/achisonsafety.com.vn\/danh-muc-san-pham\/bao-ho-lao-dong\/kinh-bao-ho-lao-dong\/\">D\u00f2ng k\u00ednh b\u1ea3o h\u1ed9 Elvex<\/a> ngo\u00e0i vi\u1ec7c gi\u00fap ng\u01b0\u1eddi d\u00f9ng b\u1ea3o v\u1ec7 m\u1eaft kh\u1ecfi b\u1ee5i b\u1eb7m, s\u1ea3n ph\u1ea9m c\u00f2n b\u1ea3o v\u1ec7 m\u1eaft tr\u01b0\u1edbc tia UV (Tr\u00f2ng k\u00ednh h\u1ea5p th\u1ee5 99,9% tia UV)<\/strong><\/p>\n<p><strong>Ngo\u00e0i \u0111\u1ec3 b\u1ea3o v\u1ec7 m\u1eaft kh\u1ecfi c\u00e1c t\u00e1c nh\u00e2n tr\u00ean, k\u00ednh b\u1ea3o h\u1ed9 Elvex RANGER SG-10G c\u00f2n l\u00e0 m\u1ed9t s\u1ea3n ph\u1ea9m \u0111\u01b0\u1ee3c thi\u1ebft k\u1ebf tr\u1ebb trung, c\u00f3 th\u1ec3 s\u1eed d\u1ee5ng l\u00e0m ph\u1ee5 ki\u1ec7n th\u1eddi trang<\/strong><\/p>\n<p><b>Th\u01b0\u01a1ng Hi\u1ec7u:<\/b><span style=\"font-weight: 400;\"> Elvex<\/span><\/p>\n<p><b>M\u00e3 S\u1ea3n Ph\u1ea9m:<\/b><span style=\"font-weight: 400;\"> SG-10G<\/span><\/p>\n<p><b>C\u00f4ng D\u1ee5ng:<\/b><span style=\"font-weight: 400;\"> B\u1ea3o v\u1ec7 m\u1eaft, ch\u1ed1ng b\u1ee5i, tia UV 99%<\/span><\/p>\n<p><b>M\u00f4 T\u1ea3:<\/b><\/p>\n<p><span style=\"font-weight: 400;\">Thi\u1ebft k\u1ebf s\u00e1t khu\u00f4n m\u1eb7t<\/span><\/p>\n<p><span style=\"font-weight: 400;\">Ch\u1ea5t li\u1ec7u Polycarbonate gi\u00fap h\u1ea5p th\u1ee5 99,9% tia UV<\/span><\/p>\n<p><span style=\"font-weight: 400;\">Kh\u1ea3 n\u0103ng tr\u00e1nh gi\u00f3, b\u1ee5i khi \u0111i \u0111\u01b0\u1eddng xa t\u1ed1t<\/span><\/p>\n<p><b>Ch\u1ea5t Li\u1ec7u: <\/b><span style=\"font-weight: 400;\">Polycarbonate<\/span><\/p>\n<p><b>Ti\u00eau Chu\u1ea9n:<\/b> <span style=\"font-weight: 400;\">ANSI Z87+ and CE-EN-166<\/span><\/p>\n<p><b>M\u00e0u S\u1eafc:<\/b><span style=\"font-weight: 400;\"> X\u00e1m<\/span><\/p>\n<p><b>Quy C\u00e1ch \u0110\u00f3ng G\u00f3i:<\/b><span style=\"font-weight: 400;\"> 144 C\u00e1i\/Th\u00f9ng<\/span><\/p>\n<p><b>\u1ee8ng D\u1ee5ng:<\/b><span style=\"font-weight: 400;\">\u00a0<\/span><\/p>\n<p><span style=\"font-weight: 400;\">\u2013 D\u1ea7u kh\u00ed, \u0111\u00f3ng t\u00e0u, c\u1ea3ng<\/span><\/p>\n<p><span style=\"font-weight: 400;\">\u2013 \u00d4 t\u00f4, xe m\u00e1y<\/span><\/p>\n<p><span style=\"font-weight: 400;\">\u2013 Nh\u1ef1a, g\u1ed7, kim lo\u1ea1i<\/span><\/p>\n<p><span style=\"font-weight: 400;\">\u2013 Gi\u00e0y da, may m\u1eb7c, nhu\u1ed9m\u00a0<\/span><\/p>\n<p><span style=\"font-weight: 400;\">\u2013 Th\u1ef1c ph\u1ea9m, th\u1ee7y s\u1ea3n, th\u1ee9c \u0103n gia s\u00fac\u00a0<\/span><\/p>\n<p><span style=\"font-weight: 400;\">\u2013 Xi m\u0103ng, x\u00e2y d\u1ef1ng, h\u00f3a ch\u1ea5t, ph\u00e2n b\u00f3n\u00a0<\/span><\/p>\n<p><b>H\u01b0\u1edbng d\u1eabn b\u1ea3o qu\u1ea3n:<\/b><\/p>\n<p><span style=\"font-weight: 400;\">\u2013 Sau khi s\u1eed d\u1ee5ng, n\u00ean r\u1eeda l\u1ea1i b\u1eb1ng n\u01b0\u1edbc s\u1ea1ch<\/span><\/p>\n<p><span style=\"font-weight: 400;\">\u2013 Kh\u00f4ng \u0111\u01b0\u1ee3c d\u00f9ng tay ho\u1eb7c v\u1ea3i b\u1ea9n \u0111\u1ec3 lau tr\u00f2ng k\u00ednh<\/span><\/p>\n<p><span style=\"font-weight: 400;\">\u2013 Thay th\u1ebf m\u1eaft k\u00ednh khi c\u00f3 d\u1ea5u hi\u1ec7u b\u1ecb tr\u1ea7y x\u01b0\u1edbc, n\u1ee9t, v\u1ee1<\/span><\/p>\n","protected":false},"excerpt":{"rendered":"<ul>\n<li><span style=\"font-weight: 400;\">Thi\u1ebft k\u1ebf s\u00e1t khu\u00f4n m\u1eb7t<\/span><\/li>\n<li><span style=\"font-weight: 400;\">Ch\u1ea5t li\u1ec7u Polycarbonate gi\u00fap h\u1ea5p th\u1ee5 99,9% tia UV<\/span><\/li>\n<li><span style=\"font-weight: 400;\">Kh\u1ea3 n\u0103ng tr\u00e1nh gi\u00f3, b\u1ee5i khi \u0111i \u0111\u01b0\u1eddng xa t\u1ed1t<\/span><\/li>\n<\/ul>\n","protected":false},"featured_media":1801,"comment_status":"open","ping_status":"closed","template":"","meta":[],"product_cat":[35,106],"product_tag":[338,189],"class_list":{"0":"post-1800","1":"product","2":"type-product","3":"status-publish","4":"has-post-thumbnail","6":"product_cat-kinh-bao-ho-lao-dong","7":"product_cat-kinh-chong-bui","8":"product_tag-nganh-khai-thac-va-che-bien-go-noi-that","9":"product_tag-nganh-xay-dung-logistic-hoa-chat","10":"yith_product_brand-elvex","12":"first","13":"instock","14":"shipping-taxable","15":"product-type-simple"},"acf":[],"_links":{"self":[{"href":"https:\/\/achisonsafety.com.vn\/en\/wp-json\/wp\/v2\/product\/1800"}],"collection":[{"href":"https:\/\/achisonsafety.com.vn\/en\/wp-json\/wp\/v2\/product"}],"about":[{"href":"https:\/\/achisonsafety.com.vn\/en\/wp-json\/wp\/v2\/types\/product"}],"replies":[{"embeddable":true,"href":"https:\/\/achisonsafety.com.vn\/en\/wp-json\/wp\/v2\/comments?post=1800"}],"wp:featuredmedia":[{"embeddable":true,"href":"https:\/\/achisonsafety.com.vn\/en\/wp-json\/wp\/v2\/media\/1801"}],"wp:attachment":[{"href":"https:\/\/achisonsafety.com.vn\/en\/wp-json\/wp\/v2\/media?parent=1800"}],"wp:term":[{"taxonomy":"product_cat","embeddable":true,"href":"https:\/\/achisonsafety.com.vn\/en\/wp-json\/wp\/v2\/product_cat?post=1800"},{"taxonomy":"product_tag","embeddable":true,"href":"https:\/\/achisonsafety.com.vn\/en\/wp-json\/wp\/v2\/product_tag?post=1800"}],"curies":[{"name":"wp","href":"https:\/\/api.w.org\/{rel}","templated":true}]}}