{"id":1996,"date":"2022-05-20T15:00:59","date_gmt":"2022-05-20T08:00:59","guid":{"rendered":"https:\/\/beta.achisonsafety.com.vn\/?post_type=product&#038;p=1996"},"modified":"2025-09-17T16:53:56","modified_gmt":"2025-09-17T09:53:56","slug":"kinh-chong-hoa-chat-honeywell-lg20-1005509","status":"publish","type":"product","link":"https:\/\/achisonsafety.com.vn\/en\/san-pham\/kinh-chong-hoa-chat-honeywell-lg20-1005509\/","title":{"rendered":"K\u00ednh Ch\u1ed1ng H\u00f3a Ch\u1ea5t V\u0103ng B\u1eafn Honeywell LG20-1005509"},"content":{"rendered":"<p><a href=\"https:\/\/achisonsafety.com.vn\/danh-muc-san-pham\/bao-ho-lao-dong\/kinh-bao-ho-lao-dong\/kinh-chong-hoa-chat\/\"><b>K\u00ednh ch\u1ed1ng h\u00f3a ch\u1ea5t<\/b><\/a><span style=\"font-weight: 400;\"> Honeywell <\/span><span style=\"font-weight: 400;\">LG20-1005509<\/span><span style=\"font-weight: 400;\"> &#8211; Gi\u1ea3i ph\u00e1p b\u1ea3o v\u1ec7 an to\u00e0n cho m\u1eaft khi l\u00e0m vi\u1ec7c trong m\u00f4i tr\u01b0\u1eddng h\u00f3a ch\u1ea5t nguy hi\u1ec3m<\/span><\/p>\n<p><span style=\"font-weight: 400;\">H\u01a1i h\u00f3a ch\u1ea5t c\u00f3 th\u1ec3 th\u00f4ng qua khe h\u1edf bay v\u00e0o m\u1eaft. L\u1ef1a ch\u1ecdn m\u1eaft k\u00ednh kh\u00f4ng ph\u00f9 h\u1ee3p s\u1ebd kh\u00f4ng c\u00f3 hi\u1ec7u qu\u1ea3 khi s\u1eed d\u1ee5ng v\u00e0 g\u00e2y \u1ea3nh h\u01b0\u1edfng tr\u1ef1c ti\u1ebfp \u0111\u1ebfn s\u1ee9c kh\u1ecfe c\u1ee7a ng\u01b0\u1eddi lao \u0111\u1ed9ng<\/span><\/p>\n<p><span style=\"font-weight: 400;\">Ch\u00ednh v\u00ec v\u1eady, b\u1ea1n c\u1ea7n trang b\u1ecb cho m\u00ecnh m\u1ed9t chi\u1ebfc k\u00ednh chuy\u00ean d\u1ee5ng. K\u00ednh Ch\u1ed1ng H\u00f3a Ch\u1ea5t V\u0103ng B\u1eafn Honeywell<\/span><span style=\"font-weight: 400;\">\u00a0LG20-1005509 <\/span><span style=\"font-weight: 400;\">\u00a0<\/span><span style=\"font-weight: 400;\">v\u1edbi nhi\u1ec1u t\u00ednh n\u0103ng n\u1ed5i b\u1eadt ph\u00f9 h\u1ee3p v\u1edbi m\u00f4i tr\u01b0\u1eddng h\u00f3a ch\u1ea5t:<\/span><\/p>\n<p><b>Th\u01b0\u01a1ng Hi\u1ec7u:<\/b><span style=\"font-weight: 400;\"> Honeywell<\/span><\/p>\n<p><b>M\u00e3 S\u1ea3n Ph\u1ea9m:<\/b><span style=\"font-weight: 400;\"> LG20-1005509<\/span><\/p>\n<p><b>Ch\u1ea5t Li\u1ec7u: <\/b><span style=\"font-weight: 400;\">Polycarbonate<\/span><\/p>\n<p><b>Ti\u00eau Chu\u1ea9n: <\/b><span style=\"font-weight: 400;\">ANSI Z87+\u00a0<\/span><\/p>\n<p><b>Quy c\u00e1ch \u0111\u00f3ng g\u00f3i: <\/b><span style=\"font-weight: 400;\">1 c\u00e1i\/B\u1ecbch<\/span><\/p>\n<p><b>M\u00e0u s\u1eafc: <\/b><span style=\"font-weight: 400;\">Xanh trong<\/span><\/p>\n<p><b>C\u00f4ng D\u1ee5ng:<\/b><span style=\"font-weight: 400;\"> B\u1ea3o v\u1ec7 m\u1eaft, ch\u1ed1ng v\u0103ng b\u1eafn h\u00f3a ch\u1ea5t<\/span><\/p>\n<p><b>M\u00f4 T\u1ea3:<\/b><span style=\"font-weight: 400;\">\u00a0<\/span><\/p>\n<p><span style=\"font-weight: 400;\">K\u00ednh Ch\u1ed1ng H\u00f3a Ch\u1ea5t V\u0103ng B\u1eafn Honeywell LG20 &#8211; <\/span><span style=\"font-weight: 400;\">gi\u1ea3i ph\u00e1p b\u1ea3o v\u1ec7 m\u1eaft trong m\u00f4i tr\u01b0\u1eddng h\u00f3a ch\u1ea5t\u00a0<\/span><\/p>\n<p><span style=\"font-weight: 400;\">K\u00ednh \u0111\u01b0\u1ee3c l\u00e0m t\u1eeb ch\u1ea5t li\u1ec7u Polycarbonate n\u00ean tr\u1ecdng l\u01b0\u1ee3ng r\u1ea5t nh\u1eb9 v\u00e0 trong su\u1ed1t<\/span><\/p>\n<p><span style=\"font-weight: 400;\">C\u00f3 th\u1ec3 \u0111eo ngo\u00e0i k\u00ednh c\u1eadn<\/span><\/p>\n<p><span style=\"font-weight: 400;\">S\u1ea3n ph\u1ea9m thi\u0301ch h\u1ee3p cho k\u1ef9 s\u01b0, b\u1ea3o tr\u00ec vi\u00ean, nh\u00e2n vi\u00ean ky\u0303 thu\u00e2\u0323t, \u0111i\u1ec1u h\u00e0nh s\u1ea3n xu\u1ea5t, c\u00f4ng nh\u00e2n,\u2026<\/span><\/p>\n<p><b>\u1ee8ng D\u1ee5ng:<\/b><span style=\"font-weight: 400;\">\u00a0<\/span><\/p>\n<p><span style=\"font-weight: 400;\">\u2013 D\u1ea7u kh\u00ed, \u0111\u00f3ng t\u00e0u, c\u1ea3ng<\/span><\/p>\n<p><span style=\"font-weight: 400;\">\u2013 \u00d4 t\u00f4, xe m\u00e1y<\/span><\/p>\n<p><span style=\"font-weight: 400;\">\u2013 Nh\u1ef1a, g\u1ed7, kim lo\u1ea1i<\/span><\/p>\n<p><span style=\"font-weight: 400;\">\u2013 Gi\u00e0y da, may m\u1eb7c, nhu\u1ed9m\u00a0<\/span><\/p>\n<p><span style=\"font-weight: 400;\">\u2013 Th\u1ef1c ph\u1ea9m, th\u1ee7y s\u1ea3n, th\u1ee9c \u0103n gia s\u00fac\u00a0<\/span><\/p>\n<p><span style=\"font-weight: 400;\">\u2013 Xi m\u0103ng, x\u00e2y d\u1ef1ng, h\u00f3a ch\u1ea5t, ph\u00e2n b\u00f3n\u00a0<\/span><\/p>\n<p><b>L\u01b0u \u00fd:\u00a0<\/b><\/p>\n<p><span style=\"font-weight: 400;\">\u2013 Tr\u01b0\u1edbc khi s\u1eed d\u1ee5ng n\u00ean ki\u1ec3m tra k\u1ef9 s\u1ea3n ph\u1ea9m<\/span><\/p>\n<p><span style=\"font-weight: 400;\">\u2013 \u0110eo k\u00ednh tr\u01b0\u1edbc khi v\u00e0o khu v\u1ef1c l\u00e0m vi\u1ec7c c\u00f3 h\u00f3a ch\u1ea5t\u00a0<\/span><\/p>\n<p><span style=\"font-weight: 400;\">\u2013 Khi kh\u00f4ng \u0111eo k\u00ednh th\u00ec n\u00ean cho k\u00ednh v\u00e0o h\u1ed9p \u0111\u1ec3 tr\u00e1nh va \u0111\u1eadp, x\u01b0\u1edbc hay b\u1ee5i<\/span><\/p>\n","protected":false},"excerpt":{"rendered":"<ul>\n<li><span style=\"font-weight: 400;\">K\u00ednh ch\u1ed1ng h\u00f3a ch\u1ea5t honeywell, <\/span><span style=\"font-weight: 400;\">gi\u1ea3i ph\u00e1p b\u1ea3o v\u1ec7 m\u1eaft trong m\u00f4i tr\u01b0\u1eddng h\u00f3a ch\u1ea5t\u00a0<\/span><\/li>\n<li><span style=\"font-weight: 400;\">K\u00ednh \u0111\u01b0\u1ee3c l\u00e0m t\u1eeb ch\u1ea5t li\u1ec7u Polycarbonate n\u00ean tr\u1ecdng l\u01b0\u1ee3ng r\u1ea5t nh\u1eb9 v\u00e0 trong su\u1ed1t<\/span><\/li>\n<li><span style=\"font-weight: 400;\">C\u00f3 th\u1ec3 \u0111eo ngo\u00e0i k\u00ednh c\u1eadn<\/span><\/li>\n<\/ul>\n","protected":false},"featured_media":1999,"comment_status":"open","ping_status":"closed","template":"","meta":[],"product_cat":[35,107],"product_tag":[189],"class_list":{"0":"post-1996","1":"product","2":"type-product","3":"status-publish","4":"has-post-thumbnail","6":"product_cat-kinh-bao-ho-lao-dong","7":"product_cat-kinh-chong-hoa-chat","8":"product_tag-nganh-xay-dung-logistic-hoa-chat","9":"yith_product_brand-honeywell","11":"first","12":"instock","13":"shipping-taxable","14":"product-type-simple"},"acf":[],"_links":{"self":[{"href":"https:\/\/achisonsafety.com.vn\/en\/wp-json\/wp\/v2\/product\/1996"}],"collection":[{"href":"https:\/\/achisonsafety.com.vn\/en\/wp-json\/wp\/v2\/product"}],"about":[{"href":"https:\/\/achisonsafety.com.vn\/en\/wp-json\/wp\/v2\/types\/product"}],"replies":[{"embeddable":true,"href":"https:\/\/achisonsafety.com.vn\/en\/wp-json\/wp\/v2\/comments?post=1996"}],"wp:featuredmedia":[{"embeddable":true,"href":"https:\/\/achisonsafety.com.vn\/en\/wp-json\/wp\/v2\/media\/1999"}],"wp:attachment":[{"href":"https:\/\/achisonsafety.com.vn\/en\/wp-json\/wp\/v2\/media?parent=1996"}],"wp:term":[{"taxonomy":"product_cat","embeddable":true,"href":"https:\/\/achisonsafety.com.vn\/en\/wp-json\/wp\/v2\/product_cat?post=1996"},{"taxonomy":"product_tag","embeddable":true,"href":"https:\/\/achisonsafety.com.vn\/en\/wp-json\/wp\/v2\/product_tag?post=1996"}],"curies":[{"name":"wp","href":"https:\/\/api.w.org\/{rel}","templated":true}]}}