{"id":2127,"date":"2022-05-21T23:09:28","date_gmt":"2022-05-21T16:09:28","guid":{"rendered":"https:\/\/beta.achisonsafety.com.vn\/?post_type=product&#038;p=2127"},"modified":"2025-09-17T16:53:47","modified_gmt":"2025-09-17T09:53:47","slug":"chup-tai-chong-on-3m-h7a","status":"publish","type":"product","link":"https:\/\/achisonsafety.com.vn\/en\/san-pham\/chup-tai-chong-on-3m-h7a\/","title":{"rendered":"Ch\u1ee5p Tai Ch\u1ed1ng \u1ed2n 3M H7A"},"content":{"rendered":"<p><a href=\"https:\/\/achisonsafety.com.vn\/danh-muc-san-pham\/bao-ho-lao-dong\/nut-tai-chup-tai-chong-on\/chup-tai-chong-on\/\">Ch\u1ee5p Tai Ch\u1ed1ng \u1ed2n<\/a> 3M H7A l\u00e0 ph\u1ee5 ki\u1ec7n b\u1ea3o h\u1ed9 lao \u0111\u1ed9ng th\u00edch h\u1ee3p d\u00f9ng trong m\u00f4i tr\u01b0\u1eddng c\u00f3 ti\u1ebfng \u1ed3n l\u00ean t\u1edbi 101 dBA.<\/p>\n<p>Gi\u00fap gi\u1ea3m t\u1ea7n su\u1ea5t ti\u1ebfng \u1ed3n v\u1edbi \u0111\u1ed9 ch\u1ed1ng \u1ed3n NRR l\u00e0 27 dB.<\/p>\n<p>C\u00f3 th\u1ec3 k\u1ebft h\u1ee3p v\u1edbi n\u00fat tai ch\u1ed1ng \u1ed3n \u0111\u1ec3 t\u0103ng hi\u1ec7u qu\u1ea3 l\u1ecdc ti\u1ebfng \u1ed3n.<\/p>\n<p><strong>Th\u01b0\u01a1ng Hi\u1ec7u:<\/strong>\u00a03M<\/p>\n<p><strong>M\u00e3 S\u1ea3n Ph\u1ea9m:<\/strong>\u00a0H7A<\/p>\n<p><strong>C\u00f4ng D\u1ee5ng:<\/strong>\u00a0B\u1ea3o v\u1ec7\u00a0th\u00ednh gi\u00e1c<\/p>\n<p><strong>M\u00f4 T\u1ea3:<\/strong>\u00a0Ch\u1ee5p tai ch\u1ed1ng \u1ed3n \u0111eo qua \u0111\u1ea7u.\u00a0NRR: 27 dB.<\/p>\n<p>D\u1ea1ng \u0111eo qua \u0111\u1ea7u.<br \/>\n&#8211; L\u00e0m suy gi\u1ea3m t\u1ea1i n\u01a1i c\u00f3 t\u1ea7n s\u1ed1 cao v\u00e0 th\u1ea5p.<br \/>\n&#8211; Cho ph\u00e9p l\u00e0m vi\u1ec7c l\u00e2u h\u01a1n trong m\u00f4i tr\u01b0\u1eddng c\u00f3 ti\u1ebfng \u1ed3n \u0111\u1ebfn 101dBA.<br \/>\n&#8211; Hai \u0111i\u1ec3m n\u1ed1i th\u1ea5p t\u1ea1o c\u1ea3m gi\u00e1c tho\u1ea3i m\u00e1i khi s\u1eed d\u1ee5ng<\/p>\n<p><strong>Ch\u1ea5t Li\u1ec7u:\u00a0<\/strong>ABS<\/p>\n<p><strong>Ti\u00eau Chu\u1ea9n:<\/strong>\u00a0ANSI S3.19-1974\/CSA Z94.2<\/p>\n<p><strong>Tr\u1ecdng L\u01b0\u1ee3ng:<\/strong>\u00a0141 Grams<\/p>\n<p><strong>M\u00e0u S\u1eafc:<\/strong>\u00a0M\u00e0u \u0111en\/x\u00e1m<\/p>\n<p><strong>Quy C\u00e1ch \u0110\u00f3ng G\u00f3i:<\/strong>\u00a01 C\u00e1i\/H\u1ed9p<\/p>\n<p><strong>\u1ee8ng D\u1ee5ng:<\/strong><\/p>\n<p>&#8211; D\u1ea7u kh\u00ed, \u0111\u00f3ng t\u00e0u, c\u1ea3ng<\/p>\n<p>&#8211; \u00d4 t\u00f4, xe m\u00e1y, nh\u1ef1a, g\u1ed7, kim lo\u1ea1i<\/p>\n<p>&#8211; Gi\u00e0y da, may m\u1eb7c, nhu\u1ed9m<\/p>\n<p>&#8211; Th\u1ef1c ph\u1ea9m, th\u1ee7y s\u1ea3n, th\u1ee9c \u0103n gia s\u1ee9c<\/p>\n<p>&#8211; Xi m\u0103ng, x\u00e2y d\u1ef1ng, h\u00f3a ch\u1ea5t, ph\u00e2n b\u00f3n<\/p>\n<p><strong>\u01afu \u0111i\u1ec3m:<\/strong><\/p>\n<p>&#8211; M\u00fat \u0111\u01b0\u1ee3c thi\u1ebft k\u1ebf \u00eam \u00e1i t\u1ea1o c\u1ea3m gi\u00e1c tho\u1ea3i m\u00e1i cho ng\u01b0\u1eddi s\u1eed d\u1ee5ng.<\/p>\n<p>&#8211; C\u00f3 ch\u1ebf \u0111\u1ed9 t\u00f9y ch\u1ec9nh \u00f4m s\u00e1t \u0111\u1ea7u t\u1ea1o s\u1ef1 an to\u00e0n cho ng\u01b0\u1eddi s\u1eed d\u1ee5ng.<\/p>\n<p>&nbsp;<\/p>\n","protected":false},"excerpt":{"rendered":"<ul>\n<li>\u0110\u01b0\u1ee3c d\u00f9ng trong m\u00f4i tr\u01b0\u1eddng c\u00f3 ti\u1ebfng \u1ed3n l\u00ean t\u1edbi 101 dBA.<\/li>\n<li>\u0110\u1ed9 ch\u1ed1ng \u1ed3n NRR l\u00e0 27 dB.<\/li>\n<li>Ch\u1ee5p tai ch\u1ed1ng \u1ed3n \u0111eo qua \u0111\u1ea7u.<\/li>\n<\/ul>\n<p>&nbsp;<\/p>\n","protected":false},"featured_media":2138,"comment_status":"open","ping_status":"closed","template":"","meta":[],"product_cat":[36,110],"product_tag":[184,338],"class_list":{"0":"post-2127","1":"product","2":"type-product","3":"status-publish","4":"has-post-thumbnail","6":"product_cat-nut-tai-chup-tai-chong-on","7":"product_cat-chup-tai-chong-on","8":"product_tag-nganh-gia-cong-kim-loai","9":"product_tag-nganh-khai-thac-va-che-bien-go-noi-that","10":"yith_product_brand-3m","12":"first","13":"instock","14":"shipping-taxable","15":"product-type-simple"},"acf":[],"_links":{"self":[{"href":"https:\/\/achisonsafety.com.vn\/en\/wp-json\/wp\/v2\/product\/2127"}],"collection":[{"href":"https:\/\/achisonsafety.com.vn\/en\/wp-json\/wp\/v2\/product"}],"about":[{"href":"https:\/\/achisonsafety.com.vn\/en\/wp-json\/wp\/v2\/types\/product"}],"replies":[{"embeddable":true,"href":"https:\/\/achisonsafety.com.vn\/en\/wp-json\/wp\/v2\/comments?post=2127"}],"wp:featuredmedia":[{"embeddable":true,"href":"https:\/\/achisonsafety.com.vn\/en\/wp-json\/wp\/v2\/media\/2138"}],"wp:attachment":[{"href":"https:\/\/achisonsafety.com.vn\/en\/wp-json\/wp\/v2\/media?parent=2127"}],"wp:term":[{"taxonomy":"product_cat","embeddable":true,"href":"https:\/\/achisonsafety.com.vn\/en\/wp-json\/wp\/v2\/product_cat?post=2127"},{"taxonomy":"product_tag","embeddable":true,"href":"https:\/\/achisonsafety.com.vn\/en\/wp-json\/wp\/v2\/product_tag?post=2127"}],"curies":[{"name":"wp","href":"https:\/\/api.w.org\/{rel}","templated":true}]}}