{"id":2129,"date":"2022-05-21T23:16:29","date_gmt":"2022-05-21T16:16:29","guid":{"rendered":"https:\/\/beta.achisonsafety.com.vn\/?post_type=product&#038;p=2129"},"modified":"2025-10-22T20:43:50","modified_gmt":"2025-10-22T13:43:50","slug":"mat-na-phong-doc-3m-hf-51","status":"publish","type":"product","link":"https:\/\/achisonsafety.com.vn\/en\/san-pham\/mat-na-phong-doc-3m-hf-51\/","title":{"rendered":"M\u1eb7t N\u1ea1 Ph\u00f2ng \u0110\u1ed9c 3M HF 51"},"content":{"rendered":"<p><strong>M\u1eb7t n\u1ea1 3M<\/strong> t\u1eeb l\u00e2u \u0111\u00e3 tr\u1edf th\u00e0nh th\u01b0\u01a1ng hi\u1ec7u l\u1edbn, quen thu\u1ed9c v\u00e0 tin d\u00f9ng cho ng\u01b0\u1eddi lao \u0111\u1ed9ng.<\/p>\n<p>D\u00f2ng m\u1eb7t n\u1ea1 n\u1eeda m\u1eb7t th\u1ebf h\u1ec7 m\u1edbi HF 50 \u0111\u01b0\u1ee3c ra \u0111\u1eddi v\u1edbi nhi\u1ec1u c\u1ea3i ti\u1ebfn v\u01b0\u1ee3t tr\u1ed9i trong thi\u1ebft k\u1ebf. M\u1eb7t n\u1ea1 HF 51\/HF 52 d\u00f9ng k\u00e8m v\u1edbi t\u1ea5m l\u1ecdc 3744K v\u00e0 1744\/1744C.<\/p>\n<p><strong>Th\u01b0\u01a1ng hi\u1ec7u:<\/strong>\u00a03M<\/p>\n<p><strong>M\u00e3 s\u1ea3n ph\u1ea9m:<\/strong>\u00a0HF 51 (Size ti\u00eau chu\u1ea9n) ho\u1eb7c HF 52 (Size l\u1edbn)<\/p>\n<p><strong>C\u00f4ng d\u1ee5ng:<\/strong> D\u00f2ng m\u1eb7t n\u1ea1 3M HF 51 gi\u00fap b\u1ea3o v\u1ec7 h\u00f4 h\u1ea5p ng\u01b0\u1eddi lao \u0111\u1ed9ng l\u00e0m vi\u1ec7c c\u00f3 b\u1ee5i h\u00e0n, kh\u00f3i h\u00e0n, h\u01a1i h\u1eefu c\u01a1 d\u00f9ng nhi\u1ec1u trong qu\u00e1 tr\u00ecnh h\u00e0n c\u1eaft, ch\u1ebf t\u00e1c kim lo\u1ea1i, g\u1ed7&#8230;<\/p>\n<p><strong>M\u00f4 t\u1ea3:<\/strong> M\u1eb7t n\u1ea1 3M HF 51\/HF 52 \u0111\u01b0\u1ee3c thi\u1ebft k\u1ebf van th\u1edf h\u01b0\u1edbng xu\u1ed1ng gi\u00fap gi\u1ea3m b\u1edbt nhi\u1ec7t, gi\u1ea3m h\u00ecnh th\u00e0nh \u0111\u1ecdng s\u01b0\u01a1ng khi ng\u01b0\u1eddi lao \u0111\u1ed9ng \u0111\u1ed3ng th\u1eddi mang k\u00ednh b\u1ea3o h\u1ed9 trong qu\u00e1 tr\u00ecnh l\u00e0m vi\u1ec7c<\/p>\n<p><strong>Ch\u1ea5t li\u1ec7u:<\/strong> \u0110\u01b0\u1ee3c c\u1ea5u t\u1ea1o v\u00f2ng ngo\u00e0i b\u1eb1ng silicon c\u00f3 tr\u1ecdng l\u01b0\u1ee3ng nh\u1eb9. C\u00f3 kh\u1ea3 n\u0103ng ch\u1ecbu nhi\u1ec7t v\u00e0 c\u00f3 t\u00ednh \u0111\u00e0n h\u1ed3i cao.<\/p>\n<p>Ch\u1ea5t li\u1ec7u n\u00e0y gi\u00fap m\u1eb7t n\u1ea1 k\u00e9o d\u00e0i tu\u1ed5i th\u1ecd h\u01a1n c\u00e1c ch\u1ea5t li\u1ec7u th\u00f4ng th\u01b0\u1eddng<\/p>\n<p><strong>Ti\u00eau chu\u1ea9n:<\/strong>\u00a0\u0110\u01b0\u1ee3c c\u1ea5p ti\u00eau chu\u1ea9n H\u00e0n Qu\u1ed1c, \u00dac v\u00e0 New Zealand<\/p>\n<p><strong>M\u00e0u s\u1eafc:<\/strong>\u00a0Xanh k\u1ebft h\u1ee3p x\u00e1m<\/p>\n<p><strong>K\u00edch c\u1ee1:<\/strong>\u00a0HF 51 (Size ti\u00eau chu\u1ea9n) v\u00e0 HF 52 (Size l\u1edbn)<\/p>\n<p><strong>Quy c\u00e1ch \u0111\u00f3ng g\u00f3i:<\/strong>\u00a01 c\u00e1i\/t\u00fai<\/p>\n<p><strong>\u1ee8ng d\u1ee5ng:<\/strong> \u0110\u01b0\u1ee3c s\u1eed d\u1ee5ng trong ng\u00e0nh ch\u1ebf bi\u1ebfn g\u1ed7, h\u00e0n c\u1eaft kim lo\u1ea1i, phun s\u01a1n, ch\u00e0 nh\u00e1m, l\u00e0m s\u1ea1ch v\u1eadt li\u1ec7u c\u00f4ng nghi\u1ec7p, b\u1ea3o tr\u00ec, s\u1ea3n xu\u1ea5t xi m\u0103ng, \u0111\u00f3ng g\u00f3i&#8230;<\/p>\n","protected":false},"excerpt":{"rendered":"<ul>\n<li>B\u1ea3o v\u1ec7 \u0111\u01b0\u1eddng h\u00f4 h\u1ea5p c\u1ee7a ng\u01b0\u1eddi lao \u0111\u1ed9ng l\u00e0m vi\u1ec7c trong m\u00f4i tr\u01b0\u1eddng kh\u00f3i b\u1ee5i<\/li>\n<li>Thi\u1ebft k\u1ebf t\u1eeb v\u1eadt li\u1ec7u silicon tho\u1ea3i m\u00e1i, m\u1ec1m m\u1ea1i, nh\u1eb9 v\u00e0 b\u1ec1n h\u01a1n so v\u1edbi v\u1eadt li\u1ec7u th\u00f4ng th\u01b0\u1eddng.<\/li>\n<li>Van th\u1edf h\u01b0\u1edbng xu\u1ed1ng gi\u1ea3m nhi\u1ec7t v\u00e0 \u0111\u1ecdng s\u01b0\u01a1ng, tho\u1ea3i m\u00e1i, kh\u00f4 r\u00e1o.<\/li>\n<\/ul>\n","protected":false},"featured_media":2160,"comment_status":"open","ping_status":"closed","template":"","meta":[],"product_cat":[37,111],"product_tag":[],"class_list":{"0":"post-2129","1":"product","2":"type-product","3":"status-publish","4":"has-post-thumbnail","6":"product_cat-mat-na-phin-loc","7":"product_cat-mat-na-nua-mat","8":"yith_product_brand-3m","10":"first","11":"instock","12":"shipping-taxable","13":"product-type-simple"},"acf":[],"_links":{"self":[{"href":"https:\/\/achisonsafety.com.vn\/en\/wp-json\/wp\/v2\/product\/2129"}],"collection":[{"href":"https:\/\/achisonsafety.com.vn\/en\/wp-json\/wp\/v2\/product"}],"about":[{"href":"https:\/\/achisonsafety.com.vn\/en\/wp-json\/wp\/v2\/types\/product"}],"replies":[{"embeddable":true,"href":"https:\/\/achisonsafety.com.vn\/en\/wp-json\/wp\/v2\/comments?post=2129"}],"wp:featuredmedia":[{"embeddable":true,"href":"https:\/\/achisonsafety.com.vn\/en\/wp-json\/wp\/v2\/media\/2160"}],"wp:attachment":[{"href":"https:\/\/achisonsafety.com.vn\/en\/wp-json\/wp\/v2\/media?parent=2129"}],"wp:term":[{"taxonomy":"product_cat","embeddable":true,"href":"https:\/\/achisonsafety.com.vn\/en\/wp-json\/wp\/v2\/product_cat?post=2129"},{"taxonomy":"product_tag","embeddable":true,"href":"https:\/\/achisonsafety.com.vn\/en\/wp-json\/wp\/v2\/product_tag?post=2129"}],"curies":[{"name":"wp","href":"https:\/\/api.w.org\/{rel}","templated":true}]}}