{"id":2339,"date":"2022-05-27T21:16:37","date_gmt":"2022-05-27T14:16:37","guid":{"rendered":"https:\/\/beta.achisonsafety.com.vn\/?post_type=product&#038;p=2339"},"modified":"2025-09-17T16:53:27","modified_gmt":"2025-09-17T09:53:27","slug":"chup-tai-chong-on-elvex-hm-2093","status":"publish","type":"product","link":"https:\/\/achisonsafety.com.vn\/en\/san-pham\/chup-tai-chong-on-elvex-hm-2093\/","title":{"rendered":"Ch\u1ee5p Tai Ch\u1ed1ng \u1ed2n Elvex HM 2093"},"content":{"rendered":"<p><b><a href=\"https:\/\/achisonsafety.com.vn\/danh-muc-san-pham\/bao-ho-lao-dong\/nut-tai-chup-tai-chong-on\/\">Ch\u1ee5p Tai Ch\u1ed1ng \u1ed2n Elvex HM 2093<\/a>_Gi\u1ea3i ph\u00e1p h\u1eefu hi\u1ec7u c\u1ea7n trang b\u1ecb cho ng\u01b0\u1eddi lao \u0111\u1ed9ng trong m\u00f4i tr\u01b0\u1eddng l\u00e0m vi\u1ec7c c\u00f3 t\u1ea7n su\u1ea5t \u00e2m thanh cao.<\/b><\/p>\n<p><b>Th\u01b0\u01a1ng Hi\u1ec7u:<\/b><span style=\"font-weight: 400;\"> Elvex<\/span><\/p>\n<p><b>M\u00e3 S\u1ea3n Ph\u1ea9m:<\/b><span style=\"font-weight: 400;\"> HM 2093<\/span><\/p>\n<p><b>Ch\u1ea5t Li\u1ec7u: <\/b><span style=\"font-weight: 400;\">Dielectric<\/span><b>\u00a0\u00a0<\/b><\/p>\n<p><b>Ti\u00eau Chu\u1ea9n:<\/b><span style=\"font-weight: 400;\"> ANSI S3.19-1974<\/span><\/p>\n<p><b>Tr\u1ecdng L\u01b0\u1ee3ng:<\/b><span style=\"font-weight: 400;\"> 289 gram<\/span><\/p>\n<p><b>M\u00e0u S\u1eafc:<\/b><span style=\"font-weight: 400;\"> \u0110en\/ X\u00e1m<\/span><\/p>\n<p><b>Quy C\u00e1ch \u0110\u00f3ng G\u00f3i:<\/b><span style=\"font-weight: 400;\"> 1 C\u00e1i\/H\u1ed9p<\/span><\/p>\n<p><b>C\u00f4ng D\u1ee5ng:<\/b><span style=\"font-weight: 400;\"> B\u1ea3o v\u1ec7 th\u00ednh gi\u00e1c<\/span><\/p>\n<p><b>M\u00f4 T\u1ea3:<\/b><\/p>\n<p><span style=\"font-weight: 400;\">S\u1ea3n ph\u1ea9m Ch\u1ee5p tai ch\u1ed1ng \u1ed3n Elvex HM 2093 \u0111\u01b0\u1ee3c thi\u1ebft k\u1ebf theo ki\u1ec3u g\u1eafn n\u00f3n<\/span><span style=\"font-weight: 400;\">\u00a0gi\u00fap gia t\u0103ng s\u1ef1 tho\u1ea3i m\u00e1i cho ng\u01b0\u1eddi lao \u0111\u1ecdng trong qu\u00e1 tr\u00ecnh s\u1eed d\u1ee5ng. <\/span><span style=\"font-weight: 400;\">S\u1ea3n ph\u1ea9m \u0111\u01b0\u1ee3c thi\u1ebft k\u1ebf v\u1edbi \u0111\u1ec7m tai r\u1ed9ng \u00eam gi\u00fap gi\u1ea3m \u00e1p l\u1ef1c xung quanh tai tr\u00e1nh g\u00e2y h\u1eb1n v\u1ebft hay kh\u00f3 ch\u1ecbu cho tai khi s\u1eed d\u1ee5ng. Ch\u1ee5p tai ch\u1ed1ng \u1ed3n g\u1eafn n\u00f3n c\u00f3 t\u00ednh n\u0103ng r\u1ea5t b\u1ec1n b\u1ec9 c\u00f3 th\u1ec3 s\u1eed d\u1ee5ng l\u00e2u d\u00e0i, gi\u00fap ng\u01b0\u1eddi d\u00f9ng ti\u1ebft ki\u1ec7m chi ph\u00ed h\u01a1n. S\u1ea3n ph\u1ea9m c\u00f3 th\u1ec3 th\u00e1o l\u1eafp, v\u1ec7 sinh d\u1ec5 d\u00e0ng t\u00f9y theo nhu c\u1ea7u ng\u01b0\u1eddi s\u1eed d\u1ee5ng.<\/span><\/p>\n<p><span style=\"font-weight: 400;\">B\u00ean c\u1ea1nh \u0111\u00f3 <\/span><span style=\"font-weight: 400;\">Elvex HM 2093 c\u00f2n c<\/span><span style=\"font-weight: 400;\">\u00f3 th\u1ec3 k\u1ebft h\u1ee3p v\u1edbi n\u00fat tai ch\u1ed1ng \u1ed3n \u0111\u1ec3 t\u0103ng hi\u1ec7u qu\u1ea3 l\u1ecdc ti\u1ebfng \u1ed3n cho ng\u01b0\u1eddi lao \u0111\u1ed9ng khi s\u1eed d\u1ee5ng.<\/span><\/p>\n<p><b>\u1ee8ng D\u1ee5ng: <\/b><span style=\"font-weight: 400;\">C\u00f3 \u1ee9ng d\u1ee5ng r\u1ed9ng r\u00e3i <\/span><span style=\"font-weight: 400;\">trong nhi\u1ec1u l\u0129nh v\u1ef1c nh\u01b0:<\/span><\/p>\n<p><span style=\"font-weight: 400;\">\u2013 D\u1ea7u kh\u00ed, \u0111\u00f3ng t\u00e0u, c\u1ea3ng<\/span><\/p>\n<p><span style=\"font-weight: 400;\">\u2013 \u00d4 t\u00f4, xe m\u00e1y<\/span><\/p>\n<p><span style=\"font-weight: 400;\">\u2013 Nh\u1ef1a, g\u1ed7, kim lo\u1ea1i<\/span><\/p>\n<p><span style=\"font-weight: 400;\">\u2013 Gi\u00e0y da, may m\u1eb7c, nhu\u1ed9m\u00a0<\/span><\/p>\n<p><span style=\"font-weight: 400;\">\u2013 Th\u1ef1c ph\u1ea9m, th\u1ee7y s\u1ea3n, th\u1ee9c \u0103n gia s\u00fac\u00a0<\/span><\/p>\n<p><span style=\"font-weight: 400;\">\u2013 Xi m\u0103ng, x\u00e2y d\u1ef1ng, h\u00f3a ch\u1ea5t, ph\u00e2n b\u00f3n\u00a0<\/span><\/p>\n","protected":false},"excerpt":{"rendered":"<ul>\n<li style=\"font-weight: 400;\" aria-level=\"1\"><span style=\"font-weight: 400;\">\u0110\u01b0\u1ee3c d\u00f9ng trong m\u00f4i tr\u01b0\u1eddng \u00f4 nhi\u1ec5m ti\u1ebfng \u1ed3n<\/span><\/li>\n<li style=\"font-weight: 400;\" aria-level=\"1\"><span style=\"font-weight: 400;\">\u0110\u1ed9 ch\u1ed1ng \u1ed3n NRR l\u00e0 25 dB.<\/span><\/li>\n<li style=\"font-weight: 400;\" aria-level=\"1\"><span style=\"font-weight: 400;\">Ch\u1ee5p tai ch\u1ed1ng \u1ed3n \u0111eo qua \u0111\u1ea7u<\/span><\/li>\n<\/ul>\n","protected":false},"featured_media":2340,"comment_status":"open","ping_status":"closed","template":"","meta":[],"product_cat":[36,110],"product_tag":[188,338,189],"class_list":{"0":"post-2339","1":"product","2":"type-product","3":"status-publish","4":"has-post-thumbnail","6":"product_cat-nut-tai-chup-tai-chong-on","7":"product_cat-chup-tai-chong-on","8":"product_tag-nganh-dau-khi-khai-khoang-dong-tau-cang-bien-hang-khong","9":"product_tag-nganh-khai-thac-va-che-bien-go-noi-that","10":"product_tag-nganh-xay-dung-logistic-hoa-chat","11":"yith_product_brand-elvex","13":"first","14":"instock","15":"shipping-taxable","16":"product-type-simple"},"acf":[],"_links":{"self":[{"href":"https:\/\/achisonsafety.com.vn\/en\/wp-json\/wp\/v2\/product\/2339"}],"collection":[{"href":"https:\/\/achisonsafety.com.vn\/en\/wp-json\/wp\/v2\/product"}],"about":[{"href":"https:\/\/achisonsafety.com.vn\/en\/wp-json\/wp\/v2\/types\/product"}],"replies":[{"embeddable":true,"href":"https:\/\/achisonsafety.com.vn\/en\/wp-json\/wp\/v2\/comments?post=2339"}],"wp:featuredmedia":[{"embeddable":true,"href":"https:\/\/achisonsafety.com.vn\/en\/wp-json\/wp\/v2\/media\/2340"}],"wp:attachment":[{"href":"https:\/\/achisonsafety.com.vn\/en\/wp-json\/wp\/v2\/media?parent=2339"}],"wp:term":[{"taxonomy":"product_cat","embeddable":true,"href":"https:\/\/achisonsafety.com.vn\/en\/wp-json\/wp\/v2\/product_cat?post=2339"},{"taxonomy":"product_tag","embeddable":true,"href":"https:\/\/achisonsafety.com.vn\/en\/wp-json\/wp\/v2\/product_tag?post=2339"}],"curies":[{"name":"wp","href":"https:\/\/api.w.org\/{rel}","templated":true}]}}