{"id":2379,"date":"2022-05-30T14:17:46","date_gmt":"2022-05-30T07:17:46","guid":{"rendered":"https:\/\/beta.achisonsafety.com.vn\/?post_type=product&#038;p=2379"},"modified":"2025-09-17T16:53:20","modified_gmt":"2025-09-17T09:53:20","slug":"koken-1111-dust-mask","status":"publish","type":"product","link":"https:\/\/achisonsafety.com.vn\/en\/san-pham\/koken-1111-dust-mask\/","title":{"rendered":"Koken 1111 dust mask"},"content":{"rendered":"<p><strong><span style=\"vertical-align: inherit;\"><span style=\"vertical-align: inherit;\">Kh\u1ea9u trang ch\u1ed1ng b\u1ee5i Koken 1111 &#8211; Gi\u1ea3i ph\u00e1p b\u1ea3o v\u1ec7 \u0111\u01b0\u1eddng h\u00f4 h\u1ea5p h\u00e0ng \u0111\u1ea7u c\u1ee7a b\u1ea5t k\u1ef3 nh\u00e0 m\u00e1y, x\u00ed nghi\u1ec7p n\u00e0o<\/span><\/span><\/strong><\/p>\n<p><strong><span style=\"vertical-align: inherit;\"><span style=\"vertical-align: inherit;\">L\u1eeda:<\/span><\/span><\/strong><span style=\"vertical-align: inherit;\"><span style=\"vertical-align: inherit;\"> N\u1ea5u \u0103n<\/span><\/span><\/p>\n<p><strong><span style=\"vertical-align: inherit;\"><span style=\"vertical-align: inherit;\">M\u00e3:<\/span><\/span><\/strong><span style=\"vertical-align: inherit;\"><span style=\"vertical-align: inherit;\"> 1111<\/span><\/span><\/p>\n<p><strong><span style=\"vertical-align: inherit;\"><span style=\"vertical-align: inherit;\">Ti\u00eau chu\u1ea9n:<\/span><\/span><\/strong><span style=\"vertical-align: inherit;\"><span style=\"vertical-align: inherit;\"> Ch\u1ee9ng nh\u1eadn x\u1ebfp h\u1ea1ng qu\u1ed1c gia TM208<\/span><\/span><\/p>\n<p><strong><span style=\"vertical-align: inherit;\"><span style=\"vertical-align: inherit;\">Tr\u1ecdng l\u01b0\u1ee3ng:<\/span><\/span><\/strong><span style=\"vertical-align: inherit;\"><span style=\"vertical-align: inherit;\"> D\u01b0\u1edbi 104g<\/span><\/span><\/p>\n<p><strong><span style=\"vertical-align: inherit;\"><span style=\"vertical-align: inherit;\">M\u00e0u s\u1eafc:<\/span><\/span><\/strong><span style=\"vertical-align: inherit;\"><span style=\"vertical-align: inherit;\"> Xanh lam<\/span><\/span><\/p>\n<p><strong><span style=\"vertical-align: inherit;\"><span style=\"vertical-align: inherit;\">K\u00edch th\u01b0\u1edbc:<\/span><\/span><\/strong><span style=\"vertical-align: inherit;\"><span style=\"vertical-align: inherit;\"> Ti\u00eau chu\u1ea9n<\/span><\/span><\/p>\n<p><strong><span style=\"vertical-align: inherit;\"><span style=\"vertical-align: inherit;\">\u0110\u00f3ng g\u00f3i:<\/span><\/span><\/strong><span style=\"vertical-align: inherit;\"><span style=\"vertical-align: inherit;\"> 1 c\u00e1i \/ g\u00f3i<\/span><\/span><\/p>\n<p><strong><span style=\"vertical-align: inherit;\"><span style=\"vertical-align: inherit;\">C\u00f4ng d\u1ee5ng:<\/span><\/span><\/strong><span style=\"vertical-align: inherit;\"><span style=\"vertical-align: inherit;\"> B\u1ea3o v\u1ec7 \u0111\u01b0\u1eddng h\u00f4 h\u1ea5p cho ng\u01b0\u1eddi lao \u0111\u1ed9ng, s\u1eed d\u1ee5ng k\u1ebft h\u1ee3p v\u1edbi b\u1ed9 l\u1ecdc v\u00f2ng alpha \u0111\u1ec3 l\u1ecdc b\u1ee5i v\u1edbi hi\u1ec7u su\u1ea5t l\u00ean \u0111\u1ebfn 95%<\/span><\/span><\/p>\n<p><strong><span style=\"vertical-align: inherit;\"><span style=\"vertical-align: inherit;\">M\u00f4 t\u1ea3:<\/span><\/span><\/strong><span style=\"vertical-align: inherit;\"><span style=\"vertical-align: inherit;\"> Kh\u1ea9u trang ch\u1ed1ng b\u1ee5i Koken 1111 thi\u1ebft k\u1ebf c\u00f3 m\u0169 kh\u00f4ng v\u00e0nh, \u0111\u1ea3m b\u1ea3o chuy\u1ec3n \u0111\u1ed9ng c\u1ee7a van th\u1edf. <\/span><span style=\"vertical-align: inherit;\">B\u1ed9 l\u1ecdc v\u00f2ng alpha l\u00e0 c\u00f4ng ngh\u1ec7 ti\u00ean ti\u1ebfn c\u00f3 ch\u1ee9a c\u00e1c s\u1ee3i th\u1ee7y tinh, kh\u00f4ng ch\u00e1y, kh\u00f4ng th\u1ea5m n\u01b0\u1edbc, \u0111\u01b0\u1ee3c \u0111\u00fac th\u00e0nh h\u00ecnh tr\u1ee5 gi\u00fap t\u0103ng th\u1ec3 t\u00edch c\u1ee7a v\u00f2ng l\u1ecdc, thu\u1eadn ti\u1ec7n h\u01a1n khi s\u1eed d\u1ee5ng trong m\u00f4i tr\u01b0\u1eddng n\u00f3ng \u1ea9m. <\/span><span style=\"vertical-align: inherit;\">\u0110\u1ed3ng th\u1eddi, do v\u00f9ng l\u1ecdc c\u00f3 k\u00edch th\u01b0\u1edbc t\u1ed1i \u0111a g\u1ea5p 12 l\u1ea7n n\u00ean kh\u1ea3 n\u0103ng c\u1ea3n h\u00edt s\u1ebd th\u1ea5p h\u01a1n v\u00e0 th\u1eddi gian s\u1eed d\u1ee5ng s\u1ebd l\u00e2u h\u01a1n.<\/span><\/span><\/p>\n<p><span style=\"vertical-align: inherit;\"><span style=\"vertical-align: inherit;\">\u0110i\u1ec3m n\u1ed5i b\u1eadt c\u1ee7a d\u00f2ng m\u1eb7t n\u1ea1 Koken n\u00f3i chung l\u00e0 ph\u1ea7n tester v\u1eeba v\u1eb7n g\u1eafn tr\u1ef1c ti\u1ebfp v\u00e0o m\u1eb7t n\u1ea1, v\u00f4 c\u00f9ng ti\u1ec7n l\u1ee3i v\u00e0 \u0111\u1ea3m b\u1ea3o hi\u1ec7u qu\u1ea3 l\u1ecdc cao nh\u1ea5t.<\/span><\/span><\/p>\n<p><strong><span style=\"vertical-align: inherit;\"><span style=\"vertical-align: inherit;\">\u1ee8ng d\u1ee5ng:<\/span><\/span><\/strong><span style=\"vertical-align: inherit;\"><span style=\"vertical-align: inherit;\"> C\u00f3 \u1ee9ng d\u1ee5ng r\u1ed9ng r\u00e3i trong nhi\u1ec1u l\u0129nh v\u1ef1c nh\u01b0:<\/span><\/span><\/p>\n<p><span style=\"vertical-align: inherit;\"><span style=\"vertical-align: inherit;\">&#8211; D\u1ea7u kh\u00ed, \u0111\u00f3ng t\u00e0u, c\u1ea3ng<\/span><\/span><\/p>\n<p><span style=\"vertical-align: inherit;\"><span style=\"vertical-align: inherit;\">&#8211; \u00d4 t\u00f4 v\u00e0 xe m\u00e1y<\/span><\/span><\/p>\n<p><span style=\"vertical-align: inherit;\"><span style=\"vertical-align: inherit;\">&#8211; Nh\u1ef1a, g\u1ed7, kim lo\u1ea1i<\/span><\/span><\/p>\n<p><span style=\"vertical-align: inherit;\"><span style=\"vertical-align: inherit;\">&#8211; Gi\u00e0y da, may m\u1eb7c, nhu\u1ed9m<\/span><\/span><\/p>\n<p><span style=\"vertical-align: inherit;\"><span style=\"vertical-align: inherit;\">&#8211; Th\u1ef1c ph\u1ea9m, th\u1ee7y s\u1ea3n, th\u1ee9c \u0103n ch\u0103n nu\u00f4i<\/span><\/span><\/p>\n<p><span style=\"vertical-align: inherit;\"><span style=\"vertical-align: inherit;\">&#8211; Xi m\u0103ng, x\u00e2y d\u1ef1ng, h\u00f3a ch\u1ea5t, ph\u00e2n b\u00f3n<\/span><\/span><\/p>\n","protected":false},"excerpt":{"rendered":"<ul>\n<li style=\"font-weight: 400;\" aria-level=\"1\"><span style=\"font-weight: 400;\">\u0110\u01b0\u1ee3c d\u00f9ng trong m\u00f4i tr\u01b0\u1eddng c\u00f3 t\u00e1c nh\u00e2n g\u00e2y \u00f4 nhi\u1ec5m, \u1ea3nh h\u01b0\u1edfng \u0111\u1ebfn s\u1ee9c kh\u1ecfe<\/span><\/li>\n<li style=\"font-weight: 400;\" aria-level=\"1\"><span style=\"font-weight: 400;\">C\u00f3 th\u1ec3 k\u1ebft h\u1ee3p \u0111\u1ed3ng th\u1eddi v\u1edbi k\u00ednh b\u1ea3o h\u1ed9<\/span><\/li>\n<li style=\"font-weight: 400;\" aria-level=\"1\"><span style=\"font-weight: 400;\">S\u1ea3n ph\u1ea9m c\u00f3 thi\u1ebft k\u1ebf d\u00e2y c\u1ed1 \u0111\u1ecbnh ch\u1eafc ch\u1eafn<\/span><\/li>\n<\/ul>\n","protected":false},"featured_media":2380,"comment_status":"open","ping_status":"closed","template":"","meta":[],"product_cat":[239,265,238],"product_tag":[],"class_list":{"0":"post-2379","1":"product","2":"type-product","3":"status-publish","4":"has-post-thumbnail","6":"product_cat-half-face-respirator","7":"product_cat-infrastructure-and-environment-protection","8":"product_cat-reuse-respirator-filter","9":"yith_product_brand-koken-en","11":"first","12":"instock","13":"shipping-taxable","14":"product-type-simple"},"acf":[],"_links":{"self":[{"href":"https:\/\/achisonsafety.com.vn\/en\/wp-json\/wp\/v2\/product\/2379"}],"collection":[{"href":"https:\/\/achisonsafety.com.vn\/en\/wp-json\/wp\/v2\/product"}],"about":[{"href":"https:\/\/achisonsafety.com.vn\/en\/wp-json\/wp\/v2\/types\/product"}],"replies":[{"embeddable":true,"href":"https:\/\/achisonsafety.com.vn\/en\/wp-json\/wp\/v2\/comments?post=2379"}],"wp:featuredmedia":[{"embeddable":true,"href":"https:\/\/achisonsafety.com.vn\/en\/wp-json\/wp\/v2\/media\/2380"}],"wp:attachment":[{"href":"https:\/\/achisonsafety.com.vn\/en\/wp-json\/wp\/v2\/media?parent=2379"}],"wp:term":[{"taxonomy":"product_cat","embeddable":true,"href":"https:\/\/achisonsafety.com.vn\/en\/wp-json\/wp\/v2\/product_cat?post=2379"},{"taxonomy":"product_tag","embeddable":true,"href":"https:\/\/achisonsafety.com.vn\/en\/wp-json\/wp\/v2\/product_tag?post=2379"}],"curies":[{"name":"wp","href":"https:\/\/api.w.org\/{rel}","templated":true}]}}