{"id":2388,"date":"2022-05-30T16:12:36","date_gmt":"2022-05-30T09:12:36","guid":{"rendered":"https:\/\/beta.achisonsafety.com.vn\/?post_type=product&#038;p=2388"},"modified":"2025-09-17T16:53:20","modified_gmt":"2025-09-17T09:53:20","slug":"mat-na-phong-bui-koken-1010a","status":"publish","type":"product","link":"https:\/\/achisonsafety.com.vn\/en\/san-pham\/mat-na-phong-bui-koken-1010a\/","title":{"rendered":"M\u1eb7t n\u1ea1 ph\u00f2ng b\u1ee5i Koken 1010A"},"content":{"rendered":"<p><a href=\"https:\/\/achisonsafety.com.vn\/danh-muc-san-pham\/bao-ho-lao-dong\/mat-na-phin-loc\/mat-na-nua-mat\/\">M\u1eb7t n\u1ea1 ph\u00f2ng b\u1ee5i Koken<\/a> 1010A &#8211; Gi\u1ea3i b\u1ea3o b\u1ea3o v\u1ec7 h\u00f4 h\u1ea5p hi\u1ec7u qu\u1ea3<\/p>\n<p><strong>Th\u01b0\u01a1ng Hi\u1ec7u:<\/strong>\u00a0Koken<\/p>\n<p><strong>M\u00e3 S\u1ea3n Ph\u1ea9m:<\/strong>\u00a01010A<\/p>\n<p><strong>C\u00f4ng D\u1ee5ng:<\/strong>\u00a0B\u1ea3o v\u1ec7\u00a0h\u00f4 h\u1ea5p cho ng\u01b0\u1eddi lao \u0111\u1ed9ng trong m\u00f4i tr\u01b0\u1eddng c\u00f3 nhi\u1ec1u b\u1ee5i b\u1ea9n b\u1eb1ng b\u1ed9 l\u1ecdc Micron Mighty 1010 \u0111\u1ed9c \u0111\u00e1o t\u1eeb Koken.<\/p>\n<p><strong>M\u00f4 T\u1ea3:<\/strong> M\u1eb7t n\u1ea1 ph\u00f2ng b\u1ee5i thi\u1ebft k\u1ebf g\u1ecdn nh\u1eb9 ph\u00f9 h\u1ee3p v\u1edbi khu\u00f4n m\u1eb7t ng\u01b0\u1eddi Ch\u00e2u \u00c1. Ph\u1ea7n ti\u1ebfp x\u00fac v\u1edbi m\u1eb7t c\u1ea5u t\u1ea1o t\u1eeb silicone kh\u00f4ng g\u00e2y k\u00edch \u1ee9ng da. C\u00f3 th\u1ec3 k\u1ebft h\u1ee3p v\u1edbi mi\u1ebfng h\u00fat \u1ea9m h\u00ecnh qu\u1ea3 tr\u1ee9ng.<\/p>\n<p>\u0110i\u1ec3m \u0111\u1eb7c bi\u1ec7t c\u1ee7a c\u00e1c d\u00f2ng m\u1eb7t n\u1ea1 Koken l\u00e0 b\u1ed9 ki\u1ec3m tra \u0111\u1ed9 kh\u00edt\u00a0g\u1eafn s\u1eb5n trong m\u1eb7t n\u1ea1 nh\u1ecf g\u1ecdn, ti\u1ec7n l\u1ee3i \u0111\u1ea3m b\u1ea3o s\u1ef1 hi\u1ec7u qu\u1ea3 t\u1ed1i \u0111a cho ng\u01b0\u1eddi d\u00f9ng.<\/p>\n<p><strong>Ti\u00eau Chu\u1ea9n:<\/strong>\u00a0Ki\u1ec3m \u0111\u1ecbnh qu\u1ed1c gia TM198<\/p>\n<p><strong>Tr\u1ecdng l\u01b0\u1ee3ng:<\/strong>\u00a076 g<\/p>\n<p><strong>M\u00e0u s\u1eafc:<\/strong>\u00a0Xanh<\/p>\n<p><strong>K\u00edch C\u1ee1:<\/strong>\u00a0Ti\u00eau chu\u1ea9n<\/p>\n<p><strong>Quy C\u00e1ch \u0110\u00f3ng G\u00f3i:<\/strong>\u00a01 C\u00e1i\/H\u1ed9p<\/p>\n<p><strong>\u1ee8ng D\u1ee5ng:<\/strong>\u00a0D\u1ea7u kh\u00ed, \u0111\u00f3ng t\u00e0u, c\u1ea3ng &#8211; \u00d4 t\u00f4, xe m\u00e1y, nh\u1ef1a, g\u1ed7, kim lo\u1ea1i &#8211; Gi\u00e0y da, may m\u1eb7c, nhu\u1ed9m &#8211; Th\u1ef1c ph\u1ea9m, th\u1ee7y s\u1ea3n, th\u1ee9c \u0103n gia s\u1ee9c &#8211; Xi m\u0103ng, x\u00e2y d\u1ef1ng, h\u00f3a ch\u1ea5t, ph\u00e2n b\u00f3n<\/p>\n<p><strong>L\u01b0u \u00fd:\u00a0<\/strong><\/p>\n<p>\u2013 B\u1ea3o qu\u1ea3n n\u01a1i kh\u00f4 r\u00e1o, tho\u00e1ng m\u00e1t, tr\u00e1nh \u00e1nh n\u1eafng tr\u1ef1c ti\u1ebfp t\u1eeb m\u1eb7t tr\u1eddi<\/p>\n<p>\u2013 Ki\u1ec3m tra k\u1ef9 s\u1ea3n ph\u1ea9m tr\u01b0\u1edbc khi s\u1eed d\u1ee5ng, kh\u00f4ng s\u1eed d\u1ee5ng s\u1ea3n ph\u1ea9m b\u1ecb n\u1ee9t, v\u1ee1 \u0111\u1ec3 tr\u00e1nh c\u00e1c r\u1ee7i ro kh\u00f4ng mong mu\u1ed1n<\/p>\n<p>\u2013 S\u1eed d\u1ee5ng s\u1ea3n ph\u1ea9m \u0111\u00fang quy c\u00e1ch h\u01b0\u1edbng d\u1eabn<\/p>\n<p>\u2013 Ki\u1ec3m tra \u0111\u1ed9 k\u00edn, kh\u00edt tr\u01b0\u1edbc khi s\u1eed d\u1ee5ng \u0111\u1ec3 \u0111\u1ea3m b\u1ea3o an to\u00e0n cho ng\u01b0\u1eddi s\u1eed d\u1ee5ng<\/p>\n","protected":false},"excerpt":{"rendered":"<ul>\n<li>M\u1eb7t n\u1ea1 ph\u00f2ng b\u1ee5i thi\u1ebft k\u1ebf g\u1ecdn nh\u1eb9 ph\u00f9 h\u1ee3p v\u1edbi khu\u00f4n m\u1eb7t ng\u01b0\u1eddi Ch\u00e2u \u00c1.<\/li>\n<li>Ph\u1ea7n ti\u1ebfp x\u00fac v\u1edbi m\u1eb7t c\u1ea5u t\u1ea1o t\u1eeb silicone kh\u00f4ng g\u00e2y k\u00edch \u1ee9ng da.<\/li>\n<li>C\u00f3 th\u1ec3 k\u1ebft h\u1ee3p v\u1edbi mi\u1ebfng h\u00fat \u1ea9m h\u00ecnh qu\u1ea3 tr\u1ee9ng.<\/li>\n<\/ul>\n","protected":false},"featured_media":2390,"comment_status":"open","ping_status":"closed","template":"","meta":[],"product_cat":[37,111],"product_tag":[188,184,338,189],"class_list":{"0":"post-2388","1":"product","2":"type-product","3":"status-publish","4":"has-post-thumbnail","6":"product_cat-mat-na-phin-loc","7":"product_cat-mat-na-nua-mat","8":"product_tag-nganh-dau-khi-khai-khoang-dong-tau-cang-bien-hang-khong","9":"product_tag-nganh-gia-cong-kim-loai","10":"product_tag-nganh-khai-thac-va-che-bien-go-noi-that","11":"product_tag-nganh-xay-dung-logistic-hoa-chat","12":"yith_product_brand-koken","14":"first","15":"instock","16":"shipping-taxable","17":"product-type-simple"},"acf":[],"_links":{"self":[{"href":"https:\/\/achisonsafety.com.vn\/en\/wp-json\/wp\/v2\/product\/2388"}],"collection":[{"href":"https:\/\/achisonsafety.com.vn\/en\/wp-json\/wp\/v2\/product"}],"about":[{"href":"https:\/\/achisonsafety.com.vn\/en\/wp-json\/wp\/v2\/types\/product"}],"replies":[{"embeddable":true,"href":"https:\/\/achisonsafety.com.vn\/en\/wp-json\/wp\/v2\/comments?post=2388"}],"wp:featuredmedia":[{"embeddable":true,"href":"https:\/\/achisonsafety.com.vn\/en\/wp-json\/wp\/v2\/media\/2390"}],"wp:attachment":[{"href":"https:\/\/achisonsafety.com.vn\/en\/wp-json\/wp\/v2\/media?parent=2388"}],"wp:term":[{"taxonomy":"product_cat","embeddable":true,"href":"https:\/\/achisonsafety.com.vn\/en\/wp-json\/wp\/v2\/product_cat?post=2388"},{"taxonomy":"product_tag","embeddable":true,"href":"https:\/\/achisonsafety.com.vn\/en\/wp-json\/wp\/v2\/product_tag?post=2388"}],"curies":[{"name":"wp","href":"https:\/\/api.w.org\/{rel}","templated":true}]}}