{"id":2829,"date":"2022-06-15T16:59:50","date_gmt":"2022-06-15T09:59:50","guid":{"rendered":"https:\/\/beta.achisonsafety.com.vn\/?post_type=product&#038;p=2829"},"modified":"2025-09-17T16:53:05","modified_gmt":"2025-09-17T09:53:05","slug":"khau-trang-than-hoat-tinh-loc-mui-3m-9541","status":"publish","type":"product","link":"https:\/\/achisonsafety.com.vn\/en\/san-pham\/khau-trang-than-hoat-tinh-loc-mui-3m-9541\/","title":{"rendered":"Kh\u1ea9u Trang Than Ho\u1ea1t T\u00ednh L\u1ecdc M\u00f9i 3M 9541 Hi\u1ec7u Su\u1ea5t L\u1ecdc 95%"},"content":{"rendered":"<p><span style=\"font-weight: 400; font-size: 100%;\"><a href=\"https:\/\/achisonsafety.com.vn\/danh-muc-san-pham\/bao-ho-lao-dong\/khau-trang\/\">Kh\u1ea9u trang 3M<\/a> l\u00e0 m\u1ed9t trong nh\u1eefng th\u01b0\u01a1ng hi\u1ec7u kh\u1ea9u trang lu\u00f4n \u0111\u01b0\u1ee3c m\u1ecdi ng\u01b0\u1eddi tin d\u00f9ng, b\u1edfi ngo\u00e0i nh\u1eefng ti\u00eau chu\u1ea9n qu\u1ed1c t\u1ebf \u0111\u00e3 \u0111\u01b0\u1ee3c \u0111i\u1ec3m \u0111\u1ecbnh ra th\u00ec c\u00e1c d\u00f2ng kh\u1ea9u trang c\u1ee7a 3M kh\u00e1 \u0111a d\u1ea1ng v\u00e0 ph\u00f9 h\u1ee3p v\u1edbi nhi\u1ec1u nhu c\u1ea7u kh\u00e1c nhau. <strong>Kh\u1ea9u Trang Than Ho\u1ea1t T\u00ednh L\u1ecdc M\u00f9i 3M 9541<\/strong><\/span><b>\u00a0 &#8211; S\u1eed d\u1ee5ng m\u00e0ng l\u1ecdc than ho\u1ea1t t\u00ednh. L\u1ecdc 95% B\u1ee5i M\u1ecbn PM2.5 &amp; kh\u00ed th\u1ea3i, m\u00f9i,&#8230;<\/b><\/p>\n<h2>Th\u00f4ng tin s\u1ea3n ph\u1ea9m<\/h2>\n<ul>\n<li>Th\u01b0\u01a1ng Hi\u1ec7u: 3M<\/li>\n<li>M\u00e3 S\u1ea3n Ph\u1ea9m: 9541<\/li>\n<li>Ch\u1ea5t li\u1ec7u: 50 l\u1edbp v\u1ea3i kh\u00f4ng d\u1ec7t t\u0129nh \u0111i\u1ec7n k\u1ebft h\u1ee3p m\u00e0ng l\u1ecdc than ho\u1ea1t t\u00ednh<\/li>\n<li>Ti\u00eau Chu\u1ea9n: KN95<\/li>\n<li>Tr\u1ecdng L\u01b0\u1ee3ng: Nh\u1eb9, tho\u1ea3i m\u00e1i khi s\u1eed d\u1ee5ng l\u00e2u d\u00e0i<\/li>\n<li>M\u00e0u S\u1eafc: X\u00e1m<\/li>\n<li>K\u00edch C\u1ee1: Ti\u00eau chu\u1ea9n<\/li>\n<li>Quy C\u00e1ch \u0110\u00f3ng G\u00f3i: 25 c\u00e1i\/h\u1ed9p<\/li>\n<li>C\u00f4ng D\u1ee5ng: L\u1ecdc b\u1ee5i m\u1ecbn, h\u01a1i v\u00e0 m\u00f9i h\u00f4i t\u1eeb h\u00f3a ch\u1ea5t, r\u00e1c th\u1ea3i, l\u1ecdc \u0111\u1ebfn 95% b\u1ee5i m\u1ecbn PM2.5<\/li>\n<\/ul>\n<h2>V\u1ec1 Kh\u1ea9u trang l\u1ecdc b\u1ee5i 3M 9541<\/h2>\n<p>Kh\u1ea9u trang l\u1ecdc b\u1ee5i 3M 9541 l\u00e0 m\u1ed9t l\u1ef1a ch\u1ecdn chuy\u00ean d\u1ee5ng v\u00e0 \u0111\u00e1ng tin c\u1eady cho ng\u01b0\u1eddi lao \u0111\u1ed9ng trong c\u00e1c m\u00f4i tr\u01b0\u1eddng \u00f4 nhi\u1ec5m. V\u1edbi kh\u1ea3 n\u0103ng l\u1ecdc l\u00ean \u0111\u1ebfn 95% b\u1ee5i m\u1ecbn PM2.5, kh\u00ed th\u1ea3i, v\u00e0 c\u00e1c m\u00f9i kh\u00f3 ch\u1ecbu nh\u1edd t\u00edch h\u1ee3p m\u00e0ng l\u1ecdc than ho\u1ea1t t\u00ednh ti\u00ean ti\u1ebfn, s\u1ea3n ph\u1ea9m n\u00e0y \u0111\u1ea3m b\u1ea3o b\u1ea3o v\u1ec7 hi\u1ec7u qu\u1ea3 cho h\u1ec7 h\u00f4 h\u1ea5p, gi\u00fap ng\u01b0\u1eddi d\u00f9ng an t\u00e2m h\u01a1n khi l\u00e0m vi\u1ec7c trong \u0111i\u1ec1u ki\u1ec7n kh\u00f4ng kh\u00ed c\u00f3 nhi\u1ec1u h\u1ea1t b\u1ee5i v\u00e0 ch\u1ea5t \u00f4 nhi\u1ec5m.<\/p>\n<p><img loading=\"lazy\" decoding=\"async\" class=\"size-medium wp-image-6240 aligncenter\" src=\"https:\/\/achisonsafety.com.vn\/wp-content\/uploads\/2022\/06\/3M-9541_khau-trang-3m-than-hoat-tinh-400x400.jpg\" alt=\"\" width=\"400\" height=\"400\" title=\"\" srcset=\"https:\/\/achisonsafety.com.vn\/wp-content\/uploads\/2022\/06\/3M-9541_khau-trang-3m-than-hoat-tinh-400x400.jpg 400w, https:\/\/achisonsafety.com.vn\/wp-content\/uploads\/2022\/06\/3M-9541_khau-trang-3m-than-hoat-tinh-280x280.jpg 280w, https:\/\/achisonsafety.com.vn\/wp-content\/uploads\/2022\/06\/3M-9541_khau-trang-3m-than-hoat-tinh-30x30.jpg 30w, https:\/\/achisonsafety.com.vn\/wp-content\/uploads\/2022\/06\/3M-9541_khau-trang-3m-than-hoat-tinh-60x60.jpg 60w, https:\/\/achisonsafety.com.vn\/wp-content\/uploads\/2022\/06\/3M-9541_khau-trang-3m-than-hoat-tinh-247x247.jpg 247w, https:\/\/achisonsafety.com.vn\/wp-content\/uploads\/2022\/06\/3M-9541_khau-trang-3m-than-hoat-tinh-510x510.jpg 510w, https:\/\/achisonsafety.com.vn\/wp-content\/uploads\/2022\/06\/3M-9541_khau-trang-3m-than-hoat-tinh-100x100.jpg 100w, https:\/\/achisonsafety.com.vn\/wp-content\/uploads\/2022\/06\/3M-9541_khau-trang-3m-than-hoat-tinh.jpg 600w\" sizes=\"(max-width: 400px) 100vw, 400px\" \/><\/p>\n<p>&nbsp;<\/p>\n<p>Thi\u1ebft k\u1ebf d\u1ea1ng g\u1ea5p ti\u1ec7n l\u1ee3i l\u00e0 m\u1ed9t \u0111i\u1ec3m c\u1ed9ng l\u1edbn, gi\u00fap ng\u01b0\u1eddi d\u00f9ng d\u1ec5 d\u00e0ng mang theo v\u00e0 c\u1ea5t gi\u1eef kh\u1ea9u trang khi kh\u00f4ng s\u1eed d\u1ee5ng. \u0110\u1eb7c bi\u1ec7t, kh\u1ea9u trang l\u1ecdc b\u1ee5i 3M 9541 \u0111\u01b0\u1ee3c thi\u1ebft k\u1ebf v\u1edbi ph\u1ea7n c\u1eb1m \u00f4m s\u00e1t khu\u00f4n m\u1eb7t v\u00e0 d\u00e2y \u0111eo qua \u0111\u1ea7u b\u1eb1ng v\u1ea3i s\u1ee3i m\u1ec1m m\u1ea1i, mang l\u1ea1i s\u1ef1 tho\u1ea3i m\u00e1i t\u1ed1i \u0111a ngay c\u1ea3 khi s\u1eed d\u1ee5ng trong th\u1eddi gian d\u00e0i. L\u1edbp ph\u1ee7 b\u00ean trong m\u1ecbn m\u00e0ng kh\u00f4ng g\u00e2y k\u00edch \u1ee9ng da, gi\u00fap ng\u01b0\u1eddi d\u00f9ng c\u1ea3m th\u1ea5y d\u1ec5 ch\u1ecbu trong su\u1ed1t qu\u00e1 tr\u00ecnh \u0111eo, d\u00f9 l\u00e0 \u1edf m\u00f4i tr\u01b0\u1eddng kh\u1eafc nghi\u1ec7t nh\u1ea5t.<\/p>\n<p>Kh\u00f4ng ch\u1ec9 \u0111\u00e1p \u1ee9ng ti\u00eau chu\u1ea9n b\u1ea3o h\u1ed9 KN95, kh\u1ea9u trang l\u1ecdc b\u1ee5i 3M c\u00f2n \u0111i k\u00e8m v\u1edbi thanh kim lo\u1ea1i \u1edf m\u0169i gi\u00fap \u0111i\u1ec1u ch\u1ec9nh \u0111\u1ed9 k\u00edn kh\u00edt, ng\u0103n ng\u1eeba hi\u1ec7u qu\u1ea3 c\u00e1c h\u1ea1t b\u1ee5i v\u00e0 kh\u00ed \u0111\u1ed9c kh\u00f4ng mong mu\u1ed1n. \u0110\u00e2y l\u00e0 s\u1ea3n ph\u1ea9m b\u1ea3o h\u1ed9 ch\u1ea5t l\u01b0\u1ee3ng cao t\u1eeb th\u01b0\u01a1ng hi\u1ec7u 3M, kh\u00f4ng ch\u1ee9a m\u1ee7 cao su t\u1ef1 nhi\u00ean n\u00ean an to\u00e0n ngay c\u1ea3 v\u1edbi ng\u01b0\u1eddi c\u00f3 l\u00e0n da nh\u1ea1y c\u1ea3m. Kh\u1ea9u trang l\u1ecdc b\u1ee5i 3M 9541 kh\u00f4ng ch\u1ec9 l\u00e0 thi\u1ebft b\u1ecb b\u1ea3o h\u1ed9, m\u00e0 c\u00f2n l\u00e0 ng\u01b0\u1eddi b\u1ea1n \u0111\u1ed3ng h\u00e0nh \u0111\u00e1ng tin c\u1eady trong c\u00f4ng vi\u1ec7c c\u1ee7a b\u1ea1n, lu\u00f4n s\u1eb5n s\u00e0ng b\u1ea3o v\u1ec7 b\u1ea1n trong nh\u1eefng m\u00f4i tr\u01b0\u1eddng nhi\u1ec1u kh\u00f3i b\u1ee5i v\u00e0 kh\u00ed th\u1ea3i \u0111\u1ed9c h\u1ea1i.<\/p>\n<h2>\u01afu \u0111i\u1ec3m n\u1ed5i b\u1eadt c\u1ee7a kh\u1ea9u trang l\u1ecdc b\u1ee5i 3M 9541<\/h2>\n<h3>Hi\u1ec7u su\u1ea5t l\u1ecdc cao \u0111\u1ebfn 95% b\u1ee5i m\u1ecbn v\u00e0 kh\u00ed th\u1ea3i<\/h3>\n<p>Kh\u1ea9u trang l\u1ecdc b\u1ee5i 3M 9541 \u0111\u01b0\u1ee3c thi\u1ebft k\u1ebf v\u1edbi c\u00f4ng ngh\u1ec7 l\u1ecdc ti\u00ean ti\u1ebfn, k\u1ebft h\u1ee3p m\u00e0ng l\u1ecdc than ho\u1ea1t t\u00ednh v\u00e0 c\u00f4ng ngh\u1ec7 t\u0129nh \u0111i\u1ec7n gi\u00fap l\u1ecdc \u0111\u1ebfn 95% b\u1ee5i m\u1ecbn PM2.5, kh\u00ed th\u1ea3i, v\u00e0 m\u00f9i kh\u00f3 ch\u1ecbu. Kh\u1ea3 n\u0103ng l\u1ecdc cao n\u00e0y gi\u00fap b\u1ea3o v\u1ec7 \u0111\u01b0\u1eddng h\u00f4 h\u1ea5p c\u1ee7a ng\u01b0\u1eddi d\u00f9ng kh\u1ecfi nh\u1eefng h\u1ea1t b\u1ee5i si\u00eau nh\u1ecf v\u00e0 c\u00e1c ch\u1ea5t g\u00e2y \u00f4 nhi\u1ec5m trong m\u00f4i tr\u01b0\u1eddng, \u0111\u1eb7c bi\u1ec7t trong nh\u1eefng ng\u00e0nh ngh\u1ec1 \u0111\u00f2i h\u1ecfi ti\u1ebfp x\u00fac th\u01b0\u1eddng xuy\u00ean v\u1edbi kh\u00f4ng kh\u00ed \u00f4 nhi\u1ec5m. \u0110\u00e2y l\u00e0 l\u00fd do kh\u1ea9u trang l\u1ecdc b\u1ee5i 3M tr\u1edf th\u00e0nh s\u1ea3n ph\u1ea9m b\u1ea3o h\u1ed9 \u0111\u00e1ng tin c\u1eady cho nhi\u1ec1u ng\u01b0\u1eddi lao \u0111\u1ed9ng.<\/p>\n<h3>Thi\u1ebft k\u1ebf tho\u1ea3i m\u00e1i v\u00e0 linh ho\u1ea1t, ph\u00f9 h\u1ee3p s\u1eed d\u1ee5ng l\u00e2u d\u00e0i<\/h3>\n<p>Thi\u1ebft k\u1ebf c\u1ee7a kh\u1ea9u trang l\u1ecdc b\u1ee5i 3M 9541 kh\u00f4ng ch\u1ec9 \u0111\u00e1p \u1ee9ng kh\u1ea3 n\u0103ng b\u1ea3o v\u1ec7 m\u00e0 c\u00f2n \u0111\u1ea3m b\u1ea3o s\u1ef1 tho\u1ea3i m\u00e1i t\u1ed1i \u0111a. Ph\u1ea7n c\u1eb1m \u0111\u01b0\u1ee3c thi\u1ebft k\u1ebf \u00f4m s\u00e1t m\u1eb7t, gi\u00fap kh\u1ea9u trang v\u1eeba v\u1eb7n m\u00e0 kh\u00f4ng g\u00e2y g\u00f2 b\u00f3 hay kh\u00f3 ch\u1ecbu. B\u00ean trong, l\u1edbp ph\u1ee7 m\u1ec1m m\u1ea1i gi\u00fap ng\u01b0\u1eddi \u0111eo kh\u00f4ng c\u1ea3m th\u1ea5y c\u1ed9m hay k\u00edch \u1ee9ng da, ngay c\u1ea3 khi s\u1eed d\u1ee5ng trong nhi\u1ec1u gi\u1edd li\u00ean t\u1ee5c. Th\u00eam v\u00e0o \u0111\u00f3, d\u00e2y \u0111eo qua \u0111\u1ea7u b\u1eb1ng v\u1ea3i s\u1ee3i nh\u1eb9 nh\u00e0ng v\u00e0 linh ho\u1ea1t, gi\u00fap gi\u1ea3m \u00e1p l\u1ef1c l\u00ean tai v\u00e0 mang l\u1ea1i c\u1ea3m gi\u00e1c tho\u1ea3i m\u00e1i su\u1ed1t c\u1ea3 ng\u00e0y d\u00e0i l\u00e0m vi\u1ec7c.<\/p>\n<h3>Thanh kim lo\u1ea1i \u0111i\u1ec1u ch\u1ec9nh t\u1ea1o \u0111\u1ed9 k\u00edn kh\u00edt t\u1ed1i \u01b0u<\/h3>\n<p>Ph\u1ea7n n\u1eb9p m\u0169i c\u1ee7a kh\u1ea9u trang l\u1ecdc b\u1ee5i 3M 9541 \u0111\u01b0\u1ee3c trang b\u1ecb thanh kim lo\u1ea1i d\u1ec5 \u0111i\u1ec1u ch\u1ec9nh, gi\u00fap ng\u01b0\u1eddi d\u00f9ng t\u1ea1o \u0111\u1ed9 k\u00edn kh\u00edt t\u1ed1t h\u01a1n khi \u0111eo. \u0110i\u1ec1u n\u00e0y kh\u00f4ng ch\u1ec9 gi\u00fap ng\u0103n ch\u1eb7n hi\u1ec7u qu\u1ea3 b\u1ee5i b\u1ea9n v\u00e0 c\u00e1c h\u1ea1t nh\u1ecf x\u00e2m nh\u1eadp m\u00e0 c\u00f2n t\u0103ng c\u01b0\u1eddng kh\u1ea3 n\u0103ng l\u1ecdc c\u1ee7a kh\u1ea9u trang. Thanh kim lo\u1ea1i n\u00e0y c\u0169ng b\u1ec1n b\u1ec9 v\u00e0 kh\u00f4ng d\u1ec5 bi\u1ebfn d\u1ea1ng, \u0111\u1ea3m b\u1ea3o s\u1ea3n ph\u1ea9m c\u00f3 th\u1ec3 s\u1eed d\u1ee5ng l\u00e2u d\u00e0i m\u00e0 kh\u00f4ng \u1ea3nh h\u01b0\u1edfng \u0111\u1ebfn ch\u1ea5t l\u01b0\u1ee3ng b\u1ea3o v\u1ec7.<\/p>\n<h3>Kh\u00f4ng ch\u1ee9a m\u1ee7 cao su t\u1ef1 nhi\u00ean, an to\u00e0n cho da nh\u1ea1y c\u1ea3m<\/h3>\n<p>Kh\u1ea9u trang l\u1ecdc b\u1ee5i 3M 9541 \u0111\u01b0\u1ee3c l\u00e0m t\u1eeb ch\u1ea5t li\u1ec7u th\u00e2n thi\u1ec7n v\u1edbi da, kh\u00f4ng ch\u1ee9a th\u00e0nh ph\u1ea7n m\u1ee7 cao su t\u1ef1 nhi\u00ean. \u0110\u00e2y l\u00e0 m\u1ed9t \u0111i\u1ec3m c\u1ed9ng l\u1edbn cho nh\u1eefng ng\u01b0\u1eddi c\u00f3 l\u00e0n da nh\u1ea1y c\u1ea3m ho\u1eb7c d\u1ec5 k\u00edch \u1ee9ng, v\u00ec s\u1ea3n ph\u1ea9m kh\u00f4ng g\u00e2y ng\u1ee9a, m\u1ea9n \u0111\u1ecf hay d\u1ecb \u1ee9ng. V\u1edbi s\u1ef1 an to\u00e0n n\u00e0y, ng\u01b0\u1eddi d\u00f9ng c\u00f3 th\u1ec3 ho\u00e0n to\u00e0n y\u00ean t\u00e2m v\u1ec1 s\u1ee9c kh\u1ecfe khi s\u1eed d\u1ee5ng kh\u1ea9u trang l\u1ecdc b\u1ee5i 3M trong th\u1eddi gian d\u00e0i.<\/p>\n<h3>Thi\u1ebft k\u1ebf g\u1ea5p ti\u1ec7n l\u1ee3i, d\u1ec5 d\u00e0ng mang theo b\u00ean ng\u01b0\u1eddi<\/h3>\n<p>M\u1ed9t trong nh\u1eefng \u01b0u \u0111i\u1ec3m \u0111\u00e1ng k\u1ec3 c\u1ee7a kh\u1ea9u trang l\u1ecdc b\u1ee5i 3M 9541 l\u00e0 thi\u1ebft k\u1ebf d\u1ea1ng g\u1ea5p linh ho\u1ea1t. Ng\u01b0\u1eddi d\u00f9ng c\u00f3 th\u1ec3 g\u1ea5p g\u1ecdn kh\u1ea9u trang khi kh\u00f4ng s\u1eed d\u1ee5ng, ti\u1ec7n l\u1ee3i \u0111\u1ec3 mang theo b\u00ean m\u00ecnh ho\u1eb7c c\u1ea5t gi\u1eef trong t\u00fai x\u00e1ch m\u00e0 kh\u00f4ng chi\u1ebfm nhi\u1ec1u di\u1ec7n t\u00edch. \u0110i\u1ec1u n\u00e0y \u0111\u1eb7c bi\u1ec7t h\u1eefu \u00edch v\u1edbi nh\u1eefng ng\u01b0\u1eddi th\u01b0\u1eddng xuy\u00ean di chuy\u1ec3n gi\u1eefa c\u00e1c m\u00f4i tr\u01b0\u1eddng kh\u00e1c nhau v\u00e0 c\u1ea7n b\u1ea3o v\u1ec7 \u0111\u01b0\u1eddng h\u00f4 h\u1ea5p b\u1ea5t c\u1ee9 l\u00fac n\u00e0o.<\/p>\n<p>V\u1edbi nh\u1eefng \u01b0u \u0111i\u1ec3m n\u1ed5i b\u1eadt n\u00e0y, kh\u1ea9u trang l\u1ecdc b\u1ee5i 3M 9541 kh\u00f4ng ch\u1ec9 \u0111\u1ea3m b\u1ea3o kh\u1ea3 n\u0103ng b\u1ea3o v\u1ec7 cao m\u00e0 c\u00f2n mang \u0111\u1ebfn s\u1ef1 tho\u1ea3i m\u00e1i, ti\u1ec7n l\u1ee3i cho ng\u01b0\u1eddi d\u00f9ng trong nhi\u1ec1u m\u00f4i tr\u01b0\u1eddng l\u00e0m vi\u1ec7c kh\u00e1c nhau.<\/p>\n<h2>\u1ee8ng d\u1ee5ng c\u1ee7a s\u1ea3n ph\u1ea9m kh\u1ea9u trang l\u1ecdc b\u1ee5i 3M 9541<\/h2>\n<p>Kh\u1ea9u Trang Than Ho\u1ea1t T\u00ednh L\u1ecdc M\u00f9i 3M 9541 ph\u00f9 h\u1ee3p cho c\u00e1c m\u00f4i tr\u01b0\u1eddng l\u00e0m vi\u1ec7c \u0111\u00f2i h\u1ecfi b\u1ea3o v\u1ec7 h\u00f4 h\u1ea5p kh\u1ecfi b\u1ee5i m\u1ecbn, kh\u00ed th\u1ea3i, v\u00e0 m\u00f9i kh\u00f3 ch\u1ecbu:<\/p>\n<ul>\n<li>Ng\u00e0nh d\u1ea7u kh\u00ed, khai kho\u00e1ng, \u0111\u00f3ng t\u00e0u v\u00e0 c\u1ea3ng bi\u1ec3n: B\u1ea3o v\u1ec7 h\u1ec7 h\u00f4 h\u1ea5p kh\u1ecfi kh\u00ed th\u1ea3i, b\u1ee5i h\u1ea1t l\u1edbn v\u00e0 s\u01b0\u01a1ng m\u00f9.<\/li>\n<li>Ng\u00e0nh d\u01b0\u1ee3c, d\u01b0\u1ee3c ph\u1ea9m v\u00e0 b\u1ec7nh vi\u1ec7n: Ng\u0103n b\u1ee5i v\u00e0 m\u00f9i h\u00f3a ch\u1ea5t nh\u1eb9, gi\u00fap duy tr\u00ec \u0111\u1ed9 s\u1ea1ch cao.<\/li>\n<li>Ng\u00e0nh gia c\u00f4ng kim lo\u1ea1i: Ng\u0103n b\u1ee5i kim lo\u1ea1i ph\u00e1t sinh t\u1eeb c\u00e1c quy tr\u00ecnh m\u00e0i, c\u1eaft, h\u00e0n.<\/li>\n<li>Ng\u00e0nh khai th\u00e1c v\u00e0 ch\u1ebf bi\u1ebfn g\u1ed7, n\u1ed9i th\u1ea5t: Ch\u1ed1ng b\u1ee5i g\u1ed7 v\u00e0 h\u1ea1t nh\u1ecf x\u00e2m nh\u1eadp v\u00e0o \u0111\u01b0\u1eddng h\u00f4 h\u1ea5p.<\/li>\n<li>Ng\u00e0nh x\u00e2y d\u1ef1ng v\u00e0 logistics: L\u1ecdc hi\u1ec7u qu\u1ea3 b\u1ee5i t\u1eeb v\u1eadt li\u1ec7u x\u00e2y d\u1ef1ng, \u0111\u1ea3m b\u1ea3o an to\u00e0n cho ng\u01b0\u1eddi lao \u0111\u1ed9ng.<\/li>\n<\/ul>\n<p>Kh\u1ea9u trang l\u1ecdc b\u1ee5i 3M 9541 l\u00e0 gi\u1ea3i ph\u00e1p b\u1ea3o v\u1ec7 s\u1ee9c kh\u1ecfe hi\u1ec7u qu\u1ea3 cho c\u00e1c ng\u00e0nh ngh\u1ec1 c\u00f3 nguy c\u01a1 \u00f4 nhi\u1ec5m kh\u00f4ng kh\u00ed cao.<\/p>\n<h2>H\u01b0\u1edbng d\u1eabn s\u1eed d\u1ee5ng v\u00e0 b\u1ea3o qu\u1ea3n kh\u1ea9u trang l\u1ecdc b\u1ee5i 3M 9541<\/h2>\n<h3>H\u01b0\u1edbng d\u1eabn s\u1eed d\u1ee5ng<\/h3>\n<p><strong>K\u00e9o d\u00e3n d\u00e2y \u0111eo:<\/strong> Tr\u01b0\u1edbc khi \u0111eo, h\u00e3y k\u00e9o d\u00e3n d\u00e2y \u0111eo c\u1ee7a kh\u1ea9u trang t\u1eeb 2-3 l\u1ea7n. \u0110i\u1ec1u n\u00e0y gi\u00fap d\u00e2y m\u1ec1m h\u01a1n, h\u1ea1n ch\u1ebf t\u00ecnh tr\u1ea1ng \u0111au tai khi \u0111eo l\u00e2u, \u0111\u1eb7c bi\u1ec7t h\u1eefu \u00edch khi b\u1ea1n c\u1ea7n s\u1eed d\u1ee5ng kh\u1ea9u trang trong nhi\u1ec1u gi\u1edd.<\/p>\n<p><strong>\u0110\u1eb7t kh\u1ea9u trang \u0111\u00fang c\u00e1ch:<\/strong> Gi\u1eef kh\u1ea9u trang sao cho n\u1eb9p m\u0169i kim lo\u1ea1i h\u01b0\u1edbng ra ngo\u00e0i. \u0110\u1eb7t m\u00e9p d\u01b0\u1edbi c\u1ee7a kh\u1ea9u trang n\u1eb1m d\u01b0\u1edbi c\u1eb1m \u0111\u1ec3 \u0111\u1ea3m b\u1ea3o kh\u1ea9u trang \u00f4m s\u00e1t khu\u00f4n m\u1eb7t, kh\u00f4ng c\u00f3 khe h\u1edf.<\/p>\n<p><strong>C\u1ed1 \u0111\u1ecbnh d\u00e2y \u0111eo sau tai:<\/strong> K\u00e9o d\u00e2y \u0111eo qua \u0111\u1ea7u v\u00e0 c\u1ed1 \u0111\u1ecbnh ph\u00eda sau tai, \u0111\u1ea3m b\u1ea3o r\u1eb1ng kh\u1ea9u trang n\u1eb1m ch\u1eafc ch\u1eafn tr\u00ean khu\u00f4n m\u1eb7t. \u0110i\u1ec1u ch\u1ec9nh c\u00e1c m\u00e9p kh\u1ea9u trang \u0111\u1ec3 c\u1ea3m th\u1ea5y tho\u1ea3i m\u00e1i nh\u1ea5t, tr\u00e1nh c\u1ea3m gi\u00e1c g\u00f2 b\u00f3 khi \u0111eo.<\/p>\n<p><strong>\u0110i\u1ec1u ch\u1ec9nh n\u1eb9p m\u0169i:<\/strong> D\u00f9ng \u0111\u1ea7u ng\u00f3n tay c\u1ee7a c\u1ea3 hai tay \u0111\u1ec3 \u0111i\u1ec1u ch\u1ec9nh thanh kim lo\u1ea1i \u1edf ph\u1ea7n n\u1eb9p m\u0169i. B\u00f3p nh\u1eb9 n\u1eb9p m\u0169i \u0111\u1ec3 kh\u1ea9u trang k\u00edn kh\u00edt h\u01a1n, t\u1ed1i \u01b0u h\u00f3a kh\u1ea3 n\u0103ng l\u1ecdc b\u1ee5i. L\u01b0u \u00fd n\u00ean d\u00f9ng c\u1ea3 hai tay \u0111\u1ec3 \u0111\u1ea3m b\u1ea3o \u0111\u1ed9 k\u00edn, tr\u00e1nh d\u00f9ng m\u1ed9t tay \u0111\u1ec3 \u0111i\u1ec1u ch\u1ec9nh v\u00ec c\u00f3 th\u1ec3 l\u00e0m gi\u1ea3m hi\u1ec7u qu\u1ea3 l\u1ecdc b\u1ee5i c\u1ee7a kh\u1ea9u trang.<\/p>\n<p><strong>Ki\u1ec3m tra \u0111\u1ed9 k\u00edn:<\/strong> Sau khi \u0111i\u1ec1u ch\u1ec9nh xong, ki\u1ec3m tra \u0111\u1ed9 k\u00edn c\u1ee7a kh\u1ea9u trang b\u1eb1ng c\u00e1ch nh\u1eb9 nh\u00e0ng \u0111\u1eb7t hai b\u00e0n tay l\u00ean b\u1ec1 m\u1eb7t ngo\u00e0i c\u1ee7a kh\u1ea9u trang, kh\u00f4ng l\u00e0m x\u00ea d\u1ecbch kh\u1ea9u trang. Th\u1edf nh\u1eb9 \u0111\u1ec3 ki\u1ec3m tra xem kh\u00f4ng kh\u00ed c\u00f3 b\u1ecb tho\u00e1t ra t\u1eeb c\u00e1c m\u00e9p kh\u1ea9u trang hay kh\u00f4ng. N\u1ebfu kh\u00f4ng c\u00f3 kh\u00f4ng kh\u00ed tho\u00e1t ra, ngh\u0129a l\u00e0 kh\u1ea9u trang \u0111\u00e3 \u0111\u01b0\u1ee3c \u0111eo \u0111\u00fang c\u00e1ch v\u00e0 \u0111\u1ea3m b\u1ea3o kh\u1ea3 n\u0103ng b\u1ea3o v\u1ec7 t\u1ed1i \u0111a.<\/p>\n<h3>B\u1ea3o qu\u1ea3n:<\/h3>\n<ul>\n<li>\u0110\u1ec3 duy tr\u00ec ch\u1ea5t l\u01b0\u1ee3ng v\u00e0 hi\u1ec7u qu\u1ea3 b\u1ea3o v\u1ec7 c\u1ee7a Kh\u1ea9u Trang Than Ho\u1ea1t T\u00ednh L\u1ecdc M\u00f9i 3M 9541, h\u00e3y b\u1ea3o qu\u1ea3n s\u1ea3n ph\u1ea9m \u1edf n\u01a1i kh\u00f4 r\u00e1o, tho\u00e1ng m\u00e1t v\u00e0 tr\u00e1nh ti\u1ebfp x\u00fac tr\u1ef1c ti\u1ebfp v\u1edbi \u00e1nh n\u1eafng m\u1eb7t tr\u1eddi.<\/li>\n<li>Kh\u00f4ng \u0111\u1ec3 kh\u1ea9u trang trong m\u00f4i tr\u01b0\u1eddng c\u00f3 h\u00f3a ch\u1ea5t, v\u00ec h\u00f3a ch\u1ea5t c\u00f3 th\u1ec3 \u1ea3nh h\u01b0\u1edfng \u0111\u1ebfn ch\u1ea5t li\u1ec7u v\u00e0 l\u00e0m gi\u1ea3m kh\u1ea3 n\u0103ng b\u1ea3o v\u1ec7 c\u1ee7a kh\u1ea9u trang.<\/li>\n<li>Tr\u01b0\u1edbc m\u1ed7i l\u1ea7n s\u1eed d\u1ee5ng, ki\u1ec3m tra kh\u1ea9u trang c\u1ea9n th\u1eadn \u0111\u1ec3 \u0111\u1ea3m b\u1ea3o kh\u00f4ng c\u00f3 v\u1ebft r\u00e1ch ho\u1eb7c h\u01b0 h\u1ecfng. Ch\u1ec9 s\u1eed d\u1ee5ng kh\u1ea9u trang trong t\u00ecnh tr\u1ea1ng t\u1ed1t nh\u1ea5t \u0111\u1ec3 \u0111\u1ea3m b\u1ea3o an to\u00e0n t\u1ed1i \u0111a cho s\u1ee9c kh\u1ecfe h\u00f4 h\u1ea5p c\u1ee7a b\u1ea1n.<\/li>\n<\/ul>\n<blockquote><p>Xem th\u00eam: <a href=\"https:\/\/achisonsafety.com.vn\/forum\/khau-trang-loc-bui-min-3m\/\">Kh\u1ea9u trang l\u1ecdc b\u1ee5i m\u1ecbn 3M: B\u1ea3o v\u1ec7 hi\u1ec7u qu\u1ea3 cho s\u1ee9c kh\u1ecfe c\u1ee7a b\u1ea1n.<\/a><\/p><\/blockquote>\n<h2>\u0110\u1ecba ch\u1ec9 mua \u0111\u1ed3 b\u1ea3o h\u1ed9 ch\u1ea5t l\u01b0\u1ee3ng \u2013 ACHISON<\/h2>\n<figure id=\"attachment_7441\" aria-describedby=\"caption-attachment-7441\" style=\"width: 723px\" class=\"wp-caption aligncenter\"><img loading=\"lazy\" decoding=\"async\" class=\"wp-image-7441 size-medium\" src=\"https:\/\/achisonsafety.com.vn\/wp-content\/uploads\/2022\/12\/AchisonShowroom-3D-723x400.jpg\" alt=\"Mua \u0111\u1ed3 b\u1ea3o h\u1ed9 ch\u1ea5t l\u01b0\u1ee3ng, \u0111\u1ebfn ngay ACHISON\" width=\"723\" height=\"400\" title=\"\" srcset=\"https:\/\/achisonsafety.com.vn\/wp-content\/uploads\/2022\/12\/AchisonShowroom-3D-723x400.jpg 723w, https:\/\/achisonsafety.com.vn\/wp-content\/uploads\/2022\/12\/AchisonShowroom-3D-768x425.jpg 768w, https:\/\/achisonsafety.com.vn\/wp-content\/uploads\/2022\/12\/AchisonShowroom-3D-54x30.jpg 54w, https:\/\/achisonsafety.com.vn\/wp-content\/uploads\/2022\/12\/AchisonShowroom-3D-108x60.jpg 108w, https:\/\/achisonsafety.com.vn\/wp-content\/uploads\/2022\/12\/AchisonShowroom-3D-510x282.jpg 510w, https:\/\/achisonsafety.com.vn\/wp-content\/uploads\/2022\/12\/AchisonShowroom-3D.jpg 1200w\" sizes=\"(max-width: 723px) 100vw, 723px\" \/><figcaption id=\"caption-attachment-7441\" class=\"wp-caption-text\">Mua \u0111\u1ed3 b\u1ea3o h\u1ed9 ch\u1ea5t l\u01b0\u1ee3ng, \u0111\u1ebfn ngay ACHISON<\/figcaption><\/figure>\n<p><a href=\"https:\/\/achisonsafety.com.vn\/\"><strong>ACHISON<\/strong><\/a> l\u00e0 nh\u00e0 ph\u00e2n ph\u1ed1i ch\u00ednh h\u00e3ng c\u00e1c s\u1ea3n ph\u1ea9m b\u1ea3o h\u1ed9 c\u1ee7a th\u01b0\u01a1ng hi\u1ec7u 3M, mang \u0111\u1ebfn nh\u1eefng s\u1ea3n ph\u1ea9m \u0111\u1ea1t chu\u1ea9n qu\u1ed1c t\u1ebf v\u1edbi ch\u1ea5t l\u01b0\u1ee3ng \u0111\u00e1ng tin c\u1eady. T\u1ea1i ACHISON, b\u1ea1n c\u00f3 th\u1ec3 t\u00ecm th\u1ea5y \u0111a d\u1ea1ng c\u00e1c d\u00f2ng s\u1ea3n ph\u1ea9m b\u1ea3o h\u1ed9, bao g\u1ed3m Kh\u1ea9u Trang Than Ho\u1ea1t T\u00ednh L\u1ecdc M\u00f9i 3M 9541, \u0111\u00e1p \u1ee9ng nhu c\u1ea7u b\u1ea3o v\u1ec7 h\u00f4 h\u1ea5p hi\u1ec7u qu\u1ea3 trong nhi\u1ec1u m\u00f4i tr\u01b0\u1eddng l\u00e0m vi\u1ec7c kh\u1eafc nghi\u1ec7t.<\/p>\n<p>ACHISON s\u1edf h\u1eefu m\u1ea1ng l\u01b0\u1edbi chi nh\u00e1nh ph\u1ee7 r\u1ed9ng kh\u1eafp to\u00e0n qu\u1ed1c, gi\u00fap ng\u01b0\u1eddi lao \u0111\u1ed9ng d\u1ec5 d\u00e0ng t\u00ecm ki\u1ebfm v\u00e0 mua s\u1eafm s\u1ea3n ph\u1ea9m b\u1ea3o h\u1ed9 ch\u00ednh h\u00e3ng. B\u1ea1n c\u00f3 th\u1ec3 gh\u00e9 th\u0103m c\u1eeda h\u00e0ng ACHISON t\u1ea1i c\u00e1c th\u00e0nh ph\u1ed1 l\u1edbn nh\u01b0 <a href=\"https:\/\/achisonsafety.com.vn\/forum\/bao-ho-lao-dong-3m-tai-ha-noi\/\">H\u00e0 N\u1ed9i<\/a>, <a href=\"https:\/\/achisonsafety.com.vn\/forum\/nha-phan-phoi-3m-tai-ho-chi-minh\/\">TP. H\u1ed3 Ch\u00ed Minh<\/a>, v\u00e0 <a href=\"https:\/\/achisonsafety.com.vn\/forum\/nha-phan-phoi-3m-tai-da-nang\/\">\u0110\u00e0 N\u1eb5ng<\/a>, c\u0169ng nh\u01b0 nhi\u1ec1u t\u1ec9nh th\u00e0nh kh\u00e1c tr\u00ean c\u1ea3 n\u01b0\u1edbc, bao g\u1ed3m:<\/p>\n<ul>\n<li><a href=\"https:\/\/achisonsafety.com.vn\/forum\/nha-phan-phoi-3m-tai-hai-phong\/\">H\u1ea3i Ph\u00f2ng<\/a>: \u0110\u00e1p \u1ee9ng nhu c\u1ea7u b\u1ea3o h\u1ed9 c\u1ee7a c\u00e1c ng\u00e0nh c\u00f4ng nghi\u1ec7p c\u1ea3ng bi\u1ec3n, \u0111\u00f3ng t\u00e0u.<\/li>\n<li><a href=\"https:\/\/achisonsafety.com.vn\/forum\/dai-ly-3m-tai-quang-ninh\/\">Qu\u1ea3ng Ninh<\/a>: Ph\u1ee5c v\u1ee5 c\u00e1c ng\u00e0nh khai kho\u00e1ng v\u00e0 s\u1ea3n xu\u1ea5t.<\/li>\n<li><a href=\"https:\/\/achisonsafety.com.vn\/forum\/nha-phan-phoi-3m-tai-nghe-an\/\">Ngh\u1ec7 An<\/a>, Thanh H\u00f3a v\u00e0 Hu\u1ebf: C\u00e1c chi nh\u00e1nh ph\u1ee5c v\u1ee5 \u0111a d\u1ea1ng ng\u00e0nh ngh\u1ec1, t\u1eeb x\u00e2y d\u1ef1ng \u0111\u1ebfn gia c\u00f4ng g\u1ed7.<\/li>\n<li><a href=\"https:\/\/achisonsafety.com.vn\/forum\/dai-ly-3m-tai-binh-dinh\/\">B\u00ecnh \u0110\u1ecbnh<\/a>, <a href=\"https:\/\/achisonsafety.com.vn\/forum\/nha-phan-phoi-3m-tai-binh-duong\/\">B\u00ecnh D\u01b0\u01a1ng<\/a> v\u00e0 \u0110\u1ed3ng Nai: Cung c\u1ea5p s\u1ea3n ph\u1ea9m cho c\u00e1c ng\u00e0nh c\u00f4ng nghi\u1ec7p s\u1ea3n xu\u1ea5t v\u00e0 ch\u1ebf bi\u1ebfn.<\/li>\n<li>C\u1ea7n Th\u01a1 v\u00e0 Long An: Ph\u1ee5c v\u1ee5 nhu c\u1ea7u b\u1ea3o h\u1ed9 c\u1ee7a ng\u00e0nh n\u00f4ng nghi\u1ec7p v\u00e0 logistics t\u1ea1i khu v\u1ef1c mi\u1ec1n T\u00e2y.<\/li>\n<\/ul>\n<p>V\u1edbi \u0111\u1ed9i ng\u0169 nh\u00e2n vi\u00ean t\u01b0 v\u1ea5n chuy\u00ean nghi\u1ec7p, ACHISON cam k\u1ebft mang \u0111\u1ebfn tr\u1ea3i nghi\u1ec7m mua s\u1eafm h\u00e0i l\u00f2ng v\u00e0 s\u1ea3n ph\u1ea9m b\u1ea3o h\u1ed9 ch\u1ea5t l\u01b0\u1ee3ng cao, \u0111\u1ea3m b\u1ea3o an to\u00e0n v\u00e0 s\u1ee9c kh\u1ecfe cho ng\u01b0\u1eddi lao \u0111\u1ed9ng tr\u00ean kh\u1eafp c\u1ea3 n\u01b0\u1edbc. H\u00e3y \u0111\u1ebfn v\u1edbi ACHISON \u0111\u1ec3 ch\u1ecdn l\u1ef1a nh\u1eefng s\u1ea3n ph\u1ea9m b\u1ea3o h\u1ed9 uy t\u00edn t\u1eeb 3M, b\u1ea3o v\u1ec7 s\u1ee9c kh\u1ecfe c\u1ee7a b\u1ea1n m\u1ed7i ng\u00e0y.<\/p>\n<div id=\"eJOY__extension_root\" class=\"eJOY__extension_root_class\" style=\"all: unset;\">\n<h3><b>ACHISON \u2013 Ti\u00ean phong gi\u1ea3i ph\u00e1p c\u00f4ng nghi\u1ec7p<\/b><\/h3>\n<p><b>Hotline<\/b>:\u00a0Safetyline: 0913.820.539<\/p>\n<p><b>\u0110\u1ecba ch\u1ec9:<\/b>\u00a089\/40\/06-08 Nguy\u1ec5n H\u1ed3ng \u0110\u00e0o, Ph\u01b0\u1eddng 14, Qu\u1eadn T\u00e2n B\u00ecnh, TP. H\u1ed3 Ch\u00ed Minh<\/p>\n<p><b>Website<\/b>:\u00a0achisonsafety.com.vn\/ Showroom.achisonsafety.com.vn<\/p>\n<p><b>Email<\/b>:\u00a0<a href=\"mailto:achisonjsc@achison.com\">achisonjsc@achison.com<\/a><\/p>\n<p><b>Fanpage:<\/b><a href=\"https:\/\/www.facebook.com\/Achisongiaiphapcongnghiep\" rel=\"nofollow noopener\" target=\"_blank\">\u00a0ACHISON gi\u1ea3i ph\u00e1p c\u00f4ng nghi\u1ec7p<\/a><\/p>\n<\/div>\n","protected":false},"excerpt":{"rendered":"<ul>\n<li><span style=\"font-weight: 400;\">Thi\u1ebft k\u1ebf \u00f4m s\u00e1t c\u1eb1m<\/span><\/li>\n<li><span style=\"font-weight: 400;\">L\u1edbp ph\u1ee7 b\u00ean trong m\u1ec1m m\u1ea1i<\/span><\/li>\n<li><span style=\"font-weight: 400;\">D\u00e2y \u0111eo v\u1ea3i s\u1ee3i qua \u0111\u1ea7u mang l\u1ea1i s\u1ef1 tho\u1ea3i m\u00e1i\u00a0<\/span><\/li>\n<\/ul>\n<div id=\"eJOY__extension_root\" class=\"eJOY__extension_root_class\" style=\"all: unset;\"><\/div>\n","protected":false},"featured_media":9497,"comment_status":"open","ping_status":"closed","template":"","meta":[],"product_cat":[118,117],"product_tag":[188,187,184,338,189],"class_list":{"0":"post-2829","1":"product","2":"type-product","3":"status-publish","4":"has-post-thumbnail","6":"product_cat-khau-trang-tieu-chuan-n95","7":"product_cat-khau-trang-chong-hoi-hoa-chat","8":"product_tag-nganh-dau-khi-khai-khoang-dong-tau-cang-bien-hang-khong","9":"product_tag-nganh-duoc-duoc-pham-benh-vien","10":"product_tag-nganh-gia-cong-kim-loai","11":"product_tag-nganh-khai-thac-va-che-bien-go-noi-that","12":"product_tag-nganh-xay-dung-logistic-hoa-chat","13":"yith_product_brand-3m","15":"first","16":"instock","17":"shipping-taxable","18":"product-type-simple"},"acf":[],"_links":{"self":[{"href":"https:\/\/achisonsafety.com.vn\/en\/wp-json\/wp\/v2\/product\/2829"}],"collection":[{"href":"https:\/\/achisonsafety.com.vn\/en\/wp-json\/wp\/v2\/product"}],"about":[{"href":"https:\/\/achisonsafety.com.vn\/en\/wp-json\/wp\/v2\/types\/product"}],"replies":[{"embeddable":true,"href":"https:\/\/achisonsafety.com.vn\/en\/wp-json\/wp\/v2\/comments?post=2829"}],"wp:featuredmedia":[{"embeddable":true,"href":"https:\/\/achisonsafety.com.vn\/en\/wp-json\/wp\/v2\/media\/9497"}],"wp:attachment":[{"href":"https:\/\/achisonsafety.com.vn\/en\/wp-json\/wp\/v2\/media?parent=2829"}],"wp:term":[{"taxonomy":"product_cat","embeddable":true,"href":"https:\/\/achisonsafety.com.vn\/en\/wp-json\/wp\/v2\/product_cat?post=2829"},{"taxonomy":"product_tag","embeddable":true,"href":"https:\/\/achisonsafety.com.vn\/en\/wp-json\/wp\/v2\/product_tag?post=2829"}],"curies":[{"name":"wp","href":"https:\/\/api.w.org\/{rel}","templated":true}]}}