{"id":3272,"date":"2022-05-30T14:17:46","date_gmt":"2022-05-30T07:17:46","guid":{"rendered":"https:\/\/beta.achisonsafety.com.vn\/?post_type=product&#038;p=3272"},"modified":"2025-09-17T16:53:21","modified_gmt":"2025-09-17T09:53:21","slug":"mat-na-phong-bui-koken-1111","status":"publish","type":"product","link":"https:\/\/achisonsafety.com.vn\/en\/san-pham\/mat-na-phong-bui-koken-1111\/","title":{"rendered":"M\u1eb7t n\u1ea1 ph\u00f2ng b\u1ee5i Koken 1111"},"content":{"rendered":"<p><b><a href=\"https:\/\/achisonsafety.com.vn\/danh-muc\/bao-ve-ho-hap\">M\u1eb7t n\u1ea1 ph\u00f2ng b\u1ee5i Koken 1111<\/a> &#8211; Gi\u1ea3i ph\u00e1p b\u1ea3o v\u1ec7 h\u00f4 h\u1ea5p h\u00e0ng \u0111\u1ea7u c\u1ee7a b\u1ea5t k\u00ec nh\u00e0 m\u00e1y, c\u00f4ng x\u01b0\u1edfng s\u1ea3n xu\u1ea5t n\u00e0o<\/b><\/p>\n<p><b>Th\u01b0\u01a1ng Hi\u1ec7u:<\/b><span style=\"font-weight: 400;\"> Koken<\/span><\/p>\n<p><b>M\u00e3 S\u1ea3n Ph\u1ea9m:<\/b><span style=\"font-weight: 400;\"> 1111<\/span><\/p>\n<p><b>Ti\u00eau Chu\u1ea9n:<\/b><span style=\"font-weight: 400;\"> Ch\u1ee9ng nh\u1eadn \u0111i\u1ec3m \u0111\u1ecbnh qu\u1ed1c gia TM208<\/span><\/p>\n<p><b>Tr\u1ecdng L\u01b0\u1ee3ng:<\/b><span style=\"font-weight: 400;\"> D\u01b0\u1edbi 104g<\/span><\/p>\n<p><b>M\u00e0u S\u1eafc:<\/b><span style=\"font-weight: 400;\"> Xanh<\/span><\/p>\n<p><b>K\u00edch C\u1ee1:<\/b><span style=\"font-weight: 400;\"> Ti\u00eau chu\u1ea9n<\/span><\/p>\n<p><b>Quy C\u00e1ch \u0110\u00f3ng G\u00f3i:<\/b><span style=\"font-weight: 400;\"> 1 C\u00e1i\/G\u00f3i<\/span><\/p>\n<p><b>C\u00f4ng D\u1ee5ng:<\/b><span style=\"font-weight: 400;\"> B\u1ea3o v\u1ec7 h\u00f4 h\u1ea5p cho ng\u01b0\u1eddi lao \u0111\u1ed9ng, d\u00f9ng k\u1ebft h\u1ee3p v\u1edbi b\u1ed9 l\u1ecdc v\u00f2ng alpha l\u1ecdc b\u1ee5i hi\u1ec7u qu\u1ea3 l\u00ean \u0111\u1ebfn 95%<\/span><\/p>\n<p><b>M\u00f4 T\u1ea3:<\/b><span style=\"font-weight: 400;\"> M\u1eb7t n\u1ea1 ph\u00f2ng b\u1ee5i Koken 1111 v\u1edbi thi\u1ebft k\u1ebf ki\u1ec3u m\u0169 kh\u00f4ng v\u00e0nh, \u0111\u1ea3m b\u1ea3o s\u1ef1 di chuy\u1ec3n c\u1ee7a van th\u1edf. B\u1ed9 l\u1ecdc v\u00f2ng alpha c\u00f3 c\u00f4ng ngh\u1ec7 ti\u1ebfn ti\u1ebfn ch\u1ee9a c\u00e1c s\u1ee3i thu\u1ef7 tinh, kh\u00f4ng b\u1eaft l\u1eeda, kh\u00f4ng th\u1ea5m n\u01b0\u1edbc, \u0111\u01b0\u1ee3c \u0111\u00fac th\u00e0nh h\u00ecnh tr\u1ee5 \u0111\u1ec3 t\u0103ng kh\u1ed1i l\u01b0\u1ee3ng v\u00f2ng l\u1ecdc, thu\u1eadn ti\u1ec7n h\u01a1n khi d\u00f9ng trong nh\u1eefng m\u00f4i tr\u01b0\u1eddng n\u00f3ng \u1ea9m \u01b0\u1edbt. \u0110\u1ed3ng th\u1eddi, do v\u00f9ng l\u1ecdc c\u00f3 \u0111\u1ed9 l\u1edbn t\u1ed1i \u0111a 12 l\u1ea7n, n\u00ean \u0111\u1ed9 kh\u00e1ng h\u00edt s\u1ebd th\u1ea5p h\u01a1n v\u00e0 th\u1eddi gian s\u1eed d\u1ee5ng l\u00e2u h\u01a1n.<\/span><\/p>\n<p><span style=\"font-weight: 400;\">\u0110i\u1ec3m n\u1ed5i b\u1eadt c\u1ee7a d\u00f2ng m\u1eb7t n\u1ea1 Koken n\u00f3i chung l\u00e0 b\u1ed9 ki\u1ec3m tra \u0111\u1ed9 kh\u1edbp g\u1eafng tr\u1ef1c ti\u1ebfp v\u00e0o m\u1eb7t n\u1ea1, v\u00f4 c\u00f9ng ti\u1ec7n l\u1ee3i v\u00e0 \u0111\u1ea3m b\u1ea3o hi\u1ec7u su\u1ea5t l\u1ecdc cao nh\u1ea5t.<\/span><\/p>\n<p><b>\u1ee8ng D\u1ee5ng: <\/b><span style=\"font-weight: 400;\">C\u00f3 \u1ee9ng d\u1ee5ng r\u1ed9ng r\u00e3i <\/span><span style=\"font-weight: 400;\">trong nhi\u1ec1u l\u0129nh v\u1ef1c nh\u01b0:<\/span><\/p>\n<p><span style=\"font-weight: 400;\">\u2013 D\u1ea7u kh\u00ed, \u0111\u00f3ng t\u00e0u, c\u1ea3ng<\/span><\/p>\n<p><span style=\"font-weight: 400;\">\u2013 \u00d4 t\u00f4, xe m\u00e1y<\/span><\/p>\n<p><span style=\"font-weight: 400;\">\u2013 Nh\u1ef1a, g\u1ed7, kim lo\u1ea1i<\/span><\/p>\n<p><span style=\"font-weight: 400;\">\u2013 Gi\u00e0y da, may m\u1eb7c, nhu\u1ed9m\u00a0<\/span><\/p>\n<p><span style=\"font-weight: 400;\">\u2013 Th\u1ef1c ph\u1ea9m, th\u1ee7y s\u1ea3n, th\u1ee9c \u0103n gia s\u00fac\u00a0<\/span><\/p>\n<p><span style=\"font-weight: 400;\">\u2013 Xi m\u0103ng, x\u00e2y d\u1ef1ng, h\u00f3a ch\u1ea5t, ph\u00e2n b\u00f3n\u00a0<\/span><\/p>\n","protected":false},"excerpt":{"rendered":"<ul>\n<li style=\"font-weight: 400;\" aria-level=\"1\"><span style=\"font-weight: 400;\">\u0110\u01b0\u1ee3c d\u00f9ng trong m\u00f4i tr\u01b0\u1eddng c\u00f3 t\u00e1c nh\u00e2n g\u00e2y \u00f4 nhi\u1ec5m, \u1ea3nh h\u01b0\u1edfng \u0111\u1ebfn s\u1ee9c kh\u1ecfe<\/span><\/li>\n<li style=\"font-weight: 400;\" aria-level=\"1\"><span style=\"font-weight: 400;\">C\u00f3 th\u1ec3 k\u1ebft h\u1ee3p \u0111\u1ed3ng th\u1eddi v\u1edbi k\u00ednh b\u1ea3o h\u1ed9<\/span><\/li>\n<li style=\"font-weight: 400;\" aria-level=\"1\"><span style=\"font-weight: 400;\">S\u1ea3n ph\u1ea9m c\u00f3 thi\u1ebft k\u1ebf d\u00e2y c\u1ed1 \u0111\u1ecbnh ch\u1eafc ch\u1eafn<\/span><\/li>\n<\/ul>\n","protected":false},"featured_media":2380,"comment_status":"open","ping_status":"closed","template":"","meta":[],"product_cat":[111,37],"product_tag":[],"class_list":{"0":"post-3272","1":"product","2":"type-product","3":"status-publish","4":"has-post-thumbnail","6":"product_cat-mat-na-nua-mat","7":"product_cat-mat-na-phin-loc","8":"yith_product_brand-koken","10":"first","11":"instock","12":"shipping-taxable","13":"product-type-simple"},"acf":[],"_links":{"self":[{"href":"https:\/\/achisonsafety.com.vn\/en\/wp-json\/wp\/v2\/product\/3272"}],"collection":[{"href":"https:\/\/achisonsafety.com.vn\/en\/wp-json\/wp\/v2\/product"}],"about":[{"href":"https:\/\/achisonsafety.com.vn\/en\/wp-json\/wp\/v2\/types\/product"}],"replies":[{"embeddable":true,"href":"https:\/\/achisonsafety.com.vn\/en\/wp-json\/wp\/v2\/comments?post=3272"}],"wp:featuredmedia":[{"embeddable":true,"href":"https:\/\/achisonsafety.com.vn\/en\/wp-json\/wp\/v2\/media\/2380"}],"wp:attachment":[{"href":"https:\/\/achisonsafety.com.vn\/en\/wp-json\/wp\/v2\/media?parent=3272"}],"wp:term":[{"taxonomy":"product_cat","embeddable":true,"href":"https:\/\/achisonsafety.com.vn\/en\/wp-json\/wp\/v2\/product_cat?post=3272"},{"taxonomy":"product_tag","embeddable":true,"href":"https:\/\/achisonsafety.com.vn\/en\/wp-json\/wp\/v2\/product_tag?post=3272"}],"curies":[{"name":"wp","href":"https:\/\/api.w.org\/{rel}","templated":true}]}}