{"id":3421,"date":"2022-06-30T15:04:53","date_gmt":"2022-06-30T08:04:53","guid":{"rendered":"https:\/\/beta.achisonsafety.com.vn\/?post_type=product&#038;p=3421"},"modified":"2025-09-17T16:52:09","modified_gmt":"2025-09-17T09:52:09","slug":"giay-bao-ho-cheetah-2180-hs","status":"publish","type":"product","link":"https:\/\/achisonsafety.com.vn\/en\/san-pham\/giay-bao-ho-cheetah-2180-hs\/","title":{"rendered":"Gi\u00e0y b\u1ea3o h\u1ed9 Cheetah 2002HS"},"content":{"rendered":"<h4><a href=\"https:\/\/achisonsafety.com.vn\/danh-muc-san-pham\/bao-ho-lao-dong\/giay-va-ung-bao-ho\/giay-bao-ho\/\"><b>Gi\u00e0y b\u1ea3o h\u1ed9 Cheetah <\/b><\/a><b>\u00a02180HS Trang b\u1ecb h\u1eefu hi\u1ec7u cho ng\u01b0\u1eddi lao \u0111\u1ed9ng l\u00e0m vi\u1ec7c trong m\u00f4i tr\u01b0\u1eddng c\u00f3 nhi\u1ec1u v\u1eadt th\u1ec3 s\u1eafc nh\u1ecdn, hay b\u1ec1 m\u1eb7t tr\u01a1n, tr\u01b0\u1ee3t nguy hi\u1ec3m.<\/b><\/h4>\n<h4><b>Th\u01b0\u01a1ng hi\u1ec7u:<\/b><span style=\"font-weight: 400\"> Cheetah<\/span><\/h4>\n<p><b>M\u00e3 s\u1ea3n ph\u1ea9m:<\/b><span style=\"font-weight: 400\">\u00a0 2180 HS<\/span><\/p>\n<p><b>C\u00f4ng d\u1ee5ng: <\/b><span style=\"font-weight: 400\">B\u1ea3o v\u1ec7 ch\u00e2n, ch\u1ed1ng tr\u01a1n tr\u01b0\u1ee3t, ch\u1ed1ng t\u0129nh \u0111i\u1ec7n, ch\u1ed1ng d\u1ea7u m\u1ee1, ch\u1ed1ng m\u00e0i m\u00f2n, ch\u1ed1ng va \u0111\u1eadp<\/span><\/p>\n<p><b>M\u00f4 t\u1ea3:\u00a0<\/b><\/p>\n<p><span style=\"font-weight: 400\">&#8211; D\u1ea1ng c\u1ed9t d\u00e2y, ki\u1ec3u d\u00e1ng cao c\u1ed5.<\/span><\/p>\n<p><span style=\"font-weight: 400\">&#8211; Khoen gi\u00e0y kh\u00f4ng r\u1ec9 s\u00e9t.<\/span><\/p>\n<p><span style=\"font-weight: 400\">&#8211; L\u00f3t \u0111\u1ec7m \u1edf ph\u1ea7n l\u01b0\u1ee1i g\u00e0 v\u00e0 c\u1ed5 gi\u00e0y.<\/span><\/p>\n<p><span style=\"font-weight: 400\">&#8211; Gi\u00e0y b\u1ea3o h\u1ed9 Cheetah 2002HS \u0111\u01b0\u1ee3c s\u1ea3n xu\u1ea5t t\u1eeb da th\u1eadt, kh\u00f4ng b\u1ecb phai m\u00e0u, ch\u1ed1ng th\u1ea5m n\u01b0\u1edbc.<\/span><\/p>\n<p><span style=\"font-weight: 400\">&#8211; \u0110\u1ebf cao su Nitrile c\u00f3 \u0111\u1ed9 b\u1ec1n cao, gi\u1ea3m m\u00e0i m\u00f2n.<\/span><\/p>\n<p><span style=\"font-weight: 400\">&#8211; \u0110\u1ebf ch\u1ecbu nhi\u1ec7t 300oC<\/span><\/p>\n<p><span style=\"font-weight: 400\">&#8211; \u0110\u01b0\u1ee3c l\u00f3t th\u00e9p, ch\u1ecbu \u0111\u01b0\u1ee3c m\u1ed9t l\u1ef1c \u0111\u00e2m xuy\u00ean kh\u00f4ng nh\u1ecf h\u01a1n 1100 N.<\/span><\/p>\n<p><span style=\"font-weight: 400\">&#8211; M\u0169i gi\u00e0y l\u00f3t th\u00e9p, ch\u1ecbu l\u1ef1c 200J<\/span><\/p>\n<p><b>M\u00e0u s\u1eafc: <\/b><span style=\"font-weight: 400\">\u0110en<\/span><\/p>\n<p><b>K\u00edch c\u1ee1:<\/b><span style=\"font-weight: 400\"> Size 35 &#8211; 45<\/span><\/p>\n<p><b>\u1ee8ng d\u1ee5ng:<\/b><span style=\"font-weight: 400\"> D\u00f9ng \u0111\u01b0\u1ee3c h\u1ea7u h\u1ebft trong c\u00e1c ng\u00e0nh c\u00f4ng nghi\u1ec7p s\u1ea3n xu\u1ea5t nh\u01b0: ch\u1ebf bi\u1ebfn g\u1ed7, c\u01a1 kh\u00ed, gia c\u00f4ng kim lo\u1ea1i, c\u00f4ng tr\u00ecnh x\u00e2y d\u1ef1ng&#8230;<\/span><\/p>\n<p><b>L\u01b0u \u00fd:\u00a0<\/b><\/p>\n<p><span style=\"font-weight: 400\">Kh\u00f4ng d\u00f9ng nhi\u1ec7t \u0111\u1ed9 cao \u0111\u1ec3 l\u00e0m kh\u00f4 gi\u00e0y.<\/span><\/p>\n<p><span style=\"font-weight: 400\">Khi gi\u00e0y b\u1ecb \u01b0\u1edbt c\u00f3 th\u1ec3 l\u00e0m kh\u00f4 b\u1eb1ng c\u00e1ch v\u00f2 ch\u1eb7t gi\u1ea5y b\u00e1o r\u1ed3i nh\u00e9t v\u00e0o b\u00ean trong gi\u00e0y, ph\u01a1i gi\u00e0y trong b\u00f3ng r\u00e2m.<\/span><\/p>\n<p><span style=\"font-weight: 400\">Mi\u1ebfng l\u00f3t E.V.A c\u00f3 th\u1ec3 th\u00e1o r\u1eddi \u0111\u1ec3 v\u1ec7 sinh<\/span><\/p>\n","protected":false},"excerpt":{"rendered":"<ul>\n<li><span style=\"font-weight: 400\">\u0110\u1ebf ch\u1ecbu nhi\u1ec7t 300oC<\/span><\/li>\n<li><span style=\"font-weight: 400\">\u0110\u01b0\u1ee3c l\u00f3t th\u00e9p, ch\u1ecbu \u0111\u01b0\u1ee3c m\u1ed9t l\u1ef1c \u0111\u00e2m xuy\u00ean kh\u00f4ng nh\u1ecf h\u01a1n 1100 N.<\/span><\/li>\n<li><span style=\"font-weight: 400\">M\u0169i gi\u00e0y l\u00f3t th\u00e9p, ch\u1ecbu l\u1ef1c 200J<\/span><\/li>\n<\/ul>\n","protected":false},"featured_media":3422,"comment_status":"open","ping_status":"closed","template":"","meta":[],"product_cat":[16,41,128],"product_tag":[188,184,338,189],"class_list":{"0":"post-3421","1":"product","2":"type-product","3":"status-publish","4":"has-post-thumbnail","6":"product_cat-bao-ho-lao-dong","7":"product_cat-bao-ve-chan","8":"product_cat-giay-bao-ho","9":"product_tag-nganh-dau-khi-khai-khoang-dong-tau-cang-bien-hang-khong","10":"product_tag-nganh-gia-cong-kim-loai","11":"product_tag-nganh-khai-thac-va-che-bien-go-noi-that","12":"product_tag-nganh-xay-dung-logistic-hoa-chat","13":"yith_product_brand-cheetah","15":"first","16":"instock","17":"shipping-taxable","18":"product-type-simple"},"acf":[],"_links":{"self":[{"href":"https:\/\/achisonsafety.com.vn\/en\/wp-json\/wp\/v2\/product\/3421"}],"collection":[{"href":"https:\/\/achisonsafety.com.vn\/en\/wp-json\/wp\/v2\/product"}],"about":[{"href":"https:\/\/achisonsafety.com.vn\/en\/wp-json\/wp\/v2\/types\/product"}],"replies":[{"embeddable":true,"href":"https:\/\/achisonsafety.com.vn\/en\/wp-json\/wp\/v2\/comments?post=3421"}],"wp:featuredmedia":[{"embeddable":true,"href":"https:\/\/achisonsafety.com.vn\/en\/wp-json\/wp\/v2\/media\/3422"}],"wp:attachment":[{"href":"https:\/\/achisonsafety.com.vn\/en\/wp-json\/wp\/v2\/media?parent=3421"}],"wp:term":[{"taxonomy":"product_cat","embeddable":true,"href":"https:\/\/achisonsafety.com.vn\/en\/wp-json\/wp\/v2\/product_cat?post=3421"},{"taxonomy":"product_tag","embeddable":true,"href":"https:\/\/achisonsafety.com.vn\/en\/wp-json\/wp\/v2\/product_tag?post=3421"}],"curies":[{"name":"wp","href":"https:\/\/api.w.org\/{rel}","templated":true}]}}