{"id":3655,"date":"2022-07-04T22:59:22","date_gmt":"2022-07-04T15:59:22","guid":{"rendered":"https:\/\/beta.achisonsafety.com.vn\/?post_type=product&#038;p=3655"},"modified":"2025-09-17T16:51:53","modified_gmt":"2025-09-17T09:51:53","slug":"giay-bao-ho-jogger-jumper-s3","status":"publish","type":"product","link":"https:\/\/achisonsafety.com.vn\/en\/san-pham\/giay-bao-ho-jogger-jumper-s3\/","title":{"rendered":"Gi\u00e0y b\u1ea3o h\u1ed9 Jogger Jumper S3"},"content":{"rendered":"<p><b>Gi\u00e0y b\u1ea3o h\u1ed9 lao \u0111\u1ed9ng Jogger Jumper S3 ti\u00eau chu\u1ea9n qu\u1ed1c t\u1ebf CE S3, AS\/NZS2210.3(AUST). S\u1ea3n ph\u1ea9m \u0111\u01b0\u1ee3c thi\u1ebft k\u1ebf g\u1ecdn nh\u1eb9, \u00f4m b\u00e0n ch\u00e2n t\u1ea1o c\u1ea3m gi\u00e1c tho\u1ea3i m\u00e1i trong su\u1ed1t qu\u00e1 tr\u00ecnh l\u00e0m vi\u1ec7c<\/b><\/p>\n<p><b><i>&gt;&gt;Tham kh\u1ea3o th\u00eam nhi\u1ec1u B\u1ed9 S\u01b0u T\u1eadp Gi\u00e0y B\u1ea3o H\u1ed9 kh\u00e1c t\u1ea1i \u0111\u00e2y: <\/i><\/b><b><i><br \/>\n<\/i><\/b><a href=\"https:\/\/achisonsafety.com.vn\/danh-muc-san-pham\/bao-ho-lao-dong\/giay-va-ung-bao-ho\/\"><b><i>https:\/\/achisonsafety.com.vn\/danh-muc-san-pham\/bao-ho-lao-dong\/giay-va-ung-bao-ho\/<\/i><\/b><\/a><b><i>\u00a0<\/i><\/b><\/p>\n<p><b>Th\u00f4ng tin s\u1ea3n ph\u1ea9m<\/b><\/p>\n<p><b>Th\u01b0\u01a1ng hi\u1ec7u: <\/b><span style=\"font-weight: 400\">Jogger<\/span><\/p>\n<p><b>M\u00e3 s\u1ea3n ph\u1ea9m: <\/b><span style=\"font-weight: 400\">Jogger Jumper S3<\/span><\/p>\n<p><b>C\u00f4ng d\u1ee5ng:<\/b><span style=\"font-weight: 400\"> Ch\u1ed1ng th\u1ea5m n\u01b0\u1edbc, ch\u1ed1ng t\u0129nh \u0111i\u1ec7n, ch\u1ed1ng tr\u01a1n tr\u01b0\u1ee3t, ch\u1ed1ng \u0111\u00e2m xuy\u00ean, ch\u1ed1ng d\u1ea7u, ch\u1ed1ng va \u0111\u1eadp<\/span><\/p>\n<p><b>M\u00f4 t\u1ea3:<\/b><\/p>\n<p><span style=\"font-weight: 400\">S\u1ea3n ph\u1ea9m Jogger Jumper S3 \u0111\u01b0\u1ee3c l\u00e0m t\u1eeb da th\u1eadt, m\u0169i gi\u00e0y \u0111\u01b0\u1ee3c ph\u1ee7 l\u1edbp th\u00e9p, t\u0103ng kh\u1ea3 n\u0103ng ch\u1ecbu l\u1ef1c v\u00e0 ch\u1ed1ng \u0111\u00e2m xuy\u00ean t\u1ed1t<\/span><\/p>\n<p><span style=\"font-weight: 400\">\u0110\u1ebf gi\u00e0y t\u1eeb cao su b\u1ec1n ch\u1eafc<\/span><\/p>\n<p><span style=\"font-weight: 400\">T\u1ea5m l\u00f3t SJ Flex t\u0103ng c\u01b0\u1eddng \u0111\u1ed9 linh ho\u1ea1t<\/span><\/p>\n<p><span style=\"font-weight: 400\">T\u1ea5m l\u00f3t ch\u00e2n b\u1eb1ng ch\u1ea5t li\u1ec7u E.V.A \u00eam \u00e1i, h\u1ed7 tr\u1ee3 l\u01b0u th\u00f4ng kh\u00f4ng kh\u00ed. C\u00f3 th\u1ec3 th\u00e1o r\u1eddi \u0111\u1ec3 v\u1ec7 sinh<\/span><\/p>\n<p><b>Tr\u1ecdng l\u01b0\u1ee3ng:<\/b><span style=\"font-weight: 400\"> 380g\/chi\u1ebfc<\/span><\/p>\n<p><b>K\u00edch c\u1ee1:<\/b><span style=\"font-weight: 400\"> 36-45<\/span><\/p>\n<p><b>Ti\u00eau chu\u1ea9n:<\/b> <span style=\"font-weight: 400\">CE S3, AS\/NZS2210.3(AUST)<\/span><\/p>\n<p><b>\u1ee8ng D\u1ee5ng:<\/b><span style=\"font-weight: 400\">\u00a0<\/span><\/p>\n<p><span style=\"font-weight: 400\">&#8211; D\u1ea7u kh\u00ed, \u0111\u00f3ng t\u00e0u, c\u1ea3ng<\/span><\/p>\n<p><span style=\"font-weight: 400\">\u00a0&#8211; \u00d4 t\u00f4, xe m\u00e1y, nh\u1ef1a, g\u1ed7, kim lo\u1ea1i<\/span><\/p>\n<p><span style=\"font-weight: 400\">\u00a0&#8211; Gi\u00e0y da, may m\u1eb7c, nhu\u1ed9m\u00a0<\/span><\/p>\n<p><span style=\"font-weight: 400\">&#8211; Th\u1ef1c ph\u1ea9m, th\u1ee7y s\u1ea3n, th\u1ee9c \u0103n gia s\u00fac<\/span><\/p>\n<p><span style=\"font-weight: 400\">\u00a0&#8211; Xi m\u0103ng, x\u00e2y d\u1ef1ng, h\u00f3a ch\u1ea5t, ph\u00e2n b\u00f3n\u00a0<\/span><\/p>\n<p><b>L\u01b0u \u00fd:\u00a0<\/b><\/p>\n<p><span style=\"font-weight: 400\">Kh\u00f4ng d\u00f9ng nhi\u1ec7t \u0111\u1ed9 cao \u0111\u1ec3 l\u00e0m kh\u00f4 gi\u00e0y.<\/span><\/p>\n<p><span style=\"font-weight: 400\">Khi gi\u00e0y b\u1ecb \u01b0\u1edbt c\u00f3 th\u1ec3 l\u00e0m kh\u00f4 b\u1eb1ng c\u00e1ch v\u00f2 ch\u1eb7t gi\u1ea5y b\u00e1o r\u1ed3i nh\u00e9t v\u00e0o b\u00ean trong gi\u00e0y, ph\u01a1i gi\u00e0y trong b\u00f3ng r\u00e2m.<\/span><\/p>\n<p><span style=\"font-weight: 400\">Ki\u1ec3m tra k\u1ef9 gi\u00e0y b\u1ea3o h\u1ed9 tr\u01b0\u1edbc khi s\u1eed d\u1ee5ng<\/span><\/p>\n","protected":false},"excerpt":{"rendered":"<ul>\n<li><span style=\"font-weight: 400\">\u0110\u1ebf gi\u00e0y t\u1eeb cao su b\u1ec1n ch\u1eafc<\/span><\/li>\n<li><span style=\"font-weight: 400\">T\u1ea5m l\u00f3t SJ Flex t\u0103ng c\u01b0\u1eddng \u0111\u1ed9 linh ho\u1ea1t<\/span><\/li>\n<li><span style=\"font-weight: 400\">T\u1ea5m l\u00f3t ch\u00e2n b\u1eb1ng ch\u1ea5t li\u1ec7u E.V.A \u00eam \u00e1i, h\u1ed7 tr\u1ee3 l\u01b0u th\u00f4ng kh\u00f4ng kh\u00ed. C\u00f3 th\u1ec3 th\u00e1o r\u1eddi \u0111\u1ec3 v\u1ec7 sinh<\/span><\/li>\n<\/ul>\n","protected":false},"featured_media":3660,"comment_status":"open","ping_status":"closed","template":"","meta":[],"product_cat":[41,128],"product_tag":[189],"class_list":{"0":"post-3655","1":"product","2":"type-product","3":"status-publish","4":"has-post-thumbnail","6":"product_cat-bao-ve-chan","7":"product_cat-giay-bao-ho","8":"product_tag-nganh-xay-dung-logistic-hoa-chat","9":"yith_product_brand-jogger","11":"first","12":"instock","13":"shipping-taxable","14":"product-type-simple"},"acf":[],"_links":{"self":[{"href":"https:\/\/achisonsafety.com.vn\/en\/wp-json\/wp\/v2\/product\/3655"}],"collection":[{"href":"https:\/\/achisonsafety.com.vn\/en\/wp-json\/wp\/v2\/product"}],"about":[{"href":"https:\/\/achisonsafety.com.vn\/en\/wp-json\/wp\/v2\/types\/product"}],"replies":[{"embeddable":true,"href":"https:\/\/achisonsafety.com.vn\/en\/wp-json\/wp\/v2\/comments?post=3655"}],"wp:featuredmedia":[{"embeddable":true,"href":"https:\/\/achisonsafety.com.vn\/en\/wp-json\/wp\/v2\/media\/3660"}],"wp:attachment":[{"href":"https:\/\/achisonsafety.com.vn\/en\/wp-json\/wp\/v2\/media?parent=3655"}],"wp:term":[{"taxonomy":"product_cat","embeddable":true,"href":"https:\/\/achisonsafety.com.vn\/en\/wp-json\/wp\/v2\/product_cat?post=3655"},{"taxonomy":"product_tag","embeddable":true,"href":"https:\/\/achisonsafety.com.vn\/en\/wp-json\/wp\/v2\/product_tag?post=3655"}],"curies":[{"name":"wp","href":"https:\/\/api.w.org\/{rel}","templated":true}]}}