{"id":3695,"date":"2022-07-05T13:18:35","date_gmt":"2022-07-05T06:18:35","guid":{"rendered":"https:\/\/beta.achisonsafety.com.vn\/?post_type=product&#038;p=3695"},"modified":"2025-09-17T16:51:50","modified_gmt":"2025-09-17T09:51:50","slug":"gang-tay-chong-hoa-chat-showa-707","status":"publish","type":"product","link":"https:\/\/achisonsafety.com.vn\/en\/san-pham\/gang-tay-chong-hoa-chat-showa-707\/","title":{"rendered":"G\u0103ng tay ch\u1ed1ng h\u00f3a ch\u1ea5t Showa 707 &#8211; ch\u1ed1ng h\u00f3a ch\u1ea5t, ch\u1ed1ng d\u1ea7u"},"content":{"rendered":"<h3><strong><span style=\"font-size: 75%\">G\u0103ng tay ch\u1ed1ng h\u00f3a ch\u1ea5t Showa 707 &#8211; Gi\u1ea3i ph\u00e1p b\u1ea3o v\u1ec7 an to\u00e0n cho \u0111\u00f4i tay khi ph\u1ea3i l\u00e0m vi\u1ec7c trong m\u00f4i tr\u01b0\u1eddng c\u00f3 nhi\u1ec1u h\u00f3a ch\u1ea5t \u0111\u1ed9c h\u1ea1i, nguy hi\u1ec3m<\/span><\/strong><\/h3>\n<p><b>Th\u01b0\u01a1ng hi\u1ec7u:<\/b> Showa<\/p>\n<p><b>M\u00e3 s\u1ea3n ph\u1ea9m: <\/b><span style=\"font-weight: 400\">707<\/span><\/p>\n<p><b>Ti\u00eau chu\u1ea9n:<\/b><span style=\"font-weight: 400\"> EN388:2003<\/span><\/p>\n<p><b>C\u00f4ng d\u1ee5ng: <\/b>G\u0103ng tay showa c\u00f3 c\u00f4ng d\u1ee5ng<\/p>\n<p><span style=\"font-weight: 400\">&#8211; Ch\u1ed1ng h\u00f3a ch\u1ea5t, ch\u1ed1ng d\u1ea7u, hydrocarbon<\/span><\/p>\n<p><span style=\"font-weight: 400\">&#8211; Ch\u1ed1ng tr\u1ea7y x\u01b0\u1edbc<\/span><\/p>\n<p><span style=\"font-weight: 400\">&#8211; Ch\u1ed1ng th\u1ea5m n\u01b0\u1edbc<\/span><\/p>\n<p><span style=\"font-weight: 400\">&#8211; Ch\u1ed1ng b\u1ee5i<\/span><\/p>\n<p><b>M\u00f4 t\u1ea3:\u00a0<\/b><\/p>\n<p><span style=\"font-weight: 400\">G\u0103ng tay ch\u1ed1ng h\u00f3a ch\u1ea5t Showa 707 \u0111\u01b0\u1ee3c l\u00e0m t\u1eeb cao su nitrile nh\u00e2n t\u1ea1o<\/span><\/p>\n<p><span style=\"font-weight: 400\">Thi\u1ebft k\u1ebf v\u1eeba v\u1edbi b\u00e0n tay, c\u1eed \u0111\u1ed9ng d\u1ec5 d\u00e0ng v\u00e0 c\u00f3 th\u1ec3 s\u1eed d\u1ee5ng li\u00ean t\u1ee5c trong th\u1eddi gian d\u00e0i<\/span><\/p>\n<p><span style=\"font-weight: 400\">Kh\u1ea3 n\u0103ng ch\u1ecbu nhi\u1ec7t t\u1ed1t, \u0111\u01b0\u1ee3c thi\u1ebft k\u1ebf linh ho\u1ea1t, b\u1ec1n b\u1ec9<\/span><\/p>\n<p><span style=\"font-weight: 400\">Thao t\u00e1c t\u1ed1t trong \u0111i\u1ec1u ki\u1ec7n \u1ea9m \u01b0\u1edbt ho\u1eb7c d\u1ea7u m\u1ee1<\/span><\/p>\n<p><b>\u1ee8ng D\u1ee5ng: \u0110\u01b0\u1ee3c \u1ee9ng d\u1ee5ng trong nhi\u1ec1u l\u0129nh v\u1ef1c<\/b><\/p>\n<p><span style=\"font-weight: 400\">\u2013 V\u1eadn h\u00e0nh m\u00e1y d\u1eadp<\/span><\/p>\n<p><span style=\"font-weight: 400\">\u2013 L\u1eafp r\u00e1p &amp; ki\u1ec3m tra c\u00e1c linh ki\u1ec7n<\/span><\/p>\n<p><span style=\"font-weight: 400\">\u2013 Qu\u00e9t ch\u1ea5t b\u1ecbt k\u00edn, s\u01a1n s\u1eeda<\/span><\/p>\n<p><span style=\"font-weight: 400\">\u2013 S\u1eeda ch\u1eefa &amp; b\u1ea3o tr\u00ec thi\u1ebft b\u1ecb<\/span><\/p>\n<p><span style=\"font-weight: 400\">\u2013 C\u1eaft k\u00ednh, t\u1ea5m, b\u1ea3ng panel<\/span><\/p>\n<p><span style=\"font-weight: 400\">\u2013 C\u1ea7m n\u1eafm c\u00e1c linh ki\u1ec7n th\u00e2n xe v\u00e0 c\u1ea5u tr\u00fac<\/span><\/p>\n<p><span style=\"font-weight: 400\">\u2013 \u0110i\u1ec1u ch\u1ec9nh h\u1ec7 th\u1ed1ng v\u00e0 v\u1eb7n v\u00edt<\/span><\/p>\n<p><strong>L\u01b0u \u00fd:<\/strong><\/p>\n<p>\u2013 Ki\u00ea\u0309m tra g\u0103ng tay th\u1eadt k\u0129 v\u00ea\u0300 c\u00e1c d\u1ea5u hi\u1ec7u gi\u1ea3m c\u00e2\u0301p ho\u1eb7c \u0111\u00e2m th\u1ee7ng tr\u01b0\u1edbc khi s\u1eed d\u1ee5ng b\u1eb1ng c\u00e1ch th\u1ed5i ho\u1eb7c b\u01a1m kh\u00f4ng kh\u00ed v\u00e0o g\u0103ng tay<\/p>\n<p>\u2013 G\u0103ng tay ch\u1ecbu axit c\u00f3 th\u1ec3 t\u00e1i s\u1eed d\u1ee5ng n\u00ean \u0111\u01b0\u1ee3c v\u00ea\u0323 sinh s\u1ea1ch s\u1ebd sau m\u00f4\u0303i l\u00e2\u0300n d\u00f9ng.<\/p>\n<p>\u2013 Tr\u01b0\u1edbc khi th\u00e1o g\u0103ng tay, h\u00e3y r\u1eeda b\u00ean ngo\u00e0i c\u1ee7a chi\u1ebfc g\u0103ng \u0111\u1ec3 tr\u00e1nh tr\u01b0\u1eddng h\u1ee3p v\u00f4 t\u00ecnh h\u00f3a ch\u00e2\u0301t c\u00f3 th\u00ea\u0309 ti\u1ebfp x\u00fac v\u1edbi da<\/p>\n<p>#G\u0103ng tay ch\u1ed1ng h\u00f3a ch\u1ea5t Nitrile #G\u0103ng tay ch\u1ed1ng d\u1ea7u #G\u0103ng tay ch\u1ed1ng h\u00f3a ch\u1ea5t showa<\/p>\n","protected":false},"excerpt":{"rendered":"<ul>\n<li><span style=\"font-weight: 400\">Thi\u1ebft k\u1ebf v\u1eeba v\u1edbi b\u00e0n tay, c\u1eed \u0111\u1ed9ng d\u1ec5 d\u00e0ng v\u00e0 c\u00f3 th\u1ec3 s\u1eed d\u1ee5ng li\u00ean t\u1ee5c trong th\u1eddi gian d\u00e0i<\/span><\/li>\n<li><span style=\"font-weight: 400\">Kh\u1ea3 n\u0103ng ch\u1ecbu nhi\u1ec7t t\u1ed1t, \u0111\u01b0\u1ee3c thi\u1ebft k\u1ebf linh ho\u1ea1t, b\u1ec1n b\u1ec9<\/span><\/li>\n<li><span style=\"font-weight: 400\">Thao t\u00e1c t\u1ed1t trong \u0111i\u1ec1u ki\u1ec7n \u1ea9m \u01b0\u1edbt ho\u1eb7c d\u1ea7u m\u1ee1<\/span><\/li>\n<\/ul>\n","protected":false},"featured_media":3696,"comment_status":"open","ping_status":"closed","template":"","meta":[],"product_cat":[40,123],"product_tag":[],"class_list":{"0":"post-3695","1":"product","2":"type-product","3":"status-publish","4":"has-post-thumbnail","6":"product_cat-gang-tay-bao-ho","7":"product_cat-gang-tay-chong-hoa-chat","8":"yith_product_brand-showa","10":"first","11":"instock","12":"shipping-taxable","13":"product-type-simple"},"acf":[],"_links":{"self":[{"href":"https:\/\/achisonsafety.com.vn\/en\/wp-json\/wp\/v2\/product\/3695"}],"collection":[{"href":"https:\/\/achisonsafety.com.vn\/en\/wp-json\/wp\/v2\/product"}],"about":[{"href":"https:\/\/achisonsafety.com.vn\/en\/wp-json\/wp\/v2\/types\/product"}],"replies":[{"embeddable":true,"href":"https:\/\/achisonsafety.com.vn\/en\/wp-json\/wp\/v2\/comments?post=3695"}],"wp:featuredmedia":[{"embeddable":true,"href":"https:\/\/achisonsafety.com.vn\/en\/wp-json\/wp\/v2\/media\/3696"}],"wp:attachment":[{"href":"https:\/\/achisonsafety.com.vn\/en\/wp-json\/wp\/v2\/media?parent=3695"}],"wp:term":[{"taxonomy":"product_cat","embeddable":true,"href":"https:\/\/achisonsafety.com.vn\/en\/wp-json\/wp\/v2\/product_cat?post=3695"},{"taxonomy":"product_tag","embeddable":true,"href":"https:\/\/achisonsafety.com.vn\/en\/wp-json\/wp\/v2\/product_tag?post=3695"}],"curies":[{"name":"wp","href":"https:\/\/api.w.org\/{rel}","templated":true}]}}