{"id":3909,"date":"2022-07-06T09:07:34","date_gmt":"2022-07-06T02:07:34","guid":{"rendered":"https:\/\/beta.achisonsafety.com.vn\/?post_type=product&#038;p=3909"},"modified":"2025-09-17T16:51:40","modified_gmt":"2025-09-17T09:51:40","slug":"gang-tay-chong-cat-superior-spwwh","status":"publish","type":"product","link":"https:\/\/achisonsafety.com.vn\/en\/san-pham\/gang-tay-chong-cat-superior-spwwh\/","title":{"rendered":"G\u0103ng tay ch\u1ed1ng c\u1eaft Superior SPWWH"},"content":{"rendered":"<p><b>G\u0103ng tay ch\u1ed1ng c\u1eaft Superior SPWWH l\u00e0 m\u1ed9t trong nh\u1eefng s\u1ea3n ph\u1ea9m b\u1ea3o h\u1ed9 lao \u0111\u1ed9ng v\u00f4 c\u00f9ng c\u1ea7n thi\u1ebft v\u1edbi nh\u1eefng \u0111\u1ed1i t\u01b0\u1ee3ng l\u00e0m vi\u1ec7c trong m\u00f4i tr\u01b0\u1eddng c\u00f4ng nghi\u1ec7p \u0111\u1eb7c bi\u1ec7t l\u00e0 nh\u1eefng ng\u01b0\u1eddi th\u01b0\u1eddng xuy\u00ean ph\u1ea3i ti\u1ebfp x\u00fac v\u1edbi nh\u1eefng thi\u1ebft b\u1ecb nguy hi\u1ec3m nh\u01b0 m\u00e1y c\u1eaft, dao nh\u1ecdn, th\u1ee7y tinh, t\u1ea5m s\u1eaft,\u2026<\/b><\/p>\n<p><b>Th\u00f4ng tin chi ti\u1ebft:<\/b><\/p>\n<p><b>M\u00e3 s\u1ea3n ph\u1ea9m: <\/b><span style=\"font-weight: 400\">Superior SPWWH<\/span><\/p>\n<p><b>C\u00f4ng d\u1ee5ng: <\/b><span style=\"font-weight: 400\">G\u0103ng tay ch\u1ed1ng c\u1eaft cao c\u1ea5p<\/span><\/p>\n<p><b>M\u00f4 t\u1ea3:\u00a0<\/b><\/p>\n<p><span style=\"font-weight: 400\">G\u0103ng l\u00e0m t\u1eeb s\u1ee3<\/span><span style=\"font-weight: 400\">i Dyneema<\/span><span style=\"font-weight: 400\"> cho kh\u1ea3 n\u0103ng ch\u1ed1ng c\u1eaft t\u1ed1i \u0111a<\/span><\/p>\n<p><span style=\"font-weight: 400\">G\u0103ng tay ch\u1ed1ng c\u1eaft t\u1ed1t, s\u1eed d\u1ee5ng r\u1ed9ng r\u00e3i trong c\u00e1c nh\u00e0 m\u00e1y g\u1ed7, th\u1ee7 c\u00f4ng, c\u01a1 kh\u00ed..<\/span><\/p>\n<p><b>Ti\u00eau chu\u1ea9n: <\/b><span style=\"font-weight: 400\">ASTM ANSI (c\u1ea5p \u0111\u1ed9 5)<\/span><\/p>\n<p><b>\u1ee8ng D\u1ee5ng: <\/b><span style=\"font-weight: 400\">\u0110\u01b0\u1ee3c \u1ee9ng d\u1ee5ng trong nhi\u1ec1u l\u0129nh v\u1ef1c<\/span><\/p>\n<p><span style=\"font-weight: 400\">\u2013 V\u1eadn h\u00e0nh m\u00e1y d\u1eadp<\/span><\/p>\n<p><span style=\"font-weight: 400\">\u2013 L\u1eafp r\u00e1p &amp; ki\u1ec3m tra c\u00e1c linh ki\u1ec7n<\/span><\/p>\n<p><span style=\"font-weight: 400\">\u2013 Qu\u00e9t ch\u1ea5t b\u1ecbt k\u00edn, s\u01a1n s\u1eeda<\/span><\/p>\n<p><span style=\"font-weight: 400\">\u2013 S\u1eeda ch\u1eefa &amp; b\u1ea3o tr\u00ec thi\u1ebft b\u1ecb<\/span><\/p>\n<p><span style=\"font-weight: 400\">\u2013 C\u1eaft k\u00ednh, t\u1ea5m, b\u1ea3ng panel<\/span><\/p>\n<p><span style=\"font-weight: 400\">\u2013 C\u1ea7m n\u1eafm c\u00e1c linh ki\u1ec7n th\u00e2n xe v\u00e0 c\u1ea5u tr\u00fac<\/span><\/p>\n<p><span style=\"font-weight: 400\">\u2013 \u0110i\u1ec1u ch\u1ec9nh h\u1ec7 th\u1ed1ng v\u00e0 v\u1eb7n v\u00edt<\/span><\/p>\n<p><strong>L\u01b0u \u00fd:<\/strong><\/p>\n<p>\u2013 Ki\u1ec3m tra k\u1ef9 s\u1ea3n ph\u1ea9m tr\u01b0\u1edbc khi s\u1eed d\u1ee5ng<\/p>\n<p>\u2013 S\u1ea3n ph\u1ea9m c\u00f3 th\u1ec3 t\u00e1i s\u1eed d\u1ee5ng nhi\u1ec1u l\u1ea7n<\/p>\n<p>\u2013 C\u00f3 th\u1ec3 r\u1eeda nh\u1eb9 b\u1eb1ng n\u01b0\u1edbc s\u1ea1ch<\/p>\n<p>==&gt; Tham kh\u1ea3o c\u00e1c d\u00f2ng g\u0103ng tay b\u1ea3o h\u1ed9 kh\u00e1c: <a href=\"https:\/\/achisonsafety.com.vn\/danh-muc-san-pham\/bao-ho-lao-dong\/gang-tay-bao-ho\/\">https:\/\/achisonsafety.com.vn\/danh-muc-san-pham\/bao-ho-lao-dong\/gang-tay-bao-ho\/\u00a0<\/a><\/p>\n","protected":false},"excerpt":{"rendered":"<ul>\n<li><span style=\"font-weight: 400\">G\u0103ng l\u00e0m t\u1eeb s\u1ee3<\/span><span style=\"font-weight: 400\">i Dyneema<\/span><span style=\"font-weight: 400\"> cho kh\u1ea3 n\u0103ng ch\u1ed1ng c\u1eaft t\u1ed1i \u0111a<\/span><\/li>\n<li><span style=\"font-weight: 400\">G\u0103ng tay ch\u1ed1ng c\u1eaft t\u1ed1t, s\u1eed d\u1ee5ng r\u1ed9ng r\u00e3i trong c\u00e1c nh\u00e0 m\u00e1y g\u1ed7, th\u1ee7 c\u00f4ng, c\u01a1 kh\u00ed..<\/span><\/li>\n<\/ul>\n","protected":false},"featured_media":3910,"comment_status":"open","ping_status":"closed","template":"","meta":[],"product_cat":[16,40,122],"product_tag":[],"class_list":{"0":"post-3909","1":"product","2":"type-product","3":"status-publish","4":"has-post-thumbnail","6":"product_cat-bao-ho-lao-dong","7":"product_cat-gang-tay-bao-ho","8":"product_cat-gang-tay-chong-cat","9":"yith_product_brand-thuong-hieu-khac","11":"first","12":"instock","13":"shipping-taxable","14":"product-type-simple"},"acf":[],"_links":{"self":[{"href":"https:\/\/achisonsafety.com.vn\/en\/wp-json\/wp\/v2\/product\/3909"}],"collection":[{"href":"https:\/\/achisonsafety.com.vn\/en\/wp-json\/wp\/v2\/product"}],"about":[{"href":"https:\/\/achisonsafety.com.vn\/en\/wp-json\/wp\/v2\/types\/product"}],"replies":[{"embeddable":true,"href":"https:\/\/achisonsafety.com.vn\/en\/wp-json\/wp\/v2\/comments?post=3909"}],"wp:featuredmedia":[{"embeddable":true,"href":"https:\/\/achisonsafety.com.vn\/en\/wp-json\/wp\/v2\/media\/3910"}],"wp:attachment":[{"href":"https:\/\/achisonsafety.com.vn\/en\/wp-json\/wp\/v2\/media?parent=3909"}],"wp:term":[{"taxonomy":"product_cat","embeddable":true,"href":"https:\/\/achisonsafety.com.vn\/en\/wp-json\/wp\/v2\/product_cat?post=3909"},{"taxonomy":"product_tag","embeddable":true,"href":"https:\/\/achisonsafety.com.vn\/en\/wp-json\/wp\/v2\/product_tag?post=3909"}],"curies":[{"name":"wp","href":"https:\/\/api.w.org\/{rel}","templated":true}]}}