{"id":4000,"date":"2022-07-07T14:31:32","date_gmt":"2022-07-07T07:31:32","guid":{"rendered":"https:\/\/beta.achisonsafety.com.vn\/?post_type=product&#038;p=4000"},"modified":"2025-09-17T16:51:38","modified_gmt":"2025-09-17T09:51:38","slug":"non-bao-ho-3m-h704v","status":"publish","type":"product","link":"https:\/\/achisonsafety.com.vn\/en\/san-pham\/non-bao-ho-3m-h704v\/","title":{"rendered":"N\u00f3n b\u1ea3o h\u1ed9 3M H704V"},"content":{"rendered":"<h3><span style=\"font-size: 75%\"><b>N\u00f3n b\u1ea3o h\u1ed9<\/b><b> 3M H704V &#8211; <\/b><\/span><span style=\"font-size: 75%\"><b>B\u1ea3o v\u1ec7 \u0111\u1ea7u trong l\u00fac l\u00e0m vi\u1ec7c l\u00e0 \u0111i\u1ec1u h\u1ebft s\u1ee9c quan tr\u1ecdng v\u00ec c\u00e1c v\u1eadt nh\u1ecdn, s\u1eafc b\u00e9n c\u00f3 th\u1ec3 r\u01a1i v\u00e0o \u0111\u1ea7u c\u00f4ng nh\u00e2n b\u1ea5t k\u1ef3 l\u00fac n\u00e0o. Gi\u1ea3i ph\u00e1p t\u1ed1i \u01b0u nh\u1ea5t l\u00e0 trang b\u1ecb cho m\u00ecnh m\u1ed9t chi\u1ebfc n\u00f3n \u0111\u1ec3 b\u1ea3o v\u1ec7 \u0111\u1ea7u kh\u1ecfi nguy hi\u1ec3m<\/b><\/span><\/h3>\n<p><b>Th\u01b0\u01a1ng hi\u1ec7u: <\/b><span style=\"font-weight: 400\">3M<\/span><\/p>\n<p><b>C\u1ea5u t\u1ea1o: <\/b><span style=\"font-weight: 400\">N\u00f3n h\u00ecnh c\u1ea7u gi\u00fap \u00f4m s\u00e1t \u0111\u1ea7u, l\u1ed3ng n\u00f3n 4 ch\u1ea5u k\u00e8m n\u00fat v\u1eb7n \u0111i\u1ec1u ch\u1ec9nh k\u00edch c\u1ee1, t\u1ea1o s\u1ef1 tho\u1ea3i m\u00e1i khi l\u00e0m vi\u1ec7c. N\u00f3n c\u00f3 l\u1ed7 tho\u00e1ng kh\u00ed tr\u00ean \u0111\u1ea7u t\u1ea1o s\u1ef1 tho\u00e1ng m\u00e1t trong qu\u00e1 tr\u00ecnh l\u00e0m vi\u1ec7c<\/span><\/p>\n<p><span style=\"font-weight: 400\">V\u1eadt li\u1ec7u v\u1ecf n\u00f3n v\u00e0 khung n\u00f3n b\u00ean trong: HDPE \u2013 High Density Polyethylene<\/span><\/p>\n<p><b>C\u1ea5p \u0111\u1ed9: <\/b><span style=\"font-weight: 400\">Class C(c\u00e1ch nhi\u1ec7t), G (B\u00ecnh th\u01b0\u1eddng) v\u00e0 E (c\u00e1ch \u0111i\u1ec7n)<\/span><\/p>\n<p><b>Ti\u00eau Chu\u1ea9n: <\/b><span style=\"font-weight: 400\">ANSI\/ISEA Z89.1-2009 Type 1, CSA Z94.1-05 Type 1<\/span><\/p>\n<p><b>Tr\u1ecdng L\u01b0\u1ee3ng: <\/b><span style=\"font-weight: 400\">12.7 Ounce<\/span><\/p>\n<p><b>M\u00e0u S\u1eafc:<\/b><span style=\"font-weight: 400\"> Tr\u1eafng, xanh l\u00e1, xanh d\u01b0\u01a1ng, v\u00e0ng<\/span><\/p>\n<p><b>M\u00e0u Series: <\/b><span style=\"font-weight: 400\">S\u1ea3n ph\u1ea9m H704V (m\u00e0u xanh l\u00e1) thu\u1ed9c series H700<\/span><\/p>\n<p><b>C\u00f4ng d\u1ee5ng<\/b><span style=\"font-weight: 400\">:\u00a0<\/span><\/p>\n<p><span style=\"font-weight: 400\">N\u00f3n b\u1ea3o h\u1ed9 3M H704V b\u1ea3o v\u1ec7 \u0111\u1ea7u kh\u1ecfi nguy hi\u1ec3m khi l\u00e0m vi\u1ec7c trong m\u00f4i tr\u01b0\u1eddng c\u00f4ng nghi\u1ec7p<\/span><\/p>\n<p><span style=\"font-weight: 400\">B\u1ea3o v\u1ec7 \u0111\u1ea7u mang t\u1eeb trong m\u00f4i tr\u01b0\u1eddng \u0111i\u1ec7n t\u1ed1i \u0111a 20 000V trong 3 ph\u00fat<\/span><\/p>\n<p><b>M\u00f4 t\u1ea3:\u00a0<\/b><\/p>\n<p><span style=\"font-weight: 400\">S\u1ea3n ph\u1ea9m N\u00f3n b\u1ea3o h\u1ed9 3M H7014V\u00a0 c\u00f3 l\u1ed7 th\u00f4ng kh\u00ed<\/span><\/p>\n<p><span style=\"font-weight: 400\">T\u1ea5m th\u1ea5m h\u00fat m\u1ed3 h\u00f4i \u0111\u01b0\u1ee3c thi\u1ebft k\u1ebf t\u1eeb v\u1eadt li\u1ec7u ch\u00e1y ch\u1eadm<\/span><\/p>\n<p><span style=\"font-weight: 400\">Truy\u1ec1n l\u1ef1c t\u1ed1i \u0111a 3780N<\/span><\/p>\n<p><span style=\"font-weight: 400\">S\u1ea3n ph\u1ea9m \u0111\u01b0\u1ee3c thi\u1ebft k\u1ebf b\u1ed9 ph\u1eadn gi\u1ea3m ch\u1ea5n<\/span><\/p>\n<p><span style=\"font-weight: 400\">D\u00e2y \u0111eo n\u00f3n 1990, d\u00e2y \u0111eo n\u00f3n X24<\/span><\/p>\n<p><b>S\u1ed1 l\u01b0\u1ee3ng: <\/b><span style=\"font-weight: 400\">1 c\u00e1i\/g\u00f3i (1 N\u00f3n + 1 l\u1ed3ng n\u00f3n + 1 d\u00e2y quai)<\/span><\/p>\n<p><b>Quy c\u00e1ch \u0111\u00f3ng g\u00f3i nh\u00e0 s\u1ea3n xu\u1ea5t: <\/b><span style=\"font-weight: 400\">20 c\u00e1i\/th\u00f9ng (N\u00f3n v\u00e0 l\u1ed3ng n\u00f3n)<\/span><\/p>\n<p><b>\u1ee8ng d\u1ee5ng: <\/b><span style=\"font-weight: 400\">D\u1ea7u kh\u00ed, x\u00e2y d\u1ef1ng, \u0111\u00f3ng t\u00e0u, c\u1ea3ng \u2013 \u00f4 t\u00f4, xe m\u00e1y, nh\u1ef1a, g\u1ed7, kim lo\u1ea1i, xi m\u0103ng, h\u00f3a ch\u1ea5t, ph\u00e2n b\u00f3n\u2026<\/span><\/p>\n<p><b>* C\u00f3 th\u1ec3 in logo c\u00f4ng ty l\u00ean n\u00f3n s\u1ed1 l\u01b0\u1ee3ng l\u1edbn theo y\u00eau c\u1ea7u c\u1ee7a kh\u00e1ch h\u00e0ng<\/b><\/p>\n<blockquote><p><b>&gt; Tham kh\u1ea3o nhi\u1ec1u gi\u1ea3i ph\u00e1p n\u00f3n b\u1ea3o h\u1ed9 kh\u00e1c <\/b><a href=\"https:\/\/achisonsafety.com.vn\/danh-muc-san-pham\/bao-ho-lao-dong\/non-bao-ho\/\">https:\/\/achisonsafety.com.vn\/danh-muc-san-pham\/bao-ho-lao-dong\/non-bao-ho\/\u00a0<\/a><\/p><\/blockquote>\n<p>#N\u00f3n b\u1ea3o h\u1ed9 3M #N\u00f3n b\u1ea3o h\u1ed9 k\u1ef9 s\u01b0 #<span style=\"color: #333333\">N\u00f3n<\/span><span style=\"color: #333333\">\u00a0b\u1ea3o h\u1ed9\u00a0<\/span><span style=\"color: #333333\">cao c\u1ea5p<\/span><\/p>\n","protected":false},"excerpt":{"rendered":"<ul>\n<li><span style=\"font-weight: 400\">B\u1ea3o v\u1ec7 \u0111\u1ea7u kh\u1ecfi nguy hi\u1ec3m khi l\u00e0m vi\u1ec7c trong m\u00f4i tr\u01b0\u1eddng c\u00f4ng nghi\u1ec7p<\/span><\/li>\n<li><span style=\"font-weight: 400\">B\u1ea3o v\u1ec7 \u0111\u1ea7u mang t\u1eeb trong m\u00f4i tr\u01b0\u1eddng \u0111i\u1ec7n t\u1ed1i \u0111a 20 000V trong 3 ph\u00fat<\/span><\/li>\n<li><span style=\"font-weight: 400\">Truy\u1ec1n l\u1ef1c t\u1ed1i \u0111a 3780N<\/span><\/li>\n<\/ul>\n","protected":false},"featured_media":4001,"comment_status":"open","ping_status":"closed","template":"","meta":[],"product_cat":[16,32,97],"product_tag":[188,338,189],"class_list":{"0":"post-4000","1":"product","2":"type-product","3":"status-publish","4":"has-post-thumbnail","6":"product_cat-bao-ho-lao-dong","7":"product_cat-bao-ve-dau","8":"product_cat-non-bao-ho","9":"product_tag-nganh-dau-khi-khai-khoang-dong-tau-cang-bien-hang-khong","10":"product_tag-nganh-khai-thac-va-che-bien-go-noi-that","11":"product_tag-nganh-xay-dung-logistic-hoa-chat","12":"yith_product_brand-3m","14":"first","15":"instock","16":"shipping-taxable","17":"product-type-simple"},"acf":[],"_links":{"self":[{"href":"https:\/\/achisonsafety.com.vn\/en\/wp-json\/wp\/v2\/product\/4000"}],"collection":[{"href":"https:\/\/achisonsafety.com.vn\/en\/wp-json\/wp\/v2\/product"}],"about":[{"href":"https:\/\/achisonsafety.com.vn\/en\/wp-json\/wp\/v2\/types\/product"}],"replies":[{"embeddable":true,"href":"https:\/\/achisonsafety.com.vn\/en\/wp-json\/wp\/v2\/comments?post=4000"}],"wp:featuredmedia":[{"embeddable":true,"href":"https:\/\/achisonsafety.com.vn\/en\/wp-json\/wp\/v2\/media\/4001"}],"wp:attachment":[{"href":"https:\/\/achisonsafety.com.vn\/en\/wp-json\/wp\/v2\/media?parent=4000"}],"wp:term":[{"taxonomy":"product_cat","embeddable":true,"href":"https:\/\/achisonsafety.com.vn\/en\/wp-json\/wp\/v2\/product_cat?post=4000"},{"taxonomy":"product_tag","embeddable":true,"href":"https:\/\/achisonsafety.com.vn\/en\/wp-json\/wp\/v2\/product_tag?post=4000"}],"curies":[{"name":"wp","href":"https:\/\/api.w.org\/{rel}","templated":true}]}}