{"id":4011,"date":"2022-07-07T15:13:03","date_gmt":"2022-07-07T08:13:03","guid":{"rendered":"https:\/\/beta.achisonsafety.com.vn\/?post_type=product&#038;p=4011"},"modified":"2025-09-21T22:27:21","modified_gmt":"2025-09-21T15:27:21","slug":"non-bao-ho-3m-h702v-2","status":"publish","type":"product","link":"https:\/\/achisonsafety.com.vn\/en\/san-pham\/non-bao-ho-3m-h702v-2\/","title":{"rendered":"N\u00f3n B\u1ea3o H\u1ed9 3M H702V"},"content":{"rendered":"<p style=\"text-align: justify;\"><a href=\"https:\/\/achisonsafety.com.vn\/san-pham\/non-bao-ho-3m-h702v\" target=\"_blank\" rel=\"noopener\">N\u00f3n B\u1ea3o H\u1ed9 3M H702V<\/a> &#8211; B\u1ea3o v\u1ec7 v\u00f9ng \u0111\u1ea7u trong l\u00fac l\u00e0m vi\u1ec7c, tr\u00e1nh nh\u1eefng tr\u01b0\u1eddng h\u1ee3p c\u00e1c v\u1eadt nh\u1ecdn, v\u1eadt s\u1eafc b\u00e9n c\u00f3 th\u1ec3 r\u01a1i tr\u00fang v\u00e0o \u0111\u1ea7u trong qu\u00e1 tr\u00ecnh l\u00e0m vi\u1ec7c.<\/p>\n<h2 style=\"text-align: justify;\"><span style=\"font-weight: 400;\"><b>Gi\u1edbi thi\u1ec7u v\u1ec1 n\u00f3n b\u1ea3o h\u1ed9 3M <\/b><b>H702V<\/b> <\/span><\/h2>\n<p style=\"text-align: justify;\"><span style=\"font-weight: 400;\">N\u00f3n b\u1ea3o h\u1ed9 3M H702V \u0111\u01b0\u1ee3c thi\u1ebft k\u1ebf ch\u1eafc ch\u1eafn v\u1edbi l\u1ed3ng n\u00f3n 4 ch\u1ea5u, n\u00fat v\u1eb7n nh\u1eb9.<\/span><\/p>\n<p style=\"text-align: justify;\"><span style=\"font-weight: 400;\">S\u1ea3n ph\u1ea9m c\u00f3 l\u1ed7 th\u00f4ng kh\u00ed gi\u00fap ng\u01b0\u1eddi mang c\u1ea3m th\u1ea5y tho\u1ea3i m\u00e1i, kh\u00f4ng b\u1ecb b\u00ed b\u00e1ch v\u00f9ng \u0111\u1ea7u.<\/span><\/p>\n<p style=\"text-align: justify;\"><span style=\"font-weight: 400;\">T\u1ea5m th\u1ea5m h\u00fat m\u1ed3 h\u00f4i \u0111\u01b0\u1ee3c thi\u1ebft k\u1ebf t\u1eeb v\u1eadt li\u1ec7u ch\u00e1y ch\u1eadm, gi\u1ea3m thi\u1ec3u t\u1ed1i \u0111a kh\u1ea3 n\u0103ng m\u0169 b\u1ecb ch\u00e1y trong m\u00f4i tr\u01b0\u1eddng c\u00f3 ho\u1ea3 ho\u1ea1n.<\/span><\/p>\n<p style=\"text-align: justify;\"><span style=\"font-weight: 400;\">S\u1ea3n ph\u1ea9m \u0111\u01b0\u1ee3c thi\u1ebft k\u1ebf b\u1ed9 ph\u1eadn gi\u1ea3m ch\u1ea5n, gi\u00fap b\u1ea3o v\u1ec7 t\u1ed1t h\u01a1n cho v\u00f9ng \u0111\u1ea7u khi kh\u00f4ng may c\u00f3 v\u1eadt n\u1eb7ng r\u01a1i tr\u00fang.<\/span><\/p>\n<h2 style=\"text-align: justify;\"><span style=\"color: #282828;\"><strong>C\u00e1ch v\u1ec7 sinh n\u00f3n b\u1ea3o h\u1ed9 3M<\/strong><\/span><\/h2>\n<p style=\"text-align: justify;\">N\u00ean d\u00f9ng v\u1ea3i m\u1ec1m \u0111\u1ec3 lau <a href=\"https:\/\/achisonsafety.com.vn\/non-bao-ho\/\" target=\"_blank\" rel=\"noopener\">n\u00f3n b\u1ea3o h\u1ed9 lao \u0111\u1ed9ng<\/a> (kh\u00f4ng d\u00f9ng v\u1ea3i c\u1ee9ng ho\u1eb7c c\u00e1c v\u1eadt d\u1ee5ng c\u1ee9ng nh\u01b0 \u0111\u1ed3 r\u1eeda ch\u00e9n, b\u00e0n ch\u1ea3i). Nh\u01b0 v\u1eady s\u1ebd l\u00e0m tr\u1ea7y x\u01b0\u1edbc n\u00f3n, m\u1ea5t th\u1ea9m m\u1ef9 c\u1ee7a n\u00f3n v\u00e0 mau h\u01b0 n\u00f3n h\u01a1n.<\/p>\n<p style=\"text-align: justify;\">L\u1ed3ng n\u00f3n v\u00e0 d\u00e2y quai n\u00f3n c\u00f3 th\u1ec3 th\u00e1o r\u1eddi ra \u0111\u1ec3 gi\u1eb7t. Sau \u0111\u00f3 ph\u01a1i \u1edf n\u01a1i kh\u00f4 r\u00e1o, tr\u00e1nh ph\u01a1i n\u00f3n v\u00e0 l\u1ed3ng n\u00f3n \u1edf n\u01a1i c\u00f3 nhi\u1ec7t \u0111\u1ed9 cao v\u00ec s\u1ebd l\u00e0m gi\u1ea3m tu\u1ed5i th\u1ecd c\u1ee7a n\u00f3n.<\/p>\n<p style=\"text-align: justify;\">Kh\u00f4ng d\u00f9ng c\u00e1c ch\u1ea5t t\u1ea9y r\u1eeda c\u00f3 t\u00ednh axit m\u1ea1nh \u0111\u1ec3 v\u1ec7 sinh n\u00f3n v\u00ec s\u1ebd l\u00e0m gi\u1ea3m ch\u1ea5t l\u01b0\u1ee3ng n\u00f3n v\u00e0 n\u00f3n d\u1ec5 b\u1ecb h\u01b0 h\u1ecfng h\u01a1n.<\/p>\n<p style=\"text-align: justify;\"><strong>L\u01b0u \u00fd:<\/strong><\/p>\n<p style=\"text-align: justify;\">&#8211; Ki\u1ec3m tra s\u1ea3n ph\u1ea9m k\u1ef9 tr\u01b0\u1edbc khi s\u1eed d\u1ee5ng.<\/p>\n<p style=\"text-align: justify;\">&#8211; Kh\u00f4ng s\u1eed d\u1ee5ng n\u00f3n c\u00f3 d\u1ea5u hi\u1ec7u n\u1ee9t v\u1ee1 \u0111\u1ec3 \u0111\u1ea3m b\u1ea3o an to\u00e0n.<\/p>\n<p style=\"text-align: justify;\">&#8211; Lau ch\u00f9i n\u00f3n th\u01b0\u1eddng xuy\u00ean \u0111\u1ec3 \u0111\u1ea3m b\u1ea3o v\u1ec7 sinh cho n\u00f3n.<\/p>\n<p style=\"text-align: justify;\">N\u1ebfu b\u1ea1n \u0111ang quan t\u00e2m v\u00e0 mu\u1ed1n \u0111\u01b0\u1ee3c t\u01b0 v\u1ea5n th\u00eam v\u1ec1 s\u1ea3n ph\u1ea9m n\u00e0y th\u00ec h\u00e3y li\u00ean h\u1ec7 v\u1edbi <a href=\"https:\/\/achisonsafety.com.vn\" target=\"_blank\" rel=\"noopener\">C\u00f4ng ty B\u1ea3o H\u1ed9 Lao \u0110\u1ed9ng Achison<\/a> \u0111\u1ec3 \u0111\u1eb7t h\u00e0ng nh\u00e9.<\/p>\n","protected":false},"excerpt":{"rendered":"<ul>\n<li><span style=\"font-weight: 400;\">An to\u00e0n v\u1edbi l\u1ed3ng n\u00f3n 4 ch\u1ea5u, n\u00fat v\u1eb7n nh\u1eb9, c\u00f3 l\u1ed7 th\u00f4ng kh\u00ed<\/span><\/li>\n<li><span style=\"font-weight: 400;\">B\u1ea3o v\u1ec7 \u0111\u1ea7u kh\u1ecfi nguy hi\u1ec3m khi l\u00e0m vi\u1ec7c trong m\u00f4i tr\u01b0\u1eddng c\u00f4ng nghi\u1ec7p<\/span><\/li>\n<li><span style=\"font-weight: 400;\">B\u1ea3o v\u1ec7 \u0111\u1ea7u mang t\u1eeb trong m\u00f4i tr\u01b0\u1eddng \u0111i\u1ec7n t\u1ed1i \u0111a 20 000V trong 3 ph\u00fat<\/span><\/li>\n<\/ul>\n","protected":false},"featured_media":4012,"comment_status":"open","ping_status":"closed","template":"","meta":[],"product_cat":[32,97],"product_tag":[1000,991,990,1001,995],"class_list":{"0":"post-4011","1":"product","2":"type-product","3":"status-publish","4":"has-post-thumbnail","6":"product_cat-bao-ve-dau","7":"product_cat-non-bao-ho","8":"product_tag-mu-bao-ho","9":"product_tag-mu-bao-ho-3m","10":"product_tag-non-bao-ho-3m","11":"product_tag-non-bao-ho-3m-h702v","12":"product_tag-non-bao-ho-lao-dong","13":"yith_product_brand-3m","15":"first","16":"instock","17":"shipping-taxable","18":"product-type-simple"},"acf":[],"_links":{"self":[{"href":"https:\/\/achisonsafety.com.vn\/en\/wp-json\/wp\/v2\/product\/4011"}],"collection":[{"href":"https:\/\/achisonsafety.com.vn\/en\/wp-json\/wp\/v2\/product"}],"about":[{"href":"https:\/\/achisonsafety.com.vn\/en\/wp-json\/wp\/v2\/types\/product"}],"replies":[{"embeddable":true,"href":"https:\/\/achisonsafety.com.vn\/en\/wp-json\/wp\/v2\/comments?post=4011"}],"wp:featuredmedia":[{"embeddable":true,"href":"https:\/\/achisonsafety.com.vn\/en\/wp-json\/wp\/v2\/media\/4012"}],"wp:attachment":[{"href":"https:\/\/achisonsafety.com.vn\/en\/wp-json\/wp\/v2\/media?parent=4011"}],"wp:term":[{"taxonomy":"product_cat","embeddable":true,"href":"https:\/\/achisonsafety.com.vn\/en\/wp-json\/wp\/v2\/product_cat?post=4011"},{"taxonomy":"product_tag","embeddable":true,"href":"https:\/\/achisonsafety.com.vn\/en\/wp-json\/wp\/v2\/product_tag?post=4011"}],"curies":[{"name":"wp","href":"https:\/\/api.w.org\/{rel}","templated":true}]}}