{"id":4014,"date":"2022-07-07T15:22:51","date_gmt":"2022-07-07T08:22:51","guid":{"rendered":"https:\/\/beta.achisonsafety.com.vn\/?post_type=product&#038;p=4014"},"modified":"2025-09-17T16:51:37","modified_gmt":"2025-09-17T09:51:37","slug":"non-bao-ho-3m-h801r-uv","status":"publish","type":"product","link":"https:\/\/achisonsafety.com.vn\/en\/san-pham\/non-bao-ho-3m-h801r-uv\/","title":{"rendered":"N\u00f3n b\u1ea3o h\u1ed9 3M H801R-UV"},"content":{"rendered":"<p><b>N\u00f3n b\u1ea3o h\u1ed9 3M H801R-UV &#8211; <\/b><b>B\u1ea3o v\u1ec7 \u0111\u1ea7u trong l\u00fac l\u00e0m vi\u1ec7c l\u00e0 \u0111i\u1ec1u h\u1ebft s\u1ee9c quan tr\u1ecdng v\u00ec c\u00e1c v\u1eadt nh\u1ecdn, s\u1eafc b\u00e9n c\u00f3 th\u1ec3 r\u01a1i v\u00e0o \u0111\u1ea7u c\u00f4ng nh\u00e2n b\u1ea5t k\u1ef3 l\u00fac n\u00e0o. Gi\u1ea3i ph\u00e1p t\u1ed1i \u01b0u nh\u1ea5t l\u00e0 trang b\u1ecb cho m\u00ecnh m\u1ed9t chi\u1ebfc n\u00f3n \u0111\u1ec3 b\u1ea3o v\u1ec7 \u0111\u1ea7u kh\u1ecfi nguy hi\u1ec3m<\/b><\/p>\n<p><b>Th\u01b0\u01a1ng Hi\u1ec7u:<\/b><span style=\"font-weight: 400\"> 3M<\/span><\/p>\n<p><b>M\u00e3 S\u1ea3n Ph\u1ea9m:<\/b><span style=\"font-weight: 400\"> H801R-UV<\/span><\/p>\n<p><b>C\u00f4ng D\u1ee5ng:<\/b><span style=\"font-weight: 400\"> B\u1ea3o v\u1ec7 \u0111\u1ea7u<\/span><\/p>\n<p><b>C\u1ea5p \u0110\u1ed9:<\/b><span style=\"font-weight: 400\"> Class C, G and E<\/span><\/p>\n<p><b>M\u00f4 T\u1ea3:<\/b><span style=\"font-weight: 400\">\u00a0<\/span><\/p>\n<p><span style=\"font-weight: 400\">An to\u00e0n v\u1edbi l\u1ed3ng n\u00f3n 4 ch\u1ea5u, n\u00fat v\u1eb7n nh\u1eb9, c\u00f3 l\u1ed7 th\u00f4ng kh\u00ed<\/span><\/p>\n<p><span style=\"font-weight: 400\">S\u1ea3n ph\u1ea9m N\u00f3n b\u1ea3o h\u1ed9 3M H801R-UV c\u00f3 l\u1ed7 th\u00f4ng kh\u00ed<\/span><\/p>\n<p><span style=\"font-weight: 400\">T\u1ea5m th\u1ea5m h\u00fat m\u1ed3 h\u00f4i \u0111\u01b0\u1ee3c thi\u1ebft k\u1ebf t\u1eeb v\u1eadt li\u1ec7u ch\u00e1y ch\u1eadm<\/span><\/p>\n<p><span style=\"font-weight: 400\">Truy\u1ec1n l\u1ef1c t\u1ed1i \u0111a 3780N<\/span><\/p>\n<p><span style=\"font-weight: 400\">S\u1ea3n ph\u1ea9m \u0111\u01b0\u1ee3c thi\u1ebft k\u1ebf b\u1ed9 ph\u1eadn gi\u1ea3m ch\u1ea5n<\/span><\/p>\n<p><b>Ch\u1ea5t Li\u1ec7u: <\/b><span style=\"font-weight: 400\">HDPE<\/span><\/p>\n<p><b>Ti\u00eau Chu\u1ea9n:<\/b><span style=\"font-weight: 400\"> ANSI Z87.1<\/span><\/p>\n<p><b>Kh\u1ed1i L\u01b0\u1ee3ng:<\/b><span style=\"font-weight: 400\"> 14.7 Ounce<\/span><\/p>\n<p><b>M\u00e0u S\u1eafc:<\/b><span style=\"font-weight: 400\"> Tr\u1eafng<\/span><\/p>\n<p><b>Quy C\u00e1ch \u0110\u00f3ng G\u00f3i:<\/b><span style=\"font-weight: 400\"> 1 C\u00e1i\/H\u1ed9p<\/span><\/p>\n<p><b>\u1ee8ng D\u1ee5ng: <\/b><span style=\"font-weight: 400\">D\u1ea7u kh\u00ed, \u0111\u00f3ng t\u00e0u, c\u1ea3ng &#8211; \u00d4 t\u00f4, xe m\u00e1y, nh\u1ef1a, g\u1ed7, kim lo\u1ea1i &#8211; Xi m\u0103ng, x\u00e2y d\u1ef1ng, h\u00f3a ch\u1ea5t, ph\u00e2n b\u00f3n<\/span><\/p>\n<blockquote><p><b>&gt; Tham kh\u1ea3o nhi\u1ec1u gi\u1ea3i ph\u00e1p n\u00f3n b\u1ea3o h\u1ed9 kh\u00e1c <\/b><a href=\"https:\/\/achisonsafety.com.vn\/danh-muc-san-pham\/bao-ho-lao-dong\/non-bao-ho\/\">https:\/\/achisonsafety.com.vn\/danh-muc-san-pham\/bao-ho-lao-dong\/non-bao-ho\/<\/a><\/p><\/blockquote>\n<p><strong>L\u01b0u \u00fd:<\/strong><\/p>\n<p>&#8211; Ki\u1ec3m tra s\u1ea3n ph\u1ea9m k\u1ef9 tr\u01b0\u1edbc khi s\u1eed d\u1ee5ng<\/p>\n<p>&#8211; Kh\u00f4ng s\u1eed d\u1ee5ng n\u00f3n c\u00f3 d\u1ea5u hi\u1ec7u n\u1ee9t v\u1ee1 \u0111\u1ec3 \u0111\u1ea3m b\u1ea3o an to\u00e0n<\/p>\n<p>&#8211; Lau ch\u00f9i n\u00f3n th\u01b0\u1eddng xuy\u00ean \u0111\u1ec3 \u0111\u1ea3m b\u1ea3o v\u1ec7 sinh cho n\u00f3n<\/p>\n<p>#N\u00f3n b\u1ea3o h\u1ed9 3M #N\u00f3n b\u1ea3o h\u1ed9 k\u1ef9 s\u01b0 #<span style=\"color: #333333\">N\u00f3n<\/span><span style=\"color: #333333\">\u00a0b\u1ea3o h\u1ed9\u00a0<\/span><span style=\"color: #333333\">cao c\u1ea5p<\/span><\/p>\n","protected":false},"excerpt":{"rendered":"<ul>\n<li><span style=\"font-weight: 400\">An to\u00e0n v\u1edbi l\u1ed3ng n\u00f3n 4 ch\u1ea5u, n\u00fat v\u1eb7n nh\u1eb9, c\u00f3 l\u1ed7 th\u00f4ng kh\u00ed<\/span><\/li>\n<li><span style=\"font-weight: 400\">B\u1ea3o v\u1ec7 \u0111\u1ea7u kh\u1ecfi nguy hi\u1ec3m khi l\u00e0m vi\u1ec7c trong m\u00f4i tr\u01b0\u1eddng c\u00f4ng nghi\u1ec7p<\/span><\/li>\n<li><span style=\"font-weight: 400\">B\u1ea3o v\u1ec7 \u0111\u1ea7u mang t\u1eeb trong m\u00f4i tr\u01b0\u1eddng \u0111i\u1ec7n t\u1ed1i \u0111a 20 000V trong 3 ph\u00fat<\/span><\/li>\n<\/ul>\n","protected":false},"featured_media":4015,"comment_status":"open","ping_status":"closed","template":"","meta":[],"product_cat":[32,97],"product_tag":[184,338,189],"class_list":{"0":"post-4014","1":"product","2":"type-product","3":"status-publish","4":"has-post-thumbnail","6":"product_cat-bao-ve-dau","7":"product_cat-non-bao-ho","8":"product_tag-nganh-gia-cong-kim-loai","9":"product_tag-nganh-khai-thac-va-che-bien-go-noi-that","10":"product_tag-nganh-xay-dung-logistic-hoa-chat","11":"yith_product_brand-3m","13":"first","14":"instock","15":"shipping-taxable","16":"product-type-simple"},"acf":[],"_links":{"self":[{"href":"https:\/\/achisonsafety.com.vn\/en\/wp-json\/wp\/v2\/product\/4014"}],"collection":[{"href":"https:\/\/achisonsafety.com.vn\/en\/wp-json\/wp\/v2\/product"}],"about":[{"href":"https:\/\/achisonsafety.com.vn\/en\/wp-json\/wp\/v2\/types\/product"}],"replies":[{"embeddable":true,"href":"https:\/\/achisonsafety.com.vn\/en\/wp-json\/wp\/v2\/comments?post=4014"}],"wp:featuredmedia":[{"embeddable":true,"href":"https:\/\/achisonsafety.com.vn\/en\/wp-json\/wp\/v2\/media\/4015"}],"wp:attachment":[{"href":"https:\/\/achisonsafety.com.vn\/en\/wp-json\/wp\/v2\/media?parent=4014"}],"wp:term":[{"taxonomy":"product_cat","embeddable":true,"href":"https:\/\/achisonsafety.com.vn\/en\/wp-json\/wp\/v2\/product_cat?post=4014"},{"taxonomy":"product_tag","embeddable":true,"href":"https:\/\/achisonsafety.com.vn\/en\/wp-json\/wp\/v2\/product_tag?post=4014"}],"curies":[{"name":"wp","href":"https:\/\/api.w.org\/{rel}","templated":true}]}}