{"id":4021,"date":"2022-07-07T16:02:32","date_gmt":"2022-07-07T09:02:32","guid":{"rendered":"https:\/\/beta.achisonsafety.com.vn\/?post_type=product&#038;p=4021"},"modified":"2025-09-17T16:51:36","modified_gmt":"2025-09-17T09:51:36","slug":"non-bao-ho-bullard-s51","status":"publish","type":"product","link":"https:\/\/achisonsafety.com.vn\/en\/san-pham\/non-bao-ho-bullard-s51\/","title":{"rendered":"N\u00f3n B\u1ea3o H\u1ed9 Bullard S51 Xanh D\u01b0\u01a1ng"},"content":{"rendered":"<p><b>N\u00f3n B\u1ea3o H\u1ed9 Bullard S51 Xanh D\u01b0\u01a1ng &#8211; <\/b><b>B\u1ea3o v\u1ec7 \u0111\u1ea7u trong l\u00fac l\u00e0m vi\u1ec7c l\u00e0 \u0111i\u1ec1u h\u1ebft s\u1ee9c quan tr\u1ecdng v\u00ec c\u00e1c v\u1eadt nh\u1ecdn, s\u1eafc b\u00e9n c\u00f3 th\u1ec3 r\u01a1i v\u00e0o \u0111\u1ea7u c\u00f4ng nh\u00e2n b\u1ea5t k\u1ef3 l\u00fac n\u00e0o. Gi\u1ea3i ph\u00e1p t\u1ed1i \u01b0u nh\u1ea5t l\u00e0 trang b\u1ecb cho m\u00ecnh m\u1ed9t chi\u1ebfc n\u00f3n \u0111\u1ec3 b\u1ea3o v\u1ec7 \u0111\u1ea7u kh\u1ecfi nguy hi\u1ec3m<\/b><\/p>\n<p><b>Th\u01b0\u01a1ng Hi\u1ec7u:<\/b><span style=\"font-weight: 400\"> Bullard<\/span><\/p>\n<p><b>M\u00e3 S\u1ea3n Ph\u1ea9m:<\/b><span style=\"font-weight: 400\"> S51<\/span><\/p>\n<p><b>C\u00f4ng D\u1ee5ng:<\/b><span style=\"font-weight: 400\"> B\u1ea3o v\u1ec7 \u0111\u1ea7u<\/span><\/p>\n<p><b>M\u00f4 T\u1ea3:<\/b><span style=\"font-weight: 400\">\u00a0<\/span><\/p>\n<p><span style=\"font-weight: 400\">Kh\u00f3 ch\u00e1y, kh\u00f4ng th\u1ea5m n\u01b0\u1edbc, ch\u1ed1ng tia UV.\u00a0<\/span><\/p>\n<p><span style=\"font-weight: 400\">N\u00f3n b\u1ea3o h\u1ed9 Bullard S51 c\u00f3 4 \u0111i\u1ec3m g\u00e0i d\u00e2y v\u00e0 b\u1ed9 ph\u1eadn \u0111i\u1ec1u ch\u1ec9nh n\u00fat v\u1eb7n ph\u00eda sau.\u00a0<\/span><\/p>\n<p><span style=\"font-weight: 400\">Thi\u1ebft k\u1ebf tho\u1ea3i m\u00e1i, d\u1ec5 v\u1eb7n. Ph\u00eda tr\u01b0\u1edbc ph\u1ea7n ti\u1ebfp x\u00fac tr\u00e1n c\u00f3 mi\u1ebfng \u0111\u1ec7m h\u00fat m\u1ed3 h\u00f4i<\/span><\/p>\n<p><b>Ch\u1ea5t Li\u1ec7u: <\/b><span style=\"font-weight: 400\">HDPE<\/span><\/p>\n<p><b>Ti\u00eau Chu\u1ea9n:<\/b><span style=\"font-weight: 400\"> ANSI\/ISEA Z89.1-2009<\/span><\/p>\n<p><b>C\u1ea5p \u0110\u1ed9:<\/b><span style=\"font-weight: 400\"> Class E<\/span><\/p>\n<p><b>M\u00e0u S\u1eafc:<\/b><span style=\"font-weight: 400\"> Xanh d\u01b0\u01a1ng\u00a0<\/span><\/p>\n<p><b>K\u00edch C\u1ee1:<\/b><span style=\"font-weight: 400\"> Standard (6 1\/2 &#8211; 8&#8243;)<\/span><\/p>\n<p><b>Quy C\u00e1ch \u0110\u00f3ng G\u00f3i:<\/b><span style=\"font-weight: 400\"> 1 C\u00e1i\/H\u1ed9p<\/span><\/p>\n<p><b>\u1ee8ng D\u1ee5ng: <\/b><span style=\"font-weight: 400\">D\u1ea7u kh\u00ed, \u0111\u00f3ng t\u00e0u, c\u1ea3ng &#8211; \u00d4 t\u00f4, xe m\u00e1y, nh\u1ef1a, g\u1ed7, kim lo\u1ea1i &#8211; Xi m\u0103ng, x\u00e2y d\u1ef1ng, h\u00f3a ch\u1ea5t, ph\u00e2n b\u00f3n<\/span><\/p>\n<blockquote><p><b>&gt; Tham kh\u1ea3o nhi\u1ec1u gi\u1ea3i ph\u00e1p n\u00f3n b\u1ea3o h\u1ed9 kh\u00e1c\u00a0 <\/b><a href=\"https:\/\/achisonsafety.com.vn\/danh-muc-san-pham\/bao-ho-lao-dong\/non-bao-ho\/\"><span style=\"font-weight: 400\">https:\/\/achisonsafety.com.vn\/danh-muc-san-pham\/bao-ho-lao-dong\/non-bao-ho\/<\/span><\/a><span style=\"font-weight: 400\">\u00a0<\/span><\/p><\/blockquote>\n<p><img loading=\"lazy\" decoding=\"async\" class=\"alignnone size-medium wp-image-4031\" src=\"https:\/\/achisonsafety.com.vn\/wp-content\/uploads\/2022\/07\/Non-Bullard-S51--400x400.png\" alt=\"\" width=\"400\" height=\"400\" title=\"\" srcset=\"https:\/\/achisonsafety.com.vn\/wp-content\/uploads\/2022\/07\/Non-Bullard-S51--400x400.png 400w, https:\/\/achisonsafety.com.vn\/wp-content\/uploads\/2022\/07\/Non-Bullard-S51--280x280.png 280w, https:\/\/achisonsafety.com.vn\/wp-content\/uploads\/2022\/07\/Non-Bullard-S51--30x30.png 30w, https:\/\/achisonsafety.com.vn\/wp-content\/uploads\/2022\/07\/Non-Bullard-S51--60x60.png 60w, https:\/\/achisonsafety.com.vn\/wp-content\/uploads\/2022\/07\/Non-Bullard-S51--247x247.png 247w, https:\/\/achisonsafety.com.vn\/wp-content\/uploads\/2022\/07\/Non-Bullard-S51--100x100.png 100w, https:\/\/achisonsafety.com.vn\/wp-content\/uploads\/2022\/07\/Non-Bullard-S51-.png 500w\" sizes=\"(max-width: 400px) 100vw, 400px\" \/><\/p>\n<p><strong>L\u01b0u \u00fd:<\/strong><\/p>\n<p>&#8211; Ki\u1ec3m tra s\u1ea3n ph\u1ea9m k\u1ef9 tr\u01b0\u1edbc khi s\u1eed d\u1ee5ng<\/p>\n<p>&#8211; Kh\u00f4ng s\u1eed d\u1ee5ng n\u00f3n c\u00f3 d\u1ea5u hi\u1ec7u n\u1ee9t v\u1ee1 \u0111\u1ec3 \u0111\u1ea3m b\u1ea3o an to\u00e0n<\/p>\n<p>&#8211; Lau ch\u00f9i n\u00f3n th\u01b0\u1eddng xuy\u00ean \u0111\u1ec3 \u0111\u1ea3m b\u1ea3o v\u1ec7 sinh cho n\u00f3n<\/p>\n","protected":false},"excerpt":{"rendered":"<ul>\n<li><span style=\"font-weight: 400\">Kh\u00f3 ch\u00e1y, kh\u00f4ng th\u1ea5m n\u01b0\u1edbc, ch\u1ed1ng tia UV.\u00a0<\/span><\/li>\n<li><span style=\"font-weight: 400\">C\u00f3 4 \u0111i\u1ec3m g\u00e0i d\u00e2y v\u00e0 b\u1ed9 ph\u1eadn \u0111i\u1ec1u ch\u1ec9nh n\u00fat v\u1eb7n ph\u00eda sau.\u00a0<\/span><\/li>\n<li><span style=\"font-weight: 400\">Thi\u1ebft k\u1ebf tho\u1ea3i m\u00e1i, d\u1ec5 v\u1eb7n. Ph\u00eda tr\u01b0\u1edbc ph\u1ea7n ti\u1ebfp x\u00fac tr\u00e1n c\u00f3 mi\u1ebfng \u0111\u1ec7m h\u00fat m\u1ed3 h\u00f4i<\/span><\/li>\n<\/ul>\n","protected":false},"featured_media":4022,"comment_status":"open","ping_status":"closed","template":"","meta":[],"product_cat":[32,97],"product_tag":[184,189],"class_list":{"0":"post-4021","1":"product","2":"type-product","3":"status-publish","4":"has-post-thumbnail","6":"product_cat-bao-ve-dau","7":"product_cat-non-bao-ho","8":"product_tag-nganh-gia-cong-kim-loai","9":"product_tag-nganh-xay-dung-logistic-hoa-chat","10":"yith_product_brand-bullard","12":"first","13":"instock","14":"shipping-taxable","15":"product-type-simple"},"acf":[],"_links":{"self":[{"href":"https:\/\/achisonsafety.com.vn\/en\/wp-json\/wp\/v2\/product\/4021"}],"collection":[{"href":"https:\/\/achisonsafety.com.vn\/en\/wp-json\/wp\/v2\/product"}],"about":[{"href":"https:\/\/achisonsafety.com.vn\/en\/wp-json\/wp\/v2\/types\/product"}],"replies":[{"embeddable":true,"href":"https:\/\/achisonsafety.com.vn\/en\/wp-json\/wp\/v2\/comments?post=4021"}],"wp:featuredmedia":[{"embeddable":true,"href":"https:\/\/achisonsafety.com.vn\/en\/wp-json\/wp\/v2\/media\/4022"}],"wp:attachment":[{"href":"https:\/\/achisonsafety.com.vn\/en\/wp-json\/wp\/v2\/media?parent=4021"}],"wp:term":[{"taxonomy":"product_cat","embeddable":true,"href":"https:\/\/achisonsafety.com.vn\/en\/wp-json\/wp\/v2\/product_cat?post=4021"},{"taxonomy":"product_tag","embeddable":true,"href":"https:\/\/achisonsafety.com.vn\/en\/wp-json\/wp\/v2\/product_tag?post=4021"}],"curies":[{"name":"wp","href":"https:\/\/api.w.org\/{rel}","templated":true}]}}