{"id":4047,"date":"2022-07-07T17:35:46","date_gmt":"2022-07-07T10:35:46","guid":{"rendered":"https:\/\/beta.achisonsafety.com.vn\/?post_type=product&#038;p=4047"},"modified":"2025-09-17T16:51:35","modified_gmt":"2025-09-17T09:51:35","slug":"long-non-bao-ho-3m-h700rs4","status":"publish","type":"product","link":"https:\/\/achisonsafety.com.vn\/en\/san-pham\/long-non-bao-ho-3m-h700rs4\/","title":{"rendered":"L\u1ed3ng n\u00f3n b\u1ea3o h\u1ed9 3M H700RS4"},"content":{"rendered":"<h3><span style=\"font-size: 75%\"><b>Khi l\u00e0m vi\u1ec7c ngo\u00e0i tr\u1eddi, c\u00f4ng nh\u00e2n c\u1ea7n trang b\u1ecb cho m\u00ecnh m\u1ed9t chi\u1ebfc n\u00f3n \u0111\u1ec3 b\u1ea3o v\u1ec7 \u0111\u1ea7u. L\u1ed3ng n\u00f3n b\u00ean trong c\u1ea7n \u0111\u01b0\u1ee3c thi\u1ebft k\u1ebf ph\u00f9 h\u1ee3p v\u1edbi n\u00f3n \u0111\u1ec3 \u0111\u1ea1t \u0111\u01b0\u1ee3c hi\u1ec7u qu\u1ea3 t\u1ed1i \u0111a. <\/b><b>L\u1ed3ng n\u00f3n b\u1ea3o h\u1ed9<\/b><b> 3M H700RS4 v\u1edbi nhi\u1ec1u \u0111\u1eb7c \u0111i\u1ec3m n\u1ed5i b\u1eadt<\/b><\/span><\/h3>\n<p><b>Th\u01b0\u01a1ng hi\u1ec7u:<\/b><span style=\"font-weight: 400\"> 3M<\/span><\/p>\n<p><b>M\u00e3 s\u1ea3n ph\u1ea9m:<\/b><span style=\"font-weight: 400\"> H700RS4<\/span><\/p>\n<p><b>Xu\u1ea5t x\u1ee9:<\/b><span style=\"font-weight: 400\"> M\u1ef9<\/span><\/p>\n<p><b>Ch\u1ea5t li\u1ec7u:<\/b><span style=\"font-weight: 400\"> HDPE (High Density Polyethylene)<\/span><\/p>\n<p><b>M\u00f4 t\u1ea3:\u00a0<\/b><\/p>\n<p><span style=\"font-weight: 400\">L\u1ed3ng n\u00f3n \u0111\u01b0\u1ee3c thi\u1ebft k\u1ebf v\u1edbi b\u1ed9 ph\u1eadn gi\u1ea3m ch\u1ea5n. Khi c\u00f3 s\u1ef1 t\u00e1c \u0111\u1ed9ng v\u00e0o n\u00f3n, l\u1ed3ng n\u00f3n gi\u00fap gi\u1ea3m s\u1ef1 t\u1ed5n th\u01b0\u01a1ng khi va ch\u1ea1m. Gi\u00fap tr\u00e1nh vi\u1ec7c \u0111\u1ea7u \u0111\u1eadp v\u00e0o khung n\u00f3n.<\/span><\/p>\n<p><span style=\"font-weight: 400\">Ph\u00eda tr\u01b0\u1edbc ph\u1ea7n ti\u1ebfp x\u00fac v\u1edbi tr\u00e1n \u0111\u01b0\u1ee3c thi\u1ebft k\u1ebf t\u1ea5m \u0111\u1ec7m h\u00fat m\u1ed3 h\u00f4i, t\u1ea1o c\u1ea3m gi\u00e1c kh\u00f4 tho\u00e1ng, tho\u1ea3i m\u00e1i khi l\u00e0m vi\u1ec7c.<\/span><\/p>\n<p><span style=\"font-weight: 400\">L\u1ed3ng n\u00f3n 3M H700RS4 c\u00f3 th\u1ec3 s\u1eed d\u1ee5ng k\u1ebft h\u1ee3p v\u1edbi d\u00e2y \u0111eo n\u00f3n 1990 gi\u00fap gi\u1eef ch\u1eb7t n\u00f3n tr\u00e1nh r\u01a1i xu\u1ed1ng \u0111\u1ea5t khi c\u00fai ng\u01b0\u1eddi<\/span><\/p>\n<p><span style=\"font-weight: 400\">Sau m\u1ed9t th\u1eddi gian, l\u1ed3ng n\u00f3n b\u1ecb h\u01b0 h\u1ecfng v\u00e0 kh\u00f4ng th\u1ec3 s\u1eed d\u1ee5ng \u0111\u01b0\u1ee3c n\u1eefa. N\u00ean thay m\u1edbi v\u00e0 gi\u1eef l\u1ea1i n\u00f3n \u0111\u1ec3 ti\u1ebft ki\u1ec7m chi ph\u00ed m\u00e0 v\u1eabn gi\u1eef \u0111\u01b0\u1ee3c ch\u1ea5t l\u01b0\u1ee3ng c\u1ee7a s\u1ea3n ph\u1ea9m. Tr\u01b0\u1eddng h\u1ee3p n\u00f3n v\u1ee1 ho\u1eb7c h\u01b0 h\u1ecfng, c\u00f3 th\u1ec3 gi\u1eef l\u1ea1i l\u1ed3ng n\u00f3n, ch\u1ec9 c\u1ea7n thay m\u1edbi v\u1ecf n\u00f3n b\u00ean ngo\u00e0i.<\/span><\/p>\n<p><span style=\"font-weight: 400\">Tr\u01b0\u1edbc khi s\u1eed d\u1ee5ng, n\u00ean ki\u1ec3m tra s\u1ea3n ph\u1ea9m t\u1eeb trong ra ngo\u00e0i, \u0111\u1ea3m b\u1ea3o l\u1ed3ng n\u00f3n, v\u1ecf n\u00f3n kh\u00f4ng b\u1ecb h\u01b0 h\u1ecfng, d\u00e2y \u0111eo kh\u00f4ng b\u1ecb \u0111\u1ee9t hay ch\u1ed1t g\u00e0i \u0111\u01b0\u1ee3c g\u1eafn ch\u1eb7t hay ch\u01b0a.<\/span><\/p>\n<p><span style=\"font-weight: 400\">L\u1ed3ng m\u0169 b\u1ea3o h\u1ed9 3M H700RS4 \u0111\u01b0\u1ee3c thi\u1ebft k\u1ebf g\u1ecdn nh\u1eb9, kh\u00f4ng g\u00e2y k\u00edch \u1ee9ng da, an to\u00e0n khi d\u00f9ng<\/span><\/p>\n<p><span style=\"font-weight: 400\">C\u00f3 th\u1ec3 \u0111i\u1ec1u ch\u1ec9nh \u0111\u1ed9 k\u00edn kh\u00edt c\u1ee7a n\u00f3n sao cho v\u1eeba v\u1eb7n v\u1edbi \u0111\u1ea7u<\/span><\/p>\n<p><b>\u1ee8ng d\u1ee5ng:<\/b><span style=\"font-weight: 400\"> L\u1ed3ng n\u00f3n 3M H700RS4 \u0111\u01b0\u1ee3c d\u00f9ng nhi\u1ec1u trong ng\u00e0nh d\u1ea7u kh\u00ed, x\u00e2y d\u1ef1ng, \u0111\u00f3ng t\u00e0u, c\u1ea3ng, \u00f4 t\u00f4, xe m\u00e1y, nh\u1ef1a, g\u1ed7, kim lo\u1ea1i, xi m\u0103ng, h\u00f3a ch\u1ea5t, ph\u00e2n b\u00f3n\u2026<\/span><\/p>\n<p><b>&gt;&gt; Tham kh\u1ea3o nhi\u1ec1u gi\u1ea3i ph\u00e1p n\u00f3n b\u1ea3o h\u1ed9 kh\u00e1c\u00a0<\/b><\/p>\n<p><a href=\"https:\/\/achisonsafety.com.vn\/danh-muc-san-pham\/bao-ho-lao-dong\/non-bao-ho\/\"><span style=\"font-weight: 400\">https:\/\/achisonsafety.com.vn\/danh-muc-san-pham\/bao-ho-lao-dong\/non-bao-ho\/<\/span><\/a><\/p>\n","protected":false},"excerpt":{"rendered":"<ul>\n<li>Ki\u1ec3m tra s\u1ea3n ph\u1ea9m k\u1ef9 tr\u01b0\u1edbc khi s\u1eed d\u1ee5ng<\/li>\n<li>Kh\u00f4ng s\u1eed d\u1ee5ng s\u1ea3n ph\u1ea9m c\u00f3 d\u1ea5u hi\u1ec7u xu\u1ed1ng c\u1ea5p \u0111\u1ec3 \u0111\u1ea3m b\u1ea3o an to\u00e0n cho ng\u01b0\u1eddi lao \u0111\u1ed9ng<\/li>\n<\/ul>\n","protected":false},"featured_media":4048,"comment_status":"open","ping_status":"closed","template":"","meta":[],"product_cat":[16,32,99],"product_tag":[],"class_list":{"0":"post-4047","1":"product","2":"type-product","3":"status-publish","4":"has-post-thumbnail","6":"product_cat-bao-ho-lao-dong","7":"product_cat-bao-ve-dau","8":"product_cat-long-non","9":"yith_product_brand-3m","11":"first","12":"instock","13":"shipping-taxable","14":"product-type-simple"},"acf":[],"_links":{"self":[{"href":"https:\/\/achisonsafety.com.vn\/en\/wp-json\/wp\/v2\/product\/4047"}],"collection":[{"href":"https:\/\/achisonsafety.com.vn\/en\/wp-json\/wp\/v2\/product"}],"about":[{"href":"https:\/\/achisonsafety.com.vn\/en\/wp-json\/wp\/v2\/types\/product"}],"replies":[{"embeddable":true,"href":"https:\/\/achisonsafety.com.vn\/en\/wp-json\/wp\/v2\/comments?post=4047"}],"wp:featuredmedia":[{"embeddable":true,"href":"https:\/\/achisonsafety.com.vn\/en\/wp-json\/wp\/v2\/media\/4048"}],"wp:attachment":[{"href":"https:\/\/achisonsafety.com.vn\/en\/wp-json\/wp\/v2\/media?parent=4047"}],"wp:term":[{"taxonomy":"product_cat","embeddable":true,"href":"https:\/\/achisonsafety.com.vn\/en\/wp-json\/wp\/v2\/product_cat?post=4047"},{"taxonomy":"product_tag","embeddable":true,"href":"https:\/\/achisonsafety.com.vn\/en\/wp-json\/wp\/v2\/product_tag?post=4047"}],"curies":[{"name":"wp","href":"https:\/\/api.w.org\/{rel}","templated":true}]}}