{"id":4272,"date":"2022-07-11T21:35:06","date_gmt":"2022-07-11T14:35:06","guid":{"rendered":"https:\/\/beta.achisonsafety.com.vn\/?post_type=product&#038;p=4272"},"modified":"2025-09-17T16:51:29","modified_gmt":"2025-09-17T09:51:29","slug":"nham-bui-nhui-3m-7447-scotch-brite","status":"publish","type":"product","link":"https:\/\/achisonsafety.com.vn\/en\/san-pham\/nham-bui-nhui-3m-7447-scotch-brite\/","title":{"rendered":"Nh\u00e1m b\u00f9i nh\u00f9i 3M 7447 Scotch-Brite"},"content":{"rendered":"<h3><span style=\"font-size: 75%\">Nh\u00e1m b\u00f9i nh\u00f9i 3M 7447 Scotch-Brite ra \u0111\u1eddi \u0111\u1ec3 \u0111\u00e1p \u1ee9ng \u0111\u01b0\u1ee3c ti\u00eau ch\u00ed linh ho\u1ea1t ti\u1ebfp c\u1eadn v\u00e0o nh\u1eefng g\u00f3c c\u1ea1nh h\u1eb9p v\u00e0 mang l\u1ea1i hi\u1ec7u su\u1ea5t cao t\u1eeb vi\u1ec7c l\u00e0m s\u1ea1ch \u0111\u1ebfn m\u1ee5c ti\u00eau l\u00e0m x\u01b0\u1edbc, ho\u00e0n thi\u1ec7n b\u1ec1 m\u1eb7t.<\/span><\/h3>\n<p><strong>Th\u01b0\u01a1ng hi\u1ec7u:<\/strong> 3M<\/p>\n<p><strong>M\u00e3 s\u1ea3n ph\u1ea9m: <\/strong>Nh\u00e1m b\u00f9i nh\u00f9i 3M 7447<\/p>\n<p><strong>Ch\u1ea5t li\u1ec7u h\u1ea1t m\u00e0i:<\/strong> Nh\u00f4m Oxit<\/p>\n<p><strong>K\u00edch th\u01b0\u1edbc:<\/strong> 22.86 cm (Chi\u1ec1u d\u00e0i) x\u00a015.24 cm (Chi\u1ec1u r\u1ed9ng)<\/p>\n<p><strong>Quy c\u00e1ch \u0111\u00f3ng g\u00f3i: <\/strong>20 mi\u1ebfng\/h\u1ed9p<\/p>\n<h4><strong>M\u00f4 t\u1ea3:<\/strong><\/h4>\n<p>C\u00f4ng ngh\u1ec7 ph\u1ee7 h\u1ea1t m\u00e0i l\u00ean t\u1eebng s\u1ee3i. Kh\u00f4ng d\u1ec7t gi\u00fap nh\u00e1m b\u00f9i nh\u00f9i 3M 7447 gi\u1eef \u0111\u01b0\u1ee3c hi\u1ec7u su\u1ea5t cao sau nhi\u1ec1u l\u1ea7n s\u1eed d\u1ee5ng. V\u1ebft c\u1eaft nhanh, m\u01b0\u1ee3t m\u00e0 v\u00e0 ph\u1ee7 \u0111\u1ec1u l\u00ean b\u1ec1 m\u1eb7t v\u1eadt th\u1ec3.<\/p>\n<p>Mi\u1ebfng b\u00f9i nh\u00f9i th\u00e9p th\u00f4ng th\u01b0\u1eddng s\u1ebd b\u00e0o b\u1ec1 m\u1eb7t, t\u1ea1o \u0111\u01b0\u1eddng r\u00e3nh kh\u00f4ng \u0111\u1ec1u v\u00e0 g\u00e2y ra t\u00ecnh tr\u1ea1ng g\u1ec9 s\u00e9t.<\/p>\n<p>Ng\u01b0\u1ee3c l\u1ea1i, nh\u00e1m b\u00f9i nh\u00f9i 3M 7447 Scotch-Brite nh\u1edd h\u1ea1t m\u00e0i Nh\u00f4m Oxit c\u1ee9ng, b\u1ec1n, cho v\u1ebft c\u1eaft nhanh, \u0111\u1ee7 s\u00e2u m\u00e0 kh\u00f4ng c\u1ea7n t\u00ec \u0111\u00e8, d\u1eabn \u0111\u1ebfn nhi\u1ec7t \u0111\u1ed9 ti\u1ebfp x\u00fac t\u1ea1i \u0111i\u1ec3m m\u00e0i th\u1ea5p kh\u00f4ng g\u00e2y t\u00ecnh tr\u1ea1ng g\u1ec9 s\u00e9t.<\/p>\n<p>\u0110\u1eb7c bi\u1ec7t, nh\u00e1m 3M 7447 \u0111\u01b0\u1ee3c d\u00f9ng trong m\u00f4i tr\u01b0\u1eddng kh\u00f4, c\u00f3 n\u01b0\u1edbc ho\u1eb7c dung m\u00f4i, v\u00e0 ho\u00e0n to\u00e0n c\u00f3 th\u1ec3 r\u1eeda v\u1eadt th\u1ec3 sau khi m\u00e0i<\/p>\n<p><img loading=\"lazy\" decoding=\"async\" class=\"alignnone size-medium wp-image-4277\" src=\"https:\/\/achisonsafety.com.vn\/wp-content\/uploads\/2022\/07\/Nham-bui-nhui-3M-7447-Scotch-Brite-4-400x400.png\" alt=\"\" width=\"400\" height=\"400\" title=\"\" srcset=\"https:\/\/achisonsafety.com.vn\/wp-content\/uploads\/2022\/07\/Nham-bui-nhui-3M-7447-Scotch-Brite-4-400x400.png 400w, https:\/\/achisonsafety.com.vn\/wp-content\/uploads\/2022\/07\/Nham-bui-nhui-3M-7447-Scotch-Brite-4-280x280.png 280w, https:\/\/achisonsafety.com.vn\/wp-content\/uploads\/2022\/07\/Nham-bui-nhui-3M-7447-Scotch-Brite-4-30x30.png 30w, https:\/\/achisonsafety.com.vn\/wp-content\/uploads\/2022\/07\/Nham-bui-nhui-3M-7447-Scotch-Brite-4-60x60.png 60w, https:\/\/achisonsafety.com.vn\/wp-content\/uploads\/2022\/07\/Nham-bui-nhui-3M-7447-Scotch-Brite-4-247x247.png 247w, https:\/\/achisonsafety.com.vn\/wp-content\/uploads\/2022\/07\/Nham-bui-nhui-3M-7447-Scotch-Brite-4-510x510.png 510w, https:\/\/achisonsafety.com.vn\/wp-content\/uploads\/2022\/07\/Nham-bui-nhui-3M-7447-Scotch-Brite-4-100x100.png 100w, https:\/\/achisonsafety.com.vn\/wp-content\/uploads\/2022\/07\/Nham-bui-nhui-3M-7447-Scotch-Brite-4.png 600w\" sizes=\"(max-width: 400px) 100vw, 400px\" \/><\/p>\n<p><strong>\u1ee8ng d\u1ee5ng:<\/strong><\/p>\n<p>&#8211; H\u00e0ng kh\u00f4ng v\u0169 tr\u1ee5<span class=\"MMM--txt_bold\">, gia c\u00f4ng<\/span><span class=\"MMM--txt_bold\">, t\u1ef1 \u0111\u1ed9ng h\u00f3a<\/span><span class=\"MMM--txt_bold\">, v\u1eadt li\u1ec7u t\u1ed5ng h\u1ee3p<\/span><span class=\"MMM--txt_bold\">, ng\u00e0nh c\u00f4ng nghi\u1ec7p n\u00f3i chung<\/span><\/p>\n<p><span class=\"MMM--txt_bold\">&#8211; B\u1ea3o tr\u00ec v\u00e0 s\u1eeda ch\u1eefa<\/span><span class=\"MMM--txt_bold\">, s<\/span><span class=\"MMM--txt_bold\">\u1ea3n xu\u1ea5t<\/span><span class=\"MMM--txt_bold\">, \u0111\u00f3ng t\u00e0u<\/span><span class=\"MMM--txt_bold\">, c\u01a1 kh\u00ed<\/span><\/p>\n<p><span class=\"MMM--txt_bold\">&#8211; Ng\u00e0nh MRO<\/span><span class=\"MMM--txt_bold\">, s\u01a1n<\/span><span class=\"MMM--txt_bold\">, giao th\u00f4ng v\u1eadn t\u1ea3i v\u00e0 c\u00f4ng nghi\u1ec7p n\u1eb7ng<\/span><span class=\"MMM--txt_bold\">,\u00a0ch\u1ebf bi\u1ebfn g\u1ed7<\/span><\/p>\n","protected":false},"excerpt":{"rendered":"<ul>\n<li>C\u00f4ng ngh\u1ec7 ph\u1ee7 h\u1ea1t m\u00e0i l\u00ean t\u1eebng s\u1ee3i kh\u00f4ng d\u1ec7t gi\u00fap nh\u00e1m b\u00f9i nh\u00f9i 3M 7447 gi\u1eef \u0111\u01b0\u1ee3c hi\u1ec7u su\u1ea5t cao sau nhi\u1ec1u l\u1ea7n s\u1eed d\u1ee5ng, v\u1ebft c\u1eaft nhanh, m\u01b0\u1ee3t m\u00e0 v\u00e0 ph\u1ee7 \u0111\u1ec1u l\u00ean b\u1ec1 m\u1eb7t v\u1eadt th\u1ec3.<\/li>\n<li>S\u1ea3n ph\u1ea9m 3M 7447 nh\u1edd h\u1ea1t m\u00e0i Nh\u00f4m Oxit c\u1ee9ng, b\u1ec1n, cho v\u1ebft c\u1eaft nhanh, \u0111\u1ee7 s\u00e2u m\u00e0 kh\u00f4ng c\u1ea7n t\u00ec \u0111\u00e8, d\u1eabn \u0111\u1ebfn nhi\u1ec7t \u0111\u1ed9 ti\u1ebfp x\u00fac t\u1ea1i \u0111i\u1ec3m m\u00e0i th\u1ea5p kh\u00f4ng g\u00e2y t\u00ecnh tr\u1ea1ng g\u1ec9 s\u00e9t.<\/li>\n<li>\u0110\u1eb7c bi\u1ec7t, nh\u00e1m 3M 7447 \u0111\u01b0\u1ee3c d\u00f9ng trong m\u00f4i tr\u01b0\u1eddng kh\u00f4, c\u00f3 n\u01b0\u1edbc ho\u1eb7c dung m\u00f4i, v\u00e0 ho\u00e0n to\u00e0n c\u00f3 th\u1ec3 r\u1eeda v\u1eadt th\u1ec3 sau khi m\u00e0i<\/li>\n<\/ul>\n","protected":false},"featured_media":4281,"comment_status":"open","ping_status":"closed","template":"","meta":[],"product_cat":[27,79,666],"product_tag":[188,189],"class_list":{"0":"post-4272","1":"product","2":"type-product","3":"status-publish","4":"has-post-thumbnail","6":"product_cat-vat-tu-ho-tro-cong-nghiep","7":"product_cat-giay-nham","8":"product_cat-nham-bui-nhui","9":"product_tag-nganh-dau-khi-khai-khoang-dong-tau-cang-bien-hang-khong","10":"product_tag-nganh-xay-dung-logistic-hoa-chat","11":"yith_product_brand-3m","13":"first","14":"instock","15":"shipping-taxable","16":"product-type-simple"},"acf":[],"_links":{"self":[{"href":"https:\/\/achisonsafety.com.vn\/en\/wp-json\/wp\/v2\/product\/4272"}],"collection":[{"href":"https:\/\/achisonsafety.com.vn\/en\/wp-json\/wp\/v2\/product"}],"about":[{"href":"https:\/\/achisonsafety.com.vn\/en\/wp-json\/wp\/v2\/types\/product"}],"replies":[{"embeddable":true,"href":"https:\/\/achisonsafety.com.vn\/en\/wp-json\/wp\/v2\/comments?post=4272"}],"wp:featuredmedia":[{"embeddable":true,"href":"https:\/\/achisonsafety.com.vn\/en\/wp-json\/wp\/v2\/media\/4281"}],"wp:attachment":[{"href":"https:\/\/achisonsafety.com.vn\/en\/wp-json\/wp\/v2\/media?parent=4272"}],"wp:term":[{"taxonomy":"product_cat","embeddable":true,"href":"https:\/\/achisonsafety.com.vn\/en\/wp-json\/wp\/v2\/product_cat?post=4272"},{"taxonomy":"product_tag","embeddable":true,"href":"https:\/\/achisonsafety.com.vn\/en\/wp-json\/wp\/v2\/product_tag?post=4272"}],"curies":[{"name":"wp","href":"https:\/\/api.w.org\/{rel}","templated":true}]}}