{"id":4285,"date":"2022-07-11T21:54:50","date_gmt":"2022-07-11T14:54:50","guid":{"rendered":"https:\/\/beta.achisonsafety.com.vn\/?post_type=product&#038;p=4285"},"modified":"2025-09-17T16:51:29","modified_gmt":"2025-09-17T09:51:29","slug":"nham-vong-3m-cubitron-ii-784f-do-hat-80","status":"publish","type":"product","link":"https:\/\/achisonsafety.com.vn\/en\/san-pham\/nham-vong-3m-cubitron-ii-784f-do-hat-80\/","title":{"rendered":"Nh\u00e1m v\u00f2ng 3M Cubitron II 784F \u0110\u1ed9 H\u1ea1t 80"},"content":{"rendered":"<p><span style=\"font-weight: 400\">Nh\u00e1m v\u00f2ng 3M Cubitron II 784F ra \u0111\u1eddi \u0111\u1ec3 \u0111\u00e1p \u1ee9ng \u0111\u01b0\u1ee3c ti\u00eau ch\u00ed linh ho\u1ea1t ti\u1ebfp c\u1eadn v\u00e0o nh\u1eefng g\u00f3c c\u1ea1nh h\u1eb9p v\u00e0 mang l\u1ea1i hi\u1ec7u su\u1ea5t cao t\u1eeb vi\u1ec7c l\u00e0m s\u1ea1ch \u0111\u1ebfn m\u1ee5c ti\u00eau l\u00e0m x\u01b0\u1edbc, ho\u00e0n thi\u1ec7n b\u1ec1 m\u1eb7t.<\/span><\/p>\n<p><b>Th\u01b0\u01a1ng hi\u1ec7u:<\/b><span style=\"font-weight: 400\"> 3M<\/span><\/p>\n<p><b>M\u00e3 s\u1ea3n ph\u1ea9m: <\/b><span style=\"font-weight: 400\">Nh\u00e1m b\u00f9i nh\u00f9i 3M 7447<\/span><\/p>\n<p><b>Ch\u1ea5t li\u1ec7u h\u1ea1t m\u00e0i: <\/b><span style=\"font-weight: 400\">Ceramic, c\u00f4ng ngh\u1ec7 h\u1ea1t 3M<\/span><\/p>\n<p><b>K\u00edch th\u01b0\u1edbc: <\/b><span style=\"font-weight: 400\">2 x 48 (Inch) 50.8 x 1219.2 (mm)<\/span><\/p>\n<p><b>Quy c\u00e1ch \u0111\u00f3ng g\u00f3i: <\/b><span style=\"font-weight: 400\">50 mi\u1ebfng\/h\u1ed9p<\/span><\/p>\n<p><b>\u01afu \u0111i\u1ec3m n\u1ed5i b\u1eadt:<\/b><\/p>\n<p><span style=\"font-weight: 400\">Nh\u00e1m v\u00f2ng 3M Cubitron II 784F c\u00f3 th\u1eddi gian s\u1eed d\u1ee5ng k\u00e9o d\u00e0i g\u1ea5p 2 l\u1ea7n so v\u1edbi nh\u00e1m v\u00f2ng \u0111\u01b0\u1ee3c l\u00e0m t\u1eeb h\u1ea1t aluminum oxide. C\u00f4ng ngh\u1ec7 h\u1ea1t m\u00e0i b\u1ec1n b\u1ec9 nh\u1ea5t qu\u00e1n, gi\u00fap t\u0103ng hi\u1ec7u su\u1ea5t, thao t\u00e1c nhanh ch\u00f3ng v\u00e0 ti\u1ebft ki\u1ec7m \u0111\u01b0\u1ee3c th\u1eddi gian thay nh\u00e1m.<\/span><\/p>\n<p><span style=\"font-weight: 400\">Nh\u00e1m 3M ph\u00f9 h\u1ee3p cho qu\u00e1 tr\u00ecnh m\u00e0i m\u00f2n \u0111\u00f2i h\u1ecfi kh\u00f4ng ph\u00e1t sinh nhi\u1ec7t cho c\u00e1c kim lo\u1ea1i nh\u1ea1y c\u1ea3m v\u1edbi nhi\u1ec7t \u0111\u1ed9<\/span><\/p>\n<p><span style=\"font-weight: 400\">Th\u00edch h\u1ee3p cho \u1ee9ng d\u1ee5ng \u01b0\u1edbt l\u1eabn kho tr\u00ean t\u1ea5t c\u1ea3 c\u00e1c kim lo\u1ea1i<\/span><\/p>\n<p><span style=\"font-weight: 400\">Li\u00ean k\u1ebft nh\u1ef1a b\u1ec1n gi\u1ea3m nhi\u1ec7t, k\u00e9o d\u00e0i tu\u1ed5i th\u1ecd<\/span><\/p>\n<figure id=\"attachment_6653\" aria-describedby=\"caption-attachment-6653\" style=\"width: 400px\" class=\"wp-caption alignnone\"><img loading=\"lazy\" decoding=\"async\" class=\"size-full wp-image-6653\" src=\"https:\/\/achisonsafety.com.vn\/wp-content\/uploads\/2022\/07\/Hinh-dang-nham-3M.jpg\" alt=\"H\u00ecnh ch\u1ee5p c\u1eadn c\u1ea3nh h\u1ea1t nh\u00e1m 3M\" width=\"400\" height=\"291\" title=\"\" srcset=\"https:\/\/achisonsafety.com.vn\/wp-content\/uploads\/2022\/07\/Hinh-dang-nham-3M.jpg 400w, https:\/\/achisonsafety.com.vn\/wp-content\/uploads\/2022\/07\/Hinh-dang-nham-3M-41x30.jpg 41w, https:\/\/achisonsafety.com.vn\/wp-content\/uploads\/2022\/07\/Hinh-dang-nham-3M-82x60.jpg 82w\" sizes=\"(max-width: 400px) 100vw, 400px\" \/><figcaption id=\"caption-attachment-6653\" class=\"wp-caption-text\">H\u00ecnh ch\u1ee5p c\u1eadn c\u1ea3nh h\u1ea1t nh\u00e1m 3M<\/figcaption><\/figure>\n<p><b>\u1ee8ng d\u1ee5ng:\u00a0<\/b><\/p>\n<p><span style=\"font-weight: 400\">&#8211; H\u00e0ng kh\u00f4ng v\u0169 tr\u1ee5, gia c\u00f4ng, t\u1ef1 \u0111\u1ed9ng h\u00f3a, v\u1eadt li\u1ec7u t\u1ed5ng h\u1ee3p, ng\u00e0nh c\u00f4ng nghi\u1ec7p n\u00f3i chung<\/span><\/p>\n<p><span style=\"font-weight: 400\">&#8211; B\u1ea3o tr\u00ec v\u00e0 s\u1eeda ch\u1eefa, s\u1ea3n xu\u1ea5t, \u0111\u00f3ng t\u00e0u, c\u01a1 kh\u00ed<\/span><\/p>\n<p><span style=\"font-weight: 400\">&#8211; Ng\u00e0nh MRO, s\u01a1n, giao th\u00f4ng v\u1eadn t\u1ea3i v\u00e0 c\u00f4ng nghi\u1ec7p n\u1eb7ng, ch\u1ebf bi\u1ebfn g\u1ed7<\/span><\/p>\n<p><b>==&gt; Tham kh\u1ea3o th\u00eam c\u00e1c s\u1ea3n ph\u1ea9m kh\u00e1c t\u1ea1i:<\/b><a href=\"https:\/\/achisonsafety.com.vn\/danh-muc-san-pham\/san-pham-cong-nghiep\/nham\/\"> <b>https:\/\/achisonsafety.com.vn\/danh-muc-san-pham\/san-pham-cong-nghiep\/nham\/ <\/b><\/a><\/p>\n","protected":false},"excerpt":{"rendered":"<ul>\n<li><span style=\"font-weight: 400\">Nh\u00e1m 3M ph\u00f9 h\u1ee3p cho qu\u00e1 tr\u00ecnh m\u00e0i m\u00f2n \u0111\u00f2i h\u1ecfi kh\u00f4ng ph\u00e1t sinh nhi\u1ec7t cho c\u00e1c kim lo\u1ea1i nh\u1ea1y c\u1ea3m v\u1edbi nhi\u1ec7t \u0111\u1ed9<\/span><\/li>\n<li><span style=\"font-weight: 400\">Th\u00edch h\u1ee3p cho \u1ee9ng d\u1ee5ng \u01b0\u1edbt l\u1eabn kho tr\u00ean t\u1ea5t c\u1ea3 c\u00e1c kim lo\u1ea1i<\/span><\/li>\n<li><span style=\"font-weight: 400\">Li\u00ean k\u1ebft nh\u1ef1a b\u1ec1n gi\u1ea3m nhi\u1ec7t, k\u00e9o d\u00e0i tu\u1ed5i th\u1ecd<\/span><\/li>\n<\/ul>\n","protected":false},"featured_media":4286,"comment_status":"open","ping_status":"closed","template":"","meta":[],"product_cat":[27,79,536],"product_tag":[338,189],"class_list":{"0":"post-4285","1":"product","2":"type-product","3":"status-publish","4":"has-post-thumbnail","6":"product_cat-vat-tu-ho-tro-cong-nghiep","7":"product_cat-giay-nham","8":"product_cat-nham-vong","9":"product_tag-nganh-khai-thac-va-che-bien-go-noi-that","10":"product_tag-nganh-xay-dung-logistic-hoa-chat","11":"yith_product_brand-3m","13":"first","14":"instock","15":"shipping-taxable","16":"product-type-simple"},"acf":[],"_links":{"self":[{"href":"https:\/\/achisonsafety.com.vn\/en\/wp-json\/wp\/v2\/product\/4285"}],"collection":[{"href":"https:\/\/achisonsafety.com.vn\/en\/wp-json\/wp\/v2\/product"}],"about":[{"href":"https:\/\/achisonsafety.com.vn\/en\/wp-json\/wp\/v2\/types\/product"}],"replies":[{"embeddable":true,"href":"https:\/\/achisonsafety.com.vn\/en\/wp-json\/wp\/v2\/comments?post=4285"}],"wp:featuredmedia":[{"embeddable":true,"href":"https:\/\/achisonsafety.com.vn\/en\/wp-json\/wp\/v2\/media\/4286"}],"wp:attachment":[{"href":"https:\/\/achisonsafety.com.vn\/en\/wp-json\/wp\/v2\/media?parent=4285"}],"wp:term":[{"taxonomy":"product_cat","embeddable":true,"href":"https:\/\/achisonsafety.com.vn\/en\/wp-json\/wp\/v2\/product_cat?post=4285"},{"taxonomy":"product_tag","embeddable":true,"href":"https:\/\/achisonsafety.com.vn\/en\/wp-json\/wp\/v2\/product_tag?post=4285"}],"curies":[{"name":"wp","href":"https:\/\/api.w.org\/{rel}","templated":true}]}}